{"id":2702,"date":"2021-03-25T20:26:34","date_gmt":"2021-03-25T23:26:34","guid":{"rendered":"http:\/\/sites.usp.br\/prpg\/?page_id=2702"},"modified":"2021-03-30T13:16:24","modified_gmt":"2021-03-30T16:16:24","slug":"inicial-home-2","status":"publish","type":"page","link":"https:\/\/sites.usp.br\/prpg\/","title":{"rendered":"Inicial HOME 2"},"content":{"rendered":"<p>Sugest\u00e3o para os programas de p\u00f3s-gradua\u00e7\u00e3o<\/p>\n<div id=\"attachment_1486\" style=\"width: 660px\" class=\"wp-caption aligncenter\"><img fetchpriority=\"high\" decoding=\"async\" aria-describedby=\"caption-attachment-1486\" class=\"size-content wp-image-1486\" src=\"https:\/\/sites.usp.br\/prpg\/wp-content\/uploads\/sites\/40\/2016\/08\/fundo-novo-site-650x276.jpg\" alt=\"\" width=\"650\" height=\"276\" \/><p id=\"caption-attachment-1486\" class=\"wp-caption-text\">Pra\u00e7a do Rel\u00f3gio &#8211; USP<\/p><\/div>\n<p>&nbsp;<\/p>\n<p>&nbsp;<\/p>\n","protected":false},"excerpt":{"rendered":"<p>Sugest\u00e3o para os programas de p\u00f3s-gradua\u00e7\u00e3o Pra\u00e7a do Rel\u00f3gio &#8211; USP &nbsp; &nbsp;<\/p>\n","protected":false},"author":148,"featured_media":0,"parent":0,"menu_order":0,"comment_status":"closed","ping_status":"closed","template":"","meta":{"footnotes":"","_links_to":"","_links_to_target":""},"class_list":["post-2702","page","type-page","status-publish","hentry"],"_links":{"self":[{"href":"https:\/\/sites.usp.br\/prpg\/wp-json\/wp\/v2\/pages\/2702","targetHints":{"allow":["GET"]}}],"collection":[{"href":"https:\/\/sites.usp.br\/prpg\/wp-json\/wp\/v2\/pages"}],"about":[{"href":"https:\/\/sites.usp.br\/prpg\/wp-json\/wp\/v2\/types\/page"}],"author":[{"embeddable":true,"href":"https:\/\/sites.usp.br\/prpg\/wp-json\/wp\/v2\/users\/148"}],"replies":[{"embeddable":true,"href":"https:\/\/sites.usp.br\/prpg\/wp-json\/wp\/v2\/comments?post=2702"}],"version-history":[{"count":5,"href":"https:\/\/sites.usp.br\/prpg\/wp-json\/wp\/v2\/pages\/2702\/revisions"}],"predecessor-version":[{"id":2736,"href":"https:\/\/sites.usp.br\/prpg\/wp-json\/wp\/v2\/pages\/2702\/revisions\/2736"}],"wp:attachment":[{"href":"https:\/\/sites.usp.br\/prpg\/wp-json\/wp\/v2\/media?parent=2702"}],"curies":[{"name":"wp","href":"https:\/\/api.w.org\/{rel}","templated":true}]}}