{"id":390,"date":"2016-06-27T11:45:45","date_gmt":"2016-06-27T14:45:45","guid":{"rendered":"http:\/\/sites.usp.br\/psag\/?page_id=390"},"modified":"2022-08-23T21:52:02","modified_gmt":"2022-08-24T00:52:02","slug":"join-us","status":"publish","type":"page","link":"https:\/\/sites.usp.br\/psag\/en\/join-us\/","title":{"rendered":"Join us"},"content":{"rendered":"<p><\/p>\n<h3>Research membership project<\/h3>\n<p>Doutores de diversas \u00e1reas interessados em projetos de pesquisa em colabora\u00e7\u00e3o entrem em contato.<\/p>\n<p>&nbsp;<\/p>\n<h3>Supervised training program<\/h3>\n<p>An active PSAG member supervise\/adivse a reserach training program. See admission process and requirements (portuguese version: <a href=\"http:\/\/sites.usp.br\/psag\/wp-content\/uploads\/sites\/108\/2016\/06\/Tipos-de-associa\u00e7\u00e3o-ao-PSAGiB.pdf\">tipos de associa\u00e7\u00e3o supervisionadas).<\/a><\/p>\n<h4><\/h4>\n<h4>Visiting program or post-doctorate<\/h4>\n<ul>\n<li>Senior researchers joint the group under visiting research schems.<\/li>\n<\/ul>\n<h4>Graduate research programs (PhD, Master)<\/h4>\n<ul>\n<li>Under the doctorate or master\u00a0program, the Phd and master candidates develop their thesis supported by the PSAGiB, in one of the current <a href=\"http:\/\/sites.usp.br\/psag\/programas\/\">project<\/a>s.<\/li>\n<\/ul>\n<h4>Undergraduate research programs<\/h4>\n<ul>\n<li>Every year (March-April) we select new students to 1 to 2 years research program.<\/li>\n<\/ul>\n<p><\/p>","protected":false},"excerpt":{"rendered":"<p>Research membership project Doutores de diversas \u00e1reas interessados em projetos de pesquisa em colabora\u00e7\u00e3o entrem em contato. &nbsp; Supervised training program An active PSAG member supervise\/adivse a reserach training program. See admission process and requirements (portuguese version: tipos de associa\u00e7\u00e3o supervisionadas). Visiting program or post-doctorate Senior researchers joint the group under visiting research schems. Graduate<a href=\"https:\/\/sites.usp.br\/psag\/en\/join-us\/\">[&#8230;]<\/a><\/p>\n","protected":false},"author":191,"featured_media":0,"parent":0,"menu_order":0,"comment_status":"closed","ping_status":"closed","template":"","meta":{"_monsterinsights_skip_tracking":false,"_monsterinsights_sitenote_active":false,"_monsterinsights_sitenote_note":"","_monsterinsights_sitenote_category":0,"footnotes":"","_links_to":"","_links_to_target":""},"class_list":["post-390","page","type-page","status-publish","hentry"],"_links":{"self":[{"href":"https:\/\/sites.usp.br\/psag\/en\/wp-json\/wp\/v2\/pages\/390","targetHints":{"allow":["GET"]}}],"collection":[{"href":"https:\/\/sites.usp.br\/psag\/en\/wp-json\/wp\/v2\/pages"}],"about":[{"href":"https:\/\/sites.usp.br\/psag\/en\/wp-json\/wp\/v2\/types\/page"}],"author":[{"embeddable":true,"href":"https:\/\/sites.usp.br\/psag\/en\/wp-json\/wp\/v2\/users\/191"}],"replies":[{"embeddable":true,"href":"https:\/\/sites.usp.br\/psag\/en\/wp-json\/wp\/v2\/comments?post=390"}],"version-history":[{"count":5,"href":"https:\/\/sites.usp.br\/psag\/en\/wp-json\/wp\/v2\/pages\/390\/revisions"}],"predecessor-version":[{"id":1495,"href":"https:\/\/sites.usp.br\/psag\/en\/wp-json\/wp\/v2\/pages\/390\/revisions\/1495"}],"wp:attachment":[{"href":"https:\/\/sites.usp.br\/psag\/en\/wp-json\/wp\/v2\/media?parent=390"}],"curies":[{"name":"wp","href":"https:\/\/api.w.org\/{rel}","templated":true}]}}