{"id":403,"date":"2016-06-27T12:09:13","date_gmt":"2016-06-27T15:09:13","guid":{"rendered":"http:\/\/sites.usp.br\/psag\/?page_id=403"},"modified":"2017-05-20T11:59:33","modified_gmt":"2017-05-20T14:59:33","slug":"wjp2017","status":"publish","type":"page","link":"https:\/\/sites.usp.br\/psag\/en\/wjp2017\/","title":{"rendered":"2nd Young researcher&#8217;s workshop on Public Sector Accounting"},"content":{"rendered":"<p><strong>May 17th, 18th and 19th, 2017<\/strong><br \/>\nRibeir\u00e3o Preto, Bel\u00e9m, Jo\u00e3o Pessoa<\/p>\n<p>Organized by Public Sector Accounting &amp; Governance in Brazil (PSAGiB)<br \/>\nPhD Programme in Accounting<br \/>\nUniversity of S\u00e3o Paulo, Ribeir\u00e3o Preto, Brazil<\/p>\n<p>Chairpersons:<br \/>\nProfessor Andre C B Aquino, FEARP, University of Sao Paulo, Brazil<br \/>\nProfessor Ricardo Lopes Cardoso, EBAPE, Getulio Vargas Foundation, Brazil<\/p>\n<p>The Workshop aims at putting together young scholars who are interested in making a difference in public sector accounting research, by significantly influencing the future developments of this field in Latin America. During the workshop, usual ways of looking at this topic will be challenged by trying to develop original thought and future research ideas on public sector accounting in an interdisciplinary approach.<\/p>\n<p>The 2nd Workshop will be held in Ribeir\u00e3o Preto, at School of Economics, Business Administration and Accounting, University of S\u00e3o Paulo, on Thursday 18th and Friday 19th May 2017.<br \/>\nAll lectures and discussion will be webcasted to Bel\u00e9m and Jo\u00e3o Pessoa cities <a href=\"http:\/\/sites.usp.br\/psag\/hubs-2o-workshop-para-jovens-pesquisadores-em-contabilidade-publica\/\">(adresses and contacts)<\/a>.<\/p>\n<p>The main workshop will be opened by a <strong><a href=\"http:\/\/sites.usp.br\/psag\/?p=472\">call for Msc and PhD proposals<\/a><\/strong> by future Msc and PhD candidates aming to develop ideas, on 17th May 2017.<br \/>\nAttendance is free of charge, but registration is required.<\/p>\n<p>Program<\/p>\n<p><strong>May, 17th<\/strong><br \/>\n09:30 &#8211; 16:00 PhD and Msc proposals presentations<br \/>\n19:00 Evening reception<\/p>\n<p><strong>May, 18th<\/strong><br \/>\n9:00 Welcome to &#8220;our network&#8221;<br \/>\n9:30 Network members presentation (each member presents his\/her research program)<br \/>\n12:30 Lunch break<br \/>\n14:00 Plenary &#8220;Opening the box: interdisciplinary research on accounting&#8221; with\u00a0<a href=\"http:\/\/ri.fgv.br\/equipe\/umberto-mignozzetti\">Prof. Umberto Mignozzetti<\/a> (FGV\/New York University), <a href=\"http:\/\/buscatextual.cnpq.br\/buscatextual\/visualizacv.do?id=K4717534Y8\">Jos\u00e9 Ver\u00edssimo Rom\u00e3o Netto<\/a> (N\u00facleo de Pesquisa de Pol\u00edticas P\u00fablica da USP\/University of Birmingham), <a href=\"http:\/\/lattes.cnpq.br\/3539564256173485\">Prof. Ricardo Corr\u00eaa Gomes<\/a> (UNB\/ESAF\/Georgia State University), <a href=\"http:\/\/lattes.cnpq.br\/4597590956322930\">Prof. S\u00e9rgio Sakurai<\/a> (USP\/University of Cambridge).<br \/>\n15:30 Refreshments break<br \/>\n16:00 Plenary &#8220;How to think critically: the nature of critical research&#8221; with Prof. <a href=\"http:\/\/www4.fsa.ulaval.ca\/enseignants\/yves-gendron\/\">Yves Gendron<\/a> (Universit\u00e9 Laval, <a href=\"http:\/\/sites.usp.br\/psag\/wp-content\/uploads\/sites\/108\/2016\/06\/Yves-Gendron_CVANGLAIS.pdf\">CV<\/a>)<br \/>\n17:30 Wrap-up<br \/>\n19:00 Evening reception<\/p>\n<p><strong>May, 19th <\/strong><br \/>\n9:30 Opening<br \/>\n10:00 Plenary: Research avenues &#8220;Financial resilience and accounting information&#8221;<br \/>\n11:30 Parallel: groups<br \/>\n12:30 Lunch break<br \/>\n14:00 Plenary: Research avenues &#8220;Smart cities, accounting, transparency &amp; co-production&#8221; with Prof. Ana Carla Bliacheriene and Prof. Arlindo Carvalho Rocha.<br \/>\n15:30 Parallel: groups<br \/>\n16:30 Network research agenda and wrap-up<br \/>\n17:00 End.<\/p>\n<p>Registration<br \/>\nParticipants will need to <strong>register by May\u00a05th<\/strong> to secure their place at the workshop.<br \/>\nTo register please click here.<br \/>\nFor information, contact psagib@usp.br.<\/p>\n<p>Practicalities<br \/>\nThe Workshop will take place in Ribeir\u00e3o Preto, at School of Economics, Business Administration and Accounting, University of S\u00e3o Paulo, and it will webcasted to Belem\/PA and Jo\u00e3o Pessoa\/PB cities.<br \/>\nAttendance to the workshop is free of charge.<\/p>","protected":false},"excerpt":{"rendered":"<p>May 17th, 18th and 19th, 2017 Ribeir\u00e3o Preto, Bel\u00e9m, Jo\u00e3o Pessoa Organized by Public Sector Accounting &amp; Governance in Brazil (PSAGiB) PhD Programme in Accounting University of S\u00e3o Paulo, Ribeir\u00e3o Preto, Brazil Chairpersons: Professor Andre C B Aquino, FEARP, University of Sao Paulo, Brazil Professor Ricardo Lopes Cardoso, EBAPE, Getulio Vargas Foundation, Brazil The Workshop<a href=\"https:\/\/sites.usp.br\/psag\/en\/wjp2017\/\">[&#8230;]<\/a><\/p>\n","protected":false},"author":191,"featured_media":0,"parent":0,"menu_order":0,"comment_status":"closed","ping_status":"closed","template":"","meta":{"_monsterinsights_skip_tracking":false,"_monsterinsights_sitenote_active":false,"_monsterinsights_sitenote_note":"","_monsterinsights_sitenote_category":0,"footnotes":"","_links_to":"","_links_to_target":""},"class_list":["post-403","page","type-page","status-publish","hentry"],"_links":{"self":[{"href":"https:\/\/sites.usp.br\/psag\/en\/wp-json\/wp\/v2\/pages\/403","targetHints":{"allow":["GET"]}}],"collection":[{"href":"https:\/\/sites.usp.br\/psag\/en\/wp-json\/wp\/v2\/pages"}],"about":[{"href":"https:\/\/sites.usp.br\/psag\/en\/wp-json\/wp\/v2\/types\/page"}],"author":[{"embeddable":true,"href":"https:\/\/sites.usp.br\/psag\/en\/wp-json\/wp\/v2\/users\/191"}],"replies":[{"embeddable":true,"href":"https:\/\/sites.usp.br\/psag\/en\/wp-json\/wp\/v2\/comments?post=403"}],"version-history":[{"count":4,"href":"https:\/\/sites.usp.br\/psag\/en\/wp-json\/wp\/v2\/pages\/403\/revisions"}],"predecessor-version":[{"id":874,"href":"https:\/\/sites.usp.br\/psag\/en\/wp-json\/wp\/v2\/pages\/403\/revisions\/874"}],"wp:attachment":[{"href":"https:\/\/sites.usp.br\/psag\/en\/wp-json\/wp\/v2\/media?parent=403"}],"curies":[{"name":"wp","href":"https:\/\/api.w.org\/{rel}","templated":true}]}}