{"id":556,"date":"2016-11-04T20:42:29","date_gmt":"2016-11-04T22:42:29","guid":{"rendered":"http:\/\/sites.usp.br\/psag\/?page_id=556"},"modified":"2017-05-22T09:52:30","modified_gmt":"2017-05-22T12:52:30","slug":"556-2","status":"publish","type":"page","link":"https:\/\/sites.usp.br\/psag\/en\/556-2\/","title":{"rendered":"Workshop Experiences on Public Sector Accounting Convergence"},"content":{"rendered":"<p>The workshop Experiences on Public Sector Accounting Convergence invites Prof. Eug\u00eanio Caperchione (Universit\u00e0 degli Studi di Modena e Reggio Emilia, Chairman of CIGAR Network, www.cigar-network.net) and Bruno Mangualde from the Brazilian National Treasury&#8217;s team in charge of the process of the accounting convergence to IPSAS in Brazil, to share experiences about the convergence process.<\/p>\n<p>8th December 2016<br \/>\nWhere: Faculdade de Economia, Administra\u00e7\u00e3o e Contabilidade de Ribeir\u00e3o Preto (FEARP), Campus Ribeir\u00e3o Preto<\/p>\n<p><strong>Workshop streamed video<\/strong> <a href=\"https:\/\/www.youtube.com\/watch?v=M5kX4ChLu3U&amp;vl=en\">here<\/a><\/p>\n<p><strong>Questions<\/strong> can be sent (text message) by <a href=\"https:\/\/br.linkedin.com\/in\/psagibrazil-research-group-0b148a87\"><em>Linkedin<\/em><\/a> or <em>Skype (psagib)<\/em><\/p>\n<p>Program<br \/>\n14:00 \u2013 Keynote speaker: Eug\u00eanio Caperchione, CIGAR Network<br \/>\n15:00 \u2013 Brazilian experience: Bruno Mangualde, Brazilian National Treasury<br \/>\n16:00 \u2013 17:00 Open debate<\/p>","protected":false},"excerpt":{"rendered":"<p>The workshop Experiences on Public Sector Accounting Convergence invites Prof. Eug\u00eanio Caperchione (Universit\u00e0 degli Studi di Modena e Reggio Emilia, Chairman of CIGAR Network, www.cigar-network.net) and Bruno Mangualde from the Brazilian National Treasury&#8217;s team in charge of the process of the accounting convergence to IPSAS in Brazil, to share experiences about the convergence process. 8th<a href=\"https:\/\/sites.usp.br\/psag\/en\/556-2\/\">[&#8230;]<\/a><\/p>\n","protected":false},"author":191,"featured_media":0,"parent":0,"menu_order":0,"comment_status":"closed","ping_status":"closed","template":"","meta":{"_monsterinsights_skip_tracking":false,"_monsterinsights_sitenote_active":false,"_monsterinsights_sitenote_note":"","_monsterinsights_sitenote_category":0,"footnotes":"","_links_to":"","_links_to_target":""},"class_list":["post-556","page","type-page","status-publish","hentry"],"_links":{"self":[{"href":"https:\/\/sites.usp.br\/psag\/en\/wp-json\/wp\/v2\/pages\/556","targetHints":{"allow":["GET"]}}],"collection":[{"href":"https:\/\/sites.usp.br\/psag\/en\/wp-json\/wp\/v2\/pages"}],"about":[{"href":"https:\/\/sites.usp.br\/psag\/en\/wp-json\/wp\/v2\/types\/page"}],"author":[{"embeddable":true,"href":"https:\/\/sites.usp.br\/psag\/en\/wp-json\/wp\/v2\/users\/191"}],"replies":[{"embeddable":true,"href":"https:\/\/sites.usp.br\/psag\/en\/wp-json\/wp\/v2\/comments?post=556"}],"version-history":[{"count":4,"href":"https:\/\/sites.usp.br\/psag\/en\/wp-json\/wp\/v2\/pages\/556\/revisions"}],"predecessor-version":[{"id":889,"href":"https:\/\/sites.usp.br\/psag\/en\/wp-json\/wp\/v2\/pages\/556\/revisions\/889"}],"wp:attachment":[{"href":"https:\/\/sites.usp.br\/psag\/en\/wp-json\/wp\/v2\/media?parent=556"}],"curies":[{"name":"wp","href":"https:\/\/api.w.org\/{rel}","templated":true}]}}