{"id":10,"date":"2014-03-14T12:27:08","date_gmt":"2014-03-14T12:27:08","guid":{"rendered":"http:\/\/sites.usp.brcaeco\/?page_id=10"},"modified":"2023-10-13T19:25:12","modified_gmt":"2023-10-13T22:25:12","slug":"programas","status":"publish","type":"page","link":"https:\/\/sites.usp.br\/psag\/pb\/programas\/","title":{"rendered":"Projetos de Pesquisa"},"content":{"rendered":"<p><span style=\"color: #ffffff;\">.<\/span><\/p>\n<h3>Linhas de pesquisa a partir de 2023:<\/h3>\n<p>1.Organiza\u00e7\u00e3o do Servi\u00e7o p\u00fablico (<em>Public service and organizing<\/em>)<br \/>\n2. Accountability no Setor P\u00fablico (<em>Public sector accountability<\/em>)<br \/>\n3. Or\u00e7amento, contabilidade e auditoria (<em>Public budgeting, accounting and auditing<\/em>)<\/p>\n<p>A partir de 2023, os projetos de pesquisa do PSAG passaram a ser organizados em linhas de pesquisa.<\/p>\n<p>&nbsp;<\/p>\n<h3>\u00c1reas tem\u00e1ticas para projetos (2018-2022):<\/h3>\n<p>1. Reformas no ciclo de gest\u00e3o financeira (n\u00edveis de implementa\u00e7\u00e3o, resist\u00eancias \u00e0 reformas compuls\u00f3rias, e inova\u00e7\u00e3o institucional)<br \/>\n2. Diversidade do contexto Brasileiro (regularidades e diferen\u00e7as no campo organizacional nacional, diferen\u00e7as regionais e locais)<br \/>\n3. Compara\u00e7\u00e3o Am\u00e9rica Latina e Influ\u00eancias internacionais (diferen\u00e7as entre pa\u00edses, adequa\u00e7\u00f5es ao contexto local e disfuncionalidades)<br \/>\n4. Resili\u00eancia Financeira (em conjunto com grupo &#8220;<a href=\"http:\/\/www.iea.usp.br\/pesquisa\/grupos-de-pesquisa\/a-resiliencia-financeira-das-cidades-contemporaneas\">A Resili\u00eancia Financeira das Cidades Contempor\u00e2neas<\/a>&#8221; no Instituto de Estudos Avan\u00e7ados\/USP)<\/p>\n<h3>Projetos desenvolvidos (2015-2017):<\/h3>\n<p>1. An\u00e1lise Institucional do Or\u00e7amento e Contabilidade P\u00fablica no Brasil<br \/>\n2. Resili\u00eancia financeira de governos locais (no Instituto de Estudos Avan\u00e7ados\/USP, apoio do Institute of Global Innovation\/University of Birmingham)<br \/>\n3. Ado\u00e7\u00e3o de Or\u00e7amento de resultados (PBB) em munic\u00edpios<br \/>\n4. Diversidade dos Tribunais de Contas no Brasil e os efeitos na auditoria fiscal<br \/>\n5. Pap\u00e9is, identidade e barreiras \u00e0 atua\u00e7\u00e3o do Contador em governos<br \/>\n6. Troca de prefeitos e efeitos organizacionais e no desempenho fiscal<br \/>\n7. Evolu\u00e7\u00e3o dos sistemas de coleta de dados dos Tribunais de Contas e efeitos nos SIAFICs de munic\u00edpios<br \/>\n8. Controle Interno e a necessidade de\u00a0sistemas de informa\u00e7\u00e3o integrados (SIAFIC)<br \/>\n9. Avalia\u00e7\u00e3o de desempenho e incentivos para equipes na administra\u00e7\u00e3o p\u00fablica<br \/>\n10. Fiscaliza\u00e7\u00e3o e Monitoramento dos Comit\u00eas de Or\u00e7amento e Finan\u00e7as<br \/>\n11. Comportamento, Cultura e Cogni\u00e7\u00e3o na tomada de decis\u00e3o de contabilidade<br \/>\n12. Accountability, Transpar\u00eancia Fiscal e dados abertos em governos<\/p>\n<p>&nbsp;<\/p>\n<p>Consulte <a href=\"https:\/\/sites.usp.br\/psag\/quem-somos\/\">aqui<\/a> os interesses de pesquisa de cada membro.<\/p>","protected":false},"excerpt":{"rendered":"<p>. Linhas de pesquisa a partir de 2023: 1.Organiza\u00e7\u00e3o do Servi\u00e7o p\u00fablico (Public service and organizing) 2. Accountability no Setor P\u00fablico (Public sector accountability) 3. Or\u00e7amento, contabilidade e auditoria (Public budgeting, accounting and auditing) A partir de 2023, os projetos de pesquisa do PSAG passaram a ser organizados em linhas de pesquisa. &nbsp; \u00c1reas tem\u00e1ticas<a href=\"https:\/\/sites.usp.br\/psag\/pb\/programas\/\">[&#8230;]<\/a><\/p>\n","protected":false},"author":23,"featured_media":0,"parent":0,"menu_order":0,"comment_status":"closed","ping_status":"closed","template":"","meta":{"_monsterinsights_skip_tracking":false,"_monsterinsights_sitenote_active":false,"_monsterinsights_sitenote_note":"","_monsterinsights_sitenote_category":0,"footnotes":"","_links_to":"","_links_to_target":""},"class_list":["post-10","page","type-page","status-publish","hentry"],"_links":{"self":[{"href":"https:\/\/sites.usp.br\/psag\/pb\/wp-json\/wp\/v2\/pages\/10","targetHints":{"allow":["GET"]}}],"collection":[{"href":"https:\/\/sites.usp.br\/psag\/pb\/wp-json\/wp\/v2\/pages"}],"about":[{"href":"https:\/\/sites.usp.br\/psag\/pb\/wp-json\/wp\/v2\/types\/page"}],"author":[{"embeddable":true,"href":"https:\/\/sites.usp.br\/psag\/pb\/wp-json\/wp\/v2\/users\/23"}],"replies":[{"embeddable":true,"href":"https:\/\/sites.usp.br\/psag\/pb\/wp-json\/wp\/v2\/comments?post=10"}],"version-history":[{"count":6,"href":"https:\/\/sites.usp.br\/psag\/pb\/wp-json\/wp\/v2\/pages\/10\/revisions"}],"predecessor-version":[{"id":1621,"href":"https:\/\/sites.usp.br\/psag\/pb\/wp-json\/wp\/v2\/pages\/10\/revisions\/1621"}],"wp:attachment":[{"href":"https:\/\/sites.usp.br\/psag\/pb\/wp-json\/wp\/v2\/media?parent=10"}],"curies":[{"name":"wp","href":"https:\/\/api.w.org\/{rel}","templated":true}]}}