{"id":1013,"date":"2019-10-22T16:11:13","date_gmt":"2019-10-22T19:11:13","guid":{"rendered":"http:\/\/sites.usp.br\/psag\/?page_id=1013"},"modified":"2024-04-26T10:53:11","modified_gmt":"2024-04-26T13:53:11","slug":"perfil-andre-aquino","status":"publish","type":"page","link":"https:\/\/sites.usp.br\/psag\/pb\/perfil-andre-aquino\/","title":{"rendered":"Perfil Andr\u00e9 Carlos Busanelli de Aquino"},"content":{"rendered":"<p><strong>Palavras chave:<\/strong> Governan\u00e7a p\u00fablica, Temporalidade, Teoria Organizacional, Mundos virtuais.<\/p>\n<h3><span class=\" author-d-iz88z86z86za0dz67zz78zz78zz74zz68zjz80zz71z9iz90z9po5z88z96oz72zz88zsz72zasaetgbz65zz77zez75zjz67zz79znz65zz85znq\"><b>Interesse de pesquisa<\/b><\/span><\/h3>\n<p><span class=\" author-d-iz88z86z86za0dz67zz78zz78zz74zz68zjz80zz71z9iz90z8z85zz80z1az90zuz72zjz122zz84zz81zvz70zz66zz80zwufa7z81zz88zz75zz82zz77zum5vw\">Minha agenda de pesquisa trata de aplica\u00e7\u00e3o de estudos organizacionais em accountability, incluindo o efeito da introdu\u00e7\u00e3o de artefatos digitais (VR, AR, IA, e outras tecnologias emergentes). O tema inclui o efeito de estruturas temporais (<em>temporality<\/em>), e a distribui\u00e7\u00e3o de ag\u00eancia humana e n\u00e3o-humana.\u00a0<\/span><\/p>\n<p><span class=\" author-d-iz88z86z86za0dz67zz78zz78zz74zz68zjz80zz71z9iz90z8z85zz80z1az90zuz72zjz122zz84zz81zvz70zz66zz80zwufa7z81zz88zz75zz82zz77zum5vw\">Os processos associados a accountability de governos ou de organiza\u00e7\u00f5es privadas ou de terceiro setor est\u00e1 mudando significativamente, e as formas tradicionais de presta\u00e7\u00e3o de contas (apesar de legitimas e v\u00e1lidas) n\u00e3o s\u00e3o mais suficientes. A isso se soma a relev\u00e3ncia de tem\u00e1ticas disruptivas, como transcri\u00e7\u00e3o energ\u00e9tica, interven\u00e7\u00f5es para emerg\u00eancia clim\u00e1tica e impactos em justi\u00e7a energ\u00e9tica e clim\u00e1tica. Com isso, mudam tamb\u00e9m as pr\u00e1ticas profissionais de coleta de evid\u00eancias, justifica\u00e7\u00e3o de a\u00e7\u00f5es, report de resultados e a\u00e7\u00f5es, e responsabiliza\u00e7\u00e3o social.<\/span><\/p>\n<p><span class=\" author-d-iz88z86z86za0dz67zz78zz78zz74zz68zjz80zz71z9iz90z8z85zz80z1az90zuz72zjz122zz84zz81zvz70zz66zz80zwufa7z81zz88zz75zz82zz77zum5vw\">De 2013 a 2021, minha pesquisa focou sobretudo mudan\u00e7as na gest\u00e3o financeira de governos<\/span><span class=\" author-d-iz88z86z86za0dz67zz78zz78zz74zz68zjz80zz71z9iz90z8z85zz80z1az90zuz72zjz122zz84zz81zvz70zz66zz80zwufa7z81zz88zz75zz82zz77zum5vw\">. Minhas pesquisas dividiram-se em duas linhas:<\/span> <span class=\" author-d-iz88z86z86za0dz67zz78zz78zz74zz68zjz80zz71z9iz90z8z85zz80z1az90zuz72zjz122zz84zz81zvz70zz66zz80zwufa7z81zz88zz75zz82zz77zum5vw h-lparen\">(i)<\/span><span class=\" author-d-iz88z86z86za0dz67zz78zz78zz74zz68zjz80zz71z9iz90z8z85zz80z1az90zuz72zjz122zz84zz81zvz70zz66zz80zwufa7z81zz88zz75zz82zz77zum5vw\"> reformas compuls\u00f3rias no ciclo de gest\u00e3o financeira de governos no Brasil, e<\/span> <span class=\" author-d-iz88z86z86za0dz67zz78zz78zz74zz68zjz80zz71z9iz90z8z85zz80z1az90zuz72zjz122zz84zz81zvz70zz66zz80zwufa7z81zz88zz75zz82zz77zum5vw h-lparen\">(ii)<\/span><span class=\" author-d-iz88z86z86za0dz67zz78zz78zz74zz68zjz80zz71z9iz90z8z85zz80z1az90zuz72zjz122zz84zz81zvz70zz66zz80zwufa7z81zz88zz75zz82zz77zum5vw\"> resili\u00eancia de organiza\u00e7\u00f5es p\u00fablicas. Com abordgaem em geral qualitativa, focamos no n\u00edvel de governan\u00e7a local, como Prefeituras, Conselhos Municipais de<\/span> Sa\u00fade,<span class=\" author-d-iz88z86z86za0dz67zz78zz78zz74zz68zjz80zz71z9iz90z8z85zz80z1az90zuz72zjz122zz84zz81zvz70zz66zz80zwufa7z81zz88zz75zz82zz77zum5vw\"> Comit\u00eas de Or\u00e7amento e Finan\u00e7as em C\u00e2maras Municipais, e Tribunais de Contas como \u00f3rg\u00e3o de controle. <\/span><span class=\" author-d-iz88z86z86za0dz67zz78zz78zz74zz68zjz80zz71z9iz90z8z85zz80z1az90zuz72zjz122zz84zz81zvz70zz66zz80zwufa7z81zz88zz75zz82zz77zum5vw\">Os resultados obtidos dessa agenda apontam para fortes ra\u00edzes institucionais que condicionam gestores p\u00fablicos \u00e0 uma l\u00f3gica de a\u00e7\u00e3o material de curto prazo, contr\u00e1ria \u00e0 uma maior participa\u00e7\u00e3o social, <em>accountability e <\/em>abertura de governos <em>(openness)<\/em>. Existem camadas sobrepostas de reformas e press\u00f5es, que levam \u00e0 reprodu\u00e7\u00e3o de um repert\u00f3rio de respostas de curto prazo enraizadas na administra\u00e7\u00e3o p\u00fablica.<\/span><\/p>\n<h3><span class=\" author-d-iz88z86z86za0dz67zz78zz78zz74zz68zjz80zz71z9iz90z9po5z88z96oz72zz88zsz72zasaetgbz65zz77zez75zjz67zz79znz65zz85znq\"><b>Qualifica\u00e7\u00e3o e vinculo institucional<\/b><\/span><\/h3>\n<p>Professor Titular, Escola de Artes Ci\u00eancias e Humanidades da Universidade de S\u00e3o Paulo. Pesquisador Associado do Instituto de Estudos Avan\u00e7ados, da USP. Pesquisador visitante da University of Birmingham\/UK de 2014 a 2017. Atualmente Professor visitante do Politecnico di Milano\/IT. Diretor de Inova\u00e7\u00e3o, na Secretaria de Ci\u00eancia, Tecnologia e Inova\u00e7\u00e3o do Estado de S\u00e3o Paulo, a partir de 2024.<\/p>\n<h3><span class=\" author-d-iz88z86z86za0dz67zz78zz78zz74zz68zjz80zz71z9iz90z9po5z88z96oz72zz88zsz72zasaetgbz65zz77zez75zjz67zz79znz65zz85znq\"><b>Supervis\u00e3o e outros interesses<\/b><\/span><\/h3>\n<p><span class=\" author-d-iz88z86z86za0dz67zz78zz78zz74zz68zjz80zz71z9iz90z9po5z88z96oz72zz88zsz72zasaetgbz65zz77zez75zjz67zz79znz65zz85znq\">P\u00f3s-Doutorado e Doutorado alinhado aos interesses de pesquisa.<\/span><\/p>\n<h3>Agendamento de reuni\u00f5es<\/h3>\n<p>https:\/\/calendly.com\/andrecbaquino<\/p>\n<h3><strong>Perfis em bases de refer\u00eancias<\/strong><\/h3>\n<div><span class=\" author-d-iz88z86z86za0dz67zz78zz78zz74zz68zjz80zz71z9iz90z8z85zz80z1az90zuz72zjz122zz84zz81zvz70zz66zz80zwufa7z81zz88zz75zz82zz77zum5vw\">Lattes: <\/span><span class=\"attrlink url author-d-iz88z86z86za0dz67zz78zz78zz74zz68zjz80zz71z9iz90z8z85zz80z1az90zuz72zjz122zz84zz81zvz70zz66zz80zwufa7z81zz88zz75zz82zz77zum5vw\"><a class=\"attrlink\" href=\"http:\/\/lattes.cnpq.br\/2204782841421432\" target=\"_blank\" rel=\"noreferrer nofollow noopener\" data-target-href=\"http:\/\/lattes.cnpq.br\/2204782841421432\">lattes.cnpq.br\/2204782841421432<\/a><\/span><\/div>\n<div><span class=\" author-d-iz88z86z86za0dz67zz78zz78zz74zz68zjz80zz71z9iz90z8z85zz80z1az90zuz72zjz122zz84zz81zvz70zz66zz80zwufa7z81zz88zz75zz82zz77zum5vw\">Research gate: <\/span><span class=\"attrlink url author-d-iz88z86z86za0dz67zz78zz78zz74zz68zjz80zz71z9iz90z8z85zz80z1az90zuz72zjz122zz84zz81zvz70zz66zz80zwufa7z81zz88zz75zz82zz77zum5vw url\"><a class=\"attrlink\" href=\"https:\/\/www.researchgate.net\/profile\/Andre_Aquino2\" target=\"_blank\" rel=\"noreferrer nofollow noopener\" data-target-href=\"https:\/\/www.researchgate.net\/profile\/Andre_Aquino2\">https:\/\/www.researchgate.net\/profile\/Andre_Aquino2<\/a><\/span><\/div>\n<div><span class=\" author-d-iz88z86z86za0dz67zz78zz78zz74zz68zjz80zz71z9iz90z8z85zz80z1az90zuz72zjz122zz84zz81zvz70zz66zz80zwufa7z81zz88zz75zz82zz77zum5vw\">ORCID: <\/span><span class=\"attrlink url author-d-iz88z86z86za0dz67zz78zz78zz74zz68zjz80zz71z9iz90z8z85zz80z1az90zuz72zjz122zz84zz81zvz70zz66zz80zwufa7z81zz88zz75zz82zz77zum5vw url\"><a class=\"attrlink\" href=\"https:\/\/orcid.org\/0000-0002-0329-410X\" target=\"_blank\" rel=\"noreferrer nofollow noopener\" data-target-href=\"https:\/\/orcid.org\/0000-0002-0329-410X\">https:\/\/orcid.org\/0000-0002-0329-410X<\/a><\/span><\/div>\n<div><span class=\" author-d-iz88z86z86za0dz67zz78zz78zz74zz68zjz80zz71z9iz90z8z85zz80z1az90zuz72zjz122zz84zz81zvz70zz66zz80zwufa7z81zz88zz75zz82zz77zum5vw\">Publon: <\/span><span class=\"attrlink url author-d-iz88z86z86za0dz67zz78zz78zz74zz68zjz80zz71z9iz90z8z85zz80z1az90zuz72zjz122zz84zz81zvz70zz66zz80zwufa7z81zz88zz75zz82zz77zum5vw url\"><a class=\"attrlink\" href=\"https:\/\/publons.com\/researcher\/1407717\/andre-c-b-aquino\/\" target=\"_blank\" rel=\"noreferrer nofollow noopener\" data-target-href=\"https:\/\/publons.com\/researcher\/1407717\/andre-c-b-aquino\/\">https:\/\/publons.com\/researcher\/1407717\/andre-c-b-aquino\/<\/a><\/span><span class=\" author-d-iz88z86z86za0dz67zz78zz78zz74zz68zjz80zz71z9iz90z8z85zz80z1az90zuz72zjz122zz84zz81zvz70zz66zz80zwufa7z81zz88zz75zz82zz77zum5vw\">\u00a0<\/span><\/div>\n<p><\/p>","protected":false},"excerpt":{"rendered":"<p>Palavras chave: Governan\u00e7a p\u00fablica, Temporalidade, Teoria Organizacional, Mundos virtuais. Interesse de pesquisa Minha agenda de pesquisa trata de aplica\u00e7\u00e3o de estudos organizacionais em accountability, incluindo o efeito da introdu\u00e7\u00e3o de artefatos digitais (VR, AR, IA, e outras tecnologias emergentes). O tema inclui o efeito de estruturas temporais (temporality), e a distribui\u00e7\u00e3o de ag\u00eancia humana e<a href=\"https:\/\/sites.usp.br\/psag\/pb\/perfil-andre-aquino\/\">[&#8230;]<\/a><\/p>\n","protected":false},"author":191,"featured_media":0,"parent":0,"menu_order":0,"comment_status":"closed","ping_status":"closed","template":"","meta":{"_monsterinsights_skip_tracking":false,"_monsterinsights_sitenote_active":false,"_monsterinsights_sitenote_note":"","_monsterinsights_sitenote_category":0,"footnotes":"","_links_to":"","_links_to_target":""},"class_list":["post-1013","page","type-page","status-publish","hentry"],"_links":{"self":[{"href":"https:\/\/sites.usp.br\/psag\/pb\/wp-json\/wp\/v2\/pages\/1013","targetHints":{"allow":["GET"]}}],"collection":[{"href":"https:\/\/sites.usp.br\/psag\/pb\/wp-json\/wp\/v2\/pages"}],"about":[{"href":"https:\/\/sites.usp.br\/psag\/pb\/wp-json\/wp\/v2\/types\/page"}],"author":[{"embeddable":true,"href":"https:\/\/sites.usp.br\/psag\/pb\/wp-json\/wp\/v2\/users\/191"}],"replies":[{"embeddable":true,"href":"https:\/\/sites.usp.br\/psag\/pb\/wp-json\/wp\/v2\/comments?post=1013"}],"version-history":[{"count":4,"href":"https:\/\/sites.usp.br\/psag\/pb\/wp-json\/wp\/v2\/pages\/1013\/revisions"}],"predecessor-version":[{"id":1646,"href":"https:\/\/sites.usp.br\/psag\/pb\/wp-json\/wp\/v2\/pages\/1013\/revisions\/1646"}],"wp:attachment":[{"href":"https:\/\/sites.usp.br\/psag\/pb\/wp-json\/wp\/v2\/media?parent=1013"}],"curies":[{"name":"wp","href":"https:\/\/api.w.org\/{rel}","templated":true}]}}