{"id":1042,"date":"2019-10-26T02:39:55","date_gmt":"2019-10-26T05:39:55","guid":{"rendered":"http:\/\/sites.usp.br\/psag\/?page_id=1042"},"modified":"2021-09-19T09:01:27","modified_gmt":"2021-09-19T12:01:27","slug":"perfil-andre-lino","status":"publish","type":"page","link":"https:\/\/sites.usp.br\/psag\/pb\/perfil-andre-lino\/","title":{"rendered":"Perfil Andr\u00e9 Feliciano Lino"},"content":{"rendered":"<p><strong>Palavras-chave:<\/strong> Auditoria Governamental, Co-produ\u00e7\u00e3o, Resili\u00eancia Financeira, Poder, Trabalho Institucional<\/p>\n<h3><span class=\" author-d-iz88z86z86za0dz67zz78zz78zz74zz68zjz80zz71z9iz90z9po5z88z96oz72zz88zsz72zasaetgbz65zz77zez75zjz67zz79znz65zz85znq\"><b>Interesse de pesquisa<\/b><\/span><\/h3>\n<p>Nos \u00faltimos anos desenvolvi pesquisas na fronteira entre contabilidade, administra\u00e7\u00e3o e gest\u00e3o na \u00e1rea p\u00fablica &#8211; utilizando teorias da \u00e1rea de estudos organizacionais. Minhas linhas de pesquisa se concentram em tr\u00eas t\u00f3picos de interesse: (i) o papel dos Tribunais de Contas em <span class=\" author-d-iz88z86z86za0dz67zz78zz78zz74zz68zjz80zz71z9iz90z8z85zz80z1az90zuz72zjz122zz84zz81zvz70zz66zz80zwufa7z81zz88zz75zz82zz77zum5vw\">reformas compuls\u00f3rias no ciclo de gest\u00e3o financeira de governos no Brasil,<\/span>\u00a0<span class=\" author-d-iz88z86z86za0dz67zz78zz78zz74zz68zjz80zz71z9iz90z8z85zz80z1az90zuz72zjz122zz84zz81zvz70zz66zz80zwufa7z81zz88zz75zz82zz77zum5vw h-lparen\">(ii)<\/span><span class=\" author-d-iz88z86z86za0dz67zz78zz78zz74zz68zjz80zz71z9iz90z8z85zz80z1az90zuz72zjz122zz84zz81zvz70zz66zz80zwufa7z81zz88zz75zz82zz77zum5vw\"> a resili\u00eancia de organiza\u00e7\u00f5es p\u00fablicas, e (iii) a co-produ\u00e7\u00e3o de servi\u00e7os p\u00fablicos. <\/span>As pesquisas j\u00e1 desenvolvidas s\u00e3o, em sua maioria, qualitativas.<\/p>\n<p>Os resultados obtidos apontam para o papel fundamental que poderia ser exercido por organiza\u00e7\u00f5es de auditoria governamentais (como os Tribunais de Contas) no suporte e teoriza\u00e7\u00e3o de reformas compuls\u00f3rias em \u00e1reas como contabilidade p\u00fablica e implementa\u00e7\u00e3o de sistemas de controle interno. Contudo, h\u00e1 uma relevante diversidade na organiza\u00e7\u00e3o interna e nos processos de auditoria dos Tribunais de Contas, que poderia diminuir a for\u00e7a de difus\u00e3o de reformas e boas pr\u00e1ticas em pa\u00edses federalistas. Finalmente, a distribui\u00e7\u00e3o de poder dentro destas organiza\u00e7\u00f5es de auditoria afeta tanto a capacidade t\u00e9cnica quanto a independ\u00eancia dos auditores &#8211; impactando a qualidade da auditoria dos Tribunais de Contas.<\/p>\n<p>Com rela\u00e7\u00e3o \u00e0 resili\u00eancia de organiza\u00e7\u00f5es p\u00fablicas, minhas pesquisas indicam que as press\u00f5es institucionais do campo implicam em uso excessivo de estrat\u00e9gias de curto prazo, que impactam positivamente a gest\u00e3o fiscal de governos, mas podem trazer efeitos delet\u00e9rios na presta\u00e7\u00e3o de servi\u00e7os p\u00fablicos no longo prazo. Dessa maneira, analiso criticamente a vis\u00e3o predominante na academia sobre a tem\u00e1tica de resili\u00eancia financeira, buscando balancear a necessidade de governos saud\u00e1veis financeiramente com o atendimento \u00e0s demandas da sociedade.<\/p>\n<p>Finalmente, quanto \u00e0 co-produ\u00e7\u00e3o de servi\u00e7os p\u00fablicos, os resultados indicam que governos promovem arranjos regulat\u00f3rios visando inserir a sociedade nas etapas de desenho, presta\u00e7\u00e3o e avalia\u00e7\u00e3o do servi\u00e7o p\u00fablico. Contudo, por vezes, os arranjos regulat\u00f3rios geram espa\u00e7os de intera\u00e7\u00e3o cerimoniais entre os cidad\u00e3os e o governo &#8211; de forma que a real co-produ\u00e7\u00e3o n\u00e3o se realiza. Os resultados apontam para barreiras e facilitadores institucionais que levariam \u00e0 esquemas de co-produ\u00e7\u00e3o mais ou menos efetivos.<\/p>\n<p>Atualmente, minha agenda de pesquisa est\u00e1 relacionada ao avan\u00e7o te\u00f3rico na \u00e1rea de estudos organizacionais &#8211; mantendo foco na intera\u00e7\u00e3o do ciclo de gest\u00e3o financeira e presta\u00e7\u00e3o de servi\u00e7os em governos locais. Busco e<span class=\" author-d-4z65zz66zl57z75zyiz66zfr2fz87zwz89znuj72lz78zyz90z5z85ztz122ziz80zlspasnz87z9z76z1xflcz73zz72zs\">ntender como um conjunto de atores organizacionais deliberadamente promove determinado <\/span><span class=\" author-d-4z65zz66zl57z75zyiz66zfr2fz87zwz89znuj72lz78zyz90z5z85ztz122ziz80zlspasnz87z9z76z1xflcz73zz72zs\"><i>design <\/i><\/span><span class=\" author-d-4z65zz66zl57z75zyiz66zfr2fz87zwz89znuj72lz78zyz90z5z85ztz122ziz80zlspasnz87z9z76z1xflcz73zz72zs\">institucional afim de manter<\/span> <span class=\" author-d-4z65zz66zl57z75zyiz66zfr2fz87zwz89znuj72lz78zyz90z5z85ztz122ziz80zlspasnz87z9z76z1xflcz73zz72zs h-lparen\">(ou<\/span><span class=\" author-d-4z65zz66zl57z75zyiz66zfr2fz87zwz89znuj72lz78zyz90z5z85ztz122ziz80zlspasnz87z9z76z1xflcz73zz72zs\"> expandir) seu controle sobre recursos econ\u00f4micos, culturais ou pol\u00edticos. Sob essa perspectiva, assume-se que<\/span> <span class=\" author-d-4z65zz66zl57z75zyiz66zfr2fz87zwz89znuj72lz78zyz90z5z85ztz122ziz80zlspasnz87z9z76z1xflcz73zz72zs h-lparen\">(i)<\/span><span class=\" author-d-4z65zz66zl57z75zyiz66zfr2fz87zwz89znuj72lz78zyz90z5z85ztz122ziz80zlspasnz87z9z76z1xflcz73zz72zs\"> institui\u00e7\u00f5es afetam o comportamento humano, mas tamb\u00e9m s\u00e3o impactadas pelos atores sociais; e<\/span> <span class=\" author-d-4z65zz66zl57z75zyiz66zfr2fz87zwz89znuj72lz78zyz90z5z85ztz122ziz80zlspasnz87z9z76z1xflcz73zz72zs h-lparen\">(ii)<\/span><span class=\" author-d-4z65zz66zl57z75zyiz66zfr2fz87zwz89znuj72lz78zyz90z5z85ztz122ziz80zlspasnz87z9z76z1xflcz73zz72zs\"> institui\u00e7\u00f5es distribuem poder, de forma que podem ser desenhadas para privilegiar um grupo de atores espec\u00edfico.\u00a0<\/span><\/p>\n<h3><span class=\" author-d-iz88z86z86za0dz67zz78zz78zz74zz68zjz80zz71z9iz90z9po5z88z96oz72zz88zsz72zasaetgbz65zz77zez75zjz67zz79znz65zz85znq\"><b>Qualifica\u00e7\u00e3o e vinculo institucional<\/b><\/span><\/h3>\n<p>Professor na Universidade de Essex (UK), Campus Colchester. Graduado em Economia Empresarial e Controladoria (USP), Mestre e Doutor em Controladoria e Contabilidade (USP). Membro de grupos de pesquisa do Instituto de Estudos Avan\u00e7ados (USP) e <em>Institute for Global Innovation<\/em> (<em>University of Birmingham &#8211; UK<\/em>).<\/p>\n<h3><span class=\" author-d-iz88z86z86za0dz67zz78zz78zz74zz68zjz80zz71z9iz90z9po5z88z96oz72zz88zsz72zasaetgbz65zz77zez75zjz67zz79znz65zz85znq\"><b>Supervis\u00e3o e outros interesses<\/b><\/span><\/h3>\n<p>Supervis\u00e3o nos seguintes t\u00f3picos, no n\u00edvel de governos locais:<\/p>\n<ul>\n<li>Auditoria Governamental (Tribunais de Contas);<\/li>\n<li>Co-Produ\u00e7\u00e3o de servi\u00e7os p\u00fablicos;<\/li>\n<li>Reforma da Contabilidade P\u00fablica;<\/li>\n<li>Resili\u00eancia Financeira de Governos.<\/li>\n<\/ul>\n<h3><strong>Perfis em bases de refer\u00eancias<\/strong><\/h3>\n<div><span class=\" author-d-iz88z86z86za0dz67zz78zz78zz74zz68zjz80zz71z9iz90z8z85zz80z1az90zuz72zjz122zz84zz81zvz70zz66zz80zwufa7z81zz88zz75zz82zz77zum5vw\">Lattes:<\/span> <span class=\" author-d-iz88z86z86za0dz67zz78zz78zz74zz68zjz80zz71z9iz90z8z85zz80z1az90zuz72zjz122zz84zz81zvz70zz66zz80zwufa7z81zz88zz75zz82zz77zum5vw url\"><a class=\"dynamiclink\" href=\"http:\/\/lattes.cnpq.br\/3618321357357345\" target=\"_blank\" rel=\"noreferrer nofollow noopener\">http:\/\/lattes.cnpq.br\/3618321357357345<\/a><\/span><\/div>\n<div><span class=\" author-d-iz88z86z86za0dz67zz78zz78zz74zz68zjz80zz71z9iz90z8z85zz80z1az90zuz72zjz122zz84zz81zvz70zz66zz80zwufa7z81zz88zz75zz82zz77zum5vw\">Researchgate: <\/span><span class=\" author-d-iz88z86z86za0dz67zz78zz78zz74zz68zjz80zz71z9iz90z8z85zz80z1az90zuz72zjz122zz84zz81zvz70zz66zz80zwufa7z81zz88zz75zz82zz77zum5vw url\"><a class=\"dynamiclink\" href=\"https:\/\/www.researchgate.net\/profile\/Andre_Lino\" target=\"_blank\" rel=\"noreferrer nofollow noopener\">https:\/\/www.researchgate.net\/profile\/Andre_Lino<\/a><\/span><\/div>\n<div><span class=\" author-d-iz88z86z86za0dz67zz78zz78zz74zz68zjz80zz71z9iz90z8z85zz80z1az90zuz72zjz122zz84zz81zvz70zz66zz80zwufa7z81zz88zz75zz82zz77zum5vw\">ORCID: <\/span><span class=\" author-d-iz88z86z86za0dz67zz78zz78zz74zz68zjz80zz71z9iz90z8z85zz80z1az90zuz72zjz122zz84zz81zvz70zz66zz80zwufa7z81zz88zz75zz82zz77zum5vw url\"><a class=\"dynamiclink\" href=\"https:\/\/orcid.org\/0000-0003-1121-4971\" target=\"_blank\" rel=\"noreferrer nofollow noopener\">https:\/\/orcid.org\/0000-0003-1121-4971<\/a><\/span><\/div>\n<div><span class=\" author-d-iz88z86z86za0dz67zz78zz78zz74zz68zjz80zz71z9iz90z8z85zz80z1az90zuz72zjz122zz84zz81zvz70zz66zz80zwufa7z81zz88zz75zz82zz77zum5vw\">Publon<\/span><span class=\" author-d-4z65zz66zl57z75zyiz66zfr2fz87zwz89znuj72lz78zyz90z5z85ztz122ziz80zlspasnz87z9z76z1xflcz73zz72zs\">s<\/span><span class=\" author-d-iz88z86z86za0dz67zz78zz78zz74zz68zjz80zz71z9iz90z8z85zz80z1az90zuz72zjz122zz84zz81zvz70zz66zz80zwufa7z81zz88zz75zz82zz77zum5vw\">:<\/span> <span class=\" author-d-iz88z86z86za0dz67zz78zz78zz74zz68zjz80zz71z9iz90z8z85zz80z1az90zuz72zjz122zz84zz81zvz70zz66zz80zwufa7z81zz88zz75zz82zz77zum5vw url\"><a class=\"dynamiclink\" href=\"https:\/\/publons.com\/researcher\/1523546\/andre-feliciano-lino\/\" target=\"_blank\" rel=\"noreferrer nofollow noopener\">https:\/\/publons.com\/researcher\/1523546\/andre-feliciano-lino\/<\/a><\/span><\/div>\n<p><\/p>","protected":false},"excerpt":{"rendered":"<p>Palavras-chave: Auditoria Governamental, Co-produ\u00e7\u00e3o, Resili\u00eancia Financeira, Poder, Trabalho Institucional Interesse de pesquisa Nos \u00faltimos anos desenvolvi pesquisas na fronteira entre contabilidade, administra\u00e7\u00e3o e gest\u00e3o na \u00e1rea p\u00fablica &#8211; utilizando teorias da \u00e1rea de estudos organizacionais. Minhas linhas de pesquisa se concentram em tr\u00eas t\u00f3picos de interesse: (i) o papel dos Tribunais de Contas em reformas<a href=\"https:\/\/sites.usp.br\/psag\/pb\/perfil-andre-lino\/\">[&#8230;]<\/a><\/p>\n","protected":false},"author":194,"featured_media":0,"parent":0,"menu_order":0,"comment_status":"closed","ping_status":"closed","template":"","meta":{"_monsterinsights_skip_tracking":false,"_monsterinsights_sitenote_active":false,"_monsterinsights_sitenote_note":"","_monsterinsights_sitenote_category":0,"footnotes":"","_links_to":"","_links_to_target":""},"class_list":["post-1042","page","type-page","status-publish","hentry"],"_links":{"self":[{"href":"https:\/\/sites.usp.br\/psag\/pb\/wp-json\/wp\/v2\/pages\/1042","targetHints":{"allow":["GET"]}}],"collection":[{"href":"https:\/\/sites.usp.br\/psag\/pb\/wp-json\/wp\/v2\/pages"}],"about":[{"href":"https:\/\/sites.usp.br\/psag\/pb\/wp-json\/wp\/v2\/types\/page"}],"author":[{"embeddable":true,"href":"https:\/\/sites.usp.br\/psag\/pb\/wp-json\/wp\/v2\/users\/194"}],"replies":[{"embeddable":true,"href":"https:\/\/sites.usp.br\/psag\/pb\/wp-json\/wp\/v2\/comments?post=1042"}],"version-history":[{"count":4,"href":"https:\/\/sites.usp.br\/psag\/pb\/wp-json\/wp\/v2\/pages\/1042\/revisions"}],"predecessor-version":[{"id":1431,"href":"https:\/\/sites.usp.br\/psag\/pb\/wp-json\/wp\/v2\/pages\/1042\/revisions\/1431"}],"wp:attachment":[{"href":"https:\/\/sites.usp.br\/psag\/pb\/wp-json\/wp\/v2\/media?parent=1042"}],"curies":[{"name":"wp","href":"https:\/\/api.w.org\/{rel}","templated":true}]}}