{"id":1077,"date":"2019-10-30T19:41:38","date_gmt":"2019-10-30T22:41:38","guid":{"rendered":"http:\/\/sites.usp.br\/psag\/?page_id=1077"},"modified":"2020-06-03T19:41:03","modified_gmt":"2020-06-03T22:41:03","slug":"perfil-gustavo-capellini","status":"publish","type":"page","link":"https:\/\/sites.usp.br\/psag\/pb\/perfil-gustavo-capellini\/","title":{"rendered":"Perfil Gustavo de Almeida Capellini"},"content":{"rendered":"<p><strong>Palavras-chave: <\/strong><span class=\" author-d-1gg9uz65z1iz85zgdz68zmqkz84zo2qoxwyz80z9z74zye5z84zfz75z3gz78z1p4z88zxez86zwez67zrz67zdz81z5z86z0\">Or\u00e7amento P\u00fablico, Processo Or\u00e7ament\u00e1rio, <\/span><span class=\" author-d-1gg9uz65z1iz85zgdz68zmqkz84zo2qoxwyz80z9z74zye5z84zfz75z3gz78z1p4z88zxez86zwez67zrz67zdz81z5z86z0\"><i>Popular Report<\/i><\/span><span class=\" author-d-1gg9uz65z1iz85zgdz68zmqkz84zo2qoxwyz80z9z74zye5z84zfz75z3gz78z1p4z88zxez86zwez67zrz67zdz81z5z86z0\">, Cidad\u00e3o e<\/span><span class=\" author-d-1gg9uz65z1iz85zgdz68zmqkz84zo2qoxwyz80z9z74zye5z84zfz75z3gz78z1p4z88zxez86zwez67zrz67zdz81z5z86z0\"><i> Social Roles<\/i><\/span><span class=\" author-d-1gg9uz65z1iz85zgdz68zmqkz84zo2qoxwyz80z9z74zye5z84zfz75z3gz78z1p4z88zxez86zwez67zrz67zdz81z5z86z0\">.<\/span><\/p>\n<h3><span class=\" author-d-iz88z86z86za0dz67zz78zz78zz74zz68zjz80zz71z9iz90z9po5z88z96oz72zz88zsz72zasaetgbz65zz77zez75zjz67zz79znz65zz85znq\"><b>Interesse de pesquisa<\/b><\/span><\/h3>\n<div><span class=\" author-d-1gg9uz65z1iz85zgdz68zmqkz84zo2qoxwyz80z9z74zye5z84zfz75z3gz78z1p4z88zxez86zwez67zrz67zdz81z5z86z0\">Minha pesquisa de p\u00f3s-doutorado trata sobre a intera\u00e7\u00e3o da popula\u00e7\u00e3o com o processo or\u00e7ament\u00e1rio no setor p\u00fablico. Essa intera\u00e7\u00e3o \u00e9 observada sob a perspectiva do Or\u00e7amento Cidad\u00e3o<\/span> <span class=\" author-d-1gg9uz65z1iz85zgdz68zmqkz84zo2qoxwyz80z9z74zye5z84zfz75z3gz78z1p4z88zxez86zwez67zrz67zdz81z5z86z0 h-lparen\">(<\/span><span class=\" author-d-1gg9uz65z1iz85zgdz68zmqkz84zo2qoxwyz80z9z74zye5z84zfz75z3gz78z1p4z88zxez86zwez67zrz67zdz81z5z86z0 h-lparen\"><i>Popular<\/i><\/span><span class=\" author-d-1gg9uz65z1iz85zgdz68zmqkz84zo2qoxwyz80z9z74zye5z84zfz75z3gz78z1p4z88zxez86zwez67zrz67zdz81z5z86z0\"><i> Report<\/i><\/span><span class=\" author-d-1gg9uz65z1iz85zgdz68zmqkz84zo2qoxwyz80z9z74zye5z84zfz75z3gz78z1p4z88zxez86zwez67zrz67zdz81z5z86z0\">), que objetiva<\/span> <span class=\" author-d-1gg9uz65z1iz85zgdz68zmqkz84zo2qoxwyz80z9z74zye5z84zfz75z3gz78z1p4z88zxez86zwez67zrz67zdz81z5z86z0 h-ldquo\">\u201ctornar<\/span><span class=\" author-d-1gg9uz65z1iz85zgdz68zmqkz84zo2qoxwyz80z9z74zye5z84zfz75z3gz78z1p4z88zxez86zwez67zrz67zdz81z5z86z0\"> as informa\u00e7\u00f5es or\u00e7ament\u00e1rias acess\u00edveis ao grande p\u00fablico\u201d. O estudo explora aspectos como linguagem, cogni\u00e7\u00e3o, engajamento e discute notadamente o papel social de cidad\u00e3o que se apresenta na rela\u00e7\u00e3o dos indiv\u00edduos com o Estado.<\/span><\/div>\n<div><\/div>\n<p><span class=\" author-d-1gg9uz65z1iz85zgdz68zmqkz84zo2qoxwyz80z9z74zye5z84zfz75z3gz78z1p4z88zxez86zwez67zrz67zdz81z5z86z0\">Adicionalmente, minha pesquisa relacionada \u00e0 tese de doutorado amplia o debate para compreens\u00e3o do processo or\u00e7ament\u00e1rio no setor p\u00fablico observando a rela\u00e7\u00e3o entre Poderes Executivo e Legislativo, explorando aspectos relacionados \u00e0s coaliz\u00f5es pol\u00edticas que envolvem o governo brasileiro, a partir da an\u00e1lise da distribui\u00e7\u00e3o de recursos or\u00e7ament\u00e1rios via emendas parlamentares individuais e do comportamento dos legisladores nas vota\u00e7\u00f5es em plen\u00e1rio.<\/span><\/p>\n<h3><span class=\" author-d-1gg9uz65z1iz85zgdz68zmqkz84zo2qoxwyz80z9z74zye5z84zfz75z3gz78z1p4z88zxez86zwez67zrz67zdz81z5z86z0\"><span class=\" author-d-iz88z86z86za0dz67zz78zz78zz74zz68zjz80zz71z9iz90z9po5z88z96oz72zz88zsz72zasaetgbz65zz77zez75zjz67zz79znz65zz85znq\"><b>Qualifica\u00e7\u00e3o e v\u00ednculo institucional<\/b><\/span><\/span><\/h3>\n<p><span class=\" author-d-1gg9uz65z1iz85zgdz68zmqkz84zo2qoxwyz80z9z74zye5z84zfz75z3gz78z1p4z88zxez86zwez67zrz67zdz81z5z86z0\">P\u00f3s-Doutorando e Professor Colaborador da FEA-RP\/USP.<\/span><\/p>\n<h3><span class=\" author-d-iz88z86z86za0dz67zz78zz78zz74zz68zjz80zz71z9iz90z9po5z88z96oz72zz88zsz72zasaetgbz65zz77zez75zjz67zz79znz65zz85znq\"><b>Supervis\u00e3o e outros interesses<\/b><\/span><\/h3>\n<p><span class=\" author-d-1gg9uz65z1iz85zgdz68zmqkz84zo2qoxwyz80z9z74zye5z84zfz75z3gz78z1p4z88zxez86zwez67zrz67zdz81z5z86z0\">Outros temas de interesse: Governos de Coaliz\u00e3o, Or\u00e7amento Participativo, <\/span><span class=\" author-d-1gg9uz65z1iz85zgdz68zmqkz84zo2qoxwyz80z9z74zye5z84zfz75z3gz78z1p4z88zxez86zwez67zrz67zdz81z5z86z0\"><i>Accountability<\/i><\/span><span class=\" author-d-1gg9uz65z1iz85zgdz68zmqkz84zo2qoxwyz80z9z74zye5z84zfz75z3gz78z1p4z88zxez86zwez67zrz67zdz81z5z86z0\">, Transpar\u00eancia,<\/span><span class=\" author-d-1gg9uz65z1iz85zgdz68zmqkz84zo2qoxwyz80z9z74zye5z84zfz75z3gz78z1p4z88zxez86zwez67zrz67zdz81z5z86z0\">\u00a0<\/span><span class=\" author-d-1gg9uz65z1iz85zgdz68zmqkz84zo2qoxwyz80z9z74zye5z84zfz75z3gz78z1p4z88zxez86zwez67zrz67zdz81z5z86z0\"><i>Identity, Agency<\/i><\/span><span class=\" author-d-1gg9uz65z1iz85zgdz68zmqkz84zo2qoxwyz80z9z74zye5z84zfz75z3gz78z1p4z88zxez86zwez67zrz67zdz81z5z86z0\">.<\/span><\/p>\n<h3><strong>Perfis em bases de refer\u00eancias<\/strong><\/h3>\n<div><span class=\"attrlink url author-d-iz88z86z86za0dz67zz78zz78zz74zz68zjz80zz71z9iz90z8z85zz80z1az90zuz72zjz122zz84zz81zvz70zz66zz80zwufa7z81zz88zz75zz82zz77zum5vw url\">Lattes: <a class=\"attrlink\" href=\"http:\/\/lattes.cnpq.br\/6202612843063500\" target=\"_blank\" rel=\"noreferrer nofollow noopener\" data-target-href=\"http:\/\/lattes.cnpq.br\/6202612843063500\">http:\/\/lattes.cnpq.br\/6202612843063500<\/a><br \/>\n<\/span><\/div>\n<div>Research Gate: <a href=\"https:\/\/www.researchgate.net\/profile\/Gustavo_Capellini\">https:\/\/www.researchgate.net\/profile\/Gustavo_Capellini<\/a><\/div>\n<div>ORCID: <a href=\"https:\/\/orcid.org\/0000-0001-5552-9460\">https:\/\/orcid.org\/0000-0001-5552-9460<\/a><\/div>\n<p><\/p>","protected":false},"excerpt":{"rendered":"<p>Palavras-chave: Or\u00e7amento P\u00fablico, Processo Or\u00e7ament\u00e1rio, Popular Report, Cidad\u00e3o e Social Roles. Interesse de pesquisa Minha pesquisa de p\u00f3s-doutorado trata sobre a intera\u00e7\u00e3o da popula\u00e7\u00e3o com o processo or\u00e7ament\u00e1rio no setor p\u00fablico. Essa intera\u00e7\u00e3o \u00e9 observada sob a perspectiva do Or\u00e7amento Cidad\u00e3o (Popular Report), que objetiva \u201ctornar as informa\u00e7\u00f5es or\u00e7ament\u00e1rias acess\u00edveis ao grande p\u00fablico\u201d. O estudo<a href=\"https:\/\/sites.usp.br\/psag\/pb\/perfil-gustavo-capellini\/\">[&#8230;]<\/a><\/p>\n","protected":false},"author":191,"featured_media":0,"parent":0,"menu_order":0,"comment_status":"closed","ping_status":"closed","template":"","meta":{"_monsterinsights_skip_tracking":false,"_monsterinsights_sitenote_active":false,"_monsterinsights_sitenote_note":"","_monsterinsights_sitenote_category":0,"footnotes":"","_links_to":"","_links_to_target":""},"class_list":["post-1077","page","type-page","status-publish","hentry"],"_links":{"self":[{"href":"https:\/\/sites.usp.br\/psag\/pb\/wp-json\/wp\/v2\/pages\/1077","targetHints":{"allow":["GET"]}}],"collection":[{"href":"https:\/\/sites.usp.br\/psag\/pb\/wp-json\/wp\/v2\/pages"}],"about":[{"href":"https:\/\/sites.usp.br\/psag\/pb\/wp-json\/wp\/v2\/types\/page"}],"author":[{"embeddable":true,"href":"https:\/\/sites.usp.br\/psag\/pb\/wp-json\/wp\/v2\/users\/191"}],"replies":[{"embeddable":true,"href":"https:\/\/sites.usp.br\/psag\/pb\/wp-json\/wp\/v2\/comments?post=1077"}],"version-history":[{"count":3,"href":"https:\/\/sites.usp.br\/psag\/pb\/wp-json\/wp\/v2\/pages\/1077\/revisions"}],"predecessor-version":[{"id":1273,"href":"https:\/\/sites.usp.br\/psag\/pb\/wp-json\/wp\/v2\/pages\/1077\/revisions\/1273"}],"wp:attachment":[{"href":"https:\/\/sites.usp.br\/psag\/pb\/wp-json\/wp\/v2\/media?parent=1077"}],"curies":[{"name":"wp","href":"https:\/\/api.w.org\/{rel}","templated":true}]}}