{"id":115,"date":"2014-04-28T16:28:49","date_gmt":"2014-04-28T19:28:49","guid":{"rendered":"http:\/\/sites.usp.brprp\/?page_id=115"},"modified":"2022-08-23T21:48:30","modified_gmt":"2022-08-24T00:48:30","slug":"contato","status":"publish","type":"page","link":"https:\/\/sites.usp.br\/psag\/pb\/contato\/","title":{"rendered":"Nosso contato"},"content":{"rendered":"<p>Faculdade de Economia, Administra\u00e7\u00e3o e Contabilidade de Ribeir\u00e3o Preto,<br \/>\nUniversidade de S\u00e3o Paulo<br \/>\nAv. Bandeirantes 3900 &#8211; Monte Alegre &#8211; CEP 14040-905 Ribeir\u00e3o Preto &#8211; SP, Brasil<\/p>\n<p>Email: <a href=\"mailto:psagib@usp.br\">psagib@usp.br<\/a><br \/>\nYouTube: <a href=\"https:\/\/www.youtube.com\/channel\/UC1KRgZKMbXhM40dRc36NyBg\">https:\/\/www.youtube.com\/channel\/UC1KRgZKMbXhM40dRc36NyBg<\/a><br \/>\nTwitter: <a href=\"https:\/\/twitter.com\/PSAGiB\">https:\/\/twitter.com\/PSAGiB<\/a><br \/>\nLinkedIn: <a href=\"https:\/\/www.linkedin.com\/in\/psagibrazil-research-group-0b148a87\">https:\/\/www.linkedin.com\/in\/psagibrazil-research-group-0b148a87<\/a><br \/>\nFacebook: <a href=\"https:\/\/www.facebook.com\/psagibrazil\">https:\/\/www.facebook.com\/psagibrazil<\/a><\/p>\n<p><a class=\"twitter-follow-button\" href=\"https:\/\/twitter.com\/PSAGiB?ref_src=twsrc%5Etfw\" data-show-count=\"false\">Follow @PSAGiB<\/a><script async src=\"https:\/\/platform.twitter.com\/widgets.js\" charset=\"utf-8\"><\/script><\/p>","protected":false},"excerpt":{"rendered":"<p>Faculdade de Economia, Administra\u00e7\u00e3o e Contabilidade de Ribeir\u00e3o Preto, Universidade de S\u00e3o Paulo Av. Bandeirantes 3900 &#8211; Monte Alegre &#8211; CEP 14040-905 Ribeir\u00e3o Preto &#8211; SP, Brasil Email: psagib@usp.br YouTube: https:\/\/www.youtube.com\/channel\/UC1KRgZKMbXhM40dRc36NyBg Twitter: https:\/\/twitter.com\/PSAGiB LinkedIn: https:\/\/www.linkedin.com\/in\/psagibrazil-research-group-0b148a87 Facebook: https:\/\/www.facebook.com\/psagibrazil Follow @PSAGiB<\/p>\n","protected":false},"author":13,"featured_media":0,"parent":0,"menu_order":0,"comment_status":"closed","ping_status":"closed","template":"","meta":{"_monsterinsights_skip_tracking":false,"_monsterinsights_sitenote_active":false,"_monsterinsights_sitenote_note":"","_monsterinsights_sitenote_category":0,"footnotes":"","_links_to":"","_links_to_target":""},"class_list":["post-115","page","type-page","status-publish","hentry"],"_links":{"self":[{"href":"https:\/\/sites.usp.br\/psag\/pb\/wp-json\/wp\/v2\/pages\/115","targetHints":{"allow":["GET"]}}],"collection":[{"href":"https:\/\/sites.usp.br\/psag\/pb\/wp-json\/wp\/v2\/pages"}],"about":[{"href":"https:\/\/sites.usp.br\/psag\/pb\/wp-json\/wp\/v2\/types\/page"}],"author":[{"embeddable":true,"href":"https:\/\/sites.usp.br\/psag\/pb\/wp-json\/wp\/v2\/users\/13"}],"replies":[{"embeddable":true,"href":"https:\/\/sites.usp.br\/psag\/pb\/wp-json\/wp\/v2\/comments?post=115"}],"version-history":[{"count":5,"href":"https:\/\/sites.usp.br\/psag\/pb\/wp-json\/wp\/v2\/pages\/115\/revisions"}],"predecessor-version":[{"id":1493,"href":"https:\/\/sites.usp.br\/psag\/pb\/wp-json\/wp\/v2\/pages\/115\/revisions\/1493"}],"wp:attachment":[{"href":"https:\/\/sites.usp.br\/psag\/pb\/wp-json\/wp\/v2\/media?parent=115"}],"curies":[{"name":"wp","href":"https:\/\/api.w.org\/{rel}","templated":true}]}}