{"id":1190,"date":"2020-05-01T08:17:22","date_gmt":"2020-05-01T11:17:22","guid":{"rendered":"http:\/\/sites.usp.br\/psag\/?page_id=1190"},"modified":"2021-04-02T21:34:54","modified_gmt":"2021-04-03T00:34:54","slug":"polyana-batista-da-silva","status":"publish","type":"page","link":"https:\/\/sites.usp.br\/psag\/pb\/polyana-batista-da-silva\/","title":{"rendered":"Perfil Polyana Batista da Silva"},"content":{"rendered":"<p><strong>Palavras-chave:<\/strong> Tecnologia; Auditoria do setor p\u00fablico; Materialidade; Digitaliza\u00e7\u00e3o.<\/p>\n<h3><span class=\" author-d-iz88z86z86za0dz67zz78zz78zz74zz68zjz80zz71z9iz90z9po5z88z96oz72zz88zsz72zasaetgbz65zz77zez75zjz67zz79znz65zz85znq\"><b>Interesse de pesquisa<\/b><\/span><\/h3>\n<p>Minha pesquisa analisa como as tecnologias est\u00e3o reconfigurando o trabalho e as organiza\u00e7\u00f5es, em especial, nos efeitos do uso da tecnologia sobre as pr\u00e1ticas e rotinas de trabalho no setor p\u00fablico. Meu interesse particular \u00e9 a compreens\u00e3o do desenvolvimento de novas formas de trabalho (organizing) relacionadas aos seus contextos sociais e materiais.<\/p>\n<h3><span class=\" author-d-iz88z86z86za0dz67zz78zz78zz74zz68zjz80zz71z9iz90z9po5z88z96oz72zz88zsz72zasaetgbz65zz77zez75zjz67zz79znz65zz85znq\"><b>Qualifica\u00e7\u00e3o e vinculo institucional<\/b><\/span><\/h3>\n<p>Doutoranda em Controladoria e Contabilidade pela FEA-RP\/USP.<\/p>\n<h3><span class=\" author-d-iz88z86z86za0dz67zz78zz78zz74zz68zjz80zz71z9iz90z9po5z88z96oz72zz88zsz72zasaetgbz65zz77zez75zjz67zz79znz65zz85znq\"><b>Supervis\u00e3o e outros interesses<\/b><\/span><\/h3>\n<p>Outros temas de interesse est\u00e3o relacionados \u00e0s quest\u00f5es de working memory, attention\/distraction e potenciais falhas em decorr\u00eancia do uso de sistemas baseados em Intelig\u00eancia Artificial (black box).<\/p>\n<h3><strong>Perfis em bases de refer\u00eancias<\/strong><\/h3>\n<div><span class=\" author-d-iz88z86z86za0dz67zz78zz78zz74zz68zjz80zz71z9iz90z8z85zz80z1az90zuz72zjz122zz84zz81zvz70zz66zz80zwufa7z81zz88zz75zz82zz77zum5vw\">Lattes: <a href=\"http:\/\/lattes.cnpq.br\/8865862775946779\">http:\/\/lattes.cnpq.br\/8865862775946779<\/a><\/span><\/div>\n<div><span class=\" author-d-iz88z86z86za0dz67zz78zz78zz74zz68zjz80zz71z9iz90z8z85zz80z1az90zuz72zjz122zz84zz81zvz70zz66zz80zwufa7z81zz88zz75zz82zz77zum5vw\">Research gate: <a href=\"https:\/\/www.researchgate.net\/profile\/Polyana_Silva4\">https:\/\/www.researchgate.net\/profile\/Polyana_Silva4<\/a><\/span><\/div>\n<div><span class=\" author-d-iz88z86z86za0dz67zz78zz78zz74zz68zjz80zz71z9iz90z8z85zz80z1az90zuz72zjz122zz84zz81zvz70zz66zz80zwufa7z81zz88zz75zz82zz77zum5vw\">ORCID: <a href=\"https:\/\/orcid.org\/0000-0002-1537-123X\">https:\/\/orcid.org\/0000-0002-1537-123X<\/a><\/span><\/div>\n<div><span class=\" author-d-iz88z86z86za0dz67zz78zz78zz74zz68zjz80zz71z9iz90z8z85zz80z1az90zuz72zjz122zz84zz81zvz70zz66zz80zwufa7z81zz88zz75zz82zz77zum5vw\">Plubons: <a href=\"https:\/\/publons.com\/researcher\/3105364\/polyana-batista-da-silva\/\">https:\/\/publons.com\/researcher\/3105364\/polyana-batista-da-silva\/<\/a><\/span><\/div>\n<p><\/p>","protected":false},"excerpt":{"rendered":"<p>Palavras-chave: Tecnologia; Auditoria do setor p\u00fablico; Materialidade; Digitaliza\u00e7\u00e3o. Interesse de pesquisa Minha pesquisa analisa como as tecnologias est\u00e3o reconfigurando o trabalho e as organiza\u00e7\u00f5es, em especial, nos efeitos do uso da tecnologia sobre as pr\u00e1ticas e rotinas de trabalho no setor p\u00fablico. Meu interesse particular \u00e9 a compreens\u00e3o do desenvolvimento de novas formas de trabalho<a href=\"https:\/\/sites.usp.br\/psag\/pb\/polyana-batista-da-silva\/\">[&#8230;]<\/a><\/p>\n","protected":false},"author":191,"featured_media":0,"parent":0,"menu_order":0,"comment_status":"closed","ping_status":"closed","template":"","meta":{"_monsterinsights_skip_tracking":false,"_monsterinsights_sitenote_active":false,"_monsterinsights_sitenote_note":"","_monsterinsights_sitenote_category":0,"footnotes":"","_links_to":"","_links_to_target":""},"class_list":["post-1190","page","type-page","status-publish","hentry"],"_links":{"self":[{"href":"https:\/\/sites.usp.br\/psag\/pb\/wp-json\/wp\/v2\/pages\/1190","targetHints":{"allow":["GET"]}}],"collection":[{"href":"https:\/\/sites.usp.br\/psag\/pb\/wp-json\/wp\/v2\/pages"}],"about":[{"href":"https:\/\/sites.usp.br\/psag\/pb\/wp-json\/wp\/v2\/types\/page"}],"author":[{"embeddable":true,"href":"https:\/\/sites.usp.br\/psag\/pb\/wp-json\/wp\/v2\/users\/191"}],"replies":[{"embeddable":true,"href":"https:\/\/sites.usp.br\/psag\/pb\/wp-json\/wp\/v2\/comments?post=1190"}],"version-history":[{"count":4,"href":"https:\/\/sites.usp.br\/psag\/pb\/wp-json\/wp\/v2\/pages\/1190\/revisions"}],"predecessor-version":[{"id":1375,"href":"https:\/\/sites.usp.br\/psag\/pb\/wp-json\/wp\/v2\/pages\/1190\/revisions\/1375"}],"wp:attachment":[{"href":"https:\/\/sites.usp.br\/psag\/pb\/wp-json\/wp\/v2\/media?parent=1190"}],"curies":[{"name":"wp","href":"https:\/\/api.w.org\/{rel}","templated":true}]}}