{"id":1245,"date":"2020-06-03T17:25:55","date_gmt":"2020-06-03T20:25:55","guid":{"rendered":"http:\/\/sites.usp.br\/psag\/?page_id=1245"},"modified":"2021-05-28T17:13:01","modified_gmt":"2021-05-28T20:13:01","slug":"rafael-silva","status":"publish","type":"page","link":"https:\/\/sites.usp.br\/psag\/pb\/rafael-silva\/","title":{"rendered":"Rafael Fran\u00e7a Silva"},"content":{"rendered":"<p><\/p>\n<h3><span class=\"ace-all-bold-hthree\"><span class=\" author-d-1gg9uz65z1iz85zgdz68zmqkz84zo2qowz81zz76z4z80zdwketz83zz75zz75zz75zsz70znz79zyz81zz68z3ycz65zz80z44dz71zgz84z\"><b>Interesse de pesquisa<\/b><\/span><\/span><\/h3>\n<p>Atualmente, possuo interesse de pesquisa em accountability e na comunica\u00e7\u00e3o dos Tribunais de Contas brasileiros, tanto entre si, como com os diversos atores interessados nas atividades desenvolvidas nessas institui\u00e7\u00f5es.<\/p>\n<h3><span class=\"ace-all-bold-hthree\"><span class=\" author-d-1gg9uz65z1iz85zgdz68zmqkz84zo2qowz81zz76z4z80zdwketz83zz75zz75zz75zsz70znz79zyz81zz68z3ycz65zz80z44dz71zgz84z\"><b>Qualifica\u00e7\u00e3o e v\u00ednculo institucional<\/b><\/span><\/span><\/h3>\n<p>Estudante de Ci\u00eancias Cont\u00e1beis, pela Faculdade de Ci\u00eancias Cont\u00e1beis- Universidade Federal do Par\u00e1.<\/p>\n<h3><span class=\"ace-all-bold-hthree\"><span class=\" author-d-1gg9uz65z1iz85zgdz68zmqkz84zo2qowz81zz76z4z80zdwketz83zz75zz75zz75zsz70znz79zyz81zz68z3ycz65zz80z44dz71zgz84z\"><b>Supervis\u00e3o e outros interesses<\/b><\/span><\/span><\/h3>\n<p>Outros interesses de pesquisa s\u00e3o sobre o controle social e a transpar\u00eancia p\u00fablica.<\/p>\n<h3><span class=\"ace-all-bold-hthree\"><span class=\" author-d-1gg9uz65z1iz85zgdz68zmqkz84zo2qowz81zz76z4z80zdwketz83zz75zz75zz75zsz70znz79zyz81zz68z3ycz65zz80z44dz71zgz84z\"><b>Perfis em bases de refer\u00eancias<\/b><\/span><\/span><\/h3>\n<div><span class=\" author-d-1gg9uz65z1iz85zgdz68zmqkz84zo2qowz81zz76z4z80zdwketz83zz75zz75zz75zsz70znz79zyz81zz68z3ycz65zz80z44dz71zgz84z\">Lattes: <a href=\"http:\/\/lattes.cnpq.br\/3481733078382137\">http:\/\/lattes.cnpq.br\/3481733078382137<\/a><\/span><\/div>\n<p><\/p>","protected":false},"excerpt":{"rendered":"<p>Interesse de pesquisa Atualmente, possuo interesse de pesquisa em accountability e na comunica\u00e7\u00e3o dos Tribunais de Contas brasileiros, tanto entre si, como com os diversos atores interessados nas atividades desenvolvidas nessas institui\u00e7\u00f5es. Qualifica\u00e7\u00e3o e v\u00ednculo institucional Estudante de Ci\u00eancias Cont\u00e1beis, pela Faculdade de Ci\u00eancias Cont\u00e1beis- Universidade Federal do Par\u00e1. Supervis\u00e3o e outros interesses Outros interesses<a href=\"https:\/\/sites.usp.br\/psag\/pb\/rafael-silva\/\">[&#8230;]<\/a><\/p>\n","protected":false},"author":21766,"featured_media":0,"parent":0,"menu_order":0,"comment_status":"closed","ping_status":"closed","template":"","meta":{"_monsterinsights_skip_tracking":false,"_monsterinsights_sitenote_active":false,"_monsterinsights_sitenote_note":"","_monsterinsights_sitenote_category":0,"footnotes":"","_links_to":"","_links_to_target":""},"class_list":["post-1245","page","type-page","status-publish","hentry"],"_links":{"self":[{"href":"https:\/\/sites.usp.br\/psag\/pb\/wp-json\/wp\/v2\/pages\/1245","targetHints":{"allow":["GET"]}}],"collection":[{"href":"https:\/\/sites.usp.br\/psag\/pb\/wp-json\/wp\/v2\/pages"}],"about":[{"href":"https:\/\/sites.usp.br\/psag\/pb\/wp-json\/wp\/v2\/types\/page"}],"author":[{"embeddable":true,"href":"https:\/\/sites.usp.br\/psag\/pb\/wp-json\/wp\/v2\/users\/21766"}],"replies":[{"embeddable":true,"href":"https:\/\/sites.usp.br\/psag\/pb\/wp-json\/wp\/v2\/comments?post=1245"}],"version-history":[{"count":3,"href":"https:\/\/sites.usp.br\/psag\/pb\/wp-json\/wp\/v2\/pages\/1245\/revisions"}],"predecessor-version":[{"id":1409,"href":"https:\/\/sites.usp.br\/psag\/pb\/wp-json\/wp\/v2\/pages\/1245\/revisions\/1409"}],"wp:attachment":[{"href":"https:\/\/sites.usp.br\/psag\/pb\/wp-json\/wp\/v2\/media?parent=1245"}],"curies":[{"name":"wp","href":"https:\/\/api.w.org\/{rel}","templated":true}]}}