{"id":1248,"date":"2020-06-03T18:51:26","date_gmt":"2020-06-03T21:51:26","guid":{"rendered":"http:\/\/sites.usp.br\/psag\/?page_id=1248"},"modified":"2020-06-03T19:17:27","modified_gmt":"2020-06-03T22:17:27","slug":"perfil-andre-precinotto","status":"publish","type":"page","link":"https:\/\/sites.usp.br\/psag\/pb\/perfil-andre-precinotto\/","title":{"rendered":"Perfil Andr\u00e9 Precinotto"},"content":{"rendered":"<p><strong>Palavras-chave: <\/strong><span class=\" author-d-1gg9uz65z1iz85zgdz68zmqkz84zo2qoxwyz80z9z74zye5z84zfz75z3gz78z1p4z88zxez86zwez67zrz67zdz81z5z86z0\">Transpar\u00eancia, Governo Local, Teoria do Paradoxo<\/span><span class=\" author-d-1gg9uz65z1iz85zgdz68zmqkz84zo2qoxwyz80z9z74zye5z84zfz75z3gz78z1p4z88zxez86zwez67zrz67zdz81z5z86z0\">.<\/span><\/p>\n<h3><span class=\" author-d-iz88z86z86za0dz67zz78zz78zz74zz68zjz80zz71z9iz90z9po5z88z96oz72zz88zsz72zasaetgbz65zz77zez75zjz67zz79znz65zz85znq\"><b>Interesse de pesquisa<\/b><\/span><\/h3>\n<div><span class=\" author-d-1gg9uz65z1iz85zgdz68zmqkz84zo2qoxwyz80z9z74zye5z84zfz75z3gz78z1p4z88zxez86zwez67zrz67zdz81z5z86z0\">Atualmente, minha pesquisa est\u00e1 relacionada aos dilemas, contradi\u00e7\u00f5es e tens\u00f5es existentes dentro processo de abertura de governos locais.<\/span><\/div>\n<div><span class=\" author-d-1gg9uz65z1iz85zgdz68zmqkz84zo2qoxwyz80z9z74zye5z84zfz75z3gz78z1p4z88zxez86zwez67zrz67zdz81z5z86z0\"><span class=\" author-d-1gg9uz65z1iz85zgdz68zmqkz84zo2qoxwyz80z9z74zye5z84zfz75z3gz78z1p4z88zxez86zwez67zrz67zdz81z5z86z0\"><br \/>\nEspecificamente, tenho interesse em entender como \u00e9 a rela\u00e7\u00e3o entre os envolvidos (funcion\u00e1rios p\u00fablicos, provedores de servi\u00e7os de TI, auditores p\u00fablicos, popula\u00e7\u00e3o e demais interessados) nesse processo de abertura.<\/span><\/span><\/p>\n<h3><span class=\" author-d-iz88z86z86za0dz67zz78zz78zz74zz68zjz80zz71z9iz90z9po5z88z96oz72zz88zsz72zasaetgbz65zz77zez75zjz67zz79znz65zz85znq\"><b>Qualifica\u00e7\u00e3o e v\u00ednculo institucional<\/b><\/span><\/h3>\n<\/div>\n<p><span class=\" author-d-1gg9uz65z1iz85zgdz68zmqkz84zo2qoxwyz80z9z74zye5z84zfz75z3gz78z1p4z88zxez86zwez67zrz67zdz81z5z86z0\">Mestrando em Controladoria e Contabilidade pela Faculdade de Economia, Administra\u00e7\u00e3o e Contabilidade de Ribeir\u00e3o Preto da Universidade de S\u00e3o Paulo.<br \/>\nContador da C\u00e2mara Municipal de Gua\u00edra \u2013 SP.<\/span><\/p>\n<h3><span class=\" author-d-iz88z86z86za0dz67zz78zz78zz74zz68zjz80zz71z9iz90z9po5z88z96oz72zz88zsz72zasaetgbz65zz77zez75zjz67zz79znz65zz85znq\"><b>Supervis\u00e3o e outros interesses<\/b><\/span><\/h3>\n<p><span class=\" author-d-1gg9uz65z1iz85zgdz68zmqkz84zo2qoxwyz80z9z74zye5z84zfz75z3gz78z1p4z88zxez86zwez67zrz67zdz81z5z86z0\">Temas relacionados com atores e processos organizacionais no Poder Legislativo Municipal<\/span><span class=\" author-d-1gg9uz65z1iz85zgdz68zmqkz84zo2qoxwyz80z9z74zye5z84zfz75z3gz78z1p4z88zxez86zwez67zrz67zdz81z5z86z0\">.<\/span><\/p>\n<h3><strong>Perfis em bases de refer\u00eancias<\/strong><\/h3>\n<div><span class=\"attrlink url author-d-iz88z86z86za0dz67zz78zz78zz74zz68zjz80zz71z9iz90z8z85zz80z1az90zuz72zjz122zz84zz81zvz70zz66zz80zwufa7z81zz88zz75zz82zz77zum5vw url\">Lattes: <\/span><a href=\"http:\/\/lattes.cnpq.br\/7730438023401284\">http:\/\/lattes.cnpq.br\/7730438023401284<\/a><\/div>\n<div>Research Gate: <a href=\"https:\/\/www.researchgate.net\/profile\/Andre_Precinotto\">https:\/\/www.researchgate.net\/profile\/Andre_Precinotto<\/a><\/div>\n<div>ORCID: <a href=\"https:\/\/orcid.org\/0000-0001-7011-3877\">https:\/\/orcid.org\/0000-0001-7011-3877<\/a><\/div>\n<p><\/p>","protected":false},"excerpt":{"rendered":"<p>Palavras-chave: Transpar\u00eancia, Governo Local, Teoria do Paradoxo. Interesse de pesquisa Atualmente, minha pesquisa est\u00e1 relacionada aos dilemas, contradi\u00e7\u00f5es e tens\u00f5es existentes dentro processo de abertura de governos locais. Especificamente, tenho interesse em entender como \u00e9 a rela\u00e7\u00e3o entre os envolvidos (funcion\u00e1rios p\u00fablicos, provedores de servi\u00e7os de TI, auditores p\u00fablicos, popula\u00e7\u00e3o e demais interessados) nesse processo<a href=\"https:\/\/sites.usp.br\/psag\/pb\/perfil-andre-precinotto\/\">[&#8230;]<\/a><\/p>\n","protected":false},"author":21766,"featured_media":0,"parent":0,"menu_order":0,"comment_status":"closed","ping_status":"closed","template":"","meta":{"_monsterinsights_skip_tracking":false,"_monsterinsights_sitenote_active":false,"_monsterinsights_sitenote_note":"","_monsterinsights_sitenote_category":0,"footnotes":"","_links_to":"","_links_to_target":""},"class_list":["post-1248","page","type-page","status-publish","hentry"],"_links":{"self":[{"href":"https:\/\/sites.usp.br\/psag\/pb\/wp-json\/wp\/v2\/pages\/1248","targetHints":{"allow":["GET"]}}],"collection":[{"href":"https:\/\/sites.usp.br\/psag\/pb\/wp-json\/wp\/v2\/pages"}],"about":[{"href":"https:\/\/sites.usp.br\/psag\/pb\/wp-json\/wp\/v2\/types\/page"}],"author":[{"embeddable":true,"href":"https:\/\/sites.usp.br\/psag\/pb\/wp-json\/wp\/v2\/users\/21766"}],"replies":[{"embeddable":true,"href":"https:\/\/sites.usp.br\/psag\/pb\/wp-json\/wp\/v2\/comments?post=1248"}],"version-history":[{"count":3,"href":"https:\/\/sites.usp.br\/psag\/pb\/wp-json\/wp\/v2\/pages\/1248\/revisions"}],"predecessor-version":[{"id":1267,"href":"https:\/\/sites.usp.br\/psag\/pb\/wp-json\/wp\/v2\/pages\/1248\/revisions\/1267"}],"wp:attachment":[{"href":"https:\/\/sites.usp.br\/psag\/pb\/wp-json\/wp\/v2\/media?parent=1248"}],"curies":[{"name":"wp","href":"https:\/\/api.w.org\/{rel}","templated":true}]}}