{"id":390,"date":"2016-06-27T11:45:45","date_gmt":"2016-06-27T14:45:45","guid":{"rendered":"http:\/\/sites.usp.br\/psag\/?page_id=390"},"modified":"2022-08-23T21:52:02","modified_gmt":"2022-08-24T00:52:02","slug":"join-us","status":"publish","type":"page","link":"https:\/\/sites.usp.br\/psag\/pb\/join-us\/","title":{"rendered":"Junte-se a n\u00f3s"},"content":{"rendered":"<p><\/p>\n<h3>Associa\u00e7\u00e3o para pesquisa no PSAG<\/h3>\n<p>Doutores de diversas \u00e1reas interessados em projetos de pesquisa em colabora\u00e7\u00e3o entrem em contato.<\/p>\n<p>&nbsp;<\/p>\n<h3>Associa\u00e7\u00e3o em programas supervisionados no PSAG<\/h3>\n<p>Estes s\u00e3o programa em que um membro ativo no PSAG supervisiona\/orienta um treinamento em pesquisa. Estes s\u00e3o os <a href=\"http:\/\/sites.usp.br\/psag\/wp-content\/uploads\/sites\/108\/2016\/06\/Tipos-de-associa\u00e7\u00e3o-ao-PSAGiB.pdf\">tipos de associa\u00e7\u00e3o supervisionadas.<\/a><\/p>\n<h4>a)\u00a0Pesquisador visitante e p\u00f3s-doutorado<\/h4>\n<ul>\n<li>Pesquisadores seniores participam do grupo pelo programa de p\u00f3s-doutorado ou pesquisador colaborador, seguindo as portarias desses programas especificadas pela Universidade de S\u00e3o Paulo.<\/li>\n<\/ul>\n<h4>b) Alunos de p\u00f3s-gradua\u00e7\u00e3o (Doutorado e Mestrado)<\/h4>\n<ul>\n<li style=\"list-style-type: none;\">\n<ul>\n<li>Como alunos regulares dos cursos de mestrado e doutorado de Controladoria e Contabilidade da FEARP, desenvolvem teses e disserta\u00e7\u00f5es, assim como participam de outras pesquisas conduzidas em conjunto pelo PSAGiB, tendo suporte e colabora\u00e7\u00e3o em um dos <a href=\"http:\/\/sites.usp.br\/psag\/programas\/\">projetos<\/a>\u00a0em andamento no grupo.<\/li>\n<\/ul>\n<\/li>\n<\/ul>\n<h4>c) Alunos de gradua\u00e7\u00e3o<\/h4>\n<ul>\n<li>Todo ano (mar\u00e7o e abril) n\u00f3s selecionamos novos estudantes para programas de pesquisa de 1 a 2 anos.<\/li>\n<\/ul>\n<p>&nbsp;<\/p>\n<h3>Associa\u00e7\u00e3o para pesquisa no PSAG<\/h3>\n<p><span class=\"VIiyi\" lang=\"en\"><span class=\"JLqJ4b ChMk0b\" data-language-for-alternatives=\"en\" data-language-to-translate-into=\"pt\" data-phrase-index=\"0\" data-number-of-phrases=\"1\"><span class=\"Q4iAWc\">Doctors from different areas interested in collaborative research projects get in touch.<\/span><\/span><\/span><\/p>\n<p>&nbsp;<\/p>\n<h3>Associa\u00e7\u00e3o em programas supervisionados no PSAG<\/h3>\n<p>Estes s\u00e3o programa em que um membro ativo no PSAG supervisiona\/orienta um treinamento em pesquisa. Estes s\u00e3o os <a href=\"http:\/\/sites.usp.br\/psag\/wp-content\/uploads\/sites\/108\/2016\/06\/Tipos-de-associa\u00e7\u00e3o-ao-PSAGiB.pdf\">tipos de associa\u00e7\u00e3o supervisionadas.<\/a><\/p>\n<h4>a)\u00a0Pesquisador visitante e p\u00f3s-doutorado<\/h4>\n<ul>\n<li>Pesquisadores seniores participam do grupo pelo programa de p\u00f3s-doutorado ou pesquisador colaborador, seguindo as portarias desses programas especificadas pela Universidade de S\u00e3o Paulo.<\/li>\n<\/ul>\n<h4>b) Alunos de p\u00f3s-gradua\u00e7\u00e3o (Doutorado e Mestrado)<\/h4>\n<ul>\n<li style=\"list-style-type: none;\">\n<ul>\n<li>Como alunos regulares dos cursos de mestrado e doutorado de Controladoria e Contabilidade da FEARP, desenvolvem teses e disserta\u00e7\u00f5es, assim como participam de outras pesquisas conduzidas em conjunto pelo PSAGiB, tendo suporte e colabora\u00e7\u00e3o em um dos <a href=\"http:\/\/sites.usp.br\/psag\/programas\/\">projetos<\/a>\u00a0em andamento no grupo.<\/li>\n<\/ul>\n<\/li>\n<\/ul>\n<h4>c) Alunos de gradua\u00e7\u00e3o<\/h4>\n<ul>\n<li>Todo ano (mar\u00e7o e abril) n\u00f3s selecionamos novos estudantes para programas de pesquisa de 1 a 2 anos.<\/li>\n<\/ul>\n<p><\/p>","protected":false},"excerpt":{"rendered":"<p>Associa\u00e7\u00e3o para pesquisa no PSAG Doutores de diversas \u00e1reas interessados em projetos de pesquisa em colabora\u00e7\u00e3o entrem em contato. &nbsp; Associa\u00e7\u00e3o em programas supervisionados no PSAG Estes s\u00e3o programa em que um membro ativo no PSAG supervisiona\/orienta um treinamento em pesquisa. Estes s\u00e3o os tipos de associa\u00e7\u00e3o supervisionadas. a)\u00a0Pesquisador visitante e p\u00f3s-doutorado Pesquisadores seniores participam<a href=\"https:\/\/sites.usp.br\/psag\/pb\/join-us\/\">[&#8230;]<\/a><\/p>\n","protected":false},"author":191,"featured_media":0,"parent":0,"menu_order":0,"comment_status":"closed","ping_status":"closed","template":"","meta":{"_monsterinsights_skip_tracking":false,"_monsterinsights_sitenote_active":false,"_monsterinsights_sitenote_note":"","_monsterinsights_sitenote_category":0,"footnotes":"","_links_to":"","_links_to_target":""},"class_list":["post-390","page","type-page","status-publish","hentry"],"_links":{"self":[{"href":"https:\/\/sites.usp.br\/psag\/pb\/wp-json\/wp\/v2\/pages\/390","targetHints":{"allow":["GET"]}}],"collection":[{"href":"https:\/\/sites.usp.br\/psag\/pb\/wp-json\/wp\/v2\/pages"}],"about":[{"href":"https:\/\/sites.usp.br\/psag\/pb\/wp-json\/wp\/v2\/types\/page"}],"author":[{"embeddable":true,"href":"https:\/\/sites.usp.br\/psag\/pb\/wp-json\/wp\/v2\/users\/191"}],"replies":[{"embeddable":true,"href":"https:\/\/sites.usp.br\/psag\/pb\/wp-json\/wp\/v2\/comments?post=390"}],"version-history":[{"count":5,"href":"https:\/\/sites.usp.br\/psag\/pb\/wp-json\/wp\/v2\/pages\/390\/revisions"}],"predecessor-version":[{"id":1495,"href":"https:\/\/sites.usp.br\/psag\/pb\/wp-json\/wp\/v2\/pages\/390\/revisions\/1495"}],"wp:attachment":[{"href":"https:\/\/sites.usp.br\/psag\/pb\/wp-json\/wp\/v2\/media?parent=390"}],"curies":[{"name":"wp","href":"https:\/\/api.w.org\/{rel}","templated":true}]}}