{"id":392,"date":"2016-06-27T11:46:02","date_gmt":"2016-06-27T14:46:02","guid":{"rendered":"http:\/\/sites.usp.br\/psag\/?page_id=392"},"modified":"2024-12-26T16:20:51","modified_gmt":"2024-12-26T19:20:51","slug":"events","status":"publish","type":"page","link":"https:\/\/sites.usp.br\/psag\/pb\/events\/","title":{"rendered":"Eventos"},"content":{"rendered":"<p><\/p>\n<h3><strong>Pr\u00f3ximos eventos\u00a0PSAG:<\/strong><\/h3>\n<p><strong>2024<\/strong><\/p>\n<p><strong><span class=\"dig-Theme dig-Theme--bright dig-Mode--bright In-Theme-Provider\">&#8211; Comemora\u00e7\u00e3o dos 10 anos do PSAG\u00a0 d<\/span><span class=\"dig-Theme dig-Theme--bright dig-Mode--bright In-Theme-Provider\">e Junho a Novembro 2024:<\/span><\/strong><\/p>\n<ul>\n<li><strong>26 Jun<\/strong> &#8211; Impacto social e pesquisas acad\u00eamicas &#8211; &lt;<a href=\"https:\/\/www.youtube.com\/live\/4eFBq6DeetM?si=UGyMG_xZjiHS9hKc\" target=\"_blank\" rel=\"noopener\">V\u00eddeo<\/a>&gt;<\/li>\n<li><strong>31 Jul<\/strong> &#8211; Ado\u00e7\u00e3o de IPSAS e novas pr\u00e1ticas cont\u00e1beis &#8211; &lt;<a href=\"https:\/\/www.youtube.com\/live\/IkwERHHO9E8?si=fTScNWGKbSKDMXd2\" target=\"_blank\" >V\u00eddeo<\/a>&gt;<\/li>\n<li><strong>28 Ago<\/strong> &#8211; Organiza\u00e7\u00f5es de auditoria p\u00fablica &#8211; &lt;<a href=\"https:\/\/youtube.com\/live\/u0Lx1ej1ShA\" target=\"_blank\" >V\u00eddeo<\/a>&gt;<\/li>\n<li><strong>25 Set<\/strong> &#8211; Or\u00e7amento, regras fiscais e transpar\u00eancia &#8211; &lt;<a href=\"https:\/\/youtube.com\/live\/JHj9j3NRpNw\" target=\"_blank\" >V\u00eddeo<\/a>&gt;<\/li>\n<li><strong>24 Out<\/strong> &#8211; Digitaliza\u00e7\u00e3o em contabilidade e auditoria &#8211; &lt;<a href=\"https:\/\/www.youtube.com\/live\/H2j1FL9nKuM?si=0UNPer8_2mjtpGDC\" target=\"_blank\" >V\u00eddeo<\/a>&gt;<\/li>\n<li><strong>12 Dez<\/strong> &#8211; Proposta de agenda de pesquisa para impacto &#8211; &lt;<a href=\"https:\/\/www.youtube.com\/watch?v=ogdtxxGFej0\" target=\"_blank\" >V\u00eddeo<\/a>&gt;<\/li>\n<\/ul>\n<p><strong>&#8211; <span class=\"kma42e\"><span id=\"rAECCd\" role=\"heading\" aria-level=\"1\">PSAG connect: Conectando Academia e Pr\u00e1tica no Setor P\u00fablico<\/span><\/span><\/strong><\/p>\n<ul>\n<li><strong>04 Set<\/strong> &#8211; Auditoria no Setor P\u00fablico -Desafios e Perspectivas &#8211; &lt;<a href=\"https:\/\/youtube.com\/live\/gEG8eoqGYe4\" target=\"_blank\" >V\u00eddeo<\/a>&gt;<\/li>\n<\/ul>\n<h3><strong>Eventos\u00a0PSAG anteriores:<\/strong><\/h3>\n<p><strong>2022<\/strong><\/p>\n<p>&#8211; Comunidades conectadas: Aprendizagens sobre o enfrentamento da Pandemia do Covid 19 &#8211; &lt;<a href=\"https:\/\/www.youtube.com\/watch?v=JaDm5TS96zA&amp;t=18s\" target=\"_blank\" rel=\"noopener\">V\u00eddeo<\/a>&gt;<\/p>\n<p>&#8211; Research Insight Series with Prof. Ileana Steccolini: What counts as good qualitative research? Researchers&#8217; perspectives on assessing and proving research quality &#8211; &lt;<a href=\"https:\/\/www.youtube.com\/live\/NkrUfAnvHLQ?si=puc46tbP5pfwXklN\" target=\"_blank\" rel=\"noopener\">V\u00eddeo<\/a>&gt;<\/p>\n<p><strong>2021<\/strong><\/p>\n<p>&#8211; &#8216;Meu Mestrado meu Doutorado&#8217;, 7 e 8 de Julho de 2021, realizado totalmente online -&gt; <a href=\"https:\/\/www.even3.com.br\/mmd2021\/\">Mais sobre<\/a><\/p>\n<p>&#8211; Digitality and Management: Presence, Time and Space in Organizations. Chair professor: Fran\u00e7ois-Xavier de Vaujany. Host professor: Andr\u00e9 Carlos Busanelli de Aquino. April to September 2021. &#8211;&gt; <a href=\"https:\/\/www.eventbrite.com.br\/e\/chaire-franco-bresilienne-des-universites-de-l-etat-de-sao-paulo-registration-144401369383\">Mais Sobre<\/a><\/p>\n<p><strong>2020<\/strong><\/p>\n<p>&#8211; &#8216;Meu Mestrado meu Doutorado&#8217;, 3 e 4 Junho de 2020, realizado totalmente online &gt; <a href=\"https:\/\/www.even3.com.br\/mmd2020\/\">Mais sobre<\/a><\/p>\n<p>\u2013 Research Arena in Public Sector Accounting, 12 Maio 2020, online,\u00a0 \u201cHumans and Technology: Forms of conjoined agency in organizations\u201d, por Alex Murray, Lundquist College of Business, University of Oregon, USA<\/p>\n<p>\u2013 Research Arena in Public Sector Accounting, 7 Abril 2020, online,\u00a0 \u201cAgency and Institutions in Organization Studies\u201d, por Samer Abdelnour, University College London, UK &gt; <a href=\"https:\/\/www.facebook.com\/psagibrazil\/posts\/2515265822061354\">Mais sobre<\/a><\/p>\n<p><strong>2019<\/strong><\/p>\n<p>&#8211; 3o Workshop para Jovens Pesquisadores em Contabilidade P\u00fablica, 7 a 8 Outubro 2019, Belem\/PA, Brasil, informa\u00e7\u00f5es em: <a href=\"https:\/\/www.even3.com.br\/yr2019\/\">https:\/\/www.even3.com.br\/yr2019<\/a><\/p>\n<p>&#8211; Workshop hands-on \u00a0&#8216;Reviewing as an academic craft&#8217;, 11 Setembro 2019, 14h, sala 7B1, Ribeir\u00e3o Preto, Brasil, por Diego Coraiola, University of Alberta, Canada.<\/p>\n<p>&#8211; Workshop hands-on &#8216;Writing papers for international audiences&#8217;, 4 Setembro 2019, 14h, sala 30A, Ribeir\u00e3o Preto, Brasil, por Diego Coraiola, University of Alberta, Canada.<\/p>\n<p>&#8211; Research Arena in Public Sector Accounting, 6 Setembro 2019, sala 30A, 16h, Ribeir\u00e3o Preto, Brasil, em \u201cThe Enduring Liminality of Contested Industries: The Case of Big Tobacco in the U.s\u201d, com Diego Coraiola, University of Alberta, Canada.<\/p>\n<p>&#8211; Chamada especial sess\u00e3o tem\u00e1tica ENANPAD 2019 em &#8220;Resili\u00eancia Financeira em Governos&#8221;, prazo de submiss\u00e3o 20 de Maio<\/p>\n<p>&#8211; &#8216;Meu Mestrado meu Doutorado&#8217;, 4 e 5 Junho de 2019, realizado totalmente online.<\/p>\n<p><strong>2018<\/strong><\/p>\n<p>&#8211; Research Arena in Public Sector Accounting, 5 Novembro 2018,\u00a0sala 30A, Ribeir\u00e3o Preto, Brasil, em \u201cSensemaking &amp; Emotions\u201d, com Sally Maitlis, University of Oxford, UK.<\/p>\n<p>&#8211; QRCA workshop, <a href=\"https:\/\/www.even3.com.br\/qrca\">https:\/\/www.even3.com.br\/qrca<\/a>, Qualitative Research and Critical Accounting: A South American Workshop, 29 Outubro a 1 Novembro de 2018, no Instituto de Estudos Avan\u00e7ados, S\u00e3o Paulo Brasil.<\/p>\n<p>&#8211; &#8216;Meu Mestrado meu Doutorado&#8217;, Junho de 2018, realizado totalmente online.<\/p>\n<p>&#8211; Research Arena in Public Sector Accounting, 7 Maio 2018, sala 22B1, Ribeir\u00e3o Preto, Brasil, em \u201cMnemonic Entrepreneurship\u201d com Diego Coraiola, University of Alberta, Canada.<\/p>\n<p>&#8211; Young researcher workshop series: 13 Junho 2018, FGV\/EBAPE, Rio de Janeiro, &#8220;III Public Sector Accounting &amp; Data Analytics Colloquium&#8221;.<\/p>\n<p><strong>2017<\/strong><\/p>\n<p>\u2013 Research Arena in Accounting \u2013 Contabilidade Aplicada ao Setor P\u00fablico, 16 Novembro 2017, 14h, sala 20B, Ribeir\u00e3o Preto, Brasil. Com Profa. Lidiane Dias apresenta seu projeto &#8216;Contagem regressiva: renegocia\u00e7\u00e3o de prazos em transpar\u00eancia de governos locais&#8217;.<\/p>\n<p>&#8211; Young researcher workshop series: 9 Novembro 2017, FGV\/EBAPE, Rio de Janeiro, &#8220;Overseas influences on the development and recent innovations on public sector accounting and finance in Latin America&#8221;.<\/p>\n<p>&#8211; &#8216;Meu Mestrado meu Doutorado&#8217;, 17 Maio 2017.<\/p>\n<p>&#8211; Segundo Workshop para\u00a0Jovens Pesquisadores em Contabilidade P\u00fablica, 17 a 19 de Maio 2017, Ribeir\u00e3o Preto, Brasil &gt;\u00a0<a href=\"http:\/\/sites.usp.br\/psag\/wjp2017\/\">Mais sobre<\/a><\/p>\n<p><strong>2016<\/strong><\/p>\n<p>&#8211; Workshop Experi\u00eancias em Converg\u00eancia Cont\u00e1bil no Setor P\u00fablico, 8 de Dezembro 2016, Ribeir\u00e3o Preto, Brasil &gt; com Eugenio Caperchione (Universit\u00e0 degli Studi di Modena e Reggio Emilia, Presidente CIGAR Network, www.cigar-network.net)\u00a0<a href=\"http:\/\/sites.usp.br\/psag\/?p=556\">Mais sobre<\/a><\/p>\n<p>&#8211; Research Arena in Accounting &#8211; Contabilidade\u00a0Aplicada ao Setor P\u00fablico, 10 de Novembro 2016,\u00a0Ribeir\u00e3o Preto, Brasil &gt;\u00a0<a href=\"http:\/\/sites.usp.br\/psag\/english-research-arena-accounting-public-sector\/\">Mais sobre<\/a><\/p>\n<p>&#8211; Primeiro Workshop para Jovens Pesquisadores em Contabilidade P\u00fablica: agenda futura na Am\u00e9rica Latina, 18 e 29 de\u00a0<span style=\"line-height: 1.5;\">Novembro<\/span>,\u00a0Ribeirao Preto, Brasil, <a href=\"http:\/\/sites.usp.br\/psag\/wp-content\/uploads\/sites\/108\/2016\/06\/Workshop-PSAGiB-e-ARENA_programme_28nov.pdf\">&gt;&gt; Program here<\/a><\/p>","protected":false},"excerpt":{"rendered":"<p>Pr\u00f3ximos eventos\u00a0PSAG: 2024 &#8211; Comemora\u00e7\u00e3o dos 10 anos do PSAG\u00a0 de Junho a Novembro 2024: 26 Jun &#8211; Impacto social e pesquisas acad\u00eamicas &#8211; &lt;V\u00eddeo&gt; 31 Jul &#8211; Ado\u00e7\u00e3o de IPSAS e novas pr\u00e1ticas cont\u00e1beis &#8211; &lt;V\u00eddeo&gt; 28 Ago &#8211; Organiza\u00e7\u00f5es de auditoria p\u00fablica &#8211; &lt;V\u00eddeo&gt; 25 Set &#8211; Or\u00e7amento, regras fiscais e transpar\u00eancia &#8211;<a href=\"https:\/\/sites.usp.br\/psag\/pb\/events\/\">[&#8230;]<\/a><\/p>\n","protected":false},"author":191,"featured_media":0,"parent":0,"menu_order":0,"comment_status":"closed","ping_status":"closed","template":"","meta":{"_monsterinsights_skip_tracking":false,"_monsterinsights_sitenote_active":false,"_monsterinsights_sitenote_note":"","_monsterinsights_sitenote_category":0,"footnotes":"","_links_to":"","_links_to_target":""},"class_list":["post-392","page","type-page","status-publish","hentry"],"_links":{"self":[{"href":"https:\/\/sites.usp.br\/psag\/pb\/wp-json\/wp\/v2\/pages\/392","targetHints":{"allow":["GET"]}}],"collection":[{"href":"https:\/\/sites.usp.br\/psag\/pb\/wp-json\/wp\/v2\/pages"}],"about":[{"href":"https:\/\/sites.usp.br\/psag\/pb\/wp-json\/wp\/v2\/types\/page"}],"author":[{"embeddable":true,"href":"https:\/\/sites.usp.br\/psag\/pb\/wp-json\/wp\/v2\/users\/191"}],"replies":[{"embeddable":true,"href":"https:\/\/sites.usp.br\/psag\/pb\/wp-json\/wp\/v2\/comments?post=392"}],"version-history":[{"count":4,"href":"https:\/\/sites.usp.br\/psag\/pb\/wp-json\/wp\/v2\/pages\/392\/revisions"}],"predecessor-version":[{"id":1692,"href":"https:\/\/sites.usp.br\/psag\/pb\/wp-json\/wp\/v2\/pages\/392\/revisions\/1692"}],"wp:attachment":[{"href":"https:\/\/sites.usp.br\/psag\/pb\/wp-json\/wp\/v2\/media?parent=392"}],"curies":[{"name":"wp","href":"https:\/\/api.w.org\/{rel}","templated":true}]}}