{"id":403,"date":"2016-06-27T12:09:13","date_gmt":"2016-06-27T15:09:13","guid":{"rendered":"http:\/\/sites.usp.br\/psag\/?page_id=403"},"modified":"2017-05-20T11:59:33","modified_gmt":"2017-05-20T14:59:33","slug":"wjp2017","status":"publish","type":"page","link":"https:\/\/sites.usp.br\/psag\/pb\/wjp2017\/","title":{"rendered":"Segundo Workshop para Jovens Pesquisadores em Contabilidade P\u00fablica"},"content":{"rendered":"<p><strong>17 a 19 de Maio de 2017<\/strong><\/p>\n<p>Ribeir\u00e3o Preto, Bel\u00e9m e Jo\u00e3o Pessoa\u00a0<a href=\"http:\/\/sites.usp.br\/psag\/hubs-2o-workshop-para-jovens-pesquisadores-em-contabilidade-publica\/\">(endere\u00e7os e contatos de cada local)<\/a><\/p>\n<p><em>Organizado pelo Grupo de Pesquisa PSAGiB &#8211; Public Sector Accounting &amp; Governance in Brazil<\/em><br \/>\n<em> Programa de Doutorado em Controladoria e Contabilidade<\/em> <em> Universidade de S\u00e3o Paulo, Ribeir\u00e3o Preto, Brasil<\/em><\/p>\n<p><em>Coordenadores:<\/em><\/p>\n<p style=\"padding-left: 30px\"><em>Prof. Andr\u00e9 Carlos Busanelli de Aquino<\/em><br \/>\n<em> FEARP, Universidade de S\u00e3o Paulo, Ribeir\u00e3o Preto, Brasil<\/em><\/p>\n<p style=\"padding-left: 30px\"><em>Prof. Ricardo Lopes Cardoso<\/em><br \/>\n<em> EBAPE, Funda\u00e7\u00e3o Get\u00falio Vargas, Rio de Janeiro, Brasil<\/em><\/p>\n<p><em>Colaboradores:<\/em><\/p>\n<p style=\"padding-left: 30px\"><em>Profa. Lidiane Dias<\/em><br \/>\n<em> Faculdade de Ci\u00eancias Cont\u00e1beis da Universidade Federal do Par\u00e1<\/em><\/p>\n<p style=\"padding-left: 30px\"><em>Profa. Rossana Guerra e\u00a0<\/em><em>Prof. Josedilton Diniz<\/em><br \/>\n<em> Departamento de Finan\u00e7as e Contabilidade, Universidade Federal da Para\u00edba<\/em><\/p>\n<p><span style=\"color: #ffffff\">.<\/span><\/p>\n<p><span style=\"color: #ff6600\"><strong><em><a style=\"color: #ff6600\" href=\"https:\/\/docs.google.com\/forms\/d\/e\/1FAIpQLSeloIldkIFa1BT1w_g4Jhno4qLLNvxHqNsjE_NPYjbP20x5Bg\/viewform\" target=\"_blank\">Link para inscri\u00e7\u00e3o<\/a> no workshop (participa\u00e7\u00e3o presencial nas salas).<\/em><\/strong><\/span><\/p>\n<p><span style=\"color: #0000ff\"><strong><em>O evento foi\u00a0transmitido no canal Youtube do PSAGiB, em breve ser\u00e3o disponibilizadas as grava\u00e7\u00f5es nesta p\u00e1gina.<\/em><\/strong><\/span> <span style=\"color: #ffffff\">.<\/span><\/p>\n<p><strong><em>Breve hist\u00f3rico. <\/em><\/strong>O Workshop foi realizado pela primeira vez em 2013, com objetivo de discutir a interdisciplinaridade para pesquisas em contabilidade p\u00fablica no Brasil. Nosso prop\u00f3sito desde ent\u00e3o tem sido fortalecer a rede de pesquisa e expandir nosso entendimento da contabilidade nas organiza\u00e7\u00f5es do setor p\u00fablico, sob diversos paradigmas e abordagens. Assim o workshop \u00e9 pensado para dar espa\u00e7o \u00e0 debates de programas e projetos de pesquisa (e n\u00e3o artigos finalizados). Com isso esperamos melhorar as quest\u00f5es de pesquisa que usualmente s\u00e3o trabalhadas, com uma abordagem mais interdisciplinar. \u00c9 uma oportunidade para aqueles que j\u00e1 atuam na \u00e1rea debaterem os rumos de sua pesquisa.<\/p>\n<p><strong><em>Edi\u00e7\u00e3o 2017. <\/em><\/strong>Nesta segunda edi\u00e7\u00e3o teremos tr\u00eas novidades. Primeiro, faremos intera\u00e7\u00e3o online com salas \u00e0 dist\u00e2ncia, para expandir a possibilidade de participa\u00e7\u00e3o. Segundo, lan\u00e7amos a chamada <span style=\"color: #0000ff\"><strong><a style=\"color: #0000ff\" href=\"http:\/\/sites.usp.br\/psag\/?p=472\">&#8220;Meu Mestrado e Doutorado em Contabilidade P\u00fablica&#8221;<\/a><\/strong>\u00a0<\/span>para que interessados em cursar mestrado e doutorado no tema apresentem suas propostas. Terceiro, os docentes que comp\u00f5em a rede ou desejam interagir com ela ter\u00e3o um espa\u00e7o espec\u00edfico para apresentarem seus programas de pesquisa no <strong><span style=\"color: #0000ff\">\u201c<a style=\"color: #0000ff\" href=\"http:\/\/sites.usp.br\/psag\/conhecendo-rede\/\">Conhecendo a rede<\/a>\u201d<\/span><\/strong>.<\/p>\n<p><span style=\"color: #ffffff\">.<\/span><\/p>\n<p><strong>Programa preliminar<\/strong><\/p>\n<p><strong>17 de Maio<\/strong><br \/>\n09:30 &#8211; 17:00 Apresenta\u00e7\u00e3o de projetos de candidatos de mestrado e doutorado. <a href=\"http:\/\/sites.usp.br\/psag\/mmd2017\/\">Veja lista de\u00a0<\/a><br \/>\n<a href=\"http:\/\/sites.usp.br\/psag\/mmd2017\/\"> hor\u00e1rios das apresenta\u00e7\u00f5es.<\/a><br \/>\n19:00 Happy-hour e jantar (por conta do participante)<\/p>\n<p><strong>18 de Maio<\/strong><br \/>\n9:00 Abertura do &#8220;Conhecendo a rede&#8221;<br \/>\n9:30 &#8220;Conhecendo a rede&#8221; (docentes da rede apresentam seus programas de pesquisa)<br \/>\n12:30 Almo\u00e7o<br \/>\n14:00 In\u00edcio do Workshop<br \/>\n14:00 Se\u00e7\u00e3o plen\u00e1ria &#8220;Abrindo a caixa, em busca da interdisciplinaridade&#8221;, com <a href=\"http:\/\/ri.fgv.br\/equipe\/umberto-mignozzetti\">Prof. Umberto Mignozzetti<\/a> (FGV\/New York University), <a href=\"http:\/\/buscatextual.cnpq.br\/buscatextual\/visualizacv.do?id=K4717534Y8\">Jos\u00e9 Ver\u00edssimo Rom\u00e3o Netto<\/a> (N\u00facleo de Pesquisa de Pol\u00edticas P\u00fablica da USP\/University of Birmingham), <a href=\"http:\/\/lattes.cnpq.br\/3539564256173485\">Prof. Ricardo Corr\u00eaa Gomes<\/a> (UNB\/ESAF\/Georgia State University), <a href=\"http:\/\/lattes.cnpq.br\/4597590956322930\">Prof. S\u00e9rgio Sakurai<\/a> (USP\/University of Cambridge).\u00a0<span style=\"color: #ff9900\"><a style=\"color: #ff9900\" href=\"http:\/\/sites.usp.br\/psag\/abrindo-caixa-em-busca-da-interdisciplinaridade\/\">Conte\u00fado<\/a><\/span>.<br \/>\n15:30 Intervalo<br \/>\n16:00 Se\u00e7\u00e3o plen\u00e1ria &#8220;Como pensar criticamente: a natureza da pesquisa critica&#8221; com Prof. <a href=\"http:\/\/www4.fsa.ulaval.ca\/enseignants\/yves-gendron\/\">Yves Gendron<\/a> (Universit\u00e9 Laval, <a href=\"http:\/\/sites.usp.br\/psag\/wp-content\/uploads\/sites\/108\/2016\/06\/Yves-Gendron_CVANGLAIS.pdf\">CV<\/a>)\u00a0<span style=\"color: #ff9900\"><a style=\"color: #ff9900\" href=\"http:\/\/sites.usp.br\/psag\/como-pensar-criticamente-natureza-da-pesquisa-critica\/\">Conte\u00fado<\/a><\/span>.<br \/>\n17:30 Wrap-up e discuss\u00e3o geral<br \/>\n18:30 Encerramento dos trabalhos<br \/>\n19:00 Happy-hour e jantar (em Ribeir\u00e3o Preto, por conta do participante)<\/p>\n<p><strong>19 de Maio<\/strong><br \/>\n9:30 Abertura<br \/>\n10:00 Se\u00e7\u00e3o plen\u00e1ria &#8220;Resili\u00eancia financeira e informa\u00e7\u00e3o cont\u00e1bil&#8221;, debate com membros da rede.\u00a0<a style=\"color: #ff9900\" href=\"http:\/\/sites.usp.br\/psag\/resiliencia-financeira-e-informacao-contabil\/\">Conte\u00fado<\/a><br \/>\n11:30 Discuss\u00e3o geral<br \/>\n12:30 Almo\u00e7o<br \/>\n14:00 Se\u00e7\u00e3o plen\u00e1ria &#8220;Cidades Inteligentes, contabilidade, transpar\u00eancia e co-produ\u00e7\u00e3o&#8221;, com Profa. Ana Carla Bliacheriene, Prof. Arlindo Carvalho Rocha.\u00a0<span style=\"color: #ff9900\"><a style=\"color: #ff9900\" href=\"http:\/\/sites.usp.br\/psag\/cidades-inteligentes-contabilidade-transparencia-e-coproducao\/\">Conte\u00fado e\u00a0Videos<\/a><\/span>.<br \/>\n15:30 Discuss\u00e3o em grupos<br \/>\n16:30 Sugest\u00f5es de agenda da rede e fechamento<br \/>\n17:00 T\u00e9rmino previsto<\/p>\n<p>A sala principal de debates ser\u00e1 em Ribeir\u00e3o Preto, que sedia os 3 dias do Workshop. O evento ser\u00e1 transmitido para as cidades de Bel\u00e9m e Jo\u00e3o Pessoa <a href=\"http:\/\/sites.usp.br\/psag\/hubs-2o-workshop-para-jovens-pesquisadores-em-contabilidade-publica\/\">(endere\u00e7os e contatos aqui)<\/a>, com intera\u00e7\u00e3o em todos os dias.<\/p>\n<p>A participa\u00e7\u00e3o \u00e9 livre de taxas. O participante pode fazer suas refei\u00e7\u00f5es e lanches no local em que acontece o evento ou nas salas que recebem a transmiss\u00e3o. Na noite do dia 18 de devemos ir em grupo (para os que estiverem em Ribeir\u00e3o Preto) \u00e0 um local sugerido, em que cada participante arca com suas despesas.<\/p>\n<p>Participantes <strong>devem se inscrever at\u00e9 5\u00a0de Maio\u00a0<\/strong>para assegurar lugar no workshop nos locais que haver\u00e1 a intera\u00e7\u00e3o, para prepara\u00e7\u00e3o de estrutura para os debates. Ap\u00f3s esta data a inscri\u00e7\u00e3o estar\u00e1 sujeita \u00e0 disponibilidade nas salas.<\/p>\n<p><span style=\"color: #ffffff\">.<\/span><\/p>\n<p><span style=\"color: #ff6600\"><strong><em><a style=\"color: #ff6600\" href=\"https:\/\/docs.google.com\/forms\/d\/e\/1FAIpQLSeloIldkIFa1BT1w_g4Jhno4qLLNvxHqNsjE_NPYjbP20x5Bg\/viewform\" target=\"_blank\">Link para inscri\u00e7\u00e3o<\/a> no workshop <strong><em>(participa\u00e7\u00e3o presencial nas salas).<\/em><\/strong><\/em><\/strong><\/span><\/p>\n<p><span style=\"color: #0000ff\"><a style=\"color: #0000ff\" href=\"http:\/\/sites.usp.br\/psag\/wp-content\/uploads\/sites\/108\/2016\/06\/Facilidades-Workshop-2017.pdf\">Como <strong>chegar<\/strong>, onde se <strong>hospedar<\/strong> e <strong>praticidades<\/strong><\/a><\/span><\/p>\n<p>Maiores informa\u00e7\u00f5es em: psagib@usp.br<\/p>","protected":false},"excerpt":{"rendered":"<p>17 a 19 de Maio de 2017 Ribeir\u00e3o Preto, Bel\u00e9m e Jo\u00e3o Pessoa\u00a0(endere\u00e7os e contatos de cada local) Organizado pelo Grupo de Pesquisa PSAGiB &#8211; Public Sector Accounting &amp; Governance in Brazil Programa de Doutorado em Controladoria e Contabilidade Universidade de S\u00e3o Paulo, Ribeir\u00e3o Preto, Brasil Coordenadores: Prof. Andr\u00e9 Carlos Busanelli de Aquino FEARP, Universidade<a href=\"https:\/\/sites.usp.br\/psag\/pb\/wjp2017\/\">[&#8230;]<\/a><\/p>\n","protected":false},"author":191,"featured_media":0,"parent":0,"menu_order":0,"comment_status":"closed","ping_status":"closed","template":"","meta":{"_monsterinsights_skip_tracking":false,"_monsterinsights_sitenote_active":false,"_monsterinsights_sitenote_note":"","_monsterinsights_sitenote_category":0,"footnotes":"","_links_to":"","_links_to_target":""},"class_list":["post-403","page","type-page","status-publish","hentry"],"_links":{"self":[{"href":"https:\/\/sites.usp.br\/psag\/pb\/wp-json\/wp\/v2\/pages\/403","targetHints":{"allow":["GET"]}}],"collection":[{"href":"https:\/\/sites.usp.br\/psag\/pb\/wp-json\/wp\/v2\/pages"}],"about":[{"href":"https:\/\/sites.usp.br\/psag\/pb\/wp-json\/wp\/v2\/types\/page"}],"author":[{"embeddable":true,"href":"https:\/\/sites.usp.br\/psag\/pb\/wp-json\/wp\/v2\/users\/191"}],"replies":[{"embeddable":true,"href":"https:\/\/sites.usp.br\/psag\/pb\/wp-json\/wp\/v2\/comments?post=403"}],"version-history":[{"count":4,"href":"https:\/\/sites.usp.br\/psag\/pb\/wp-json\/wp\/v2\/pages\/403\/revisions"}],"predecessor-version":[{"id":874,"href":"https:\/\/sites.usp.br\/psag\/pb\/wp-json\/wp\/v2\/pages\/403\/revisions\/874"}],"wp:attachment":[{"href":"https:\/\/sites.usp.br\/psag\/pb\/wp-json\/wp\/v2\/media?parent=403"}],"curies":[{"name":"wp","href":"https:\/\/api.w.org\/{rel}","templated":true}]}}