{"id":472,"date":"2016-08-21T15:38:10","date_gmt":"2016-08-21T18:38:10","guid":{"rendered":"http:\/\/sites.usp.br\/psag\/?page_id=472"},"modified":"2017-04-08T20:42:19","modified_gmt":"2017-04-08T23:42:19","slug":"mmd2017","status":"publish","type":"page","link":"https:\/\/sites.usp.br\/psag\/pb\/mmd2017\/","title":{"rendered":"Chamada \u201cMeu Mestrado e Doutorado em Contabilidade P\u00fablica\u201d"},"content":{"rendered":"<p><span style=\"color: #ffffff\">.<\/span><\/p>\n<p><strong><em>NOVO:<\/em><\/strong> Veja <span style=\"color: #ff6600\"><a style=\"color: #ff6600\" href=\"http:\/\/sites.usp.br\/psag\/wp-content\/uploads\/sites\/108\/2016\/08\/Projetos-selecionados-Meu-mestrado-Meu-Doutorado.xlsx\">Projetos selecionados Meu Mestrado Meu Doutorado<\/a><\/span> e hor\u00e1rios e apresenta\u00e7\u00e3o.<\/p>\n<p><span style=\"color: #ffffff\">.<\/span><\/p>\n<p>Futuros mestrandos e doutorandos e atuais orientadores em Contabilidade P\u00fablica!<\/p>\n<p>Visando o crescimento da rede de pesquisadores em Contabilidade P\u00fablica, um grupo de orientadores de diversos programas de p\u00f3s-gradua\u00e7\u00e3o, est\u00e1 tomando a inciativa de congregar demais interessados (orientadores e alunos) na chamada para uma rodada de discuss\u00f5es de propostas de futuros candidatos de mestrado e doutorado.<\/p>\n<p>A iniciativa pretende periodicamente realizar uma rodada de discuss\u00f5es para que futuros candidatos de mestrado e doutorado em Contabilidade P\u00fablica possam expor suas ideias e receber\u00a0contribui\u00e7\u00f5es de teoria, m\u00e9todo e sugest\u00f5es de contatos no exterior. N\u00e3o se trata de um \u201ccons\u00f3rcio doutoral\u201d, \u00e9 para voc\u00ea que ainda n\u00e3o est\u00e1 no doutorado (e j\u00e1 cursa o mestrado) e para voc\u00ea que pensa seriamente em fazer o mestrado!<\/p>\n<p>A iniciativa vem da observa\u00e7\u00e3o que candidatos ao mestrado e ao doutorado t\u00eam dificuldade de identificar problemas de pesquisa em Contabilidade P\u00fablica que atraiam a aten\u00e7\u00e3o de futuros orientadores. Ao mesmo tempo que candidatos que fazem mestrado em outras \u00e1reas de conhecimento, e que n\u00e3o t\u00eam contato com orientadores em Contabilidade P\u00fablica, t\u00eam dificuldade de encontrar um programa ou grupo de pesquisa para desenvolver a tem\u00e1tica.<\/p>\n<p>Esta primeira rodada \u00e9 uma experi\u00eancia embrion\u00e1ria. Pretendemos ampliar a cada edi\u00e7\u00e3o o envolvimento de toda comunidade que pesquisa na tem\u00e1tica.<\/p>\n<p><strong>Datas:<strong><br \/>\n<\/strong><\/strong>&#8211; Submiss\u00f5es: de\u00a020\/01\/17 a <strong><span style=\"color: #ff0000\">30\/03\/17 (novo prazo)<\/span><\/strong><br \/>\n&#8211; Divulga\u00e7\u00e3o do resultado: at\u00e9 05\/04\/17<br \/>\n&#8211; Confirma\u00e7\u00e3o das inscri\u00e7\u00f5es: at\u00e9 15\/04\/17 (necess\u00e1rio para garantir espa\u00e7o\u00a0na agenda de debate)<br \/>\n&#8211; Debate do projeto: 17\/05\/17<\/p>\n<p><strong>Como funciona:<\/strong><br \/>\n\u2013 O foco da chamada \u00e9 em Controladoria e Contabilidade aplicadas ao setor p\u00fablico. Entendemos que esta \u00e9 uma \u00e1rea interdisciplinar, que envolve as recentes mudan\u00e7as das normas de contabilidade, mas tamb\u00e9m a gera\u00e7\u00e3o e uso de relat\u00f3rios financeiros, auditoria (interna e externa), avalia\u00e7\u00e3o de desempenho, planejamento, or\u00e7amento, transpar\u00eancia, finan\u00e7as p\u00fablicas e todas demais tem\u00e1ticas associadas \u00e0 contabilidade ou controladoria em governos ou suas ag\u00eancias, como a atua\u00e7\u00e3o de organiza\u00e7\u00f5es do Legislativo, Judici\u00e1rio, Tribunais de Contas ou Minist\u00e9rio P\u00fablico. Pesquisas com o terceiro setor tamb\u00e9m s\u00e3o bem vindas, assim como estudos de novas solu\u00e7\u00f5es de tecnologia de informa\u00e7\u00e3o aplicadas \u00e0 gest\u00e3o de desempenho ou aumento de accountability. S\u00e3o bem-vindas todas perspectivas te\u00f3ricas e metodol\u00f3gicas.<br \/>\n\u2013 Deve ficar claro: a participa\u00e7\u00e3o, e mesmo a indica\u00e7\u00e3o de seu projeto para discuss\u00e3o, n\u00e3o garante vaga em programa de mestrado ou de doutorado de qualquer Institui\u00e7\u00e3o de Ensino. Voc\u00ea vai conhecer orientadores em Contabilidade P\u00fablica, mas cada programa que eles estejam associados, tem seu pr\u00f3prio processo seletivo, ao qual voc\u00ea dever\u00e1 se submeter posteriormente e ser aprovado para efetivamente fazer parte de um programa de mestrado ou doutorado.<br \/>\n\u2013 O rec\u00e9m graduado, que procura um mestrado, ou rec\u00e9m mestre, ou em vias de defender o mestrado, e que procura um programa de doutorado que possa desenvolver a tem\u00e1tica de contabilidade p\u00fablica, submete sua proposta de projeto para a chamada (m\u00e1ximo 3 p\u00e1ginas, detalhes a seguir).<br \/>\n\u2013 A comiss\u00e3o escolhe at\u00e9 10 projetos que ser\u00e3o convidados a vir a Ribeir\u00e3o Preto\/S\u00e3o Paulo, ou presencialmente em uma das <span style=\"color: #0000ff\"><a style=\"color: #0000ff\" href=\"http:\/\/sites.usp.br\/psag\/hubs-2o-workshop-para-jovens-pesquisadores-em-contabilidade-publica\/\">salas que receber\u00e3o o sinal<\/a><\/span>, no dia 17\/05\/2017, para receber contribui\u00e7\u00f5es ao seu projeto.<br \/>\n\u2013 As contribui\u00e7\u00e3o envolver\u00e3o metodologia, poss\u00edveis linhas te\u00f3ricas, potencial interdisciplinaridade, sugest\u00e3o de centros no exterior que atuam na mesma linha. A comiss\u00e3o far\u00e1 o seu melhor para oferecer as melhores informa\u00e7\u00f5es;<br \/>\n\u2013 O custo de traslado e hospedagem \u00e9 por conta dos participantes. Propostas de autores baseados em <span style=\"color: #0000ff\"><a style=\"color: #0000ff\" href=\"http:\/\/sites.usp.br\/psag\/hubs-2o-workshop-para-jovens-pesquisadores-em-contabilidade-publica\/\">cidades distantes de uma das salas<\/a><\/span> (&gt;500km) podem solicitar participa\u00e7\u00e3o por Skype caso sua proposta seja indicada. Neste caso dever\u00e3o providenciar conex\u00e3o de qualidade para chamada com v\u00eddeo e \u00e1udio.<br \/>\n&#8211; Todos que submeterem, que ter\u00e3o suas propostas debatidas ou n\u00e3o, s\u00e3o convidados a participar do Workshop que acontecer\u00e1 nos dias seguintes (mais informa\u00e7\u00f5es <span style=\"color: #0000ff\"><a style=\"color: #0000ff\" href=\"http:\/\/sites.usp.br\/psag\/wjp2017\/\">aqui<\/a><\/span>).<br \/>\n\u2013 N\u00e3o ser\u00e1 dado feedback aos trabalhos n\u00e3o selecionados. Mas todos s\u00e3o bem-vindos a virem ao evento e contatar os orientadores presentes e discutirem sua proposta durantes os intervalos para o caf\u00e9.<br \/>\n\u2013 Trabalhos que n\u00e3o sejam claramente associados \u00e0 tem\u00e1tica de Controladoria e Contabilidade P\u00fablica n\u00e3o receber\u00e3o coment\u00e1rios, apenas o comunicado de que n\u00e3o se enquadravam \u00e0 chamada.<\/p>\n<p><strong>Formato do projeto:<\/strong><br \/>\n\u2013 m\u00e1ximo 3 p\u00e1ginas (n\u00e3o incluindo refer\u00eancias), fonte TNR 12, espa\u00e7o simples entre linhas, justificado.<br \/>\n\u2013 contendo t\u00edtulo, nome do autor, breve resumo (15 linhas), e texto. O texto pode ser dividido em subt\u00edtulos, segundo sua conveni\u00eancia, mas n\u00e3o \u00e9 obrigat\u00f3rio seguir uma estrutura.<br \/>\n\u2013 Independente da estrutura do texto, este deve conter o problema geral da pesquisa, o m\u00e9todo a ser utilizado, e a justificativa (relev\u00e2ncia) do tema segundo sua opini\u00e3o.<\/p>\n<p><strong>Orienta\u00e7\u00e3o para submiss\u00e3o do projeto:<\/strong><br \/>\n&#8211; Preencha este <span style=\"color: #0000ff\"><a style=\"color: #0000ff\" href=\"http:\/\/sites.usp.br\/psag\/wp-content\/uploads\/sites\/108\/2017\/01\/Formulario-de-inscri\u00e7\u00e3o-Meu-Mestrado-e-Doutorado.docx\">formul\u00e1rio de inscri\u00e7\u00e3o<\/a><\/span>.<br \/>\n\u2013 Voc\u00ea precisar\u00e1 de seus dados de contato, e link para seu CV lattes.<br \/>\n\u2013 Voc\u00ea dever\u00e1 aceitar as regras do evento, caso queira submeter. Se n\u00e3o estiver de acordo, sugerimos n\u00e3o participar.<br \/>\n&#8211; O formul\u00e1rio de inscri\u00e7\u00e3o deve ser necessariamente assinado (salva em pdf), sobretudo confirmado (marque o quadrado indicando) o termo de aceita\u00e7\u00e3o das condi\u00e7\u00f5es.<br \/>\n&#8211; Com o formul\u00e1rio de inscri\u00e7\u00e3o (assinado e em pdf) e seu projeto (em pdf) envie-os para o email: psagib@usp.br com o t\u00edtulo \u201cMeu Mestrado e Doutorado em Contabilidade P\u00fablica\u201d.<br \/>\n&#8211; N\u00e3o h\u00e1 como gerenciar a vers\u00e3o enviada, uma vez enviada n\u00e3o \u00e9 poss\u00edvel substitu\u00ed-la.<\/p>\n<p>Se voc\u00ea for participar do workshop nos dias 18 e 19\/5, deve fazer a inscri\u00e7\u00e3o no <span style=\"color: #0000ff\"><a style=\"color: #0000ff\" href=\"http:\/\/sites.usp.br\/psag\/wjp2017\/\">link informado na p\u00e1gina do evento<\/a><\/span>.<\/p>","protected":false},"excerpt":{"rendered":"<p>. NOVO: Veja Projetos selecionados Meu Mestrado Meu Doutorado e hor\u00e1rios e apresenta\u00e7\u00e3o. . Futuros mestrandos e doutorandos e atuais orientadores em Contabilidade P\u00fablica! Visando o crescimento da rede de pesquisadores em Contabilidade P\u00fablica, um grupo de orientadores de diversos programas de p\u00f3s-gradua\u00e7\u00e3o, est\u00e1 tomando a inciativa de congregar demais interessados (orientadores e alunos) na<a href=\"https:\/\/sites.usp.br\/psag\/pb\/mmd2017\/\">[&#8230;]<\/a><\/p>\n","protected":false},"author":191,"featured_media":0,"parent":0,"menu_order":0,"comment_status":"closed","ping_status":"closed","template":"","meta":{"_monsterinsights_skip_tracking":false,"_monsterinsights_sitenote_active":false,"_monsterinsights_sitenote_note":"","_monsterinsights_sitenote_category":0,"footnotes":"","_links_to":"","_links_to_target":""},"class_list":["post-472","page","type-page","status-publish","hentry"],"_links":{"self":[{"href":"https:\/\/sites.usp.br\/psag\/pb\/wp-json\/wp\/v2\/pages\/472","targetHints":{"allow":["GET"]}}],"collection":[{"href":"https:\/\/sites.usp.br\/psag\/pb\/wp-json\/wp\/v2\/pages"}],"about":[{"href":"https:\/\/sites.usp.br\/psag\/pb\/wp-json\/wp\/v2\/types\/page"}],"author":[{"embeddable":true,"href":"https:\/\/sites.usp.br\/psag\/pb\/wp-json\/wp\/v2\/users\/191"}],"replies":[{"embeddable":true,"href":"https:\/\/sites.usp.br\/psag\/pb\/wp-json\/wp\/v2\/comments?post=472"}],"version-history":[{"count":6,"href":"https:\/\/sites.usp.br\/psag\/pb\/wp-json\/wp\/v2\/pages\/472\/revisions"}],"predecessor-version":[{"id":779,"href":"https:\/\/sites.usp.br\/psag\/pb\/wp-json\/wp\/v2\/pages\/472\/revisions\/779"}],"wp:attachment":[{"href":"https:\/\/sites.usp.br\/psag\/pb\/wp-json\/wp\/v2\/media?parent=472"}],"curies":[{"name":"wp","href":"https:\/\/api.w.org\/{rel}","templated":true}]}}