{"id":556,"date":"2016-11-04T20:42:29","date_gmt":"2016-11-04T22:42:29","guid":{"rendered":"http:\/\/sites.usp.br\/psag\/?page_id=556"},"modified":"2017-05-22T09:52:30","modified_gmt":"2017-05-22T12:52:30","slug":"556-2","status":"publish","type":"page","link":"https:\/\/sites.usp.br\/psag\/pb\/556-2\/","title":{"rendered":"Workshop Experi\u00eancias em Converg\u00eancia Cont\u00e1bil no Setor P\u00fablico"},"content":{"rendered":"<p>O workshop Experi\u00eancias em Converg\u00eancia Cont\u00e1bil traz o palestrante internacional Prof. Eug\u00eanio Caperchione (Universit\u00e0 degli Studi di Modena e Reggio Emilia, Presidente CIGAR Network, www.cigar-network.net), e coordenadores do processo de converg\u00eancia cont\u00e1bil no Brasil para trocarem experi\u00eancias do processo no Brasil e no exterior.<\/p>\n<p>8 de Dezembro de 2016<br \/>\nLocal: Anfiteatro Ivo Torres, Faculdade de Economia, Administra\u00e7\u00e3o e Contabilidade de Ribeir\u00e3o Preto (FEARP), Campus Ribeir\u00e3o Preto<\/p>\n<p><strong>Inscri\u00e7\u00f5es <a href=\"http:\/\/app.fearp.usp.br\/forms\/gera.php?form=ppgcc081216\">aqui<\/a><\/strong><\/p>\n<p><strong>Grava\u00e7\u00e3o do evento no canal PSAGiB<\/strong> <a href=\"https:\/\/www.youtube.com\/watch?v=M5kX4ChLu3U&amp;vl=pt\">aqui<\/a><\/p>\n<p><strong>Perguntas<\/strong> poder\u00e3o ser enviadas (mensagem de texto) por <a href=\"https:\/\/br.linkedin.com\/in\/psagibrazil-research-group-0b148a87\"><em>Linkedin<\/em><\/a> ou por <em>Skype (psagib)<\/em>. Solicitamos que Identifique-se (nome, cargo e institui\u00e7\u00e3o)<\/p>\n<p>Sugest\u00e3o de leitura <a href=\"https:\/\/www.dropbox.com\/sh\/cu6qeye2qv3u5e5\/AACMFWq1xzAp_aGIOHNwgq6Pa?dl=0\" target=\"_blank\">aqui<\/a><\/p>\n<p><a href=\"http:\/\/sites.usp.br\/psag\/wp-content\/uploads\/sites\/108\/2016\/11\/Workshop-Caperchione_16Nov16.pdf\">Folder do evento<\/a><\/p>\n<p>Programa\u00e7\u00e3o<br \/>\n14:00 \u2013 Palestra principal: Eug\u00eanio Caperchione, CIGAR Network<br \/>\n15:00 \u2013 Experi\u00eancia Brasileira: Bruno Mangualde, Secretaria do Tesouro Nacional<br \/>\n16:00 \u2013 17:00 Debates<br \/>\n17:00 Encerramento<\/p>\n<p>* O evento ser\u00e1 em ingl\u00eas, e n\u00e3o ter\u00e1 tradu\u00e7\u00e3o simult\u00e2nea.<\/p>","protected":false},"excerpt":{"rendered":"<p>O workshop Experi\u00eancias em Converg\u00eancia Cont\u00e1bil traz o palestrante internacional Prof. Eug\u00eanio Caperchione (Universit\u00e0 degli Studi di Modena e Reggio Emilia, Presidente CIGAR Network, www.cigar-network.net), e coordenadores do processo de converg\u00eancia cont\u00e1bil no Brasil para trocarem experi\u00eancias do processo no Brasil e no exterior. 8 de Dezembro de 2016 Local: Anfiteatro Ivo Torres, Faculdade de<a href=\"https:\/\/sites.usp.br\/psag\/pb\/556-2\/\">[&#8230;]<\/a><\/p>\n","protected":false},"author":191,"featured_media":0,"parent":0,"menu_order":0,"comment_status":"closed","ping_status":"closed","template":"","meta":{"_monsterinsights_skip_tracking":false,"_monsterinsights_sitenote_active":false,"_monsterinsights_sitenote_note":"","_monsterinsights_sitenote_category":0,"footnotes":"","_links_to":"","_links_to_target":""},"class_list":["post-556","page","type-page","status-publish","hentry"],"_links":{"self":[{"href":"https:\/\/sites.usp.br\/psag\/pb\/wp-json\/wp\/v2\/pages\/556","targetHints":{"allow":["GET"]}}],"collection":[{"href":"https:\/\/sites.usp.br\/psag\/pb\/wp-json\/wp\/v2\/pages"}],"about":[{"href":"https:\/\/sites.usp.br\/psag\/pb\/wp-json\/wp\/v2\/types\/page"}],"author":[{"embeddable":true,"href":"https:\/\/sites.usp.br\/psag\/pb\/wp-json\/wp\/v2\/users\/191"}],"replies":[{"embeddable":true,"href":"https:\/\/sites.usp.br\/psag\/pb\/wp-json\/wp\/v2\/comments?post=556"}],"version-history":[{"count":4,"href":"https:\/\/sites.usp.br\/psag\/pb\/wp-json\/wp\/v2\/pages\/556\/revisions"}],"predecessor-version":[{"id":889,"href":"https:\/\/sites.usp.br\/psag\/pb\/wp-json\/wp\/v2\/pages\/556\/revisions\/889"}],"wp:attachment":[{"href":"https:\/\/sites.usp.br\/psag\/pb\/wp-json\/wp\/v2\/media?parent=556"}],"curies":[{"name":"wp","href":"https:\/\/api.w.org\/{rel}","templated":true}]}}