{"id":713,"date":"2017-01-26T13:26:30","date_gmt":"2017-01-26T15:26:30","guid":{"rendered":"http:\/\/sites.usp.br\/psag\/?page_id=713"},"modified":"2017-01-26T13:29:05","modified_gmt":"2017-01-26T15:29:05","slug":"conhecendo-rede","status":"publish","type":"page","link":"https:\/\/sites.usp.br\/psag\/pb\/conhecendo-rede\/","title":{"rendered":"Conhecendo a rede 2017"},"content":{"rendered":"<p>Para que todos possam saber o que\u00a0est\u00e1 sendo pesquisado pelos membros da rede, dedicamos nesta vers\u00e3o do Workshop toda manh\u00e3 do dia 18\/5, para apresenta\u00e7\u00f5es de &#8220;programa de pesquisa&#8221; dos docentes. Tais docentes quando coordenam grupos de pesquisa podem incluir na sua apresenta\u00e7\u00e3o projetos de seus orientandos, compondo o programa de pesquisa como um todo.<\/p>\n<p>Pensamos ser interessante conhecer os diversos projetos de mestrandos e doutorandos congregados dentro do programa do orientador, que faria a amarra\u00e7\u00e3o.<\/p>\n<p>\u00c9 uma oportunidade para rede conhecer os\u00a0programas de pesquisa em desenvolvimento, suscitando\u00a0colabora\u00e7\u00e3o, e tamb\u00e9m para orientadores e alunos refletirem sobre a coes\u00e3o dos projetos em desenvolvimento.<\/p>\n<p><strong>Em resumo:<\/strong><\/p>\n<ul>\n<li>O docente\u00a0da rede apresenta\u00a0<u>seu programa<\/u>\u00a0de pesquisa,<\/li>\n<li>N\u00e3o \u00e9 a apresenta\u00e7\u00e3o de paper ou de pesquisa isolada, mas sim o \u201cprograma\u201d, o conjunto de projetos\/a\u00e7\u00f5es\/fomento que s\u00e3o articulados por ele,<\/li>\n<li>Poderia falar sobre: os congressos que t\u00eam frequentado, orienta\u00e7\u00f5es e participa\u00e7\u00e3o na p\u00f3s-gradua\u00e7\u00e3o, e como isso tudo converge no seu programa de pesquisa,<\/li>\n<li>Poderia ainda expor suas\u00a0expectativas em rela\u00e7\u00e3o \u00e0 rede e como seu programa pode contribuir,<\/li>\n<li>Assim, sua apresenta\u00e7\u00e3o deve ser tal que todos passem a poder explorar conex\u00f5es com seus interesses,<\/li>\n<li>Sugere-se disponibilizar o powerpoint, ou resumo em word que descreva\u00a0seu programa.<\/li>\n<\/ul>\n<p><span style=\"color: #ffffff\">.<\/span><\/p>\n<p><strong>Dura\u00e7\u00e3o: <\/strong>at\u00e9 20 min<\/p>\n<p><strong>Quantidade de apresenta\u00e7\u00f5es:<\/strong> at\u00e9 10<\/p>\n<p><strong>Inscri\u00e7\u00f5es<\/strong> &#8211; indicar na ficha de inscri\u00e7\u00e3o do workshop, entraremos em contato para confirmar e dar mais detalhes.<\/p>","protected":false},"excerpt":{"rendered":"<p>Para que todos possam saber o que\u00a0est\u00e1 sendo pesquisado pelos membros da rede, dedicamos nesta vers\u00e3o do Workshop toda manh\u00e3 do dia 18\/5, para apresenta\u00e7\u00f5es de &#8220;programa de pesquisa&#8221; dos docentes. Tais docentes quando coordenam grupos de pesquisa podem incluir na sua apresenta\u00e7\u00e3o projetos de seus orientandos, compondo o programa de pesquisa como um todo.<a href=\"https:\/\/sites.usp.br\/psag\/pb\/conhecendo-rede\/\">[&#8230;]<\/a><\/p>\n","protected":false},"author":191,"featured_media":0,"parent":0,"menu_order":0,"comment_status":"closed","ping_status":"closed","template":"","meta":{"_monsterinsights_skip_tracking":false,"_monsterinsights_sitenote_active":false,"_monsterinsights_sitenote_note":"","_monsterinsights_sitenote_category":0,"footnotes":"","_links_to":"","_links_to_target":""},"class_list":["post-713","page","type-page","status-publish","hentry"],"_links":{"self":[{"href":"https:\/\/sites.usp.br\/psag\/pb\/wp-json\/wp\/v2\/pages\/713","targetHints":{"allow":["GET"]}}],"collection":[{"href":"https:\/\/sites.usp.br\/psag\/pb\/wp-json\/wp\/v2\/pages"}],"about":[{"href":"https:\/\/sites.usp.br\/psag\/pb\/wp-json\/wp\/v2\/types\/page"}],"author":[{"embeddable":true,"href":"https:\/\/sites.usp.br\/psag\/pb\/wp-json\/wp\/v2\/users\/191"}],"replies":[{"embeddable":true,"href":"https:\/\/sites.usp.br\/psag\/pb\/wp-json\/wp\/v2\/comments?post=713"}],"version-history":[{"count":6,"href":"https:\/\/sites.usp.br\/psag\/pb\/wp-json\/wp\/v2\/pages\/713\/revisions"}],"predecessor-version":[{"id":721,"href":"https:\/\/sites.usp.br\/psag\/pb\/wp-json\/wp\/v2\/pages\/713\/revisions\/721"}],"wp:attachment":[{"href":"https:\/\/sites.usp.br\/psag\/pb\/wp-json\/wp\/v2\/media?parent=713"}],"curies":[{"name":"wp","href":"https:\/\/api.w.org\/{rel}","templated":true}]}}