{"id":89,"date":"2014-04-23T11:34:25","date_gmt":"2014-04-23T14:34:25","guid":{"rendered":"http:\/\/sites.usp.brprp\/?page_id=89"},"modified":"2023-05-02T05:51:24","modified_gmt":"2023-05-02T08:51:24","slug":"sobre-o-psag","status":"publish","type":"page","link":"https:\/\/sites.usp.br\/psag\/pb\/sobre-o-psag\/","title":{"rendered":"Sobre o PSAG"},"content":{"rendered":"<p>O PSAG (sigla para nome em ingl\u00eas &#8216;Public Sector Accounting &amp; Governance in Brazil&#8217;) \u00e9 um grupo de pesquisa sediado na Universidade de S\u00e3o Paulo dedicado a entender e transferir tecnologia sobre processos de gest\u00e3o financeira e or\u00e7ament\u00e1ria de governos locais no Brasil.<\/p>\n<p>A cada per\u00edodo de cinco anos o PSAG lan\u00e7a uma agenda que re\u00fane seus projetos de pesquisa. De 2013 a 2023, a agenda foi focada na implementa\u00e7\u00e3o de pol\u00edticas cont\u00e1beis baseadas em padr\u00f5es internacionais (IPSAS), e na din\u00e2mica do funcionamento de Tribunais de Contas. A nova agenda de pesquisa (2023-2028) explora os significativos efeitos da automa\u00e7\u00e3o de processos de gest\u00e3o financeira e or\u00e7ament\u00e1ria e de auditoria em organiza\u00e7\u00f5es do setor p\u00fablico.<\/p>\n<p>&nbsp;<\/p>\n<p><strong>Compromisso social<\/strong><\/p>\n<p>O PSAG tem o compromisso de conduzir pesquisas com elevado rigor cient\u00edfico, interdisciplinar e segundo os mais avan\u00e7ados princ\u00edpios de \u00e9tica em pesquisa. A tem\u00e1tica central do PSAG \u00e9 aspectos organizacionais do Ciclo Financeiro de Governos. Nossos membros s\u00e3o doutores e p\u00f3s-doutores, dedicados \u00e0 tem\u00e1tica. Alunos de doutorado, mestrado e gradua\u00e7\u00e3o comp\u00f5em a equipe como parte de seu treinamento como pesquisadores.<\/p>\n<p>Apoiamos o aprimoramento da gest\u00e3o p\u00fablica, atuando no aperfei\u00e7oamento do sistema financeiro de governos, contabilidade p\u00fablica, or\u00e7amento e planejamento fiscal e financeiro. As tem\u00e1ticas tamb\u00e9m perpassam pol\u00edticas p\u00fablicas, sistemas de informa\u00e7\u00e3o de governos e governan\u00e7a p\u00fablica.<\/p>\n<p>Reunimos as seguintes compet\u00eancias: sistemas financeiros de governos; processos de implanta\u00e7\u00e3o e comunica\u00e7\u00e3o organizacional para mudan\u00e7a e ado\u00e7\u00e3o de inova\u00e7\u00f5es em governos; or\u00e7amento p\u00fablico, controle interno e auditora de governos, mensura\u00e7\u00e3o de desempenho de pol\u00edticas p\u00fablicas.<\/p>\n<p>&nbsp;<\/p>\n<p><strong>Breve hist\u00f3ria<\/strong><\/p>\n<p>O grupo foi criado em Novembro de 2013, sediao na Faculdade de Economia, Administra\u00e7\u00e3o e Contabilidade de Ribeir\u00e3o Preto, Universidade de S\u00e3o Paulo. Desde o princ\u00edpio, est\u00e1 voltado \u00e0 uma abordagem interdisciplinar entre contabilidade p\u00fablica, ci\u00eancias pol\u00edticas, administra\u00e7\u00e3o e finan\u00e7as p\u00fablicas, visando aprimorar a accountability e o desempenho das organiza\u00e7\u00f5es do setor p\u00fablico.<\/p>\n<p>Com o tempo o PSAG foi reunindo pesquisadores de diversas Institui\u00e7\u00f5es de Ensino, alguns de seus membros foram atuar no exterior seja em programas de sanduiche, visiting ou de forma permanente.<\/p>\n<p>Com cerca de 10 anos de atua\u00e7\u00e3o, o grupo possui iniciativas de forma\u00e7\u00e3o discente, projetos de pesquisa financiado por ag\u00eancias p\u00fablicas nacionais e internacionais, e colabora\u00e7\u00e3o com governos e entidades do setor p\u00fablico.<\/p>","protected":false},"excerpt":{"rendered":"<p>O PSAG (sigla para nome em ingl\u00eas &#8216;Public Sector Accounting &amp; Governance in Brazil&#8217;) \u00e9 um grupo de pesquisa sediado na Universidade de S\u00e3o Paulo dedicado a entender e transferir tecnologia sobre processos de gest\u00e3o financeira e or\u00e7ament\u00e1ria de governos locais no Brasil. A cada per\u00edodo de cinco anos o PSAG lan\u00e7a uma agenda que<a href=\"https:\/\/sites.usp.br\/psag\/pb\/sobre-o-psag\/\">[&#8230;]<\/a><\/p>\n","protected":false},"author":13,"featured_media":0,"parent":0,"menu_order":0,"comment_status":"closed","ping_status":"closed","template":"","meta":{"_monsterinsights_skip_tracking":false,"_monsterinsights_sitenote_active":false,"_monsterinsights_sitenote_note":"","_monsterinsights_sitenote_category":0,"footnotes":"","_links_to":"","_links_to_target":""},"class_list":["post-89","page","type-page","status-publish","hentry"],"_links":{"self":[{"href":"https:\/\/sites.usp.br\/psag\/pb\/wp-json\/wp\/v2\/pages\/89","targetHints":{"allow":["GET"]}}],"collection":[{"href":"https:\/\/sites.usp.br\/psag\/pb\/wp-json\/wp\/v2\/pages"}],"about":[{"href":"https:\/\/sites.usp.br\/psag\/pb\/wp-json\/wp\/v2\/types\/page"}],"author":[{"embeddable":true,"href":"https:\/\/sites.usp.br\/psag\/pb\/wp-json\/wp\/v2\/users\/13"}],"replies":[{"embeddable":true,"href":"https:\/\/sites.usp.br\/psag\/pb\/wp-json\/wp\/v2\/comments?post=89"}],"version-history":[{"count":4,"href":"https:\/\/sites.usp.br\/psag\/pb\/wp-json\/wp\/v2\/pages\/89\/revisions"}],"predecessor-version":[{"id":1516,"href":"https:\/\/sites.usp.br\/psag\/pb\/wp-json\/wp\/v2\/pages\/89\/revisions\/1516"}],"wp:attachment":[{"href":"https:\/\/sites.usp.br\/psag\/pb\/wp-json\/wp\/v2\/media?parent=89"}],"curies":[{"name":"wp","href":"https:\/\/api.w.org\/{rel}","templated":true}]}}