{"id":388,"date":"2023-11-10T18:36:54","date_gmt":"2023-11-10T20:36:54","guid":{"rendered":"https:\/\/sites.usp.br\/psebr24\/?page_id=388"},"modified":"2024-08-12T15:10:54","modified_gmt":"2024-08-12T17:10:54","slug":"contato","status":"publish","type":"page","link":"https:\/\/sites.usp.br\/psebr24\/contato\/","title":{"rendered":"Contato"},"content":{"rendered":"\t\t<div data-elementor-type=\"wp-page\" data-elementor-id=\"388\" class=\"elementor elementor-388\" data-elementor-post-type=\"page\">\n\t\t\t\t\t\t<section class=\"elementor-section elementor-top-section elementor-element elementor-element-e883423 elementor-section-height-min-height elementor-section-items-top elementor-section-content-top elementor-section-boxed elementor-section-height-default\" data-id=\"e883423\" data-element_type=\"section\" data-settings=\"{&quot;background_background&quot;:&quot;classic&quot;}\">\n\t\t\t\t\t\t<div class=\"elementor-container elementor-column-gap-default\">\n\t\t\t\t\t<div class=\"elementor-column elementor-col-100 elementor-top-column elementor-element elementor-element-1c8629a\" data-id=\"1c8629a\" data-element_type=\"column\">\n\t\t\t<div class=\"elementor-widget-wrap elementor-element-populated\">\n\t\t\t\t\t\t<div class=\"elementor-element elementor-element-759d130 elementor-nav-menu--stretch elementor-widget-tablet__width-initial elementor-widget-mobile__width-initial elementor-nav-menu--dropdown-tablet elementor-nav-menu__text-align-aside elementor-nav-menu--toggle elementor-nav-menu--burger elementor-widget elementor-widget-nav-menu\" data-id=\"759d130\" data-element_type=\"widget\" data-settings=\"{&quot;full_width&quot;:&quot;stretch&quot;,&quot;layout&quot;:&quot;horizontal&quot;,&quot;submenu_icon&quot;:{&quot;value&quot;:&quot;&lt;i class=\\&quot;fa fa-caret-down\\&quot;&gt;&lt;\\\/i&gt;&quot;,&quot;library&quot;:&quot;fa-solid&quot;},&quot;toggle&quot;:&quot;burger&quot;}\" data-widget_type=\"nav-menu.default\">\n\t\t\t\t<div class=\"elementor-widget-container\">\n\t\t\t\t\t\t<nav aria-label=\"Menu\" class=\"elementor-nav-menu--main elementor-nav-menu__container elementor-nav-menu--layout-horizontal e--pointer-background e--animation-fade\">\n\t\t\t\t<ul id=\"menu-1-759d130\" class=\"elementor-nav-menu\"><li class=\"menu-item menu-item-type-custom menu-item-object-custom menu-item-home menu-item-37\"><a href=\"https:\/\/sites.usp.br\/psebr24\/\" class=\"elementor-item\">Home<\/a><\/li>\n<li class=\"menu-item menu-item-type-custom menu-item-object-custom menu-item-has-children menu-item-369\"><a href=\"#\" class=\"elementor-item elementor-item-anchor\">O evento<\/a>\n<ul class=\"sub-menu elementor-nav-menu--dropdown\">\n\t<li class=\"menu-item menu-item-type-custom menu-item-object-custom menu-item-370\"><a href=\"https:\/\/sites.usp.br\/psebr24\/comissao\/\" class=\"elementor-sub-item\">Comiss\u00e3o organizadora<\/a><\/li>\n\t<li class=\"menu-item menu-item-type-custom menu-item-object-custom menu-item-639\"><a href=\"https:\/\/sites.usp.br\/psebr24\/comissao-cientifica\/\" class=\"elementor-sub-item\">Comiss\u00e3o cient\u00edfica<\/a><\/li>\n\t<li class=\"menu-item menu-item-type-custom menu-item-object-custom menu-item-1287\"><a href=\"https:\/\/sites.usp.br\/psebr24\/guia\/\" class=\"elementor-sub-item\">Guia<\/a><\/li>\n\t<li class=\"menu-item menu-item-type-custom menu-item-object-custom menu-item-411\"><a href=\"https:\/\/sites.usp.br\/psebr24\/local\/\" class=\"elementor-sub-item\">Local<\/a><\/li>\n\t<li class=\"menu-item menu-item-type-custom menu-item-object-custom menu-item-447\"><a href=\"https:\/\/sites.usp.br\/psebr24\/patrocinio\/\" class=\"elementor-sub-item\">Patroc\u00ednio<\/a><\/li>\n\t<li class=\"menu-item menu-item-type-custom menu-item-object-custom menu-item-768\"><a href=\"https:\/\/sites.usp.br\/psebr24\/coletivo-fapesp\/\" class=\"elementor-sub-item\">Coletivo FAPESP<\/a><\/li>\n<\/ul>\n<\/li>\n<li class=\"menu-item menu-item-type-custom menu-item-object-custom menu-item-371\"><a href=\"https:\/\/sites.usp.br\/psebr24\/submissao\" class=\"elementor-item\">Submiss\u00e3o<\/a><\/li>\n<li class=\"menu-item menu-item-type-custom menu-item-object-custom menu-item-676\"><a href=\"https:\/\/sites.usp.br\/psebr24\/inscricao\/\" class=\"elementor-item\">Inscri\u00e7\u00e3o<\/a><\/li>\n<li class=\"menu-item menu-item-type-custom menu-item-object-custom menu-item-373\"><a href=\"https:\/\/sites.usp.br\/psebr24\/?page_id=406&#038;preview=true\" class=\"elementor-item\">\u00c1reas tem\u00e1ticas<\/a><\/li>\n<li class=\"menu-item menu-item-type-custom menu-item-object-custom menu-item-has-children menu-item-799\"><a href=\"#\" class=\"elementor-item elementor-item-anchor\">Programa\u00e7\u00e3o<\/a>\n<ul class=\"sub-menu elementor-nav-menu--dropdown\">\n\t<li class=\"menu-item menu-item-type-custom menu-item-object-custom menu-item-167\"><a href=\"https:\/\/sites.usp.br\/psebr24\/programacao\/\" class=\"elementor-sub-item\">Convidados confirmados<\/a><\/li>\n\t<li class=\"menu-item menu-item-type-custom menu-item-object-custom menu-item-949\"><a href=\"https:\/\/sites.usp.br\/psebr24\/cronograma\/\" class=\"elementor-sub-item\">Cronograma<\/a><\/li>\n\t<li class=\"menu-item menu-item-type-custom menu-item-object-custom menu-item-800\"><a href=\"https:\/\/sites.usp.br\/psebr24\/minicursos\/\" class=\"elementor-sub-item\">Minicursos<\/a><\/li>\n\t<li class=\"menu-item menu-item-type-custom menu-item-object-custom menu-item-1198\"><a href=\"https:\/\/sites.usp.br\/psebr24\/programacao-completa\" class=\"elementor-sub-item\">Programa\u00e7\u00e3o completa<\/a><\/li>\n\t<li class=\"menu-item menu-item-type-custom menu-item-object-custom menu-item-1305\"><a href=\"https:\/\/sites.usp.br\/psebr24\/livro-de-resumos\" class=\"elementor-sub-item\">Livro de Resumos<\/a><\/li>\n\t<li class=\"menu-item menu-item-type-custom menu-item-object-custom menu-item-1369\"><a href=\"https:\/\/sites.usp.br\/psebr24\/anais-do-evento\/\" class=\"elementor-sub-item\">Anais do evento<\/a><\/li>\n<\/ul>\n<\/li>\n<li class=\"menu-item menu-item-type-custom menu-item-object-custom menu-item-372\"><a href=\"https:\/\/sites.usp.br\/psebr24\/contato\/\" class=\"elementor-item\">Contato<\/a><\/li>\n<\/ul>\t\t\t<\/nav>\n\t\t\t\t\t<div class=\"elementor-menu-toggle\" role=\"button\" tabindex=\"0\" aria-label=\"Alternar menu\" aria-expanded=\"false\">\n\t\t\t<i aria-hidden=\"true\" role=\"presentation\" class=\"elementor-menu-toggle__icon--open eicon-menu-bar\"><\/i><i aria-hidden=\"true\" role=\"presentation\" class=\"elementor-menu-toggle__icon--close eicon-close\"><\/i>\t\t\t<span class=\"elementor-screen-only\">Menu<\/span>\n\t\t<\/div>\n\t\t\t\t\t<nav class=\"elementor-nav-menu--dropdown elementor-nav-menu__container\" aria-hidden=\"true\">\n\t\t\t\t<ul id=\"menu-2-759d130\" class=\"elementor-nav-menu\"><li class=\"menu-item menu-item-type-custom menu-item-object-custom menu-item-home menu-item-37\"><a href=\"https:\/\/sites.usp.br\/psebr24\/\" class=\"elementor-item\" tabindex=\"-1\">Home<\/a><\/li>\n<li class=\"menu-item menu-item-type-custom menu-item-object-custom menu-item-has-children menu-item-369\"><a href=\"#\" class=\"elementor-item elementor-item-anchor\" tabindex=\"-1\">O evento<\/a>\n<ul class=\"sub-menu elementor-nav-menu--dropdown\">\n\t<li class=\"menu-item menu-item-type-custom menu-item-object-custom menu-item-370\"><a href=\"https:\/\/sites.usp.br\/psebr24\/comissao\/\" class=\"elementor-sub-item\" tabindex=\"-1\">Comiss\u00e3o organizadora<\/a><\/li>\n\t<li class=\"menu-item menu-item-type-custom menu-item-object-custom menu-item-639\"><a href=\"https:\/\/sites.usp.br\/psebr24\/comissao-cientifica\/\" class=\"elementor-sub-item\" tabindex=\"-1\">Comiss\u00e3o cient\u00edfica<\/a><\/li>\n\t<li class=\"menu-item menu-item-type-custom menu-item-object-custom menu-item-1287\"><a href=\"https:\/\/sites.usp.br\/psebr24\/guia\/\" class=\"elementor-sub-item\" tabindex=\"-1\">Guia<\/a><\/li>\n\t<li class=\"menu-item menu-item-type-custom menu-item-object-custom menu-item-411\"><a href=\"https:\/\/sites.usp.br\/psebr24\/local\/\" class=\"elementor-sub-item\" tabindex=\"-1\">Local<\/a><\/li>\n\t<li class=\"menu-item menu-item-type-custom menu-item-object-custom menu-item-447\"><a href=\"https:\/\/sites.usp.br\/psebr24\/patrocinio\/\" class=\"elementor-sub-item\" tabindex=\"-1\">Patroc\u00ednio<\/a><\/li>\n\t<li class=\"menu-item menu-item-type-custom menu-item-object-custom menu-item-768\"><a href=\"https:\/\/sites.usp.br\/psebr24\/coletivo-fapesp\/\" class=\"elementor-sub-item\" tabindex=\"-1\">Coletivo FAPESP<\/a><\/li>\n<\/ul>\n<\/li>\n<li class=\"menu-item menu-item-type-custom menu-item-object-custom menu-item-371\"><a href=\"https:\/\/sites.usp.br\/psebr24\/submissao\" class=\"elementor-item\" tabindex=\"-1\">Submiss\u00e3o<\/a><\/li>\n<li class=\"menu-item menu-item-type-custom menu-item-object-custom menu-item-676\"><a href=\"https:\/\/sites.usp.br\/psebr24\/inscricao\/\" class=\"elementor-item\" tabindex=\"-1\">Inscri\u00e7\u00e3o<\/a><\/li>\n<li class=\"menu-item menu-item-type-custom menu-item-object-custom menu-item-373\"><a href=\"https:\/\/sites.usp.br\/psebr24\/?page_id=406&#038;preview=true\" class=\"elementor-item\" tabindex=\"-1\">\u00c1reas tem\u00e1ticas<\/a><\/li>\n<li class=\"menu-item menu-item-type-custom menu-item-object-custom menu-item-has-children menu-item-799\"><a href=\"#\" class=\"elementor-item elementor-item-anchor\" tabindex=\"-1\">Programa\u00e7\u00e3o<\/a>\n<ul class=\"sub-menu elementor-nav-menu--dropdown\">\n\t<li class=\"menu-item menu-item-type-custom menu-item-object-custom menu-item-167\"><a href=\"https:\/\/sites.usp.br\/psebr24\/programacao\/\" class=\"elementor-sub-item\" tabindex=\"-1\">Convidados confirmados<\/a><\/li>\n\t<li class=\"menu-item menu-item-type-custom menu-item-object-custom menu-item-949\"><a href=\"https:\/\/sites.usp.br\/psebr24\/cronograma\/\" class=\"elementor-sub-item\" tabindex=\"-1\">Cronograma<\/a><\/li>\n\t<li class=\"menu-item menu-item-type-custom menu-item-object-custom menu-item-800\"><a href=\"https:\/\/sites.usp.br\/psebr24\/minicursos\/\" class=\"elementor-sub-item\" tabindex=\"-1\">Minicursos<\/a><\/li>\n\t<li class=\"menu-item menu-item-type-custom menu-item-object-custom menu-item-1198\"><a href=\"https:\/\/sites.usp.br\/psebr24\/programacao-completa\" class=\"elementor-sub-item\" tabindex=\"-1\">Programa\u00e7\u00e3o completa<\/a><\/li>\n\t<li class=\"menu-item menu-item-type-custom menu-item-object-custom menu-item-1305\"><a href=\"https:\/\/sites.usp.br\/psebr24\/livro-de-resumos\" class=\"elementor-sub-item\" tabindex=\"-1\">Livro de Resumos<\/a><\/li>\n\t<li class=\"menu-item menu-item-type-custom menu-item-object-custom menu-item-1369\"><a href=\"https:\/\/sites.usp.br\/psebr24\/anais-do-evento\/\" class=\"elementor-sub-item\" tabindex=\"-1\">Anais do evento<\/a><\/li>\n<\/ul>\n<\/li>\n<li class=\"menu-item menu-item-type-custom menu-item-object-custom menu-item-372\"><a href=\"https:\/\/sites.usp.br\/psebr24\/contato\/\" class=\"elementor-item\" tabindex=\"-1\">Contato<\/a><\/li>\n<\/ul>\t\t\t<\/nav>\n\t\t\t\t<\/div>\n\t\t\t\t<\/div>\n\t\t\t\t\t<\/div>\n\t\t<\/div>\n\t\t\t\t\t<\/div>\n\t\t<\/section>\n\t\t\t\t<section class=\"elementor-section elementor-top-section elementor-element elementor-element-15730fb elementor-section-boxed elementor-section-height-default elementor-section-height-default\" data-id=\"15730fb\" data-element_type=\"section\" data-settings=\"{&quot;background_background&quot;:&quot;classic&quot;}\">\n\t\t\t\t\t\t<div class=\"elementor-container elementor-column-gap-default\">\n\t\t\t\t\t<div class=\"elementor-column elementor-col-100 elementor-top-column elementor-element elementor-element-d877aee\" data-id=\"d877aee\" data-element_type=\"column\">\n\t\t\t<div class=\"elementor-widget-wrap elementor-element-populated\">\n\t\t\t\t\t\t<div class=\"elementor-element elementor-element-4e2b31b elementor-widget elementor-widget-image\" data-id=\"4e2b31b\" data-element_type=\"widget\" data-widget_type=\"image.default\">\n\t\t\t\t<div class=\"elementor-widget-container\">\n\t\t\t\t\t\t\t\t\t\t\t\t\t\t<a href=\"https:\/\/sites.usp.br\/psebr24\/\">\n\t\t\t\t\t\t\t<img fetchpriority=\"high\" decoding=\"async\" width=\"1024\" height=\"369\" src=\"https:\/\/sites.usp.br\/psebr24\/wp-content\/uploads\/sites\/1365\/2023\/09\/PSE24-4-1024x369.png\" class=\"attachment-large size-large wp-image-359\" alt=\"\" srcset=\"https:\/\/sites.usp.br\/psebr24\/wp-content\/uploads\/sites\/1365\/2023\/09\/PSE24-4-1024x369.png 1024w, https:\/\/sites.usp.br\/psebr24\/wp-content\/uploads\/sites\/1365\/2023\/09\/PSE24-4-300x108.png 300w, https:\/\/sites.usp.br\/psebr24\/wp-content\/uploads\/sites\/1365\/2023\/09\/PSE24-4-768x276.png 768w, https:\/\/sites.usp.br\/psebr24\/wp-content\/uploads\/sites\/1365\/2023\/09\/PSE24-4-1536x553.png 1536w, https:\/\/sites.usp.br\/psebr24\/wp-content\/uploads\/sites\/1365\/2023\/09\/PSE24-4-400x144.png 400w, https:\/\/sites.usp.br\/psebr24\/wp-content\/uploads\/sites\/1365\/2023\/09\/PSE24-4.png 2000w\" sizes=\"(max-width: 1024px) 100vw, 1024px\" \/>\t\t\t\t\t\t\t\t<\/a>\n\t\t\t\t\t\t\t\t\t\t\t\t\t<\/div>\n\t\t\t\t<\/div>\n\t\t\t\t\t<\/div>\n\t\t<\/div>\n\t\t\t\t\t<\/div>\n\t\t<\/section>\n\t\t\t\t<section class=\"elementor-section elementor-top-section elementor-element elementor-element-55f006c elementor-section-boxed elementor-section-height-default elementor-section-height-default\" data-id=\"55f006c\" data-element_type=\"section\">\n\t\t\t\t\t\t<div class=\"elementor-container elementor-column-gap-default\">\n\t\t\t\t\t<div class=\"elementor-column elementor-col-16 elementor-top-column elementor-element elementor-element-1b0b59b\" data-id=\"1b0b59b\" data-element_type=\"column\">\n\t\t\t<div class=\"elementor-widget-wrap\">\n\t\t\t\t\t\t\t<\/div>\n\t\t<\/div>\n\t\t\t\t<div class=\"elementor-column elementor-col-66 elementor-top-column elementor-element elementor-element-8f5fbb5\" data-id=\"8f5fbb5\" data-element_type=\"column\">\n\t\t\t<div class=\"elementor-widget-wrap elementor-element-populated\">\n\t\t\t\t\t\t<div class=\"elementor-element elementor-element-a994b11 elementor-widget elementor-widget-heading\" data-id=\"a994b11\" data-element_type=\"widget\" data-widget_type=\"heading.default\">\n\t\t\t\t<div class=\"elementor-widget-container\">\n\t\t\t<h2 class=\"elementor-heading-title elementor-size-default\">CONTATO<\/h2>\t\t<\/div>\n\t\t\t\t<\/div>\n\t\t\t\t<div class=\"elementor-element elementor-element-1f0b913 elementor-widget elementor-widget-text-editor\" data-id=\"1f0b913\" data-element_type=\"widget\" data-widget_type=\"text-editor.default\">\n\t\t\t\t<div class=\"elementor-widget-container\">\n\t\t\t\t\t\t\t<p style=\"text-align: center;\">Os certificados foram enviados pelo e-mail fornecido na inscri\u00e7\u00e3o. Em caso de d\u00favidas, por favor contate-nos atrav\u00e9s do e-mail<span style=\"font-size: 15px; color: var( --e-global-color-text );\">:<\/span><\/p>\n<p style=\"text-align: center;\"><span style=\"text-decoration: underline;\">psebr2024@usp.br<\/span><\/p>\t\t\t\t\t\t<\/div>\n\t\t\t\t<\/div>\n\t\t\t\t\t<\/div>\n\t\t<\/div>\n\t\t\t\t<div class=\"elementor-column elementor-col-16 elementor-top-column elementor-element elementor-element-07f7018\" data-id=\"07f7018\" data-element_type=\"column\">\n\t\t\t<div class=\"elementor-widget-wrap\">\n\t\t\t\t\t\t\t<\/div>\n\t\t<\/div>\n\t\t\t\t\t<\/div>\n\t\t<\/section>\n\t\t\t\t<section class=\"elementor-section elementor-top-section elementor-element elementor-element-b8deba0 elementor-section-stretched elementor-section-full_width elementor-section-content-middle elementor-section-height-default elementor-section-height-default\" data-id=\"b8deba0\" data-element_type=\"section\" data-settings=\"{&quot;stretch_section&quot;:&quot;section-stretched&quot;,&quot;background_background&quot;:&quot;classic&quot;}\">\n\t\t\t\t\t\t<div class=\"elementor-container elementor-column-gap-wide\">\n\t\t\t\t\t<div class=\"elementor-column elementor-col-50 elementor-top-column elementor-element elementor-element-f71f458\" data-id=\"f71f458\" data-element_type=\"column\">\n\t\t\t<div class=\"elementor-widget-wrap elementor-element-populated\">\n\t\t\t\t\t\t<section class=\"elementor-section elementor-inner-section elementor-element elementor-element-9997d7a elementor-section-boxed elementor-section-height-default elementor-section-height-default\" data-id=\"9997d7a\" data-element_type=\"section\">\n\t\t\t\t\t\t<div class=\"elementor-container elementor-column-gap-default\">\n\t\t\t\t\t<div class=\"elementor-column elementor-col-100 elementor-inner-column elementor-element elementor-element-25307e9\" data-id=\"25307e9\" data-element_type=\"column\">\n\t\t\t<div class=\"elementor-widget-wrap elementor-element-populated\">\n\t\t\t\t\t\t<div class=\"elementor-element elementor-element-d95234c elementor-widget elementor-widget-text-editor\" data-id=\"d95234c\" data-element_type=\"widget\" data-widget_type=\"text-editor.default\">\n\t\t\t\t<div class=\"elementor-widget-container\">\n\t\t\t\t\t\t\t<p><strong>Localiza\u00e7\u00e3o<\/strong><br \/>Av. Prof. Luciano Gualberto, trav. 3, n\u00ba 380<br \/>Cidade Universit\u00e1ria &#8211; Butant\u00e3<br \/>S\u00e3o Paulo &#8211; SP<br \/>CEP 05508-010<\/p>\t\t\t\t\t\t<\/div>\n\t\t\t\t<\/div>\n\t\t\t\t\t<\/div>\n\t\t<\/div>\n\t\t\t\t\t<\/div>\n\t\t<\/section>\n\t\t\t\t\t<\/div>\n\t\t<\/div>\n\t\t\t\t<div class=\"elementor-column elementor-col-50 elementor-top-column elementor-element elementor-element-d9437c4\" data-id=\"d9437c4\" data-element_type=\"column\">\n\t\t\t<div class=\"elementor-widget-wrap elementor-element-populated\">\n\t\t\t\t\t\t<div class=\"elementor-element elementor-element-ad22835 elementor-search-form--skin-classic elementor-search-form--button-type-icon elementor-search-form--icon-search elementor-widget elementor-widget-search-form\" data-id=\"ad22835\" data-element_type=\"widget\" data-settings=\"{&quot;skin&quot;:&quot;classic&quot;}\" data-widget_type=\"search-form.default\">\n\t\t\t\t<div class=\"elementor-widget-container\">\n\t\t\t\t\t<search role=\"search\">\n\t\t\t<form class=\"elementor-search-form\" action=\"https:\/\/sites.usp.br\/psebr24\" method=\"get\">\n\t\t\t\t\t\t\t\t\t\t\t\t<div class=\"elementor-search-form__container\">\n\t\t\t\t\t<label class=\"elementor-screen-only\" for=\"elementor-search-form-ad22835\">Pesquisar<\/label>\n\n\t\t\t\t\t\n\t\t\t\t\t<input id=\"elementor-search-form-ad22835\" placeholder=\"Buscar\" class=\"elementor-search-form__input\" type=\"search\" name=\"s\" value=\"\">\n\t\t\t\t\t\n\t\t\t\t\t\t\t\t\t\t\t<button class=\"elementor-search-form__submit\" type=\"submit\" aria-label=\"Pesquisar\">\n\t\t\t\t\t\t\t\t\t\t\t\t\t\t\t<i class=&quot;fa fa-search&quot; aria-hidden=\"true\"><\/i>\t\t\t\t\t\t\t\t<span class=\"elementor-screen-only\">Pesquisar<\/span>\n\t\t\t\t\t\t\t\t\t\t\t\t\t<\/button>\n\t\t\t\t\t\n\t\t\t\t\t\t\t\t\t<\/div>\n\t\t\t<\/form>\n\t\t<\/search>\n\t\t\t\t<\/div>\n\t\t\t\t<\/div>\n\t\t\t\t<div class=\"elementor-element elementor-element-4fb2547 elementor-widget elementor-widget-image\" data-id=\"4fb2547\" data-element_type=\"widget\" data-widget_type=\"image.default\">\n\t\t\t\t<div class=\"elementor-widget-container\">\n\t\t\t\t\t\t\t\t\t\t\t\t\t\t<a href=\"https:\/\/www.usp.br\">\n\t\t\t\t\t\t\t<img decoding=\"async\" width=\"90\" height=\"44\" src=\"https:\/\/sites.usp.br\/psebr24\/wp-content\/uploads\/sites\/1365\/2023\/09\/logo_usp_bco_150px.png\" class=\"attachment-large size-large wp-image-222\" alt=\"\" \/>\t\t\t\t\t\t\t\t<\/a>\n\t\t\t\t\t\t\t\t\t\t\t\t\t<\/div>\n\t\t\t\t<\/div>\n\t\t\t\t\t<\/div>\n\t\t<\/div>\n\t\t\t\t\t<\/div>\n\t\t<\/section>\n\t\t\t\t<\/div>\n\t\t","protected":false},"excerpt":{"rendered":"<p>CONTATO Os certificados foram enviados pelo e-mail fornecido na inscri\u00e7\u00e3o. Em caso de d\u00favidas, por favor contate-nos atrav\u00e9s do e-mail: psebr2024@usp.br Localiza\u00e7\u00e3oAv. Prof. Luciano Gualberto, trav. 3, n\u00ba 380Cidade Universit\u00e1ria &#8211; Butant\u00e3S\u00e3o Paulo &#8211; SPCEP 05508-010<\/p>\n","protected":false},"author":22917,"featured_media":0,"parent":0,"menu_order":0,"comment_status":"closed","ping_status":"closed","template":"elementor_canvas","meta":{"_monsterinsights_skip_tracking":false,"_monsterinsights_sitenote_active":false,"_monsterinsights_sitenote_note":"","_monsterinsights_sitenote_category":0,"footnotes":"","_links_to":"","_links_to_target":""},"class_list":["post-388","page","type-page","status-publish","hentry","entry"],"_links":{"self":[{"href":"https:\/\/sites.usp.br\/psebr24\/wp-json\/wp\/v2\/pages\/388","targetHints":{"allow":["GET"]}}],"collection":[{"href":"https:\/\/sites.usp.br\/psebr24\/wp-json\/wp\/v2\/pages"}],"about":[{"href":"https:\/\/sites.usp.br\/psebr24\/wp-json\/wp\/v2\/types\/page"}],"author":[{"embeddable":true,"href":"https:\/\/sites.usp.br\/psebr24\/wp-json\/wp\/v2\/users\/22917"}],"replies":[{"embeddable":true,"href":"https:\/\/sites.usp.br\/psebr24\/wp-json\/wp\/v2\/comments?post=388"}],"version-history":[{"count":4,"href":"https:\/\/sites.usp.br\/psebr24\/wp-json\/wp\/v2\/pages\/388\/revisions"}],"predecessor-version":[{"id":1355,"href":"https:\/\/sites.usp.br\/psebr24\/wp-json\/wp\/v2\/pages\/388\/revisions\/1355"}],"wp:attachment":[{"href":"https:\/\/sites.usp.br\/psebr24\/wp-json\/wp\/v2\/media?parent=388"}],"curies":[{"name":"wp","href":"https:\/\/api.w.org\/{rel}","templated":true}]}}