{"id":156,"date":"2017-05-23T17:35:40","date_gmt":"2017-05-23T19:35:40","guid":{"rendered":"http:\/\/sites.usp.br\/psi\/?page_id=156"},"modified":"2017-05-23T17:40:01","modified_gmt":"2017-05-23T19:40:01","slug":"pos-graduacao","status":"publish","type":"page","link":"https:\/\/sites.usp.br\/psi\/pos-graduacao\/","title":{"rendered":"P\u00f3s Gradua\u00e7\u00e3o"},"content":{"rendered":"<p>Visto que o objetivo do Programa de Mestrado do PSI \u00e9 preparar profissionais interessados em seguir carreira em pesquisa cient\u00edfica e o objetivo do Programa de Doutorado \u00e9 torn\u00e1-los profissionais altamente capacitados para esta carreira, os alunos de p\u00f3s-gradua\u00e7\u00e3o do Departamento de Engenharia de Sistemas Eletr\u00f4nicos da POLI\/USP acompanham um programa rigoroso e apresentam grande disposi\u00e7\u00e3o e interesse pela pesquisa, cumprindo suas obriga\u00e7\u00f5es com sucesso dentro dos prazos e regras estipulados.<\/p>\n<p>Al\u00e9m disso, os alunos do Programa de P\u00f3s-Gradua\u00e7\u00e3o do PSI t\u00eam disponibilidade para dedica\u00e7\u00e3o ao curso, assistem \u00e0s aulas no per\u00edodo diurno e desenvolvem alta carga de trabalho extra-aula, envolvendo leituras, prepara\u00e7\u00e3o de semin\u00e1rios e artigos cient\u00edficos.<\/p>\n<p>O PSI compartilha junto com os outros tr\u00eas departamentos de engenharia el\u00e9trica, PEA, PCS e PTC, a responsabilidade pelo programa de P\u00f3s-gradua\u00e7\u00e3o em Engenharia El\u00e9trica. Este programa compreende 5 sub \u00e1reas, a saber:<\/p>\n<ul>\n<li>Microeletr\u00f4nica,<\/li>\n<li>Sistemas Eletr\u00f4nicos,<\/li>\n<li>Sistemas Digitais,<\/li>\n<li>Sistemas de Pot\u00eancia,<\/li>\n<li>Engenharia de Sistemas<\/li>\n<\/ul>\n<p>&nbsp;<\/p>\n<p>Dentre estas, o PSI tem responsabilidade total da sub \u00e1rea de Microeletr\u00f4nica e compartilha com o PTC, a de Sistemas Eletr\u00f4nicos. O Programa possui nota 6, na avalia\u00e7\u00e3o da CAPES.<\/p>\n<p>Mais Informa\u00e7\u00f5es sobre a <strong>inscri\u00e7\u00e3o, calend\u00e1rio e formul\u00e1rios no <a title=\"\" href=\"http:\/\/ppgee.poli.usp.br\/\" target=\"_blank\">site da P\u00f3s Gradua\u00e7\u00e3o<\/a>. <\/strong><\/p>\n","protected":false},"excerpt":{"rendered":"<p>Visto que o objetivo do Programa de Mestrado do PSI \u00e9 preparar profissionais interessados em seguir carreira em pesquisa cient\u00edfica&#46;&#46;&#46;<\/p>\n","protected":false},"author":415,"featured_media":0,"parent":0,"menu_order":2,"comment_status":"closed","ping_status":"closed","template":"","meta":{"footnotes":"","_links_to":"","_links_to_target":""},"class_list":["post-156","page","type-page","status-publish","hentry"],"_links":{"self":[{"href":"https:\/\/sites.usp.br\/psi\/wp-json\/wp\/v2\/pages\/156","targetHints":{"allow":["GET"]}}],"collection":[{"href":"https:\/\/sites.usp.br\/psi\/wp-json\/wp\/v2\/pages"}],"about":[{"href":"https:\/\/sites.usp.br\/psi\/wp-json\/wp\/v2\/types\/page"}],"author":[{"embeddable":true,"href":"https:\/\/sites.usp.br\/psi\/wp-json\/wp\/v2\/users\/415"}],"replies":[{"embeddable":true,"href":"https:\/\/sites.usp.br\/psi\/wp-json\/wp\/v2\/comments?post=156"}],"version-history":[{"count":2,"href":"https:\/\/sites.usp.br\/psi\/wp-json\/wp\/v2\/pages\/156\/revisions"}],"predecessor-version":[{"id":162,"href":"https:\/\/sites.usp.br\/psi\/wp-json\/wp\/v2\/pages\/156\/revisions\/162"}],"wp:attachment":[{"href":"https:\/\/sites.usp.br\/psi\/wp-json\/wp\/v2\/media?parent=156"}],"curies":[{"name":"wp","href":"https:\/\/api.w.org\/{rel}","templated":true}]}}