{"id":164,"date":"2017-05-23T17:41:57","date_gmt":"2017-05-23T19:41:57","guid":{"rendered":"http:\/\/sites.usp.br\/psi\/?page_id=164"},"modified":"2019-04-24T14:44:37","modified_gmt":"2019-04-24T17:44:37","slug":"contato","status":"publish","type":"page","link":"https:\/\/sites.usp.br\/psi\/pos-graduacao\/contato\/","title":{"rendered":"Contato"},"content":{"rendered":"<h4>P\u00f3s-gradua\u00e7\u00e3o &#8211;\u00a0Departamento de Engenharia de Sistemas Eletr\u00f4nicos<\/h4>\n<p>Secretaria de P\u00f3s-Gradua\u00e7\u00e3o: <a href=\"http:\/\/ppgee.poli.usp.br\/contato\/\">http:\/\/ppgee.poli.usp.br\/contato\/<\/a><br \/>\nRespons\u00e1vel: Prof. \u00a0Dr. Jo\u00e3o Antonio Martino<br \/>\nSala: A1-46<br \/>\nmartino@usp.br<\/p>\n<p>&nbsp;<\/p>\n<p>&nbsp;<\/p>\n","protected":false},"excerpt":{"rendered":"<p>P\u00f3s-gradua\u00e7\u00e3o &#8211;\u00a0Departamento de Engenharia de Sistemas Eletr\u00f4nicos Secretaria de P\u00f3s-Gradua\u00e7\u00e3o: http:\/\/ppgee.poli.usp.br\/contato\/ Respons\u00e1vel: Prof. \u00a0Dr. Jo\u00e3o Antonio Martino Sala: A1-46 martino@usp.br&#46;&#46;&#46;<\/p>\n","protected":false},"author":415,"featured_media":0,"parent":156,"menu_order":0,"comment_status":"closed","ping_status":"closed","template":"","meta":{"footnotes":"","_links_to":"","_links_to_target":""},"class_list":["post-164","page","type-page","status-publish","hentry"],"_links":{"self":[{"href":"https:\/\/sites.usp.br\/psi\/wp-json\/wp\/v2\/pages\/164","targetHints":{"allow":["GET"]}}],"collection":[{"href":"https:\/\/sites.usp.br\/psi\/wp-json\/wp\/v2\/pages"}],"about":[{"href":"https:\/\/sites.usp.br\/psi\/wp-json\/wp\/v2\/types\/page"}],"author":[{"embeddable":true,"href":"https:\/\/sites.usp.br\/psi\/wp-json\/wp\/v2\/users\/415"}],"replies":[{"embeddable":true,"href":"https:\/\/sites.usp.br\/psi\/wp-json\/wp\/v2\/comments?post=164"}],"version-history":[{"count":3,"href":"https:\/\/sites.usp.br\/psi\/wp-json\/wp\/v2\/pages\/164\/revisions"}],"predecessor-version":[{"id":510,"href":"https:\/\/sites.usp.br\/psi\/wp-json\/wp\/v2\/pages\/164\/revisions\/510"}],"up":[{"embeddable":true,"href":"https:\/\/sites.usp.br\/psi\/wp-json\/wp\/v2\/pages\/156"}],"wp:attachment":[{"href":"https:\/\/sites.usp.br\/psi\/wp-json\/wp\/v2\/media?parent=164"}],"curies":[{"name":"wp","href":"https:\/\/api.w.org\/{rel}","templated":true}]}}