{"id":166,"date":"2017-05-23T17:43:15","date_gmt":"2017-05-23T19:43:15","guid":{"rendered":"http:\/\/sites.usp.br\/psi\/?page_id=166"},"modified":"2021-09-02T11:30:03","modified_gmt":"2021-09-02T14:30:03","slug":"contato","status":"publish","type":"page","link":"https:\/\/sites.usp.br\/psi\/graduacao\/contato\/","title":{"rendered":"Contato"},"content":{"rendered":"<h4>Gradua\u00e7\u00e3o &#8211;\u00a0Departamento de Engenharia de Sistemas Eletr\u00f4nicos<\/h4>\n<p>Secretaria de Gradua\u00e7\u00e3o: (11) 3091-5728<\/p>\n<p>Email CoC-ES: coc_psi@usp.br<\/p>\n<p>Respons\u00e1vel: <strong>Prof. Dr. Gustavo Pamplona Rehder<\/strong><br \/>\nSala: C2-66<br \/>\nEmail: gprehder@usp.br<\/p>\n","protected":false},"excerpt":{"rendered":"<p>Gradua\u00e7\u00e3o &#8211;\u00a0Departamento de Engenharia de Sistemas Eletr\u00f4nicos Secretaria de Gradua\u00e7\u00e3o: (11) 3091-5728 Email CoC-ES: coc_psi@usp.br Respons\u00e1vel: Prof. Dr. Gustavo Pamplona&#46;&#46;&#46;<\/p>\n","protected":false},"author":415,"featured_media":0,"parent":64,"menu_order":0,"comment_status":"closed","ping_status":"closed","template":"","meta":{"footnotes":"","_links_to":"","_links_to_target":""},"class_list":["post-166","page","type-page","status-publish","hentry"],"_links":{"self":[{"href":"https:\/\/sites.usp.br\/psi\/wp-json\/wp\/v2\/pages\/166","targetHints":{"allow":["GET"]}}],"collection":[{"href":"https:\/\/sites.usp.br\/psi\/wp-json\/wp\/v2\/pages"}],"about":[{"href":"https:\/\/sites.usp.br\/psi\/wp-json\/wp\/v2\/types\/page"}],"author":[{"embeddable":true,"href":"https:\/\/sites.usp.br\/psi\/wp-json\/wp\/v2\/users\/415"}],"replies":[{"embeddable":true,"href":"https:\/\/sites.usp.br\/psi\/wp-json\/wp\/v2\/comments?post=166"}],"version-history":[{"count":4,"href":"https:\/\/sites.usp.br\/psi\/wp-json\/wp\/v2\/pages\/166\/revisions"}],"predecessor-version":[{"id":702,"href":"https:\/\/sites.usp.br\/psi\/wp-json\/wp\/v2\/pages\/166\/revisions\/702"}],"up":[{"embeddable":true,"href":"https:\/\/sites.usp.br\/psi\/wp-json\/wp\/v2\/pages\/64"}],"wp:attachment":[{"href":"https:\/\/sites.usp.br\/psi\/wp-json\/wp\/v2\/media?parent=166"}],"curies":[{"name":"wp","href":"https:\/\/api.w.org\/{rel}","templated":true}]}}