{"id":173,"date":"2017-05-23T18:19:48","date_gmt":"2017-05-23T20:19:48","guid":{"rendered":"http:\/\/sites.usp.br\/psi\/?page_id=173"},"modified":"2017-06-21T09:16:18","modified_gmt":"2017-06-21T12:16:18","slug":"pesquisa","status":"publish","type":"page","link":"https:\/\/sites.usp.br\/psi\/pesquisa\/","title":{"rendered":"Pesquisa"},"content":{"rendered":"<p>O\u00a0PSI \u00e9 composto de 3\u00a0laborat\u00f3rios:<\/p>\n<p>&nbsp;<\/p>\n<h4><a href=\"\/\/sites.usp.br\/psi\/pesquisa\/lme\/\">LME &#8211;\u00a0<small>Laborat\u00f3rio de Microeletr\u00f4nica<\/small><\/a><\/h4>\n<p><a href=\"\/\/sites.usp.br\/psi\/pesquisa\/lme\/\"><img loading=\"lazy\" decoding=\"async\" class=\"alignnone size-thumbnail wp-image-176 alignleft\" src=\"\/\/sites.usp.br\/psi\/wp-content\/uploads\/sites\/253\/2017\/05\/LME-150x150.png\" alt=\"LME\" width=\"150\" height=\"150\" srcset=\"https:\/\/sites.usp.br\/psi\/wp-content\/uploads\/sites\/253\/2017\/05\/LME-150x150.png 150w, https:\/\/sites.usp.br\/psi\/wp-content\/uploads\/sites\/253\/2017\/05\/LME-160x160.png 160w, https:\/\/sites.usp.br\/psi\/wp-content\/uploads\/sites\/253\/2017\/05\/LME-320x320.png 320w, https:\/\/sites.usp.br\/psi\/wp-content\/uploads\/sites\/253\/2017\/05\/LME-45x45.png 45w, https:\/\/sites.usp.br\/psi\/wp-content\/uploads\/sites\/253\/2017\/05\/LME-200x200.png 200w\" sizes=\"auto, (max-width: 150px) 100vw, 150px\" \/><\/a><br \/>\nPioneiro no desenvolvimento da Microeletr\u00f4nica no Brasil, o Laborat\u00f3rio de Microeletr\u00f4nica da USP foi criado em 1968 com o objetivo de desenvolver&#8230; <a href=\"\/\/sites.usp.br\/psi\/pesquisa\/lme\/\">mais<\/a><\/p>\n<p>&nbsp;<\/p>\n<p>&nbsp;<\/p>\n<p><strong>Grupos de Pesquisa<\/strong><\/p>\n<p><a href=\"http:\/\/gem.lme.usp.br\/\" target=\"_blank\" rel=\"noopener noreferrer\"><big>GEM &#8211;\u00a0<\/big>Grupo de Eletr\u00f4nica Molecular<\/a><\/p>\n<p><big>GMOO &#8211;\u00a0<\/big>Grupo de Microondas, Optoeletr\u00f4nica e Ondas Milim\u00e9tricas<\/p>\n<p><a href=\"\/\/sites.usp.br\/psi\/gnmd\/\"><big>GNMD &#8211;\u00a0<\/big>Grupo de Novos Materiais e Dispositivos<\/a><\/p>\n<p><big>G-SEIS &#8211;\u00a0<\/big>Grupo de Sistemas Eletr\u00f4nicos Integrados e Software Aplicado<\/p>\n<p><big>NDS &#8211;\u00a0<\/big>N\u00facleo de Desenvolvimento de Software<\/p>\n<p><big>SIM-\u00a0<\/big>Sensores Integr\u00e1veis e Microsistemas<\/p>\n<p>&nbsp;<\/p>\n<hr \/>\n<h4><a href=\"\/\/sites.usp.br\/psi\/pesquisa\/lps\/\">LPS &#8211;\u00a0<small>Laborat\u00f3rio de Processamento de Sinais<\/small><\/a><\/h4>\n<h4><a href=\"\/\/sites.usp.br\/psi\/wp-content\/uploads\/sites\/253\/2017\/05\/LPS.png\"><img loading=\"lazy\" decoding=\"async\" class=\"alignnone size-thumbnail wp-image-177 alignleft\" src=\"\/\/sites.usp.br\/psi\/wp-content\/uploads\/sites\/253\/2017\/05\/LPS-150x150.png\" alt=\"LPS\" width=\"150\" height=\"150\" srcset=\"https:\/\/sites.usp.br\/psi\/wp-content\/uploads\/sites\/253\/2017\/05\/LPS-150x150.png 150w, https:\/\/sites.usp.br\/psi\/wp-content\/uploads\/sites\/253\/2017\/05\/LPS-160x160.png 160w, https:\/\/sites.usp.br\/psi\/wp-content\/uploads\/sites\/253\/2017\/05\/LPS-320x320.png 320w, https:\/\/sites.usp.br\/psi\/wp-content\/uploads\/sites\/253\/2017\/05\/LPS-45x45.png 45w, https:\/\/sites.usp.br\/psi\/wp-content\/uploads\/sites\/253\/2017\/05\/LPS-200x200.png 200w\" sizes=\"auto, (max-width: 150px) 100vw, 150px\" \/><\/a><\/h4>\n<h4><\/h4>\n<p>O<strong> Laborat\u00f3rio de Processamento de Sinais <\/strong>(LPS) foi criado em 1988, pelo Professor Normonds Alens.<strong><\/p>\n<p><\/strong>Desde sua cria\u00e7\u00e3o, seus integrantes t\u00eam participado de projetos de pesquisa e parcerias com a ind\u00fastria, nas \u00e1reas de processamento de sinais (voz, \u00e1udio, imagem e v\u00eddeo), otimiza\u00e7\u00e3o de sistemas e medidas automatizadas&#8230; <a href=\"\/\/sites.usp.br\/psi\/pesquisa\/lps\/\">mais<\/a><\/p>\n<p>&nbsp;<\/p>\n<p>&nbsp;<\/p>\n<p><strong>Grupos de Pesquisa<\/strong><\/p>\n<p><big>GFAE &#8211;\u00a0<\/big>Grupo de Filtragem Adaptativa e Estima\u00e7\u00e3o<\/p>\n<p><big>GPI &#8211;\u00a0<\/big>Grupo de Processamento de Imagem<\/p>\n<p><big>GPV &#8211;\u00a0<\/big>Grupo de Processamento de Voz<\/p>\n<p><big>NEO &#8211;\u00a0<\/big>N\u00facleo de Estudos em Otimiza\u00e7\u00e3o<\/p>\n<p>&nbsp;<\/p>\n<p>&nbsp;<\/p>\n<hr \/>\n<h4><a href=\"\/\/sites.usp.br\/psi\/pesquisa\/lsi\/\">LSI &#8211;\u00a0<small>Laborat\u00f3rio de Sistemas Integr\u00e1veis<br \/>\n<\/small><\/a><\/h4>\n<p><img loading=\"lazy\" decoding=\"async\" class=\"alignnone size-thumbnail wp-image-178 alignleft\" src=\"\/\/sites.usp.br\/psi\/wp-content\/uploads\/sites\/253\/2017\/05\/LSI-150x150.png\" alt=\"LSI\" width=\"150\" height=\"150\" srcset=\"https:\/\/sites.usp.br\/psi\/wp-content\/uploads\/sites\/253\/2017\/05\/LSI-150x150.png 150w, https:\/\/sites.usp.br\/psi\/wp-content\/uploads\/sites\/253\/2017\/05\/LSI-160x160.png 160w, https:\/\/sites.usp.br\/psi\/wp-content\/uploads\/sites\/253\/2017\/05\/LSI-320x320.png 320w, https:\/\/sites.usp.br\/psi\/wp-content\/uploads\/sites\/253\/2017\/05\/LSI-45x45.png 45w, https:\/\/sites.usp.br\/psi\/wp-content\/uploads\/sites\/253\/2017\/05\/LSI-200x200.png 200w\" sizes=\"auto, (max-width: 150px) 100vw, 150px\" \/>O\u00a0<strong>Laborat\u00f3rio de Sistemas Integr\u00e1veis<\/strong>, fundado em 1975, na Universidade de S\u00e3o Paulo, Brasil, tem suas atividades de pesquisa e desenvolvimento centradas&#8230; <a href=\"\/\/sites.usp.br\/psi\/pesquisa\/lsi\/\">mais<\/a><\/p>\n<p>&nbsp;<\/p>\n<p>&nbsp;<\/p>\n<p><strong>Grupos de Pesquisa<\/strong><\/p>\n<p><a href=\".\/lsi\/cognitio\"><big>COGNITIO &#8211;\u00a0<\/big>Computa\u00e7\u00e3o Cognitiva<\/a><\/p>\n<p><big>CPAD &#8211;\u00a0<\/big>Computa\u00e7\u00e3o Pervasiva e Alto Desempenho<\/p>\n<p><big>ELCTF &#8211;\u00a0<\/big>Engenharia Legal, Ci\u00eancia e Tecnologia Forenses<\/p>\n<p><big>CMOS-SOI &#8211;\u00a0<\/big>Grupo CMOS-SOI<\/p>\n<p><a href=\"\/\/sites.usp.br\/psi\/gside\/\"><big>GSIDE &#8211;\u00a0<\/big>Grupo de Engenharia de Superf\u00edcies, Interfaces e Deposi\u00e7\u00e3o<\/a><\/p>\n<p><a href=\"http:\/\/www.lsi.usp.br\/icone\/\" target=\"_blank\" rel=\"noopener noreferrer\"><big>ICONE &#8211;\u00a0<\/big>Grupo de Intelig\u00eancia Computacional, Modelagem e Neurocomputa\u00e7\u00e3o Eletr\u00f4nica<\/a><\/p>\n<p><big>GTAG &#8211;\u00a0<\/big>Grupo de Tecnologias Avan\u00e7adas de Grava\u00e7\u00e3o para Nano-, Micro- e Meso-Sistemas<\/p>\n<p><big>MEI &#8211;\u00a0<\/big>Meios Eletr\u00f4nicos Interativos<\/p>\n<p><a href=\"\/\/sites.usp.br\/psi\/na\/\"><big>NA &#8211;\u00a0<\/big>Nanotecnologia aplicada<\/a><\/p>\n<p>&nbsp;<\/p>\n<p>&nbsp;<\/p>\n","protected":false},"excerpt":{"rendered":"<p>O\u00a0PSI \u00e9 composto de 3\u00a0laborat\u00f3rios: &nbsp; LME &#8211;\u00a0Laborat\u00f3rio de Microeletr\u00f4nica Pioneiro no desenvolvimento da Microeletr\u00f4nica no Brasil, o Laborat\u00f3rio de&#46;&#46;&#46;<\/p>\n","protected":false},"author":415,"featured_media":0,"parent":0,"menu_order":1,"comment_status":"closed","ping_status":"closed","template":"","meta":{"footnotes":"","_links_to":"","_links_to_target":""},"class_list":["post-173","page","type-page","status-publish","hentry"],"_links":{"self":[{"href":"https:\/\/sites.usp.br\/psi\/wp-json\/wp\/v2\/pages\/173","targetHints":{"allow":["GET"]}}],"collection":[{"href":"https:\/\/sites.usp.br\/psi\/wp-json\/wp\/v2\/pages"}],"about":[{"href":"https:\/\/sites.usp.br\/psi\/wp-json\/wp\/v2\/types\/page"}],"author":[{"embeddable":true,"href":"https:\/\/sites.usp.br\/psi\/wp-json\/wp\/v2\/users\/415"}],"replies":[{"embeddable":true,"href":"https:\/\/sites.usp.br\/psi\/wp-json\/wp\/v2\/comments?post=173"}],"version-history":[{"count":5,"href":"https:\/\/sites.usp.br\/psi\/wp-json\/wp\/v2\/pages\/173\/revisions"}],"predecessor-version":[{"id":307,"href":"https:\/\/sites.usp.br\/psi\/wp-json\/wp\/v2\/pages\/173\/revisions\/307"}],"wp:attachment":[{"href":"https:\/\/sites.usp.br\/psi\/wp-json\/wp\/v2\/media?parent=173"}],"curies":[{"name":"wp","href":"https:\/\/api.w.org\/{rel}","templated":true}]}}