{"id":175,"date":"2017-05-23T18:47:12","date_gmt":"2017-05-23T20:47:12","guid":{"rendered":"http:\/\/sites.usp.br\/psi\/?page_id=175"},"modified":"2017-05-23T18:47:12","modified_gmt":"2017-05-23T20:47:12","slug":"lsi","status":"publish","type":"page","link":"https:\/\/sites.usp.br\/psi\/pesquisa\/lsi\/","title":{"rendered":"LSI"},"content":{"rendered":"<p>&nbsp;<\/p>\n<p><img loading=\"lazy\" decoding=\"async\" class=\"alignnone size-full wp-image-178 alignleft\" src=\"http:\/\/sites.usp.br\/psi\/wp-content\/uploads\/sites\/253\/2017\/05\/LSI.png\" alt=\"LSI\" width=\"212\" height=\"130\" \/>O\u00a0<strong>Laborat\u00f3rio de Sistemas Integr\u00e1veis<\/strong>, fundado em 1975, na Universidade de S\u00e3o Paulo, Brasil, tem suas atividades de pesquisa e desenvolvimento centradas em sistemas computacionais integrados. Como um pioneiro em muitas \u00e1reas de pesquisa, o LSI tem forte parceria com a ind\u00fastria e intensa coopera\u00e7\u00e3o com institui\u00e7\u00f5es estrangeiras. Entre os aproximadamente 250 membros do LSI, h\u00e1 22 professores da Universidade de S\u00e3o Paulo, 43 pesquisadores e membros da staff do laborat\u00f3rio, 115 estudantes de p\u00f3s-gradua\u00e7\u00e3o, 64 estudantes de gradua\u00e7\u00e3o e diversos colaboradores externos permanentes.<\/p>\n<p><a href=\"http:\/\/www.lsi.usp.br\">http:\/\/www.lsi.usp.br<\/a><\/p>\n","protected":false},"excerpt":{"rendered":"<p>&nbsp; O\u00a0Laborat\u00f3rio de Sistemas Integr\u00e1veis, fundado em 1975, na Universidade de S\u00e3o Paulo, Brasil, tem suas atividades de pesquisa e&#46;&#46;&#46;<\/p>\n","protected":false},"author":415,"featured_media":0,"parent":173,"menu_order":1,"comment_status":"closed","ping_status":"closed","template":"","meta":{"footnotes":"","_links_to":"","_links_to_target":""},"class_list":["post-175","page","type-page","status-publish","hentry"],"_links":{"self":[{"href":"https:\/\/sites.usp.br\/psi\/wp-json\/wp\/v2\/pages\/175","targetHints":{"allow":["GET"]}}],"collection":[{"href":"https:\/\/sites.usp.br\/psi\/wp-json\/wp\/v2\/pages"}],"about":[{"href":"https:\/\/sites.usp.br\/psi\/wp-json\/wp\/v2\/types\/page"}],"author":[{"embeddable":true,"href":"https:\/\/sites.usp.br\/psi\/wp-json\/wp\/v2\/users\/415"}],"replies":[{"embeddable":true,"href":"https:\/\/sites.usp.br\/psi\/wp-json\/wp\/v2\/comments?post=175"}],"version-history":[{"count":1,"href":"https:\/\/sites.usp.br\/psi\/wp-json\/wp\/v2\/pages\/175\/revisions"}],"predecessor-version":[{"id":179,"href":"https:\/\/sites.usp.br\/psi\/wp-json\/wp\/v2\/pages\/175\/revisions\/179"}],"up":[{"embeddable":true,"href":"https:\/\/sites.usp.br\/psi\/wp-json\/wp\/v2\/pages\/173"}],"wp:attachment":[{"href":"https:\/\/sites.usp.br\/psi\/wp-json\/wp\/v2\/media?parent=175"}],"curies":[{"name":"wp","href":"https:\/\/api.w.org\/{rel}","templated":true}]}}