{"id":217,"date":"2017-05-24T13:33:41","date_gmt":"2017-05-24T16:33:41","guid":{"rendered":"http:\/\/sites.usp.br\/psi\/?page_id=217"},"modified":"2017-05-24T13:34:26","modified_gmt":"2017-05-24T16:34:26","slug":"lme","status":"publish","type":"page","link":"https:\/\/sites.usp.br\/psi\/pesquisa\/lme\/","title":{"rendered":"LME"},"content":{"rendered":"<p><a href=\"http:\/\/sites.usp.br\/psi\/wp-content\/uploads\/sites\/253\/2017\/05\/LME.png\"><img loading=\"lazy\" decoding=\"async\" class=\"alignleft size-thumbnail wp-image-176\" src=\"http:\/\/sites.usp.br\/psi\/wp-content\/uploads\/sites\/253\/2017\/05\/LME-150x150.png\" alt=\"LME\" width=\"150\" height=\"150\" srcset=\"https:\/\/sites.usp.br\/psi\/wp-content\/uploads\/sites\/253\/2017\/05\/LME-150x150.png 150w, https:\/\/sites.usp.br\/psi\/wp-content\/uploads\/sites\/253\/2017\/05\/LME-160x160.png 160w, https:\/\/sites.usp.br\/psi\/wp-content\/uploads\/sites\/253\/2017\/05\/LME-320x320.png 320w, https:\/\/sites.usp.br\/psi\/wp-content\/uploads\/sites\/253\/2017\/05\/LME-45x45.png 45w, https:\/\/sites.usp.br\/psi\/wp-content\/uploads\/sites\/253\/2017\/05\/LME-200x200.png 200w\" sizes=\"auto, (max-width: 150px) 100vw, 150px\" \/><\/a>Pioneiro no desenvolvimento da Microeletr\u00f4nica no Brasil, o <strong>Laborat\u00f3rio de Microeletr\u00f4nica<\/strong> da USP foi criado em 1968 com o objetivo de desenvolver trabalhos de pesquisa e desenvolvimento tecnol\u00f3gico nesta \u00e1rea. Assim, desde sua funda\u00e7\u00e3o, tem desempenhado um papel de destaque no desenvolvimento de novas tecnologias e na forma\u00e7\u00e3o de recursos humanos, contribuindo de forma determinante para consolida\u00e7\u00e3o da Microeletr\u00f4nica no pa\u00eds.<\/p>\n<p>Com suas instala\u00e7\u00f5es ocupando cerca de 2000m\u00b2 o Laborat\u00f3rio de Microeletr\u00f4nica da USP conta com uma infra-estrutura \u00fanica no pa\u00eds, congregando aproximadamente 120 pessoas entre pesquisadores, bolsistas, equipe de apoio e estagi\u00e1rios de inicia\u00e7\u00e3o cient\u00edfica. As atividades do LME incluem as \u00e1reas de :<\/p>\n<p>Processos para microeletr\u00f4nica<br \/>\nProjeto de Circuitos Integrados<br \/>\nDispositivos de filme fino (sil\u00edcio amorfo)<br \/>\nMicroondas e Optoleletr\u00f4nica MEMS e MOEMS<br \/>\nCaracteriza\u00e7\u00e3o el\u00e9trica e \u00f3ptica de dispositivos<br \/>\nDesenvolvimento de Software<\/p>\n<p><strong><a href=\"http:\/\/www.lme.usp.br\">http:\/\/www.lme.usp.br<\/a><\/strong><\/p>\n","protected":false},"excerpt":{"rendered":"<p>Pioneiro no desenvolvimento da Microeletr\u00f4nica no Brasil, o Laborat\u00f3rio de Microeletr\u00f4nica da USP foi criado em 1968 com o objetivo&#46;&#46;&#46;<\/p>\n","protected":false},"author":415,"featured_media":0,"parent":173,"menu_order":0,"comment_status":"closed","ping_status":"closed","template":"","meta":{"footnotes":"","_links_to":"","_links_to_target":""},"class_list":["post-217","page","type-page","status-publish","hentry"],"_links":{"self":[{"href":"https:\/\/sites.usp.br\/psi\/wp-json\/wp\/v2\/pages\/217","targetHints":{"allow":["GET"]}}],"collection":[{"href":"https:\/\/sites.usp.br\/psi\/wp-json\/wp\/v2\/pages"}],"about":[{"href":"https:\/\/sites.usp.br\/psi\/wp-json\/wp\/v2\/types\/page"}],"author":[{"embeddable":true,"href":"https:\/\/sites.usp.br\/psi\/wp-json\/wp\/v2\/users\/415"}],"replies":[{"embeddable":true,"href":"https:\/\/sites.usp.br\/psi\/wp-json\/wp\/v2\/comments?post=217"}],"version-history":[{"count":2,"href":"https:\/\/sites.usp.br\/psi\/wp-json\/wp\/v2\/pages\/217\/revisions"}],"predecessor-version":[{"id":220,"href":"https:\/\/sites.usp.br\/psi\/wp-json\/wp\/v2\/pages\/217\/revisions\/220"}],"up":[{"embeddable":true,"href":"https:\/\/sites.usp.br\/psi\/wp-json\/wp\/v2\/pages\/173"}],"wp:attachment":[{"href":"https:\/\/sites.usp.br\/psi\/wp-json\/wp\/v2\/media?parent=217"}],"curies":[{"name":"wp","href":"https:\/\/api.w.org\/{rel}","templated":true}]}}