{"id":221,"date":"2017-05-24T13:36:32","date_gmt":"2017-05-24T16:36:32","guid":{"rendered":"http:\/\/sites.usp.br\/psi\/?page_id=221"},"modified":"2017-06-21T09:14:49","modified_gmt":"2017-06-21T12:14:49","slug":"lps","status":"publish","type":"page","link":"https:\/\/sites.usp.br\/psi\/pesquisa\/lps\/","title":{"rendered":"LPS"},"content":{"rendered":"<p><a href=\"\/\/sites.usp.br\/psi\/wp-content\/uploads\/sites\/253\/2017\/05\/LPS.png\"><img loading=\"lazy\" decoding=\"async\" class=\"alignleft size-thumbnail wp-image-177\" src=\"\/\/sites.usp.br\/psi\/wp-content\/uploads\/sites\/253\/2017\/05\/LPS-150x150.png\" alt=\"LPS\" width=\"150\" height=\"150\" srcset=\"https:\/\/sites.usp.br\/psi\/wp-content\/uploads\/sites\/253\/2017\/05\/LPS-150x150.png 150w, https:\/\/sites.usp.br\/psi\/wp-content\/uploads\/sites\/253\/2017\/05\/LPS-160x160.png 160w, https:\/\/sites.usp.br\/psi\/wp-content\/uploads\/sites\/253\/2017\/05\/LPS-320x320.png 320w, https:\/\/sites.usp.br\/psi\/wp-content\/uploads\/sites\/253\/2017\/05\/LPS-45x45.png 45w, https:\/\/sites.usp.br\/psi\/wp-content\/uploads\/sites\/253\/2017\/05\/LPS-200x200.png 200w\" sizes=\"auto, (max-width: 150px) 100vw, 150px\" \/><\/a><\/p>\n<p>O <strong>Laborat\u00f3rio de Processamento de Sinais<\/strong> (LPS) foi criado em 1988, pelo Professor Normonds Alens.<\/p>\n<p>Desde sua cria\u00e7\u00e3o, seus integrantes t\u00eam participado de projetos de pesquisa e parcerias com a ind\u00fastria, nas \u00e1reas de processamento de sinais (voz, \u00e1udio, imagem e v\u00eddeo), otimiza\u00e7\u00e3o de sistemas e medidas automatizadas.<\/p>\n<p>Exemplos de temas espec\u00edficos incluem: Filtragem Adaptativa, Separa\u00e7\u00e3o de Fontes, Reconhecimento e Codifica\u00e7\u00e3o de Voz, Otimiza\u00e7\u00e3o do Consumo de Energia em Sistemas de Abastecimento de \u00c1gua, Controle Ativo de Ru\u00eddo, Otimiza\u00e7\u00e3o de Investimentos, dentre outros.<\/p>\n<p>V\u00e1rias disciplinas de gradua\u00e7\u00e3o nas \u00e1reas de eletricidade b\u00e1sica e processamento de sinais est\u00e3o sob responsabilidade do Laborat\u00f3rio.<\/p>\n<p>Atualmente o LPS ocupa uma \u00e1rea de aproximadamente 330 m2.<\/p>\n<p><strong><a href=\"http:\/\/www.lps.usp.br\/\">http:\/\/www.lps.usp.br\/<\/a><\/strong><\/p>\n","protected":false},"excerpt":{"rendered":"<p>O Laborat\u00f3rio de Processamento de Sinais (LPS) foi criado em 1988, pelo Professor Normonds Alens. Desde sua cria\u00e7\u00e3o, seus integrantes&#46;&#46;&#46;<\/p>\n","protected":false},"author":415,"featured_media":0,"parent":173,"menu_order":0,"comment_status":"closed","ping_status":"closed","template":"","meta":{"footnotes":"","_links_to":"","_links_to_target":""},"class_list":["post-221","page","type-page","status-publish","hentry"],"_links":{"self":[{"href":"https:\/\/sites.usp.br\/psi\/wp-json\/wp\/v2\/pages\/221","targetHints":{"allow":["GET"]}}],"collection":[{"href":"https:\/\/sites.usp.br\/psi\/wp-json\/wp\/v2\/pages"}],"about":[{"href":"https:\/\/sites.usp.br\/psi\/wp-json\/wp\/v2\/types\/page"}],"author":[{"embeddable":true,"href":"https:\/\/sites.usp.br\/psi\/wp-json\/wp\/v2\/users\/415"}],"replies":[{"embeddable":true,"href":"https:\/\/sites.usp.br\/psi\/wp-json\/wp\/v2\/comments?post=221"}],"version-history":[{"count":4,"href":"https:\/\/sites.usp.br\/psi\/wp-json\/wp\/v2\/pages\/221\/revisions"}],"predecessor-version":[{"id":306,"href":"https:\/\/sites.usp.br\/psi\/wp-json\/wp\/v2\/pages\/221\/revisions\/306"}],"up":[{"embeddable":true,"href":"https:\/\/sites.usp.br\/psi\/wp-json\/wp\/v2\/pages\/173"}],"wp:attachment":[{"href":"https:\/\/sites.usp.br\/psi\/wp-json\/wp\/v2\/media?parent=221"}],"curies":[{"name":"wp","href":"https:\/\/api.w.org\/{rel}","templated":true}]}}