{"id":232,"date":"2017-05-30T13:54:28","date_gmt":"2017-05-30T16:54:28","guid":{"rendered":"http:\/\/sites.usp.br\/psi\/?page_id=232"},"modified":"2017-05-30T13:54:28","modified_gmt":"2017-05-30T16:54:28","slug":"gnmd","status":"publish","type":"page","link":"https:\/\/sites.usp.br\/psi\/gnmd\/","title":{"rendered":"GNMD"},"content":{"rendered":"<p><strong>Grupo de Novos Materiais e Dispositivos (GNMD)<\/strong><\/p>\n<p>Nosso grupo desenvolve pesquisas sobre a obten\u00e7\u00e3o, propriedades e aplica\u00e7\u00f5es de pel\u00edculas finas de ligas semicondutoras e isolantes obtidas pela t\u00e9cnica de PECVD (&#8220;Plasma Enhanced Chemical Vapor Deposition&#8221;) e &#8220;Sputtering.&#8221; Assim, nossas atividades envolvem estudos sobre a f\u00edsica de Novos Materiais e sobre o desenvolvimento Sistemas Micro Eletro e Opto Mec\u00e2nicos (MEMS e MOEMS) e de dispositivos semicondutores e eletro-opto-eletr\u00f4nicos para \u00f3tica integrada, \u00a0baseados nesses materias.<\/p>\n","protected":false},"excerpt":{"rendered":"<p>Grupo de Novos Materiais e Dispositivos (GNMD) Nosso grupo desenvolve pesquisas sobre a obten\u00e7\u00e3o, propriedades e aplica\u00e7\u00f5es de pel\u00edculas finas&#46;&#46;&#46;<\/p>\n","protected":false},"author":415,"featured_media":0,"parent":0,"menu_order":0,"comment_status":"closed","ping_status":"closed","template":"","meta":{"footnotes":"","_links_to":"","_links_to_target":""},"class_list":["post-232","page","type-page","status-publish","hentry"],"_links":{"self":[{"href":"https:\/\/sites.usp.br\/psi\/wp-json\/wp\/v2\/pages\/232","targetHints":{"allow":["GET"]}}],"collection":[{"href":"https:\/\/sites.usp.br\/psi\/wp-json\/wp\/v2\/pages"}],"about":[{"href":"https:\/\/sites.usp.br\/psi\/wp-json\/wp\/v2\/types\/page"}],"author":[{"embeddable":true,"href":"https:\/\/sites.usp.br\/psi\/wp-json\/wp\/v2\/users\/415"}],"replies":[{"embeddable":true,"href":"https:\/\/sites.usp.br\/psi\/wp-json\/wp\/v2\/comments?post=232"}],"version-history":[{"count":1,"href":"https:\/\/sites.usp.br\/psi\/wp-json\/wp\/v2\/pages\/232\/revisions"}],"predecessor-version":[{"id":233,"href":"https:\/\/sites.usp.br\/psi\/wp-json\/wp\/v2\/pages\/232\/revisions\/233"}],"wp:attachment":[{"href":"https:\/\/sites.usp.br\/psi\/wp-json\/wp\/v2\/media?parent=232"}],"curies":[{"name":"wp","href":"https:\/\/api.w.org\/{rel}","templated":true}]}}