{"id":238,"date":"2017-05-30T14:05:15","date_gmt":"2017-05-30T17:05:15","guid":{"rendered":"http:\/\/sites.usp.br\/psi\/?page_id=238"},"modified":"2017-05-30T14:05:15","modified_gmt":"2017-05-30T17:05:15","slug":"gside","status":"publish","type":"page","link":"https:\/\/sites.usp.br\/psi\/gside\/","title":{"rendered":"GSIDE"},"content":{"rendered":"<p><strong>Grupo de Engenharia de Superf\u00edcies, Interfaces e Deposi\u00e7\u00e3o (GSIDE)<\/strong><\/p>\n<p>&nbsp;<\/p>\n<p>As atividades do GSIDE insere-se dentro da linha de pesquisa &#8220;Dispositivos MOS, Materiais e Processos&#8221; e referem-se a:<\/p>\n<p>(a) Desenvolvimento de t\u00e9cnicas de deposi\u00e7\u00e3o eletroqu\u00edmica;<\/p>\n<p>(b) Modelos eletroqu\u00edmicos para a deposi\u00e7\u00e3o de metais e simula\u00e7\u00e3o estrutural e qu\u00edmica das termina\u00e7\u00f5es superficiais;<\/p>\n<p>(c) Estudos de limpeza para l\u00e2minas de sil\u00edcio visando a obten\u00e7\u00e3o de nanofios e estruturas MOS;<\/p>\n<p>(d) Medida das concentra\u00e7\u00f5es superficiais de contaminantes met\u00e1licos e<br \/>\nrugosidades atrav\u00e9s da t\u00e9cnica TXRF e espalhamento de luz LASER,<br \/>\nrespectivamente;<\/p>\n<p>(e) Obten\u00e7\u00e3o de diel\u00e9tricos de porta de alta constante diel\u00e9trica;<\/p>\n<p>(f) Sensores para dete\u00e7\u00e3o de esp\u00e9cies qu\u00edmicas utilizando filmes obtidos por deposi\u00e7\u00e3o eletroqu\u00edmica;<\/p>\n<p>(g) Fabrica\u00e7\u00e3o de pares termoel\u00e9tricos integrados utilizando deposi\u00e7\u00e3o eletroqu\u00edmica;<\/p>\n<p>(h) Fabrica\u00e7\u00e3o de nano-fios para dete\u00e7\u00e3o de hidrog\u00eanio;<\/p>\n<p>(i) Fabrica\u00e7\u00e3o de diodos Schotky para dete\u00e7\u00e3o de infravermelho;<\/p>\n<p>(j) Nano-oxida\u00e7\u00e3o do sil\u00edcio e fabrica\u00e7\u00e3o de nanofios para sensoreamento de esp\u00e9cies.<\/p>\n<p>As atividades mencionadas anteriormente j\u00e1 viabilizaram at\u00e9 o presente<br \/>\nmomento, diversas publica\u00e7\u00f5es nacionais e internacionais. As pesquisas<br \/>\nvem sendo financiadas com recursos do CNPq, FAPESP e Institutos do<br \/>\nMil\u00eanio. Al\u00e9m da forma\u00e7\u00e3o de recursos humanos, este grupo vem<br \/>\ncontribuindo decisivamente para a amplia\u00e7\u00e3o da infraestrutura do<br \/>\nLSI\/EPUSP, destacando-se com a compra e instala\u00e7\u00e3o de um microsc\u00f3pio de<br \/>\nfor\u00e7a at\u00f4mica (AFM), a manuten\u00e7\u00e3o dos equipamentos de processamento<br \/>\nt\u00e9rmico r\u00e1pido (RTP) e fluoresc\u00eancia de raios X em \u00e2ngulo rasante<br \/>\n(TXRF), o desenvolvimento de t\u00e9cnicas de limpeza, oxida\u00e7\u00e3o, siliceta\u00e7\u00e3o<br \/>\ne deposi\u00e7\u00e3o; compra de sistemas para caracteriza\u00e7\u00e3o de processos<br \/>\neletroqu\u00edmicos, dentre outros. Ainda,cabe destacar que como resultado<br \/>\ndo desenvolvimento de processos de eletrodeposi\u00e7\u00e3o em colabora\u00e7\u00e3o a<br \/>\nUFSC, foi constru\u00eddo um radi\u00f4metro para aplica\u00e7\u00f5es industriais como<br \/>\nparte das atividades de um projeto PADCT.<\/p>\n","protected":false},"excerpt":{"rendered":"<p>Grupo de Engenharia de Superf\u00edcies, Interfaces e Deposi\u00e7\u00e3o (GSIDE) &nbsp; As atividades do GSIDE insere-se dentro da linha de pesquisa&#46;&#46;&#46;<\/p>\n","protected":false},"author":415,"featured_media":0,"parent":0,"menu_order":0,"comment_status":"closed","ping_status":"closed","template":"","meta":{"footnotes":"","_links_to":"","_links_to_target":""},"class_list":["post-238","page","type-page","status-publish","hentry"],"_links":{"self":[{"href":"https:\/\/sites.usp.br\/psi\/wp-json\/wp\/v2\/pages\/238","targetHints":{"allow":["GET"]}}],"collection":[{"href":"https:\/\/sites.usp.br\/psi\/wp-json\/wp\/v2\/pages"}],"about":[{"href":"https:\/\/sites.usp.br\/psi\/wp-json\/wp\/v2\/types\/page"}],"author":[{"embeddable":true,"href":"https:\/\/sites.usp.br\/psi\/wp-json\/wp\/v2\/users\/415"}],"replies":[{"embeddable":true,"href":"https:\/\/sites.usp.br\/psi\/wp-json\/wp\/v2\/comments?post=238"}],"version-history":[{"count":1,"href":"https:\/\/sites.usp.br\/psi\/wp-json\/wp\/v2\/pages\/238\/revisions"}],"predecessor-version":[{"id":239,"href":"https:\/\/sites.usp.br\/psi\/wp-json\/wp\/v2\/pages\/238\/revisions\/239"}],"wp:attachment":[{"href":"https:\/\/sites.usp.br\/psi\/wp-json\/wp\/v2\/media?parent=238"}],"curies":[{"name":"wp","href":"https:\/\/api.w.org\/{rel}","templated":true}]}}