{"id":240,"date":"2017-05-30T14:10:26","date_gmt":"2017-05-30T17:10:26","guid":{"rendered":"http:\/\/sites.usp.br\/psi\/?page_id=240"},"modified":"2017-05-30T14:10:26","modified_gmt":"2017-05-30T17:10:26","slug":"na","status":"publish","type":"page","link":"https:\/\/sites.usp.br\/psi\/na\/","title":{"rendered":"NA"},"content":{"rendered":"<p><strong>Nanotecnologia aplicada (NA)<\/strong><\/p>\n<p>A nanoci\u00eancia atualmente est\u00e1 possibilitando mudan\u00e7as evolucion\u00e1rias em<\/p>\n<p>diversas \u00e1reas tecnol\u00f3gicas. O grande impacto da nanoci\u00eancia e da nanotecnologia nas mais diversas \u00e1reas industriais vai depender de habilidade em direcionar<\/p>\n<p>a montagem de sistemas hier\u00e1rquicos que incluem nanoestruturas. Muitos pesquisadores est\u00e3o focando seus trabalhos em novos materiais ou em propriedades de<\/p>\n<p>sistemas que surgiram quando o tamanho nanom\u00e9trico dos sistemas alteram as propriedades &#8220;normais&#8221; de um material ou objeto. Por exemplo, os nanotubos de<\/p>\n<p>carbono tem propriedades que s\u00e3o \u00fanicas aquela estrutura de carbono em particular, e n\u00e3o simplesmente uma extrapola\u00e7\u00e3o de outras propriedades das folhas de<\/p>\n<p>grafite. \u00c9\u00a0dificil definir a \u00e1rea de nanotecnologia ou quando come\u00e7a o interesse da nanoci\u00eancia. Quando, por exemplo, as caracter\u00edsticas de materiais<\/p>\n<p>macrosc\u00f3picos tais como a constante diel\u00e9trica e fun\u00e7\u00f5es espec\u00edficas do estado termodin\u00e2mico n\u00e3o s\u00e3o mais v\u00e1lidas, o material est\u00e1 em escala nanom\u00e9trica. Uma<\/p>\n<p>outra defini\u00e7\u00e3o\u00a0de um nanosistema\u00a0\u00e9 que ao menos uma das dimens\u00f5es caracter\u00edsticas esteja entre 1 e 100 nm. Existe, de fato, caracter\u00edsticas de materiais e<\/p>\n<p>sistemas de materiais que, quando extendidos \u00e0 regi\u00e3o nanom\u00e9trica, levam a uma melhoria das propriedades que s\u00e3o extens\u00f5es das propriedades dos sistemas em<\/p>\n<p>grande escala. Ent\u00e3o, a nanotecnologia vai inerentemente envolver a constru\u00e7\u00e3o de coisas que s\u00e3o mais r\u00e1pidas, utilizam menos energia e t?m suas propriedades<\/p>\n<p>melhoradas simplesmente porque \u00e9 poss\u00edvel fabricar, medir e projetar pequenas coisas. Desta forma, ambas as defini\u00e7\u00f5es s\u00e3o de import\u00e2ncia e significado a<\/p>\n<p>nanoci\u00eancia e a nanotecnologia, e ser\u00e3o aplicadas as tecnologias reais. Assim os trabalhos desenvolvidos pelo grupo tem como principal finalidade o<\/p>\n<p>desenvolver materiais nanoestruturados e estruturas com dimens\u00f5es submicrometricas que posssam ser aplicados, nas diversas \u00e1reas industriais que envolvam<\/p>\n<p>alta tecnologia tais como Petroquimica, Nanoeletr\u00f4nica ou Fot\u00f4nica.<\/p>\n","protected":false},"excerpt":{"rendered":"<p>Nanotecnologia aplicada (NA) A nanoci\u00eancia atualmente est\u00e1 possibilitando mudan\u00e7as evolucion\u00e1rias em diversas \u00e1reas tecnol\u00f3gicas. O grande impacto da nanoci\u00eancia e&#46;&#46;&#46;<\/p>\n","protected":false},"author":415,"featured_media":0,"parent":0,"menu_order":0,"comment_status":"closed","ping_status":"closed","template":"","meta":{"footnotes":"","_links_to":"","_links_to_target":""},"class_list":["post-240","page","type-page","status-publish","hentry"],"_links":{"self":[{"href":"https:\/\/sites.usp.br\/psi\/wp-json\/wp\/v2\/pages\/240","targetHints":{"allow":["GET"]}}],"collection":[{"href":"https:\/\/sites.usp.br\/psi\/wp-json\/wp\/v2\/pages"}],"about":[{"href":"https:\/\/sites.usp.br\/psi\/wp-json\/wp\/v2\/types\/page"}],"author":[{"embeddable":true,"href":"https:\/\/sites.usp.br\/psi\/wp-json\/wp\/v2\/users\/415"}],"replies":[{"embeddable":true,"href":"https:\/\/sites.usp.br\/psi\/wp-json\/wp\/v2\/comments?post=240"}],"version-history":[{"count":1,"href":"https:\/\/sites.usp.br\/psi\/wp-json\/wp\/v2\/pages\/240\/revisions"}],"predecessor-version":[{"id":241,"href":"https:\/\/sites.usp.br\/psi\/wp-json\/wp\/v2\/pages\/240\/revisions\/241"}],"wp:attachment":[{"href":"https:\/\/sites.usp.br\/psi\/wp-json\/wp\/v2\/media?parent=240"}],"curies":[{"name":"wp","href":"https:\/\/api.w.org\/{rel}","templated":true}]}}