{"id":251,"date":"2017-06-05T11:07:24","date_gmt":"2017-06-05T14:07:24","guid":{"rendered":"http:\/\/sites.usp.br\/psi\/?page_id=251"},"modified":"2025-05-20T14:42:40","modified_gmt":"2025-05-20T17:42:40","slug":"estagio","status":"publish","type":"page","link":"https:\/\/sites.usp.br\/psi\/graduacao\/estagio\/","title":{"rendered":"Est\u00e1gio Supervisionado"},"content":{"rendered":"<h1>PROCEDIMENTOS RELATIVOS \u00c0 DISCIPLINA DE EST\u00c1GIO SUPERVISIONADO (PSI-3593)<\/h1>\n<p>Todo aluno da \u00eanfase Eletr\u00f4nica e Sistemas Computacionais deve cursar a disciplina PSI-3593 &#8211; Est\u00e1gio Supervisionado para se formar.<\/p>\n<p>Essa disciplina requer que o aluno fa\u00e7a um est\u00e1gio, que deve <span style=\"text-decoration: underline;\"><strong>totalizar 180 horas<\/strong><\/span>. Os seguintes est\u00e1gios s\u00e3o <span style=\"text-decoration: underline;\"><strong>aceitos na disciplina<\/strong><\/span>:<\/p>\n<ol>\n<li>O est\u00e1gio <span style=\"text-decoration: underline;\">j\u00e1 realizado<\/span> (somente se o aluno ainda tiver contato com seu supervisor para assinaturas e emiss\u00e3o de parecer sobre o est\u00e1gio), <span style=\"text-decoration: underline;\">em curso<\/span> ou <span style=\"text-decoration: underline;\">que ser\u00e1 realizado no semestre de matr\u00edcula<\/span> na disciplina <span style=\"text-decoration: underline;\">em empresa conveniada com a EPUSP<\/span>;<\/li>\n<li>Inicia\u00e7\u00e3o cient\u00edfica j\u00e1 realizada ou que ser\u00e1 finalizada no semestre de matr\u00edcula na disciplina, com 180 horas de trabalho, conforme requerido para um est\u00e1gio;<\/li>\n<li>Est\u00e1gio no exterior j\u00e1 finalizado, desde que n\u00e3o seja um est\u00e1gio obrigat\u00f3rio do curr\u00edculo do aluno no exterior. O aluno deve ter contato com seu supervisor no exterior para assinaturas de documentos e emiss\u00e3o de parecer sobre o est\u00e1gio.<\/li>\n<\/ol>\n<ul>\n<li style=\"list-style-type: none;\">\n<ul>\n<li>O aluno dever\u00e1 solicitar ao Coordenador de Gradua\u00e7\u00e3o do PSI-EPUSP pelo e-mail <span style=\"text-decoration: underline;\"><span style=\"color: #0000ff; text-decoration: underline;\">coc_psi@usp.br<\/span><\/span> permiss\u00e3o para a realiza\u00e7\u00e3o de est\u00e1gio no exterior, anexando o plano de trabalho, o aceite da institui\u00e7\u00e3o\/empresa e o orientador na institui\u00e7\u00e3o\/empresa.<\/li>\n<\/ul>\n<\/li>\n<\/ul>\n<p><span style=\"color: #0000ff;\"><span style=\"color: #333399;\">Para informa\u00e7\u00f5es sobre autoriza\u00e7\u00e3o, aprova\u00e7\u00e3o e conv\u00eanios de est\u00e1gio, acesse\u00a0<\/span><a style=\"color: #0000ff;\" href=\"https:\/\/sites.google.com\/usp.br\/estagiosnapoli\">https:\/\/sites.google.com\/usp.br\/estagiosnapoli<\/a><\/span><\/p>\n<p>O est\u00e1gio deve ter como objetivo propiciar ao aluno uma complementa\u00e7\u00e3o \u00e0 sua forma\u00e7\u00e3o em termos de treinamento pr\u00e1tico, aperfei\u00e7oamento t\u00e9cnico cient\u00edfico e de relacionamento humano e conhecimento organizacional. O tema ser\u00e1 avaliado em conformidade com o curso de Engenharia de Sistemas Eletr\u00f4nicos.<\/p>\n<p>O estagi\u00e1rio deve ser supervisionado por um profissional que, dependendo do caso do est\u00e1gio, pode ser:<\/p>\n<ul>\n<li>supervisor dentro da empresa (engenheiro com CREA, ou um profissional com forma\u00e7\u00e3o equivalente que ir\u00e1 acompanhar as atividades do estagi\u00e1rio dentro da empresa, devendo portanto possuir conhecimentos t\u00e9cnicos no tema, exercendo legalmente a profiss\u00e3o segundo o CREA);<\/li>\n<li>professor orientador do PSI-EPUSP;<\/li>\n<li>supervisor no exterior.<\/li>\n<\/ul>\n<p><strong>Os alunos dever\u00e3o se matricular e seguir o conte\u00fado do s\u00edtio da disciplina PSI-3593:<\/strong><br \/>\n<a href=\"https:\/\/edisciplinas.usp.br\/acessar\/\">https:\/\/edisciplinas.usp.br\/acessar\/<\/a><\/p>\n<p>D\u00favidas sobre a disciplina, entrar em contato com: <span style=\"text-decoration: underline;\"><span style=\"color: #0000ff; text-decoration: underline;\">psi3593@lme.usp.br<\/span><\/span><\/p>\n","protected":false},"excerpt":{"rendered":"<p>PROCEDIMENTOS RELATIVOS \u00c0 DISCIPLINA DE EST\u00c1GIO SUPERVISIONADO (PSI-3593) Todo aluno da \u00eanfase Eletr\u00f4nica e Sistemas Computacionais deve cursar a disciplina&#46;&#46;&#46;<\/p>\n","protected":false},"author":415,"featured_media":0,"parent":64,"menu_order":0,"comment_status":"closed","ping_status":"closed","template":"","meta":{"footnotes":"","_links_to":"","_links_to_target":""},"class_list":["post-251","page","type-page","status-publish","hentry"],"_links":{"self":[{"href":"https:\/\/sites.usp.br\/psi\/wp-json\/wp\/v2\/pages\/251","targetHints":{"allow":["GET"]}}],"collection":[{"href":"https:\/\/sites.usp.br\/psi\/wp-json\/wp\/v2\/pages"}],"about":[{"href":"https:\/\/sites.usp.br\/psi\/wp-json\/wp\/v2\/types\/page"}],"author":[{"embeddable":true,"href":"https:\/\/sites.usp.br\/psi\/wp-json\/wp\/v2\/users\/415"}],"replies":[{"embeddable":true,"href":"https:\/\/sites.usp.br\/psi\/wp-json\/wp\/v2\/comments?post=251"}],"version-history":[{"count":4,"href":"https:\/\/sites.usp.br\/psi\/wp-json\/wp\/v2\/pages\/251\/revisions"}],"predecessor-version":[{"id":858,"href":"https:\/\/sites.usp.br\/psi\/wp-json\/wp\/v2\/pages\/251\/revisions\/858"}],"up":[{"embeddable":true,"href":"https:\/\/sites.usp.br\/psi\/wp-json\/wp\/v2\/pages\/64"}],"wp:attachment":[{"href":"https:\/\/sites.usp.br\/psi\/wp-json\/wp\/v2\/media?parent=251"}],"curies":[{"name":"wp","href":"https:\/\/api.w.org\/{rel}","templated":true}]}}