{"id":253,"date":"2017-06-05T11:07:38","date_gmt":"2017-06-05T14:07:38","guid":{"rendered":"http:\/\/sites.usp.br\/psi\/?page_id=253"},"modified":"2017-06-06T22:09:19","modified_gmt":"2017-06-07T01:09:19","slug":"intercambio-internacional","status":"publish","type":"page","link":"https:\/\/sites.usp.br\/psi\/graduacao\/intercambio-internacional\/","title":{"rendered":"Interc\u00e2mbio internacional"},"content":{"rendered":"<p>A \u00eanfase de Eletr\u00f4nica e Sistemas foi concebida reconhecendo a import\u00e2ncia da internacionaliza\u00e7\u00e3o na forma\u00e7\u00e3o de seus alunos, e est\u00e1 organizada de tal forma que os estudos feitos no exterior possam ser combinados harmoniosamente\u00a0com os estudos na POLI.<\/p>\n<p>Embora dependa de termos acordados entre as institui\u00e7\u00f5es, o princ\u00edpio que pauta as coopera\u00e7\u00f5es internacionais \u00e9 o de que os trabalhos de formatura possam ser feitos tanto na escola de origem como naquela onde complementaram seus estudos.<\/p>\n<p>O mesmo vale para os est\u00e1gios. E o PSI tem por diretriz aceitar estes modos de coopera\u00e7\u00e3o. Aceita portanto que trabalhos feitos em ingl\u00eas no exterior sejam aqui reconhecidos, bem como que alunos estrangeiros fa\u00e7am aqui seus trabalhos em ingl\u00eas.<\/p>\n<p>E dependendo da modalidade da coopera\u00e7\u00e3o em que o aluno se encontre, ele poder\u00e1:<\/p>\n<p>&#8211; no caso de Diploma Duplo, ter integralmente reconhecido seus dois anos de estudo no exterior substituindo o modulo vermelho (5 ano), devendo ao retornar completar o 8 semestre ideal, e eventualmente ainda fazer o estagio e acompanhar a disciplina de\u00a0projeto de formatura para valida\u00e7\u00e3o do seu trabalho se feito no exterior, ou para desenvolve-lo aqui caso ainda n\u00e3o o tenha feito.<\/p>\n<p>&#8211; no caso de Aproveitamento de Estudos, utilizar todas as disciplinas optativas livres para aceitar os cursos (todos ou parte) feitos no exterior.<\/p>\n<p>Por fim o PSI recomenda a todos os alunos que participem de programas de internacionaliza\u00e7\u00e3o que mantenham contato com seu tutor do PSI mantendo-o informado dos estudos no exterior, o que facilita a reintegra\u00e7\u00e3o quando de seu retorno para conclus\u00e3o de seus estudos na POLI.<\/p>\n<p>&nbsp;<\/p>\n<p>Contatos:<br \/>\n<strong>Prof.\u00a0Marcio Lobo Netto<\/strong><br \/>\nSala:\u00a0A2-58<br \/>\nTel.: (11)\u00a03091-5671<br \/>\nlobonett@lsi.usp.br<\/p>\n<p><strong>Prof. Fernando Josepetti Fonseca<\/strong><br \/>\nSala: C2-65<br \/>\nTel.: (11) 3091-0730<br \/>\nfonseca@lme.usp.br<\/p>\n<p><a href=\"http:\/\/www.poli.usp.br\/io\/comissao-de-relacoes-internacionais.html\" target=\"_blank\" rel=\"noopener noreferrer\"><br \/>\nCRINT\/Poli &#8211; Comiss\u00e3o de Rela\u00e7\u00f5es Internacionais da Poli<\/a><\/p>\n<p><a href=\"http:\/\/www.poli.usp.br\/pt\/a-poli\/adm\/servico-de-relacoes-internacionais.html\" target=\"_blank\" rel=\"noopener noreferrer\">SVREInt\/Poli &#8211;\u00a0Servi\u00e7o de Rela\u00e7\u00f5es Internacionais da Poli<\/a><\/p>\n","protected":false},"excerpt":{"rendered":"<p>A \u00eanfase de Eletr\u00f4nica e Sistemas foi concebida reconhecendo a import\u00e2ncia da internacionaliza\u00e7\u00e3o na forma\u00e7\u00e3o de seus alunos, e est\u00e1&#46;&#46;&#46;<\/p>\n","protected":false},"author":415,"featured_media":0,"parent":64,"menu_order":0,"comment_status":"closed","ping_status":"closed","template":"","meta":{"footnotes":"","_links_to":"","_links_to_target":""},"class_list":["post-253","page","type-page","status-publish","hentry"],"_links":{"self":[{"href":"https:\/\/sites.usp.br\/psi\/wp-json\/wp\/v2\/pages\/253","targetHints":{"allow":["GET"]}}],"collection":[{"href":"https:\/\/sites.usp.br\/psi\/wp-json\/wp\/v2\/pages"}],"about":[{"href":"https:\/\/sites.usp.br\/psi\/wp-json\/wp\/v2\/types\/page"}],"author":[{"embeddable":true,"href":"https:\/\/sites.usp.br\/psi\/wp-json\/wp\/v2\/users\/415"}],"replies":[{"embeddable":true,"href":"https:\/\/sites.usp.br\/psi\/wp-json\/wp\/v2\/comments?post=253"}],"version-history":[{"count":5,"href":"https:\/\/sites.usp.br\/psi\/wp-json\/wp\/v2\/pages\/253\/revisions"}],"predecessor-version":[{"id":285,"href":"https:\/\/sites.usp.br\/psi\/wp-json\/wp\/v2\/pages\/253\/revisions\/285"}],"up":[{"embeddable":true,"href":"https:\/\/sites.usp.br\/psi\/wp-json\/wp\/v2\/pages\/64"}],"wp:attachment":[{"href":"https:\/\/sites.usp.br\/psi\/wp-json\/wp\/v2\/media?parent=253"}],"curies":[{"name":"wp","href":"https:\/\/api.w.org\/{rel}","templated":true}]}}