{"id":315,"date":"2017-08-14T13:01:16","date_gmt":"2017-08-14T16:01:16","guid":{"rendered":"http:\/\/sites.usp.br\/psi\/?page_id=315"},"modified":"2023-10-26T21:09:44","modified_gmt":"2023-10-27T00:09:44","slug":"programa-de-pre-mestrado","status":"publish","type":"page","link":"https:\/\/sites.usp.br\/psi\/graduacao\/programa-de-pre-mestrado\/","title":{"rendered":"Programa de Pr\u00e9-Mestrado &#8211; PPMES"},"content":{"rendered":"<h2>Programa de Pr\u00e9-Mestrado em Eletr\u00f4nica e Sistemas (PPMES)<\/h2>\n<p>Alunos interessados devem preencher o <strong><a href=\"https:\/\/docs.google.com\/forms\/d\/e\/1FAIpQLSdbJU-mKKyRRGVTcpcbqEfS5jU3K2esO9INGRVmw_7lAnvqrw\/viewform?gxids=7757\">formul\u00e1rio<\/a> <span style=\"text-decoration: underline;\">at\u00e9 o dia 06\/11\/23<\/span><\/strong>.<\/p>\n<p>&nbsp;<\/p>\n<h4>O que \u00e9?<\/h4>\n<p>M\u00f3dulo Acad\u00eamico realizado no 5\u00b0 ano (m\u00f3dulo vermelho). Aluno cursa disciplinas de p\u00f3s-gradua\u00e7\u00e3o ao inv\u00e9s dos m\u00f3dulos acad\u00eamicos da gradua\u00e7\u00e3o.<\/p>\n<p>&nbsp;<\/p>\n<h4>A quem se destina?<\/h4>\n<p>Alunos interessados em cursar disciplinas de p\u00f3s-gradua\u00e7\u00e3o e que tenham interesse em realizar mestrado no <a href=\"http:\/\/ppgee.poli.usp.br\/pb\/\">Programa de P\u00f3s-Gradua\u00e7\u00e3o em Engenharia El\u00e9trica (PPGEE)<\/a> da Escola Polit\u00e9cnica da USP.<\/p>\n<p>&nbsp;<\/p>\n<h4>Quem pode fazer?<\/h4>\n<p>Alunos que podem fazer escolha do m\u00f3dulo acad\u00eamico. Necess\u00e1rio aprova\u00e7\u00e3o em 80% dos cr\u00e9ditos obrigat\u00f3rios at\u00e9 o 7\u00b0 semestre (inclusive).<\/p>\n<p>&nbsp;<\/p>\n<h4>Quais s\u00e3o as vantagens de se fazer pr\u00e9-mestrado?<\/h4>\n<p>Os cr\u00e9ditos cursados durante o pr\u00e9-mestrado podem ser usados no mestrado, <strong>permitindo obter o mestrado em apenas um ano ap\u00f3s a gradua\u00e7\u00e3o<\/strong> (o normal s\u00e3o dois anos a mais). Al\u00e9m disso, existe uma grande quantidade de disciplinas de p\u00f3s-gradua\u00e7\u00e3o.<\/p>\n<p>&nbsp;<\/p>\n<h4>Como fazer a candidatura?<\/h4>\n<p>Alunos interessados devem preencher o <strong><a href=\"https:\/\/docs.google.com\/forms\/d\/e\/1FAIpQLSdbJU-mKKyRRGVTcpcbqEfS5jU3K2esO9INGRVmw_7lAnvqrw\/viewform?gxids=7757\">formul\u00e1rio<\/a> <span style=\"text-decoration: underline;\">at\u00e9 o dia 06\/11\/23<\/span><\/strong>. Seu pedido ser\u00e1 analisado e sua aprova\u00e7\u00e3o (ou n\u00e3o) ser\u00e1 comunicada antes da data limite para a escolha do m\u00f3dulo acad\u00eamico. Sua aprova\u00e7\u00e3o ser\u00e1 comunicada \u00e0 Se\u00e7\u00e3o de Alunos que far\u00e1 sua inscri\u00e7\u00e3o no PPMES.<\/p>\n<p>&nbsp;<\/p>\n<h4>Quais s\u00e3o os prazos?<\/h4>\n<p>O formul\u00e1rio deve ser preenchido <strong><span style=\"text-decoration: underline;\">at\u00e9 o dia 06\/11\/23.<\/span><\/strong><\/p>\n<h4>O que preciso para fazer a candidatura?<\/h4>\n<p>O aluno deve definir um t\u00f3pico de pesquisa e procurar um tutor interessado. O aluno dever\u00e1 anexar um documento que comprove a anu\u00eancia do tutor em orient\u00e1-lo no PPMES. Pode ser um e-mail ou uma carta assinada. Al\u00e9m disso, deve-se anexar o hist\u00f3rico escolar do J\u00fapiter e a evolu\u00e7\u00e3o do curso.<\/p>\n<p>&nbsp;<\/p>\n<h4>No que consiste o pr\u00e9-mestrado?<\/h4>\n<p>Para concluir o m\u00f3dulo de pr\u00e9-mestrado (PPMES) o aluno dever\u00e1:<\/p>\n<p><strong>1)<\/strong> Cursar quaisquer 5 disciplinas de p\u00f3s-gradua\u00e7\u00e3o do PPGEE, da Escola Polit\u00e9cnica ou mesmo da USP. As disciplinas de p\u00f3s s\u00e3o trimestrais: de fevereiro a abril (1\u00b0 per\u00edodo), de maio a agosto (2\u00b0 per\u00edodo), e de setembro a novembro (3\u00b0 per\u00edodo).<\/p>\n<p>&nbsp;<\/p>\n<h4>Como \u00e9 feita a matr\u00edcula?<\/h4>\n<p>O aluno dever\u00e1 fazer <strong>matr\u00edcula na P\u00f3s-Gradua\u00e7\u00e3o e na Gradua\u00e7\u00e3o.<\/strong><\/p>\n<p>&nbsp;<\/p>\n<h4>Matr\u00edcula na P\u00f3s-Gradua\u00e7\u00e3o<\/h4>\n<ul>\n<li>\u00a02 vezes por ano: em fevereiro para as disciplinas do 1\u00b0 e 2\u00b0 per\u00edodos, e em junho para as disciplinas do 3\u00b0 per\u00edodo (verifique o <a href=\"https:\/\/ppgee.poli.usp.br\/pb\/programas\/calendario-de-matricula\/\"><strong>calend\u00e1rio<\/strong> <\/a>da p\u00f3s-gradua\u00e7\u00e3o para saber as datas)<\/li>\n<li>Dever\u00e1 ser feita atrav\u00e9s de <strong><a href=\"http:\/\/ppgee.poli.usp.br\/pb\/formularios\/\">formul\u00e1rio <\/a><\/strong><\/li>\n<\/ul>\n<h4><\/h4>\n<h4><\/h4>\n<h4>Matr\u00edcula na Gradua\u00e7\u00e3o<\/h4>\n<ul>\n<li>Para cada disciplina na p\u00f3s, o aluno deve se matricular tamb\u00e9m em uma das disciplina-espelho denominadas T\u00f3picos de Pesquisa em Engenharia I a VI (0303541 &#8211; 0303546) no J\u00fapiter<\/li>\n<li>Projeto de Formatura (pode ou n\u00e3o estar ligado ao trabalho futuro de mestrado), Est\u00e1gio Supervisionado (pode ser feito na forma de Inicia\u00e7\u00e3o Cient\u00edfica) e Optativas Livres quando forem necess\u00e1rias.<\/li>\n<\/ul>\n<p>&nbsp;<\/p>\n<p>&nbsp;<\/p>\n","protected":false},"excerpt":{"rendered":"<p>Programa de Pr\u00e9-Mestrado em Eletr\u00f4nica e Sistemas (PPMES) Alunos interessados devem preencher o formul\u00e1rio at\u00e9 o dia 06\/11\/23. &nbsp; O&#46;&#46;&#46;<\/p>\n","protected":false},"author":415,"featured_media":0,"parent":64,"menu_order":0,"comment_status":"closed","ping_status":"closed","template":"","meta":{"footnotes":"","_links_to":"","_links_to_target":""},"class_list":["post-315","page","type-page","status-publish","hentry"],"_links":{"self":[{"href":"https:\/\/sites.usp.br\/psi\/wp-json\/wp\/v2\/pages\/315","targetHints":{"allow":["GET"]}}],"collection":[{"href":"https:\/\/sites.usp.br\/psi\/wp-json\/wp\/v2\/pages"}],"about":[{"href":"https:\/\/sites.usp.br\/psi\/wp-json\/wp\/v2\/types\/page"}],"author":[{"embeddable":true,"href":"https:\/\/sites.usp.br\/psi\/wp-json\/wp\/v2\/users\/415"}],"replies":[{"embeddable":true,"href":"https:\/\/sites.usp.br\/psi\/wp-json\/wp\/v2\/comments?post=315"}],"version-history":[{"count":6,"href":"https:\/\/sites.usp.br\/psi\/wp-json\/wp\/v2\/pages\/315\/revisions"}],"predecessor-version":[{"id":777,"href":"https:\/\/sites.usp.br\/psi\/wp-json\/wp\/v2\/pages\/315\/revisions\/777"}],"up":[{"embeddable":true,"href":"https:\/\/sites.usp.br\/psi\/wp-json\/wp\/v2\/pages\/64"}],"wp:attachment":[{"href":"https:\/\/sites.usp.br\/psi\/wp-json\/wp\/v2\/media?parent=315"}],"curies":[{"name":"wp","href":"https:\/\/api.w.org\/{rel}","templated":true}]}}