{"id":502,"date":"2019-04-24T11:26:43","date_gmt":"2019-04-24T14:26:43","guid":{"rendered":"http:\/\/sites.usp.br\/psi\/?page_id=502"},"modified":"2025-05-22T11:12:05","modified_gmt":"2025-05-22T14:12:05","slug":"eventos","status":"publish","type":"page","link":"https:\/\/sites.usp.br\/psi\/eventos\/","title":{"rendered":"Eventos"},"content":{"rendered":"<h2>LSI WORKSHOP 2024<\/h2>\n<h4><strong> 05\/12\/2024 \u00e0s 15h00<\/strong><\/h4>\n<p>Prezados Professores, Pesquisadores e Alunos do LSI,<\/p>\n<p>Gostaria de convid\u00e1-los a participar do LSI WORKSHOP 2024.<br \/>\nO objetivo deste evento anual \u00e9 apresentar os principais resultados de pesquisa desenvolvidos pelos 11 grupos de pesquisa que comp\u00f5em o Laborat\u00f3rio de Sistemas Integr\u00e1veis (LSI) da Escola Polit\u00e9cnica da USP, para viabilizar intera\u00e7\u00f5es com outros grupos de pesquisa de \u00e1reas afins.<\/p>\n<p>Evento: LSI WORKSHOP 2024<br \/>\nData: 05\/12\/2024 (Quinta-feira)<br \/>\nHor\u00e1rio: 15:00 \u00e0s 18:00<br \/>\nLocal: Sala D1-03 (Pr\u00e9dio de Engenharia El\u00e9trica da USP)<\/p>\n<p>Programa\u00e7\u00e3o: <a href=\"https:\/\/sites.usp.br\/psi\/lsi-workshop-2024\/\">Link<\/a><\/p>\n<hr \/>\n<h2><strong>Oficina de Microssistemas e Sensores Aplicados na \u00c1rea M\u00e9dica<\/strong><\/h2>\n<h4><span style=\"color: #000000;\">24\/10\/2022 \u00e0 08\/11\/2022<br \/>\n<\/span><\/h4>\n<p>O Departamento de Engenharia de Sistemas Eletr\u00f4nicos da Escola Polit\u00e9cnica da USP oferece a Oficina:\u00a0<b>Microssistemas e Sensores Aplicados na \u00c1rea M\u00e9dica.<\/b><\/p>\n<p>O curso apresenta uma abordagem pr\u00e1tica e abrangente sobre a fabrica\u00e7\u00e3o de microssistemas para sensores e seus impactos na pr\u00e1tica m\u00e9dica, que ajudaram a promover longevidade com maior qualidade de vida. Neste contexto, os estudantes ir\u00e3o participar da demonstra\u00e7\u00e3o pr\u00e1tica no Laborat\u00f3rio de Sistemas Integr\u00e1veis (LSI) da EPUSP de diversos sensores voltados para a \u00e1rea Biom\u00e9dica (tais como: Temperatura Corp\u00f3rea, Massa Corp\u00f3rea, ECG, Pulso Card\u00edaco, Oximetria e Atividade Muscular) baseados em Arduino, ESP-32 e ESP-32 Lora.<\/p>\n<p>Mais informa\u00e7\u00f5es: <a href=\"https:\/\/sites.usp.br\/psi\/oficina-de-microssistemas-e-sensores-aplicados-na-area-medica\/\">https:\/\/sites.usp.br\/psi\/oficina-de-microssistemas-e-sensores-aplicados-na-area-medica\/<\/a><\/p>\n<hr \/>\n<h2><strong>Semin\u00e1rio em Pr\u00e1ticas Inovadoras no Ensino e Aprendizagem em Engenharia<\/strong><\/h2>\n<h4><span style=\"color: #000000;\">27 a 31 de maio de 2019<br \/>\n<\/span><\/h4>\n<p>A Escola Polit\u00e9cnica da USP promover\u00e1 o evento \u201cSemin\u00e1rio em Praticas Inovadoras no Ensino Aprendizagem na EPUSP\u201d entre os dias 27 a 31 de maio de 2019. Esse evento ser\u00e1 composto por de tr\u00eas partes interrelacionadas:<\/p>\n<p>Segunda\/Ter\u00e7a\/Quarta (27-28-29\/05): Apresenta\u00e7\u00e3o (manh\u00e3 e tarde) por docentes dos cursos da Poli (docentes da Poli, do IME e do IFUSP) de suas experi\u00eancias inovadoras<\/p>\n<p>Quinta (30\/05): Workshop pr\u00e1tico de um dia (manha e tarde) com especialista internacional sobre \u201cConvertendo suas aulas para o modelo Aprendizagem Invertida\u201d<\/p>\n<p>Sexta (31\/05): Workshop de um dia (manha e tarde) para cria\u00e7\u00e3o das bases de um documento de refer\u00eancia nacional sobre educa\u00e7\u00e3o em engenharia. Este processo ser\u00e1 conduzido por empresa especializada em planejamento estrat\u00e9gico que j\u00e1 atuou junto a funda\u00e7\u00f5es educacionais e empresas de grande porte.<\/p>\n<p>Pretende-se ao mesmo tempo tornar conhecidas e divulgar as pr\u00e1ticas inovadoras empregadas ou planejadas para o ensino de engenharia na Poli, oferecer uma capacita\u00e7\u00e3o a esses docentes para utiliza\u00e7\u00e3o da metodologia de aprendizagem invertida (flipped learning) e construir as bases de um documento de refer\u00eancia nacional sobre ensino de engenharia.<\/p>\n<p>A escolha dos palestrantes \u00e9 feita pelos Departamentos\/CoCs e o evento \u00e9 aberto. Para registrar sua apresenta\u00e7\u00e3o ou para assistir ao evento basta se inscrever em um dos links abaixo.<\/p>\n<h4><img loading=\"lazy\" decoding=\"async\" class=\"alignleft wp-image-558 size-full\" src=\"https:\/\/sites.usp.br\/psi\/wp-content\/uploads\/sites\/253\/2019\/05\/qrcode-palestrante-e1558013709240.png\" alt=\"\" width=\"125\" height=\"125\" srcset=\"https:\/\/sites.usp.br\/psi\/wp-content\/uploads\/sites\/253\/2019\/05\/qrcode-palestrante-e1558013709240.png 125w, https:\/\/sites.usp.br\/psi\/wp-content\/uploads\/sites\/253\/2019\/05\/qrcode-palestrante-e1558013709240-150x150.png 150w, https:\/\/sites.usp.br\/psi\/wp-content\/uploads\/sites\/253\/2019\/05\/qrcode-palestrante-e1558013709240-160x160.png 160w, https:\/\/sites.usp.br\/psi\/wp-content\/uploads\/sites\/253\/2019\/05\/qrcode-palestrante-e1558013709240-320x320.png 320w, https:\/\/sites.usp.br\/psi\/wp-content\/uploads\/sites\/253\/2019\/05\/qrcode-palestrante-e1558013709240-45x45.png 45w, https:\/\/sites.usp.br\/psi\/wp-content\/uploads\/sites\/253\/2019\/05\/qrcode-palestrante-e1558013709240-200x200.png 200w\" sizes=\"auto, (max-width: 125px) 100vw, 125px\" \/>Inscri\u00e7\u00f5es para assistir ao evento\u00a0 (Inscri\u00e7\u00f5es abertas at\u00e9 27\/05\/2019)<\/h4>\n<p><strong><span style=\"color: #000000;\"><a style=\"color: #000000;\" href=\"https:\/\/forms.gle\/hVrMfvMJX1ASRJfu8\">Clique aqui<\/a><\/span><\/strong><\/p>\n<h4><\/h4>\n<p>&nbsp;<\/p>\n<p>&nbsp;<\/p>\n<h4><\/h4>\n<hr \/>\n<h4><img loading=\"lazy\" decoding=\"async\" class=\"alignleft wp-image-556 size-full\" src=\"https:\/\/sites.usp.br\/psi\/wp-content\/uploads\/sites\/253\/2019\/05\/qrcode-local-e1558013660709.png\" alt=\"\" width=\"126\" height=\"125\" srcset=\"https:\/\/sites.usp.br\/psi\/wp-content\/uploads\/sites\/253\/2019\/05\/qrcode-local-e1558013660709.png 126w, https:\/\/sites.usp.br\/psi\/wp-content\/uploads\/sites\/253\/2019\/05\/qrcode-local-e1558013660709-150x150.png 150w, https:\/\/sites.usp.br\/psi\/wp-content\/uploads\/sites\/253\/2019\/05\/qrcode-local-e1558013660709-160x160.png 160w, https:\/\/sites.usp.br\/psi\/wp-content\/uploads\/sites\/253\/2019\/05\/qrcode-local-e1558013660709-320x320.png 320w, https:\/\/sites.usp.br\/psi\/wp-content\/uploads\/sites\/253\/2019\/05\/qrcode-local-e1558013660709-45x45.png 45w, https:\/\/sites.usp.br\/psi\/wp-content\/uploads\/sites\/253\/2019\/05\/qrcode-local-e1558013660709-200x200.png 200w\" sizes=\"auto, (max-width: 126px) 100vw, 126px\" \/>Inscri\u00e7\u00f5es para palestrantes\u00a0\u00a0(Inscri\u00e7\u00f5es abertas at\u00e9 22\/05\/2019)<\/h4>\n<p><span style=\"color: #000000;\"><strong><a style=\"color: #000000;\" href=\"https:\/\/forms.gle\/mey4qWCaVBRT1qTk9\">Clique aqui<\/a><\/strong><\/span><\/p>\n<h4><\/h4>\n<p>&nbsp;<\/p>\n<p>&nbsp;<\/p>\n<hr \/>\n<h3><\/h3>\n<p><img loading=\"lazy\" decoding=\"async\" class=\"alignleft wp-image-554 size-full\" src=\"https:\/\/sites.usp.br\/psi\/wp-content\/uploads\/sites\/253\/2019\/05\/qrcode-inscr-e1558013600522.png\" alt=\"\" width=\"127\" height=\"127\" srcset=\"https:\/\/sites.usp.br\/psi\/wp-content\/uploads\/sites\/253\/2019\/05\/qrcode-inscr-e1558013600522.png 127w, https:\/\/sites.usp.br\/psi\/wp-content\/uploads\/sites\/253\/2019\/05\/qrcode-inscr-e1558013600522-150x150.png 150w, https:\/\/sites.usp.br\/psi\/wp-content\/uploads\/sites\/253\/2019\/05\/qrcode-inscr-e1558013600522-160x160.png 160w, https:\/\/sites.usp.br\/psi\/wp-content\/uploads\/sites\/253\/2019\/05\/qrcode-inscr-e1558013600522-320x320.png 320w, https:\/\/sites.usp.br\/psi\/wp-content\/uploads\/sites\/253\/2019\/05\/qrcode-inscr-e1558013600522-45x45.png 45w, https:\/\/sites.usp.br\/psi\/wp-content\/uploads\/sites\/253\/2019\/05\/qrcode-inscr-e1558013600522-200x200.png 200w\" sizes=\"auto, (max-width: 127px) 100vw, 127px\" \/><\/p>\n<h4>Local<\/h4>\n<p><strong>Audit\u00f3rio Prof. Francisco Romeu Landi<\/strong><br \/>\nPr\u00e9dio da Administra\u00e7\u00e3o, Edif\u00edcio M\u00e1rio Covas Jr.<br \/>\nAv. Prof. Luciano Gualberto, travessa 3, no 380<br \/>\nCidade Universit\u00e1ria, S\u00e3o Paulo\/SP<\/p>\n<p>&nbsp;<\/p>\n<p>&nbsp;<\/p>\n<p><iframe loading=\"lazy\" style=\"border: 0;\" src=\"https:\/\/www.google.com\/maps\/embed?pb=!1m14!1m8!1m3!1d14629.476417256794!2d-46.7299531!3d-23.5551835!3m2!1i1024!2i768!4f13.1!3m3!1m2!1s0x0%3A0xfc69bb5b96d0158!2sAudit%C3%B3rio+Prof.+Francisco+Romeu+Landi!5e0!3m2!1spt-BR!2sbr!4v1556138431392!5m2!1spt-BR!2sbr\" width=\"600\" height=\"300\" frameborder=\"0\" allowfullscreen=\"allowfullscreen\"><\/iframe><\/p>\n<p>&nbsp;<\/p>\n<h4><\/h4>\n\r\n\t<div class=\"slideshow_container slideshow_container_style-dark\" style=\"height: 540px; \" data-slideshow-id=\"526\" data-style-name=\"style-dark\" data-style-version=\"2.3.1\" >\r\n\r\n\t\t\t\t\t<div class=\"slideshow_loading_icon\"><\/div>\r\n\t\t\r\n\t\t<div class=\"slideshow_content\" style=\"display: none;\">\r\n\r\n\t\t\t<div class=\"slideshow_view\">\r\n\t\t\t\t<div class=\"slideshow_slide slideshow_slide_image\">\r\n\t\t\t\t\t\t\t\t\t\t\t<img src=\"https:\/\/sites.usp.br\/psi\/wp-content\/uploads\/sites\/253\/2019\/04\/Slide1.png\" alt=\"Slide1\" width=\"720\" height=\"540\" \/>\r\n\t\t\t\t\t\t\t\t\t\t<div class=\"slideshow_description_box slideshow_transparent\">\r\n\t\t\t\t\t\t<div class=\"slideshow_title\">Slide1<\/div>\t\t\t\t\t\t\t\t\t\t\t<\/div>\r\n\t\t\t\t<\/div>\r\n\r\n\t\t\t\t\t\t<div style=\"clear: both;\"><\/div><\/div><div class=\"slideshow_view\">\r\n\t\t\t\t<div class=\"slideshow_slide slideshow_slide_image\">\r\n\t\t\t\t\t\t\t\t\t\t\t<img src=\"https:\/\/sites.usp.br\/psi\/wp-content\/uploads\/sites\/253\/2019\/04\/Slide2.png\" alt=\"Slide2\" width=\"720\" height=\"540\" \/>\r\n\t\t\t\t\t\t\t\t\t\t<div class=\"slideshow_description_box slideshow_transparent\">\r\n\t\t\t\t\t\t<div class=\"slideshow_title\">Slide2<\/div>\t\t\t\t\t\t\t\t\t\t\t<\/div>\r\n\t\t\t\t<\/div>\r\n\r\n\t\t\t\t\t\t<div style=\"clear: both;\"><\/div><\/div><div class=\"slideshow_view\">\r\n\t\t\t\t<div class=\"slideshow_slide slideshow_slide_image\">\r\n\t\t\t\t\t\t\t\t\t\t\t<img src=\"https:\/\/sites.usp.br\/psi\/wp-content\/uploads\/sites\/253\/2019\/04\/Slide3.png\" alt=\"Slide3\" width=\"720\" height=\"540\" \/>\r\n\t\t\t\t\t\t\t\t\t\t<div class=\"slideshow_description_box slideshow_transparent\">\r\n\t\t\t\t\t\t<div class=\"slideshow_title\">Slide3<\/div>\t\t\t\t\t\t\t\t\t\t\t<\/div>\r\n\t\t\t\t<\/div>\r\n\r\n\t\t\t\t\t\t<div style=\"clear: both;\"><\/div><\/div><div class=\"slideshow_view\">\r\n\t\t\t\t<div class=\"slideshow_slide slideshow_slide_image\">\r\n\t\t\t\t\t\t\t\t\t\t\t<img src=\"https:\/\/sites.usp.br\/psi\/wp-content\/uploads\/sites\/253\/2019\/04\/Slide4.png\" alt=\"Slide4\" width=\"720\" height=\"540\" \/>\r\n\t\t\t\t\t\t\t\t\t\t<div class=\"slideshow_description_box slideshow_transparent\">\r\n\t\t\t\t\t\t<div class=\"slideshow_title\">Slide4<\/div>\t\t\t\t\t\t\t\t\t\t\t<\/div>\r\n\t\t\t\t<\/div>\r\n\r\n\t\t\t\t\t\t<div style=\"clear: both;\"><\/div><\/div><div class=\"slideshow_view\">\r\n\t\t\t\t<div class=\"slideshow_slide slideshow_slide_image\">\r\n\t\t\t\t\t\t\t\t\t\t\t<img src=\"https:\/\/sites.usp.br\/psi\/wp-content\/uploads\/sites\/253\/2019\/04\/Slide5.png\" alt=\"Slide5\" width=\"720\" height=\"540\" \/>\r\n\t\t\t\t\t\t\t\t\t\t<div class=\"slideshow_description_box slideshow_transparent\">\r\n\t\t\t\t\t\t<div class=\"slideshow_title\">Slide5<\/div>\t\t\t\t\t\t\t\t\t\t\t<\/div>\r\n\t\t\t\t<\/div>\r\n\r\n\t\t\t\t\t\t<div style=\"clear: both;\"><\/div><\/div>\r\n\t\t<\/div>\r\n\r\n\t\t<div class=\"slideshow_controlPanel slideshow_transparent\" style=\"display: none;\"><ul><li class=\"slideshow_togglePlay\" data-play-text=\"Acionar\" data-pause-text=\"Pausar\"><\/li><\/ul><\/div>\r\n\r\n\t\t<div class=\"slideshow_button slideshow_previous slideshow_transparent\" role=\"button\" data-previous-text=\"Anterior\" style=\"display: none;\"><\/div>\r\n\t\t<div class=\"slideshow_button slideshow_next slideshow_transparent\" role=\"button\" data-next-text=\"Pr\u00f3ximo\" style=\"display: none;\"><\/div>\r\n\r\n\t\t<div class=\"slideshow_pagination\" style=\"display: none;\" data-go-to-text=\"Ir para o slide\"><div class=\"slideshow_pagination_center\"><\/div><\/div>\r\n\r\n\t\t<!-- WordPress Slideshow Version 2.3.1 -->\r\n\r\n\t\t\t<\/div>\r\n\r\n\n<h4><\/h4>\n","protected":false},"excerpt":{"rendered":"<p>LSI WORKSHOP 2024 05\/12\/2024 \u00e0s 15h00 Prezados Professores, Pesquisadores e Alunos do LSI, Gostaria de convid\u00e1-los a participar do LSI&#46;&#46;&#46;<\/p>\n","protected":false},"author":415,"featured_media":0,"parent":0,"menu_order":0,"comment_status":"closed","ping_status":"closed","template":"","meta":{"footnotes":"","_links_to":"","_links_to_target":""},"class_list":["post-502","page","type-page","status-publish","hentry"],"_links":{"self":[{"href":"https:\/\/sites.usp.br\/psi\/wp-json\/wp\/v2\/pages\/502","targetHints":{"allow":["GET"]}}],"collection":[{"href":"https:\/\/sites.usp.br\/psi\/wp-json\/wp\/v2\/pages"}],"about":[{"href":"https:\/\/sites.usp.br\/psi\/wp-json\/wp\/v2\/types\/page"}],"author":[{"embeddable":true,"href":"https:\/\/sites.usp.br\/psi\/wp-json\/wp\/v2\/users\/415"}],"replies":[{"embeddable":true,"href":"https:\/\/sites.usp.br\/psi\/wp-json\/wp\/v2\/comments?post=502"}],"version-history":[{"count":5,"href":"https:\/\/sites.usp.br\/psi\/wp-json\/wp\/v2\/pages\/502\/revisions"}],"predecessor-version":[{"id":848,"href":"https:\/\/sites.usp.br\/psi\/wp-json\/wp\/v2\/pages\/502\/revisions\/848"}],"wp:attachment":[{"href":"https:\/\/sites.usp.br\/psi\/wp-json\/wp\/v2\/media?parent=502"}],"curies":[{"name":"wp","href":"https:\/\/api.w.org\/{rel}","templated":true}]}}