{"id":606,"date":"2020-11-21T09:24:29","date_gmt":"2020-11-21T12:24:29","guid":{"rendered":"http:\/\/sites.usp.br\/psi\/?page_id=606"},"modified":"2024-02-14T11:38:14","modified_gmt":"2024-02-14T14:38:14","slug":"modulo-academico","status":"publish","type":"page","link":"https:\/\/sites.usp.br\/psi\/graduacao\/modulo-academico\/","title":{"rendered":"M\u00f3dulo Acad\u00eamico"},"content":{"rendered":"<h2>M\u00f3dulo Acad\u00eamico &#8211; Alunos da \u00canfase de Eletr\u00f4nica e Sistemas<\/h2>\n<p>Os alunos da \u00eanfase de Eletr\u00f4nica e Sistemas podem escolher entre realizar o\u00a0<a href=\"https:\/\/sites.usp.br\/psi\/graduacao\/programa-de-pre-mestrado\/\" target=\"_blank\" rel=\"noopener noreferrer\" data-saferedirecturl=\"https:\/\/www.google.com\/url?q=https:\/\/sites.usp.br\/psi\/graduacao\/programa-de-pre-mestrado\/&amp;source=gmail&amp;ust=1606050064407000&amp;usg=AOvVaw0VgdwiC-2MaX2bAcjqK_4j\"><strong>pr\u00e9-mestrado<\/strong><\/a>, o m\u00f3dulo acad\u00eamico de<strong> Sistemas Eletr\u00f4nicos Avan\u00e7ados<\/strong> ou ainda <a href=\"https:\/\/uspdigital.usp.br\/jupiterweb\/jupCursoLista?codcg=3&amp;tipo=N\"><strong>outro m\u00f3dulo acad\u00eamico<\/strong><\/a> (desde que sejam aceitos pelos respectivos m\u00f3dulos).<\/p>\n<p>Para isso, os alunos devem ter realizado pelo menos 80% dos cr\u00e9ditos obrigat\u00f3rios at\u00e9 o 7\u00b0 semestre (inclusive). A Se\u00e7\u00e3o de Alunos enviar\u00e1 um comunicado aos alunos aptos \u00e0 escolha. A escolha \u00e9 feita 2 vezes por ano e no <strong><span style=\"text-decoration: underline;\">2\u00b0 semestre de 2020 ser\u00e1<\/span> <span style=\"text-decoration: underline;\">entre os dias 25\/11 a 06\/12\/2020 pelo J\u00fapter<\/span>.<\/strong><\/p>\n<p>Alunos da \u00eanfase de Eletr\u00f4nica e Sistemas s\u00e3o inscritos no m\u00f3dulo de Sistemas Eletr\u00f4nicos Avan\u00e7ados automaticamente (n\u00e3o precisam fazer a escolha no J\u00fapter). Al\u00e9m dos cr\u00e9ditos do m\u00f3dulo acad\u00eamico, os alunos da \u00eanfase tamb\u00e9m devem realizar as disciplinas de Projeto de Formatura I e II, Est\u00e1gio Supervisionado e optativas livres necess\u00e1rias para a conclus\u00e3o do curso.<\/p>\n<p>Informa\u00e7\u00f5es sobre o processo de escolha dos m\u00f3dulos pode ser encontrada no site da\u00a0<a href=\"https:\/\/www.poli.usp.br\/ensino\/graduacao\/aluno\/escolha-de-modulo-academico\" target=\"_blank\" rel=\"noopener noreferrer\" data-saferedirecturl=\"https:\/\/www.google.com\/url?q=https:\/\/www.poli.usp.br\/ensino\/graduacao\/aluno\/escolha-de-modulo-academico&amp;source=gmail&amp;ust=1606050064407000&amp;usg=AOvVaw1U2OXBOcH4cyQRTWHky3MT\">Poli<\/a>.<\/p>\n<h2>M\u00f3dulo de Sistemas Eletr\u00f4nicos Avan\u00e7ados<\/h2>\n<p>Este m\u00f3dulo acad\u00eamico \u00e9 formado por 24 cr\u00e9ditos divididos entre o 9\u00b0 e 10\u00b0 semestres do curso de Engenharia El\u00e9trica. Ele \u00e9 direcionado (mas n\u00e3o restrito) a alunos da \u00eanfase de Eletr\u00f4nica e Sistemas. No m\u00f3dulo de Sistemas Eletr\u00f4nicos Avan\u00e7ados, existe tamb\u00e9m a possibilidade dos\u00a0alunos fazerem algumas mat\u00e9rias de outros departamentos.<\/p>\n<p>Para isso, os alunos devem ter uma autoriza\u00e7\u00e3o da CoC, validando que as escolhas fa\u00e7am parte do m\u00f3dulo vermelho do aluno. Os alunos devem preencher o\u00a0<a href=\"https:\/\/docs.google.com\/forms\/d\/e\/1FAIpQLScKjr2Hfk2E9egVveha9ZUY1sV5x2QXjtX69UCaP8mMZYxWbw\/viewform?usp=sf_link\" target=\"_blank\" rel=\"noopener noreferrer\" data-saferedirecturl=\"https:\/\/www.google.com\/url?q=https:\/\/docs.google.com\/forms\/d\/e\/1FAIpQLScKjr2Hfk2E9egVveha9ZUY1sV5x2QXjtX69UCaP8mMZYxWbw\/viewform?usp%3Dsf_link&amp;source=gmail&amp;ust=1606050064407000&amp;usg=AOvVaw20JT2MuGoi5gKHFs8AywjC\">formul\u00e1rio\u00a0<\/a>e aguardar a <span style=\"text-decoration: underline;\"><strong>pr\u00e9-aprova\u00e7\u00e3o das disciplinas de interesse antes de curs\u00e1-las.<\/strong><\/span> O plano de disciplinas do m\u00f3dulo de Sistemas Eletr\u00f4nicos Avan\u00e7ados (informado no formul\u00e1rio) poder\u00e1 ser completado e modificado ap\u00f3s o envio da solicita\u00e7\u00e3o de pr\u00e9-aprova\u00e7\u00e3o atrav\u00e9s do formul\u00e1rio.<\/p>\n<p>Ap\u00f3s ter cursado a disciplina pr\u00e9-aprovada, o aluno dever\u00e1 fazer o requerimento para a Se\u00e7\u00e3o de Alunos para que a disciplina seja contada como parte do seu m\u00f3dulo acad\u00eamico.<\/p>\n<p>Disciplinas do PSI do 4\u00b0 e 5\u00b0 anos que n\u00e3o fazem parte do m\u00f3dulo acad\u00eamico (inclusive eletivas do 8\u00b0 semestre) tamb\u00e9m podem ser consideradas. Algumas disciplinas j\u00e1 pr\u00e9-aprovadas pela CoC:<\/p>\n<p>PTC3415 &#8211; Modelagem e simula\u00e7\u00e3o<br \/>\nPTC3405 &#8211; Processos Estoc\u00e1sticos<br \/>\nPTC3451 &#8211; Processamento Estat\u00edstico e Adaptativo<br \/>\nPTC3444 &#8211; Antenas e Propaga\u00e7\u00e3o<br \/>\nPTC3429\u00a0&#8211; Laborat\u00f3rio de Circuitos de Comunica\u00e7\u00f5es<br \/>\nPSI3483 &#8211; Ondas Eletromagn\u00e9ticas em Meios Guiados<\/p>\n<p>D\u00favidas, entre em contato com a CoC pelo email: coc_psi@usp.br<\/p>\n","protected":false},"excerpt":{"rendered":"<p>M\u00f3dulo Acad\u00eamico &#8211; Alunos da \u00canfase de Eletr\u00f4nica e Sistemas Os alunos da \u00eanfase de Eletr\u00f4nica e Sistemas podem escolher&#46;&#46;&#46;<\/p>\n","protected":false},"author":21827,"featured_media":0,"parent":64,"menu_order":0,"comment_status":"closed","ping_status":"closed","template":"","meta":{"footnotes":"","_links_to":"","_links_to_target":""},"class_list":["post-606","page","type-page","status-publish","hentry"],"_links":{"self":[{"href":"https:\/\/sites.usp.br\/psi\/wp-json\/wp\/v2\/pages\/606","targetHints":{"allow":["GET"]}}],"collection":[{"href":"https:\/\/sites.usp.br\/psi\/wp-json\/wp\/v2\/pages"}],"about":[{"href":"https:\/\/sites.usp.br\/psi\/wp-json\/wp\/v2\/types\/page"}],"author":[{"embeddable":true,"href":"https:\/\/sites.usp.br\/psi\/wp-json\/wp\/v2\/users\/21827"}],"replies":[{"embeddable":true,"href":"https:\/\/sites.usp.br\/psi\/wp-json\/wp\/v2\/comments?post=606"}],"version-history":[{"count":5,"href":"https:\/\/sites.usp.br\/psi\/wp-json\/wp\/v2\/pages\/606\/revisions"}],"predecessor-version":[{"id":792,"href":"https:\/\/sites.usp.br\/psi\/wp-json\/wp\/v2\/pages\/606\/revisions\/792"}],"up":[{"embeddable":true,"href":"https:\/\/sites.usp.br\/psi\/wp-json\/wp\/v2\/pages\/64"}],"wp:attachment":[{"href":"https:\/\/sites.usp.br\/psi\/wp-json\/wp\/v2\/media?parent=606"}],"curies":[{"name":"wp","href":"https:\/\/api.w.org\/{rel}","templated":true}]}}