{"id":303,"date":"2018-08-03T22:53:23","date_gmt":"2018-08-04T01:53:23","guid":{"rendered":"http:\/\/sites.usp.br\/psicofisica\/pagina-1\/conteudo-programatico\/"},"modified":"2018-08-03T22:56:20","modified_gmt":"2018-08-04T01:56:20","slug":"conteudo-programatico","status":"publish","type":"page","link":"https:\/\/sites.usp.br\/psicofisica\/pagina-1\/conteudo-programatico\/","title":{"rendered":"Conte\u00fado Program\u00e1tico"},"content":{"rendered":"<p><strong>Parte A: Psicof\u00edsica<\/strong><br \/>\nConceitos b\u00e1sicos<br \/>\nM\u00e9todo dos limites<br \/>\nM\u00e9todo dos est\u00edmulos constantes<br \/>\nM\u00e9todo dos ajustamentos<br \/>\nM\u00e9todo das escadas \u2013 limiar absoluto e limiar diferencial<br \/>\nTeoria da Detec\u00e7\u00e3o de Sinal \/ M\u00e9todo Sim-N\u00e3o.<br \/>\nM\u00e9todo dos intervalos de confian\u00e7a<br \/>\nM\u00e9todo da Escolha For\u00e7ada<br \/>\nM\u00e9todos escalares<\/p>\n<p><strong>Parte B: Percep\u00e7\u00e3o<\/strong><br \/>\nO processo sensorial, a organiza\u00e7\u00e3o da percep\u00e7\u00e3o e o papel da aten\u00e7\u00e3o.<br \/>\nFisiologia da Vis\u00e3o<br \/>\nBrilho e Contraste<br \/>\nVis\u00e3o de Cores<br \/>\nPercep\u00e7\u00e3o Visual de Movimento<br \/>\nPercep\u00e7\u00e3o de Forma e Objetos<br \/>\nPercep\u00e7\u00e3o de Faces<br \/>\nPercep\u00e7\u00e3o Visual do Espa\u00e7o<br \/>\nConst\u00e2ncias e Ilus\u00f5es Visuais<br \/>\nSistema Auditivo e Vestibular<br \/>\nOrganiza\u00e7\u00e3o da percep\u00e7\u00e3o auditiva<br \/>\nPercep\u00e7\u00e3o da Fala<br \/>\nEfeito McGourk<br \/>\nPercep\u00e7\u00e3o T\u00e1ctil, Cinestesia e Propriocep\u00e7\u00e3o<br \/>\nDor<br \/>\nGusta\u00e7\u00e3o e Olfa\u00e7\u00e3o<\/p>\n<p><strong>Outros temas<\/strong><br \/>\nAspectos \u00e9ticos em experimentos com humanos<br \/>\nDelineamentos experimentais e an\u00e1lise estat\u00edstica<\/p>\n<p>&nbsp;<\/p>\n<p><strong>CRIT\u00c9RIO DE AVALIA\u00c7\u00c3O<\/strong><br \/>\n<strong>1 prova.<\/strong><br \/>\n<strong>1 projeto experimental (apresenta\u00e7\u00e3o oral e relat\u00f3rio).<\/strong><br \/>\n<strong>3 exerc\u00edcios extra-classes.<\/strong><\/p>\n<p><strong>NOTA FINAL = (PV+EX+RE)\/3<\/strong><br \/>\n<strong>onde: PV = nota m\u00e9dia das provas<\/strong><br \/>\n<strong>EX = nota m\u00e9dia dos exerc\u00edcios<\/strong><br \/>\n<strong>RE = nota de apresenta\u00e7\u00e3o de projeto, relat\u00f3rio e participa\u00e7\u00e3o.<\/strong><\/p>\n<p><strong>Total de aulas estimadas<\/strong>: 35<span class=\"apple-converted-space\">\u00a0(<strong>n\u00e3o exceder 8 faltas para evitar reprova\u00e7\u00e3o<\/strong>)<\/span><br \/>\n<strong>se (FREQ\u00dc\u00caNCIA &lt; 70% ou NOTA FINAL \u2264 2,0), REPROVADO.<\/strong><br \/>\n<strong>se (NOTA FINAL \u2265 5,0 e FREQ\u00dc\u00caNCIA \u2265 70%), APROVADO.<\/strong><br \/>\n<strong>se (2,0 &lt; NOTA FINAL &lt; 5,0 e FREQ\u00dc\u00caNCIA \u2265 70%), RECUPERA\u00c7\u00c3O.<\/strong><br \/>\n<strong>se (RECUPERA\u00c7\u00c3O \u2265 5,0), APROVADO sen\u00e3o REPROVADO.<\/strong><\/p>\n","protected":false},"excerpt":{"rendered":"<p>Parte A: Psicof\u00edsica Conceitos b\u00e1sicos M\u00e9todo dos limites M\u00e9todo dos est\u00edmulos constantes M\u00e9todo dos ajustamentos M\u00e9todo das escadas \u2013 limiar absoluto e limiar diferencial Teoria da Detec\u00e7\u00e3o de Sinal \/ M\u00e9todo Sim-N\u00e3o. M\u00e9todo dos intervalos de confian\u00e7a M\u00e9todo da Escolha For\u00e7ada M\u00e9todos escalares Parte B: Percep\u00e7\u00e3o O processo sensorial, a organiza\u00e7\u00e3o da percep\u00e7\u00e3o e o [&hellip;]<\/p>\n","protected":false},"author":693,"featured_media":0,"parent":62,"menu_order":0,"comment_status":"closed","ping_status":"closed","template":"","meta":{"_monsterinsights_skip_tracking":false,"_monsterinsights_sitenote_active":false,"_monsterinsights_sitenote_note":"","_monsterinsights_sitenote_category":0,"footnotes":"","_links_to":"","_links_to_target":""},"class_list":["post-303","page","type-page","status-publish","hentry"],"_links":{"self":[{"href":"https:\/\/sites.usp.br\/psicofisica\/wp-json\/wp\/v2\/pages\/303","targetHints":{"allow":["GET"]}}],"collection":[{"href":"https:\/\/sites.usp.br\/psicofisica\/wp-json\/wp\/v2\/pages"}],"about":[{"href":"https:\/\/sites.usp.br\/psicofisica\/wp-json\/wp\/v2\/types\/page"}],"author":[{"embeddable":true,"href":"https:\/\/sites.usp.br\/psicofisica\/wp-json\/wp\/v2\/users\/693"}],"replies":[{"embeddable":true,"href":"https:\/\/sites.usp.br\/psicofisica\/wp-json\/wp\/v2\/comments?post=303"}],"version-history":[{"count":2,"href":"https:\/\/sites.usp.br\/psicofisica\/wp-json\/wp\/v2\/pages\/303\/revisions"}],"predecessor-version":[{"id":307,"href":"https:\/\/sites.usp.br\/psicofisica\/wp-json\/wp\/v2\/pages\/303\/revisions\/307"}],"up":[{"embeddable":true,"href":"https:\/\/sites.usp.br\/psicofisica\/wp-json\/wp\/v2\/pages\/62"}],"wp:attachment":[{"href":"https:\/\/sites.usp.br\/psicofisica\/wp-json\/wp\/v2\/media?parent=303"}],"curies":[{"name":"wp","href":"https:\/\/api.w.org\/{rel}","templated":true}]}}