{"id":310,"date":"2018-08-03T22:58:36","date_gmt":"2018-08-04T01:58:36","guid":{"rendered":"http:\/\/sites.usp.br\/psicofisica\/pagina-2\/conteudo-programatico\/"},"modified":"2018-08-07T13:49:27","modified_gmt":"2018-08-07T16:49:27","slug":"conteudo-programatico","status":"publish","type":"page","link":"https:\/\/sites.usp.br\/psicofisica\/psicometria\/conteudo-programatico\/","title":{"rendered":"Conte\u00fado Program\u00e1tico"},"content":{"rendered":"<p><strong>***<\/strong>Para download e refer\u00eancia do material citado acessar a<strong> <a href=\"http:\/\/sites.usp.br\/psicofisica\/pagina-2\/bibliografia\/\" target=\"_blank\" rel=\"noopener noreferrer\">p\u00e1gina de bibliografia<\/a>***<\/strong><\/p>\n<p><strong>Hist\u00f3ria e a origem da psicometria<\/strong>\u00a0(Cap\u00edtulos 1 da Urbina e do Pasquali);<strong>\u00a0<\/strong><\/p>\n<p><strong>As mensura\u00e7\u00f5es e as evolu\u00e7\u00f5es das ci\u00eancias <\/strong>(Cap\u00edtulos 2 da Urbina e do Pasquali)<strong>; <\/strong><\/p>\n<p><strong>Diferen\u00e7as individuais e os processos psicol\u00f3gicos;<\/strong><\/p>\n<p>&nbsp;<\/p>\n<p>&nbsp;<\/p>\n<p>&nbsp;<\/p>\n","protected":false},"excerpt":{"rendered":"<p>***Para download e refer\u00eancia do material citado acessar a p\u00e1gina de bibliografia*** Hist\u00f3ria e a origem da psicometria\u00a0(Cap\u00edtulos 1 da Urbina e do Pasquali);\u00a0 As mensura\u00e7\u00f5es e as evolu\u00e7\u00f5es das ci\u00eancias (Cap\u00edtulos 2 da Urbina e do Pasquali); Diferen\u00e7as individuais e os processos psicol\u00f3gicos; &nbsp; &nbsp; &nbsp;<\/p>\n","protected":false},"author":693,"featured_media":0,"parent":64,"menu_order":2,"comment_status":"closed","ping_status":"closed","template":"","meta":{"_monsterinsights_skip_tracking":false,"_monsterinsights_sitenote_active":false,"_monsterinsights_sitenote_note":"","_monsterinsights_sitenote_category":0,"footnotes":"","_links_to":"","_links_to_target":""},"class_list":["post-310","page","type-page","status-publish","hentry"],"_links":{"self":[{"href":"https:\/\/sites.usp.br\/psicofisica\/wp-json\/wp\/v2\/pages\/310","targetHints":{"allow":["GET"]}}],"collection":[{"href":"https:\/\/sites.usp.br\/psicofisica\/wp-json\/wp\/v2\/pages"}],"about":[{"href":"https:\/\/sites.usp.br\/psicofisica\/wp-json\/wp\/v2\/types\/page"}],"author":[{"embeddable":true,"href":"https:\/\/sites.usp.br\/psicofisica\/wp-json\/wp\/v2\/users\/693"}],"replies":[{"embeddable":true,"href":"https:\/\/sites.usp.br\/psicofisica\/wp-json\/wp\/v2\/comments?post=310"}],"version-history":[{"count":3,"href":"https:\/\/sites.usp.br\/psicofisica\/wp-json\/wp\/v2\/pages\/310\/revisions"}],"predecessor-version":[{"id":338,"href":"https:\/\/sites.usp.br\/psicofisica\/wp-json\/wp\/v2\/pages\/310\/revisions\/338"}],"up":[{"embeddable":true,"href":"https:\/\/sites.usp.br\/psicofisica\/wp-json\/wp\/v2\/pages\/64"}],"wp:attachment":[{"href":"https:\/\/sites.usp.br\/psicofisica\/wp-json\/wp\/v2\/media?parent=310"}],"curies":[{"name":"wp","href":"https:\/\/api.w.org\/{rel}","templated":true}]}}