{"id":62,"date":"2014-02-12T11:28:30","date_gmt":"2014-02-12T13:28:30","guid":{"rendered":"http:\/\/sites.usp.br\/psicofisica\/?page_id=62"},"modified":"2019-02-18T16:51:47","modified_gmt":"2019-02-18T19:51:47","slug":"pagina-1","status":"publish","type":"page","link":"https:\/\/sites.usp.br\/psicofisica\/pagina-1\/","title":{"rendered":"Processos Psicol\u00f3gicos B\u00e1sicos: Percep\u00e7\u00e3o e Psicof\u00edsica"},"content":{"rendered":"<p>A disciplina tem como objetivo fornecer conhecimento te\u00f3rico-pr\u00e1tico dos m\u00e9todos psicof\u00edsicos cl\u00e1ssicos e modernos. Bem como possibilitar ao aluno um conhecimento geral e espec\u00edfico dos principais t\u00f3picos em percep\u00e7\u00e3o que s\u00e3o estudados com estes m\u00e9todos psicof\u00edsicos.<\/p>\n<h4 id=\"toc1\"><a name=\"x--V\u00eddeo de introdu\u00e7\u00e3o: N\u00f3s vemos a realidade como ela \u00e9?\"><\/a>V\u00eddeo de introdu\u00e7\u00e3o:\u00a0<a class=\"wiki_link_ext\" href=\"http:\/\/www.ted.com\/talks\/donald_hoffman_do_we_see_reality_as_it_is?share=1dfeab9462#t-1298415\" target=\"_blank\" rel=\"nofollow noopener noreferrer\">N\u00f3s vemos a realidade como ela \u00e9?<\/a><\/h4>\n<p><iframe loading=\"lazy\" title=\"Do we see reality as it is? | Donald Hoffman | TED\" width=\"604\" height=\"340\" src=\"https:\/\/www.youtube.com\/embed\/oYp5XuGYqqY?feature=oembed\" frameborder=\"0\" allow=\"accelerometer; autoplay; clipboard-write; encrypted-media; gyroscope; picture-in-picture; web-share\" referrerpolicy=\"strict-origin-when-cross-origin\" allowfullscreen><\/iframe><\/p>\n<p>Docente respons\u00e1vel:\u00a0<a class=\"wiki_link_ext\" href=\"http:\/\/www.ffclrp.usp.br\/docentes\/psicologiaeeducacao\/sergiosheijifukusima.php\" target=\"_blank\" rel=\"nofollow noopener noreferrer\">Prof. Dr. S\u00e9rgio Sheiji Fukusima<\/a><\/p>\n<p>Monitoria:<br \/>\n2006 e 2007:<a class=\"wiki_link_ext\" href=\"http:\/\/lattes.cnpq.br\/7754518618982180\" target=\"_blank\" rel=\"nofollow noopener noreferrer\">\u00a0Ana Irene Fonseca Mendes<\/a><br \/>\n2009:\u00a0<a class=\"wiki_link_ext\" href=\"http:\/\/buscatextual.cnpq.br\/buscatextual\/visualizacv.do?id=K4189505E9\" target=\"_blank\" rel=\"nofollow noopener noreferrer\">Joseane dos Santos Piola<\/a><br \/>\n2010 e 2011:\u00a0<a class=\"wiki_link_ext\" href=\"http:\/\/buscatextual.cnpq.br\/buscatextual\/visualizacv.do?id=K4744187E7\" target=\"_blank\" rel=\"nofollow noopener noreferrer\">Bruno Marinho de Sousa<\/a><br \/>\n2012:\u00a0<a class=\"wiki_link_ext\" href=\"http:\/\/buscatextual.cnpq.br\/buscatextual\/visualizacv.do?id=K4551203H0\" target=\"_blank\" rel=\"nofollow noopener noreferrer\">Leonardo Gomes Bernardino<\/a>\u00a0e\u00a0<a class=\"wiki_link_ext\" href=\"http:\/\/buscatextual.cnpq.br\/buscatextual\/visualizacv.do?id=H0143969\" target=\"_blank\" rel=\"nofollow noopener noreferrer\">Gabriel Arantes Tiraboschi<\/a>\u00a0(monitor PEEG)<br \/>\n2013:\u00a0<a class=\"wiki_link_ext\" href=\"http:\/\/buscatextual.cnpq.br\/buscatextual\/visualizacv.do?metodo=apresentar&amp;id=K4239719A3\" target=\"_blank\" rel=\"nofollow noopener noreferrer\">Patr\u00edcia Consolo<\/a>\u00a0e\u00a0<a class=\"wiki_link_ext\" href=\"http:\/\/buscatextual.cnpq.br\/buscatextual\/visualizacv.do?metodo=apresentar&amp;id=K4269024A3\" target=\"_blank\" rel=\"nofollow noopener noreferrer\">Rui de moraes J\u00fanior\u00a0<\/a><br \/>\n2014: Cristina Perin e\u00a0<a class=\"wiki_link_ext\" href=\"http:\/\/buscatextual.cnpq.br\/buscatextual\/visualizacv.do?id=K4239719A3\" target=\"_blank\" rel=\"nofollow noopener noreferrer\">Patricia Consolo<\/a><br \/>\n2015:\u00a0<a class=\"wiki_link_ext\" href=\"http:\/\/buscatextual.cnpq.br\/buscatextual\/visualizacv.do?id=H0143969\" rel=\"nofollow\">Gabriel Arantes Tiraboschi<\/a>\u00a0e\u00a0<a class=\"wiki_link_ext\" href=\"http:\/\/buscatextual.cnpq.br\/buscatextual\/visualizacv.do?id=K4239719A3\" target=\"_blank\" rel=\"nofollow noopener noreferrer\">Patr\u00edcia Consolo<\/a>\u00a0(monitores volunt\u00e1rios)<br \/>\n2016:\u00a0<a class=\"wiki_link_ext\" href=\"http:\/\/buscatextual.cnpq.br\/buscatextual\/visualizacv.do?id=H0143969\" target=\"_blank\" rel=\"nofollow noopener noreferrer\">Gabriel Arantes Tiraboschi<\/a><br \/>\n2017:\u00a0<a class=\"wiki_link_ext\" href=\"http:\/\/buscatextual.cnpq.br\/buscatextual\/visualizacv.do?id=H0143969\" rel=\"nofollow\">Gabriel Arantes Tiraboschi<\/a>\u00a0e\u00a0<a class=\"wiki_link_ext\" href=\"http:\/\/buscatextual.cnpq.br\/buscatextual\/visualizacv.do?id=K4239719A3\" target=\"_blank\" rel=\"nofollow noopener noreferrer\">Patr\u00edcia Consolo<\/a>\u00a0(monitores volunt\u00e1rios)<br \/>\n2018:\u00a0<a class=\"wiki_link_ext\" href=\"http:\/\/buscatextual.cnpq.br\/buscatextual\/visualizacv.do?id=H0143969\" rel=\"nofollow\">Gabriel Arantes Tiraboschi<\/a>\u00a0e\u00a0<a class=\"wiki_link_ext\" href=\"http:\/\/buscatextual.cnpq.br\/buscatextual\/visualizacv.do?id=K4239719A3\" target=\"_blank\" rel=\"nofollow noopener noreferrer\">Patr\u00edcia Consolo<\/a>\u00a0(monitora volunt\u00e1ria)<\/p>\n<p>2019:\u00a0<a class=\"wiki_link_ext\" href=\"http:\/\/buscatextual.cnpq.br\/buscatextual\/visualizacv.do?id=H0143969\" rel=\"nofollow\">Gabriel Arantes Tiraboschi<\/a>\u00a0e\u00a0<a class=\"wiki_link_ext\" href=\"http:\/\/buscatextual.cnpq.br\/buscatextual\/visualizacv.do?id=K4239719A3\" target=\"_blank\" rel=\"nofollow noopener noreferrer\">Patr\u00edcia Consolo<\/a>\u00a0(monitores volunt\u00e1rios)<\/p>\n<ul>\n<li><strong>Prof. Dr. S\u00e9rgio Sheiji Fukusima:<\/strong>\u00a0<a class=\"wiki_link_ext\" href=\"mailto:fukusima@usp.br\" rel=\"nofollow\">fukusima@usp.br<\/a><\/li>\n<li><strong>Me. Gabriel Arantes:<\/strong>\u00a0<a class=\"wiki_link_ext\" href=\"mailto:gabrielarantest@usp.br\" rel=\"nofollow\">gabrielarantest@usp.br<\/a><\/li>\n<li><strong>Dra. Patr\u00edcia Consolo:<\/strong>\u00a0<a class=\"wiki_link_ext\" href=\"mailto:pconsolo@convex.com.br\" rel=\"nofollow\">pconsolo@convex.com.br<\/a><\/li>\n<\/ul>\n<h3 id=\"toc0\"><\/h3>\n<p>Para mat\u00e9rias interessantes sobre o tema recomendamos a leitura do <a href=\"http:\/\/www.blogpercepto.com\/\">Blog Percepto<\/a>.<\/p>\n","protected":false},"excerpt":{"rendered":"<p>A disciplina tem como objetivo fornecer conhecimento te\u00f3rico-pr\u00e1tico dos m\u00e9todos psicof\u00edsicos cl\u00e1ssicos e modernos. Bem como possibilitar ao aluno um conhecimento geral e espec\u00edfico dos principais t\u00f3picos em percep\u00e7\u00e3o que s\u00e3o estudados com estes m\u00e9todos psicof\u00edsicos. V\u00eddeo de introdu\u00e7\u00e3o:\u00a0N\u00f3s vemos a realidade como ela \u00e9? Docente respons\u00e1vel:\u00a0Prof. Dr. S\u00e9rgio Sheiji Fukusima Monitoria: 2006 e 2007:\u00a0Ana [&hellip;]<\/p>\n","protected":false},"author":1,"featured_media":0,"parent":0,"menu_order":0,"comment_status":"closed","ping_status":"closed","template":"","meta":{"_monsterinsights_skip_tracking":false,"_monsterinsights_sitenote_active":false,"_monsterinsights_sitenote_note":"","_monsterinsights_sitenote_category":0,"footnotes":"","_links_to":"","_links_to_target":""},"class_list":["post-62","page","type-page","status-publish","hentry"],"_links":{"self":[{"href":"https:\/\/sites.usp.br\/psicofisica\/wp-json\/wp\/v2\/pages\/62","targetHints":{"allow":["GET"]}}],"collection":[{"href":"https:\/\/sites.usp.br\/psicofisica\/wp-json\/wp\/v2\/pages"}],"about":[{"href":"https:\/\/sites.usp.br\/psicofisica\/wp-json\/wp\/v2\/types\/page"}],"author":[{"embeddable":true,"href":"https:\/\/sites.usp.br\/psicofisica\/wp-json\/wp\/v2\/users\/1"}],"replies":[{"embeddable":true,"href":"https:\/\/sites.usp.br\/psicofisica\/wp-json\/wp\/v2\/comments?post=62"}],"version-history":[{"count":4,"href":"https:\/\/sites.usp.br\/psicofisica\/wp-json\/wp\/v2\/pages\/62\/revisions"}],"predecessor-version":[{"id":438,"href":"https:\/\/sites.usp.br\/psicofisica\/wp-json\/wp\/v2\/pages\/62\/revisions\/438"}],"wp:attachment":[{"href":"https:\/\/sites.usp.br\/psicofisica\/wp-json\/wp\/v2\/media?parent=62"}],"curies":[{"name":"wp","href":"https:\/\/api.w.org\/{rel}","templated":true}]}}