{"id":64,"date":"2014-02-12T11:28:54","date_gmt":"2014-02-12T13:28:54","guid":{"rendered":"http:\/\/sites.usp.br\/psicofisica\/?page_id=64"},"modified":"2018-12-12T13:57:44","modified_gmt":"2018-12-12T16:57:44","slug":"psicometria","status":"publish","type":"page","link":"https:\/\/sites.usp.br\/psicofisica\/psicometria\/","title":{"rendered":"Psicometria"},"content":{"rendered":"<p>Psicometria \u00e9 conjunto de t\u00e9cnicas que permite a quantifica\u00e7\u00e3o dos fen\u00f4menos psicol\u00f3gicos.\u00a0Na\u00a0disciplina ministrada na FFCLRP s\u00e3o abordados temas elementares do campo, como constructo, validade, fidedignidade, an\u00e1lise de itens, normatiza\u00e7\u00e3o e padroniza\u00e7\u00e3o; sendo todos esses aspectos caracter\u00edsticas psicometricas de testes e avalia\u00e7\u00f5es psicol\u00f3gicas.<\/p>\n<p><strong>Docentes\u00a0respons\u00e1veis<\/strong>:<\/p>\n<p>Prof. Dr. S\u00e9rgio Fukusima<\/p>\n<p>Prof. Dr. Cesar Galera<\/p>\n<p><strong>Monitores de p\u00f3s-gradua\u00e7\u00e3o<\/strong>:<\/p>\n<p>Me. Gabriel Arantes Tiraboschi (2018)<\/p>\n<blockquote class=\"wp-embedded-content\" data-secret=\"BDwGmYT4Tv\"><p><a href=\"https:\/\/sites.usp.br\/psicofisica\/psicometria\/cronograma\/\">Cronograma<\/a><\/p><\/blockquote>\n<p><iframe loading=\"lazy\" class=\"wp-embedded-content\" sandbox=\"allow-scripts\" security=\"restricted\" style=\"position: absolute; clip: rect(1px, 1px, 1px, 1px);\" title=\"&#8220;Cronograma&#8221; &#8212; Laborat\u00f3rio de Psicof\u00edsica e Percep\u00e7\u00e3o\" src=\"https:\/\/sites.usp.br\/psicofisica\/psicometria\/cronograma\/embed\/#?secret=pFZpRlxGE5#?secret=BDwGmYT4Tv\" data-secret=\"BDwGmYT4Tv\" width=\"600\" height=\"338\" frameborder=\"0\" marginwidth=\"0\" marginheight=\"0\" scrolling=\"no\"><\/iframe><\/p>\n<blockquote class=\"wp-embedded-content\" data-secret=\"m5RTqIgbni\"><p><a href=\"https:\/\/sites.usp.br\/psicofisica\/psicometria\/exercicios-de-psicometria\/\">Exerc\u00edcios de Psicometria<\/a><\/p><\/blockquote>\n<p><iframe loading=\"lazy\" class=\"wp-embedded-content\" sandbox=\"allow-scripts\" security=\"restricted\" style=\"position: absolute; clip: rect(1px, 1px, 1px, 1px);\" title=\"&#8220;Exerc\u00edcios de Psicometria&#8221; &#8212; Laborat\u00f3rio de Psicof\u00edsica e Percep\u00e7\u00e3o\" src=\"https:\/\/sites.usp.br\/psicofisica\/psicometria\/exercicios-de-psicometria\/embed\/#?secret=kH7BMqhirz#?secret=m5RTqIgbni\" data-secret=\"m5RTqIgbni\" width=\"600\" height=\"338\" frameborder=\"0\" marginwidth=\"0\" marginheight=\"0\" scrolling=\"no\"><\/iframe><\/p>\n<blockquote class=\"wp-embedded-content\" data-secret=\"xeJ3GFsAu2\"><p><a href=\"https:\/\/sites.usp.br\/psicofisica\/psicometria\/conteudo-programatico\/\">Conte\u00fado Program\u00e1tico<\/a><\/p><\/blockquote>\n<p><iframe loading=\"lazy\" class=\"wp-embedded-content\" sandbox=\"allow-scripts\" security=\"restricted\" style=\"position: absolute; clip: rect(1px, 1px, 1px, 1px);\" title=\"&#8220;Conte\u00fado Program\u00e1tico&#8221; &#8212; Laborat\u00f3rio de Psicof\u00edsica e Percep\u00e7\u00e3o\" src=\"https:\/\/sites.usp.br\/psicofisica\/psicometria\/conteudo-programatico\/embed\/#?secret=n74hr46NXP#?secret=xeJ3GFsAu2\" data-secret=\"xeJ3GFsAu2\" width=\"600\" height=\"338\" frameborder=\"0\" marginwidth=\"0\" marginheight=\"0\" scrolling=\"no\"><\/iframe><\/p>\n<blockquote class=\"wp-embedded-content\" data-secret=\"HA6UclQB9d\"><p><a href=\"https:\/\/sites.usp.br\/psicofisica\/psicometria\/bibliografia\/\">Bibliografia<\/a><\/p><\/blockquote>\n<p><iframe loading=\"lazy\" class=\"wp-embedded-content\" sandbox=\"allow-scripts\" security=\"restricted\" style=\"position: absolute; clip: rect(1px, 1px, 1px, 1px);\" title=\"&#8220;Bibliografia&#8221; &#8212; Laborat\u00f3rio de Psicof\u00edsica e Percep\u00e7\u00e3o\" src=\"https:\/\/sites.usp.br\/psicofisica\/psicometria\/bibliografia\/embed\/#?secret=7g8uWHrkHb#?secret=HA6UclQB9d\" data-secret=\"HA6UclQB9d\" width=\"600\" height=\"338\" frameborder=\"0\" marginwidth=\"0\" marginheight=\"0\" scrolling=\"no\"><\/iframe><\/p>\n<blockquote class=\"wp-embedded-content\" data-secret=\"lzGD9JSpKM\"><p><a href=\"https:\/\/sites.usp.br\/psicofisica\/psicometria\/slides-de-aulas\/\">Slides de Aulas<\/a><\/p><\/blockquote>\n<p><iframe loading=\"lazy\" class=\"wp-embedded-content\" sandbox=\"allow-scripts\" security=\"restricted\" style=\"position: absolute; clip: rect(1px, 1px, 1px, 1px);\" title=\"&#8220;Slides de Aulas&#8221; &#8212; Laborat\u00f3rio de Psicof\u00edsica e Percep\u00e7\u00e3o\" src=\"https:\/\/sites.usp.br\/psicofisica\/psicometria\/slides-de-aulas\/embed\/#?secret=LFsr3IaW1s#?secret=lzGD9JSpKM\" data-secret=\"lzGD9JSpKM\" width=\"600\" height=\"338\" frameborder=\"0\" marginwidth=\"0\" marginheight=\"0\" scrolling=\"no\"><\/iframe><\/p>\n","protected":false},"excerpt":{"rendered":"<p>Psicometria \u00e9 conjunto de t\u00e9cnicas que permite a quantifica\u00e7\u00e3o dos fen\u00f4menos psicol\u00f3gicos.\u00a0Na\u00a0disciplina ministrada na FFCLRP s\u00e3o abordados temas elementares do campo, como constructo, validade, fidedignidade, an\u00e1lise de itens, normatiza\u00e7\u00e3o e padroniza\u00e7\u00e3o; sendo todos esses aspectos caracter\u00edsticas psicometricas de testes e avalia\u00e7\u00f5es psicol\u00f3gicas. Docentes\u00a0respons\u00e1veis: Prof. Dr. S\u00e9rgio Fukusima Prof. Dr. Cesar Galera Monitores de p\u00f3s-gradua\u00e7\u00e3o: Me. [&hellip;]<\/p>\n","protected":false},"author":1,"featured_media":0,"parent":0,"menu_order":0,"comment_status":"closed","ping_status":"closed","template":"","meta":{"_monsterinsights_skip_tracking":false,"_monsterinsights_sitenote_active":false,"_monsterinsights_sitenote_note":"","_monsterinsights_sitenote_category":0,"footnotes":"","_links_to":"","_links_to_target":""},"class_list":["post-64","page","type-page","status-publish","hentry"],"_links":{"self":[{"href":"https:\/\/sites.usp.br\/psicofisica\/wp-json\/wp\/v2\/pages\/64","targetHints":{"allow":["GET"]}}],"collection":[{"href":"https:\/\/sites.usp.br\/psicofisica\/wp-json\/wp\/v2\/pages"}],"about":[{"href":"https:\/\/sites.usp.br\/psicofisica\/wp-json\/wp\/v2\/types\/page"}],"author":[{"embeddable":true,"href":"https:\/\/sites.usp.br\/psicofisica\/wp-json\/wp\/v2\/users\/1"}],"replies":[{"embeddable":true,"href":"https:\/\/sites.usp.br\/psicofisica\/wp-json\/wp\/v2\/comments?post=64"}],"version-history":[{"count":5,"href":"https:\/\/sites.usp.br\/psicofisica\/wp-json\/wp\/v2\/pages\/64\/revisions"}],"predecessor-version":[{"id":428,"href":"https:\/\/sites.usp.br\/psicofisica\/wp-json\/wp\/v2\/pages\/64\/revisions\/428"}],"wp:attachment":[{"href":"https:\/\/sites.usp.br\/psicofisica\/wp-json\/wp\/v2\/media?parent=64"}],"curies":[{"name":"wp","href":"https:\/\/api.w.org\/{rel}","templated":true}]}}