{"id":530,"date":"2016-05-05T09:52:35","date_gmt":"2016-05-05T12:52:35","guid":{"rendered":"http:\/\/sites.usp.br\/psicologiarp\/?page_id=530"},"modified":"2025-12-05T09:40:49","modified_gmt":"2025-12-05T12:40:49","slug":"pesquisa","status":"publish","type":"page","link":"https:\/\/sites.usp.br\/psicologiarp\/pb\/pesquisa\/","title":{"rendered":"Pesquisa"},"content":{"rendered":"<p><\/p>\n<div id=\"abas\">\n<ul style=\"padding: 0;margin: 0\">\n<li><a href=\"#labs\">Laborat&#243;rios de Pesquisa<\/a><\/li>\n<li><a href=\"#grupos\">Grupos de Pesquisa (CNPQ)<\/a><\/li>\n<\/ul>\n<div id=\"labs\">\n<ul class=\"lista2\"><b><\/p>\n<li>\n<p>\n                   <u> <\/u><br \/>\n                   <a href=\"\"> <\/a>\n               <\/p>\n<\/li>\n<li>\n<p>\n                    <u>Centro de Investiga\u00e7\u00e3o sobre Desenvolvimento e Educa\u00e7\u00e3o Infantil<\/u> (CINDEDI):<br \/>\n                    Coordenado pela Profa. K\u00e1tia de Souza Amorim, com participa\u00e7\u00e3o do Prof. Reinaldo Furlan.<br \/>\n                    P\u00e1gina na internet: <a href=\"http:\/\/www.cindedi.com.br\/\" target=\"_blank\" rel=\"noopener noreferrer\"><b>http:\/\/www.cindedi.com.br\/<\/b><\/a><br \/>\n                    P\u00e1gina no Instagram: <a href=\"https:\/\/www.instagram.com\/cindedi.usp\/ \" target=\"_blank\" rel=\"noopener noreferrer\"><b>https:\/\/www.instagram.com\/cindedi.usp\/ <\/b><\/a>\n                <\/p>\n<\/li>\n<li>\n<p>\n                    <u>Centro de Pesquisas em Psicodiagn\u00f3stico<\/u> (CPP):<br \/>\n                    Coordenado pelas Profas. S\u00f4nia Regina Pasian e Lucy Leal Melo-Silva, agregando as Profas. Carmen L\u00facia Cardoso e Val\u00e9ria Barbieri<br \/>\n                    P\u00e1gina na internet:<a href=\"http:\/\/www.sites.usp.br\/cpp\" target=\"_blank\" rel=\"noopener noreferrer\"><b>http:\/\/www.sites.usp.br\/cpp<\/b><\/a>\n                <\/p>\n<\/li>\n<li>\n<p>\n                    <u>Laborat\u00f3rio de Ci\u00eancias Humanas<\/u>:<br \/>\n                    Coordenado pelo Prof. Cristiano Roque Antunes Barreira<br \/>\n                    <a href=\"http:\/\/www.eeferp.usp.br\/?q=en\/node\/449\" target=\"_blank\" rel=\"noopener noreferrer\"><b>https:\/\/www.eeferp.usp.br\/?q=en\/node\/449<\/b><\/a>\n                <\/p>\n<\/li>\n<li>\n<p>\n                    <u>Laborat\u00f3rio de Ensino e Pesquisa em Psicopatologia, Drogas e Sociedade<\/u> (LePsis):<br \/>\n                    Coordenado pela Profa. Clarissa Mendon\u00e7a Corradi-Webster.<br \/>\n                    P\u00e1gina na Internet<a href=\"\/\/sites.usp.br\/lepsis\/\" target=\"_blank\" rel=\"noopener noreferrer\"><b>https:\/\/sites.usp.br\/lepsis\/<\/b><\/a><br \/>\n                    P\u00e1gina no Facebook<a href=\"https:\/\/www.facebook.com\/groups\/857874480990582\/?fref=ts\" target=\"_blank\" rel=\"noopener noreferrer\"><b>https:\/\/www.facebook.com\/groups\/857874480990582\/?fref=ts <\/b><\/a><br \/>\n                    Canal no Youtube<a href=\"https:\/\/www.youtube.com\/channel\/UCf0SeKDexkgw3aFnRjsO-GA \" target=\"_blank\" rel=\"noopener noreferrer\"><b>https:\/\/www.youtube.com\/channel\/UCf0SeKDexkgw3aFnRjsO-GA <\/b><\/a><br \/>\n                    P\u00e1gina no Instagram<a href=\"https:\/\/www.instagram.com\/lepsisusp\/ \" target=\"_blank\" rel=\"noopener noreferrer\"><b>https:\/\/www.instagram.com\/lepsisusp\/ <\/b><\/a><\/p>\n<\/li>\n<li>\n<p>\n                    <u>Laborat\u00f3rio de Etnopsicologia<\/u>:<br \/>\n                    Coordenado pelo Prof. Jos\u00e9 Francisco Miguel Henriques Bairr\u00e3o <br \/>\n                    P\u00e1gina na internet: <a href=\"\/\/sites.usp.br\/etnopsicologia\/\" target=\"_blank\" rel=\"noopener noreferrer\"><b>https:\/\/sites.usp.br\/etnopsicologia\/<\/b><\/a><br \/>\n                    P\u00e1gina no Instagram: <a href=\"https:\/\/www.instagram.com\/etnopsi.usp\/ \" target=\"_blank\" rel=\"noopener noreferrer\"><b>https:\/\/www.instagram.com\/etnopsi.usp\/<\/b><\/a><br \/>\n                    P\u00e1gina no Facebook: <a href=\"https:\/\/www.facebook.com\/etnopsicologiaUSP\" target=\"_blank\" rel=\"noopener noreferrer\"><b>https:\/\/www.facebook.com\/etnopsicologiaUSP<\/b><\/a>\n                <\/p>\n<\/li>\n<li>\n<p>\n                    <u>Laborat\u00f3rio de Processos de Subjetiva\u00e7\u00e3o em Sa\u00fade<\/u> (LaProSUS):<br \/>\n                    Coordenado pela Profa. Carmen L\u00facia Cardoso.<br \/>\n                    P\u00e1gina na internet: <a href=\"https:\/\/sites.usp.br\/laprosus\/pagina-2\/ \" target=\"_blank\" rel=\"noopener noreferrer\"><b>https:\/\/sites.usp.br\/laprosus\/pagina-2\/<\/b><\/a>\n                <\/p>\n<\/li>\n<li>\n<p>\n                    <u>Laborat\u00f3rio de Pesquisa e Estudos em Pr\u00e1ticas Grupais<\/u> (LaPEPG):<br \/>\n                    Coordenado pela Profa. Carla Guanaes-Lorenzi.<br \/>\n                    P\u00e1gina na internet:<a href=\"https:\/\/sites.usp.br\/lapepg\" target=\"_blank\" rel=\"noopener noreferrer\"><b>https:\/\/sites.usp.br\/lapepg<\/b><\/a><br \/>\n                    P\u00e1gina no Instagram:<a href=\"https:\/\/www.instagram.com\/lapepg.usp\/ \" target=\"_blank\" rel=\"noopener noreferrer\"><b>https:\/\/www.instagram.com\/lapepg.usp\/ <\/b><\/a>\n                <\/p>\n<\/li>\n<li>\n<p>\n                    <u>Laborat\u00f3rio de Pesquisa e Interven\u00e7\u00e3o Cognitivo-Comportamental<\/u> (LaPICC):<br \/>\n                    Coordenador pela Profa. Carmem Beatriz Neufeld.<br \/>\n                    P\u00e1gina na internet:<a href=\"www.lapicc.com.br\" target=\"_blank\" rel=\"noopener noreferrer\"><b>www.lapicc.com.br<\/b><\/a><br \/>\n                    P\u00e1gina no Instagram:<a href=\"https:\/\/www.instagram.com\/lapiccusp\/ \" target=\"_blank\" rel=\"noopener noreferrer\"><b>https:\/\/www.instagram.com\/lapiccusp\/ <\/b><\/a><br \/>\n                    P\u00e1gina no Facebook:<a href=\"https:\/\/www.facebook.com\/LaPICC.USP \" target=\"_blank\" rel=\"noopener noreferrer\"><b>https:\/\/www.facebook.com\/LaPICC.USP <\/b><\/a><br \/>\n                    Canal no Youtube:<a href=\"https:\/\/www.youtube.com\/channel\/UCRQwAbnzngpwVlgBj0645HA\" target=\"_blank\" rel=\"noopener noreferrer\"><b>https:\/\/www.youtube.com\/channel\/UCRQwAbnzngpwVlgBj0645HA<\/b><\/a>\n                <\/p>\n<\/li>\n<p><!--\n            \n\n<li>\n                \n\n<p>\n                    <u>Laborat\u00f3rio de Pesquisa e Preven\u00e7\u00e3o em Problemas de Desenvolvimento e Comportamento da Crian\u00e7a<\/u> (LAPREDES-FMRP\/USP):\n                    Coordenado pela Profa. Maria Beatriz Martins Linhares. \n                    <a href=\"http:\/\/lapredes.fmrp.usp.br\/\" target=\"_blank\" rel=\"noopener noreferrer\"><b>http:\/\/lapredes.fmrp.usp.br\/<\/b><\/a>\n                <\/p>\n\n\n            <\/li>\n\n\n-->                        <\/p>\n<li>\n<p>\n                    <u>Laborat\u00f3rio de Pesquisa em Orienta\u00e7\u00e3o Profissional e de Carreira<\/u>:<br \/>\n                    Coordenado pela Profa. Lucy Leal Melo-Silva.<br \/>\n                    P\u00e1gina na internet: <a href=\"https:\/\/sites.usp.br\/carreiralab\/ \" target=\"_blank\" rel=\"noopener noreferrer\"><b>https:\/\/sites.usp.br\/carreiralab\/<\/b><\/a><br \/>\n                    <!-- <a href=\"https:\/\/sites.usp.br\/carreiralab\/ \" target=\"_blank\" rel=\"noopener noreferrer\"><b>https:\/\/sites.usp.br\/carreiralab\/<\/b><\/a>                     -->\n                <\/p>\n<\/li>\n<li>\n<p>\n                    <u>Laborat\u00f3rio de Psicologia da Educa\u00e7\u00e3o e Escolar<\/u> (LAPEES):<br \/>\n                    Coordenado pela Profa. Luciana Carla dos Santos Elias, com participa\u00e7\u00e3o da Profa. Sylvia Domingos Barrera e Prof. Ant\u00f4nio dos Santos Andrade.<br \/>\n                    P\u00e1gina na internet: <a href=\"https:\/\/www.ffclrp.usp.br\/departamentos\/dp\/lab\/lab-lapees.php\" target=\"_blank\" rel=\"noopener noreferrer\"><b>https:\/\/www.ffclrp.usp.br\/departamentos\/dp\/lab\/lab-lapees.php<\/b>  <\/a><br \/>\n                    P\u00e1gina no Instagram: <a href=\"https:\/\/www.instagram.com\/lapees_usp\/\" target=\"_blank\" rel=\"noopener noreferrer\"><b>https:\/\/www.instagram.com\/lapees_usp\/<\/b>  <\/a>                    <\/p>\n<\/li>\n<li>\n<p>\n                    <u>Laborat\u00f3rio de Psicologia Organizacional e do Trabalho<\/u> (LabPOT):<br \/>\n                    Coordenado pelas Profas. Marina Greghi Sticca e Tha\u00eds Zerbini.<br \/>\n                    P\u00e1gina na internet: <a href=\"http:\/\/dgp.cnpq.br\/dgp\/espelhogrupo\/628766\" target=\"_blank\" rel=\"noopener noreferrer\"><b>Site LabPot <\/b><\/a><br \/>\n                    P\u00e1gina no Facebook: <a href=\"https:\/\/www.facebook.com\/labpotusp\/\" target=\"_blank\" rel=\"noopener noreferrer\"><b>https:\/\/www.facebook.com\/labpotusp\/<\/b><\/a><br \/>\n                    P\u00e1gina no Instagram: <a href=\"https:\/\/www.instagram.com\/labpotusp\/\" target=\"_blank\" rel=\"noopener noreferrer\"><b>https:\/\/www.instagram.com\/labpotusp\/ <\/b><\/a><br \/>\n                    Canal no Youtube: <a href=\"https:\/\/www.youtube.com\/channel\/UCI0EJGFdejf4XZpnYv7gchQ\" target=\"_blank\" rel=\"noopener noreferrer\"><b>https:\/\/www.youtube.com\/channel\/UCI0EJGFdejf4XZpnYv7gchQ<\/b><\/a><\/p>\n<\/li>\n<li>\n<p>\n                    <u>Laborat\u00f3rio de Psicologia Socioambiental e Pr\u00e1ticas Educativas<\/u> (LAPSAPE) :<br \/>\n                    Coordenado pela Profa. Ana Paula Soares da Silva.<br \/>\n                    P\u00e1gina na internet: <a href=\"https:\/\/sites.usp.br\/lapsape\/\" target=\"_blank\" rel=\"noopener noreferrer\"><b>https:\/\/sites.usp.br\/lapsape\/ <\/b><\/a><br \/>\n                    Podcast no Spotify: <a href=\"https:\/\/open.spotify.com\/show\/2U6UOiItxHcDXTU6lHXDG1?si=0f4e024ac5f64159\" target=\"_blank\" rel=\"noopener noreferrer\"><b>https:\/\/open.spotify.com\/show\/2U6UOiItxHcDXTU6lHXDG1?si=0f4e024ac5f64159 <\/b><\/a>\n                <\/p>\n<\/li>\n<p><!--\n            \n\n<li>\n                \n\n<p>\n                    <u>Laborat\u00f3rio Discursivo Sujeito, Rede Eletr\u00f4nica e Sentidos em Movimento<\/u> (E-l@dis):\n                    Coordenado pela Profa. Luc\u00edlia Maria Abrah\u00e3o e Sousa. \n                    <a href=\"https:\/\/www.facebook.com\/eladisusp\" target=\"_blank\" rel=\"noopener noreferrer\"><b>https:\/\/www.facebook.com\/eladisusp <\/b><\/a>\n                <\/p>\n\n\n            <\/li>\n\n\n-->                        <\/p>\n<li>\n<p>\n                    <u>Laborat\u00f3rio do Grupo de Estudos e Pesquisa em Desenvolvimento e Interven\u00e7\u00e3o Psicossocial<\/u> (GEPDIP):<br \/>\n                    Coordenado pela Profa. Marina Rezende Bazon.<br \/>\n                    P\u00e1gina na internet: <a href=\"https:\/\/sites.usp.br\/gepdip\/\" target=\"_blank\" rel=\"noopener noreferrer\"><b>https:\/\/sites.usp.br\/gepdip\/  <\/b><\/a><br \/>\n                    P\u00e1gina no Instagram: <a href=\"https:\/\/www.instagram.com\/gepdipffclrpusp\/ \" target=\"_blank\" rel=\"noopener noreferrer\"><b>https:\/\/www.instagram.com\/gepdipffclrpusp\/   <\/b><\/a>\n                <\/p>\n<\/li>\n<li>\n<p>\n                    <u>Laborat\u00f3rio do N\u00facleo de Ensino e Pesquisa em Psicologia da Sa\u00fade<\/u> (LEPPS):<br \/>\n                    Coordenado pelo Prof. Manoel Ant\u00f4nio dos Santos e com participa\u00e7\u00e3o da psic\u00f3loga \u00c9rika Arantes Cardoso de Oliveira.<br \/>\n                    P\u00e1gina na internet: <a href=\"https:\/\/sites.usp.br\/lepps\/\" target=\"_blank\" rel=\"noopener noreferrer\"><b>https:\/\/sites.usp.br\/lepps\/ <\/b><\/a><br \/>\n                    P\u00e1gina no Facebook: <a href=\"https:\/\/www.facebook.com\/LEPPS.USP\" target=\"_blank\" rel=\"noopener noreferrer\"><b>https:\/\/www.facebook.com\/LEPPS.USP<\/b><\/a><br \/>\n                    P\u00e1gina no Instagram: <a href=\"https:\/\/www.instagram.com\/leppsusp\/\" target=\"_blank\" rel=\"noopener noreferrer\"><b>https:\/\/www.instagram.com\/leppsusp\/ <\/b><\/a><br \/>\n                    Canal no Youtube: <a href=\"https:\/\/www.youtube.com\/channel\/UCOZcUbHMRmsXzJGDI2fF7TA\" target=\"_blank\" rel=\"noopener noreferrer\"><b>https:\/\/www.youtube.com\/channel\/UCOZcUbHMRmsXzJGDI2fF7TA<\/b><\/a><\/p>\n<\/li>\n<li>\n<p>\n                    <u>Laborat\u00f3rio de Pesquisa em Pr\u00e1ticas Dial\u00f3gicas e Colaborativas<\/u> (DIALOG):<br \/>\n                    Coordenado pela Profa. Laura Vilela e Souza.<br \/>\n                    P\u00e1gina na internet: <a href=\"http:\/\/www.uspdialog.com.br\" target=\"_blank\" rel=\"noopener noreferrer\"><b>https:\/\/www.uspdialog.com.br<\/b><\/a><br \/>\n                    Canal no Youtube: <a href=\"https:\/\/www.youtube.com\/channel\/UCqCdyT3GDBWnLY1XF22OQIg\" target=\"_blank\" rel=\"noopener noreferrer\"><b>https:\/\/www.youtube.com\/channel\/UCqCdyT3GDBWnLY1XF22OQIg<\/b><\/a>\n                <\/p>\n<\/li>\n<li>\n<p>\n                    <u>Laborat\u00f3rio do Grupo de Antropologia em Contextos Isl\u00e2micos e \u00c1rabes <\/u> (GRACIAS):<br \/>\n                    Coordenado pela Profa. Francirosy Campos Barbosa.<br \/>\n                    P\u00e1gina no Facebook: <a href=\"https:\/\/www.facebook.com\/gracias.usp\/\" target=\"_blank\" rel=\"noopener noreferrer\"><b>https:\/\/www.facebook.com\/gracias.usp\/<\/b><\/a><br \/>\n                    Canal no Youtube: <a href=\"https:\/\/www.youtube.com\/channel\/UCXzlbJTx9g02a5D1KleD0tw\" target=\"_blank\" rel=\"noopener noreferrer\"><b>https:\/\/www.youtube.com\/channel\/UCXzlbJTx9g02a5D1KleD0tw<\/b><\/a><br \/>\n                    P\u00e1gina no Instagram: <a href=\"https:\/\/www.instagram.com\/grupogracias\/\" target=\"_blank\" rel=\"noopener noreferrer\"><b>https:\/\/www.instagram.com\/grupogracias\/<\/b><\/a>\n                <\/p>\n<\/li>\n<li>\n<p>\n                    <u>Laborat\u00f3rio de Pesquisa em Pol\u00edticas P\u00fablicas em Sa\u00fade <\/u> (LAPEPPS):<br \/>\n                    Coordenado pela Profa. Marina Sim\u00f5es Fl\u00f3rio Ferreira Bertagnoli.\n                <\/p>\n<\/li>\n<li>\n<\/li>\n<\/ul><\/div>\n<div id=\"grupos\">\n<ul class=\"lista2\">\n<li><strong>Laborat\u00f3rio de Psicologia da Educa\u00e7\u00e3o e Escolar (LAPEES) \u2013 USP:<\/strong><br \/> Liderado pelas Profas. Luciana Carla dos Santos Elias e Sylvia Domingos Barrera, com participa\u00e7\u00e3o do Prof. Ant\u00f4nio dos Santos Andrade<br \/>\n                <a href=\"http:\/\/dgp.cnpq.br\/dgp\/espelhogrupo\/33968\" target=\"_blank\" rel=\"noopener noreferrer\"><b>http:\/\/dgp.cnpq.br\/dgp\/espelhogrupo\/33968<\/b><\/a><\/p>\n<\/li>\n<li><strong>Psicologia, Sa\u00fade e Construcionismo Social \u2013 USP:<\/strong><br \/> Liderado pela Profa. Carla Guanaes-Lorenzi e pelo Prof. Emerson Fernando Rasera (UFU).<br \/>\n                <a href=\"http:\/\/dgp.cnpq.br\/dgp\/espelhogrupo\/1736207235122957\" target=\"_blank\" rel=\"noopener noreferrer\"><b>http:\/\/dgp.cnpq.br\/dgp\/espelhogrupo\/1736207235122957<\/b><\/a><\/p>\n<\/li>\n<p>            <!-- \n\n<li>Laborat\u00f3rio de Pesquisa e Integra\u00e7\u00e3o: Psicologia, Tecnologia e Educa\u00e7\u00e3o-ConectaLab \u2013 USP, liderado pela Profa. Fabiana Maris Versuti e Profa. Carmem Beatriz Neufeld\n                <a href=\"http:\/\/dgp.cnpq.br\/dgp\/espelhogrupo\/526238\" target=\"_blank\" rel=\"noopener noreferrer\"><b>http:\/\/dgp.cnpq.br\/dgp\/espelhogrupo\/526238<\/b><\/a>\n                \n\n\n            <\/li>\n\n --><\/p>\n<li><strong>Centro de Pesquisas em Psicodiagn\u00f3stico \u2013 USP:<\/strong><br \/> Liderado pelas Profas. S\u00f4nia Regina Pasian e Lucy Leal Melo-Silva, com participa\u00e7\u00e3o das Profas. Carmen L\u00facia Cardoso e Val\u00e9ria Barbieri<br \/>\n                <a href=\"http:\/\/dgp.cnpq.br\/dgp\/espelhogrupo\/40746\" target=\"_blank\" rel=\"noopener noreferrer\"><b>http:\/\/dgp.cnpq.br\/dgp\/espelhogrupo\/40746<\/b><\/a><\/p>\n<\/li>\n<li><strong>Laborat\u00f3rio de Ensino e Pesquisa em Psicopatologia, Drogas e Sociedade:<\/strong><br \/> Liderado pela Profa. Clarissa Mendon\u00e7a Corradi-Webster<br \/>\n                <a href=\"http:\/\/dgp.cnpq.br\/dgp\/espelhogrupo\/496219\" target=\"_blank\" rel=\"noopener noreferrer\"><b>http:\/\/dgp.cnpq.br\/dgp\/espelhogrupo\/496219<\/b><\/a><\/p>\n<\/li>\n<li><strong>Fenomenologia e Pr\u00e1ticas Corporais \u2013 USP:<\/strong><br \/> Liderado pelo Prof. Cristiano Roque Antunes Barreira<br \/>\n                <a href=\"http:\/\/dgp.cnpq.br\/dgp\/espelhogrupo\/2640196484485719\" target=\"_blank\" rel=\"noopener noreferrer\"><b>http:\/\/dgp.cnpq.br\/dgp\/espelhogrupo\/2640196484485719<\/b><\/a><\/p>\n<\/li>\n<p>            <!-- \n\n<li>GRACIAS - Grupo de Antropologia em Contextos Isl\u00e2micos e \u00c1rabes \u2013 USP, liderado pela Profa. Francirosy Campos Barbosa \n                <a href=\"http:\/\/dgp.cnpq.br\/dgp\/espelhogrupo\/513979\" target=\"_blank\" rel=\"noopener noreferrer\"><b>http:\/\/dgp.cnpq.br\/dgp\/espelhogrupo\/513979<\/b><\/a>\n                \n\n\n            <\/li>\n\n --><\/p>\n<li><strong>Etnopsicologia \u2013 USP:<\/strong><br \/> Liderado pelo Prof. Jos\u00e9 Francisco Miguel Bairr\u00e3o<br \/>\n                <a href=\"http:\/\/dgp.cnpq.br\/dgp\/espelhogrupo\/589166\" target=\"_blank\" rel=\"noopener noreferrer\"><b>http:\/\/dgp.cnpq.br\/dgp\/espelhogrupo\/589166<\/b><\/a><\/p>\n<\/li>\n<li><strong>Centro de Investiga\u00e7\u00f5es sobre Desenvolvimento Humano e Educa\u00e7\u00e3o Infantil \u2013 USP:<\/strong><br \/> Liderado pela Profa. Katia de Souza Amorim<br \/>\n                <a href=\"http:\/\/dgp.cnpq.br\/dgp\/espelhogrupo\/477358\" target=\"_blank\" rel=\"noopener noreferrer\"><b>http:\/\/dgp.cnpq.br\/dgp\/espelhogrupo\/477358<\/b><\/a><\/p>\n<\/li>\n<li><strong>Laborat\u00f3rio de Ensino e Pesquisa em Psicologia da Sa\u00fade \u2013 USP:<\/strong> <br \/>Liderado pelo Prof. Manoel Ant\u00f4nio dos Santos, com participa\u00e7\u00e3o das Profas. \u00c9rika Arantes de Oliveira Cardoso e Val\u00e9ria Barbieri<br \/>\n                <a href=\"http:\/\/dgp.cnpq.br\/dgp\/espelhogrupo\/3212\" target=\"_blank\" rel=\"noopener noreferrer\"><b>http:\/\/dgp.cnpq.br\/dgp\/espelhogrupo\/3212<\/b><\/a><\/p>\n<\/li>\n<li><strong>Laborat\u00f3rio de Pesquisa em Pol\u00edticas P\u00fablicas em Sa\u00fade \u2013 USP:<\/strong><br \/> Liderado pela Profa. Marina Sim\u00f5es Fl\u00f3rio Ferreira Bertagnoni<br \/>\n                <a href=\"http:\/\/dgp.cnpq.br\/dgp\/espelhogrupo\/484798\" target=\"_blank\" rel=\"noopener noreferrer\"><b>http:\/\/dgp.cnpq.br\/dgp\/espelhogrupo\/484798<\/b><\/a><\/p>\n<\/li>\n<li><strong>Psicologia Organizacional e do Trabalho (LabPOT\/USP):<\/strong><br \/> Liderado pela Profa. Tha\u00eds Zerbini, com participa\u00e7\u00e3o da Profa. Marina Greghi Sticca<br \/>\n                <a href=\"http:\/\/dgp.cnpq.br\/dgp\/espelhogrupo\/628766\" target=\"_blank\" rel=\"noopener noreferrer\"><b>http:\/\/dgp.cnpq.br\/dgp\/espelhogrupo\/628766<\/b><\/a><\/p>\n<\/li>\n<li><strong>Laborat\u00f3rio de Psicologia Socioambiental e Pr\u00e1ticas Educativas \u2013 LAPSAPE:<\/strong><br \/> Liderado pela Profa. Ana Paula Soares da Silva<br \/>\n                <a href=\"https:\/\/dgp.cnpq.br\/dgp\/espelhogrupo\/722433\" target=\"_blank\" rel=\"noopener noreferrer\"><b>https:\/\/dgp.cnpq.br\/dgp\/espelhogrupo\/722433<\/b><\/a><\/p>\n<\/li>\n<li><strong>Grupo de Estudos e Pesquisa em Desenvolvimento e Interven\u00e7\u00e3o Psicossocial (GEPDIP):<\/strong><br \/> Liderado pela Profa. Marina Rezende Bazon<br \/>\n                <a href=\"https:\/\/dgp.cnpq.br\/dgp\/espelhogrupo\/783167\" target=\"_blank\" rel=\"noopener noreferrer\"><b>https:\/\/dgp.cnpq.br\/dgp\/espelhogrupo\/783167<\/b><\/a><\/p>\n<\/li>\n<li><strong>DILALOG Laborat\u00f3rio de Pesquisa em Pr\u00e1ticas Dial\u00f3gicas e Colaborativas \u2013 USP:<\/strong><br \/> Liderado pela Profa. Laura Vilela e Souza<br \/>\n                <a href=\"http:\/\/dgp.cnpq.br\/dgp\/espelhogrupo\/796660\" target=\"_blank\" rel=\"noopener noreferrer\"><b>http:\/\/dgp.cnpq.br\/dgp\/espelhogrupo\/796660<\/b><\/a><\/p>\n<\/li>\n<li><strong>Grupo de Estudos em Fenomenologia e Filosofia da Psicologia (GEFeFiP):<\/strong><br \/> Liderado pelo Prof. Danilo Saretta Verissimo (UNESP) e pelo Prof. Reinaldo Furlan<br \/>\n                <a href=\"http:\/\/dgp.cnpq.br\/dgp\/espelhogrupo\/739214\" target=\"_blank\" rel=\"noopener noreferrer\"><b>http:\/\/dgp.cnpq.br\/dgp\/espelhogrupo\/739214<\/b><\/a><\/p>\n<\/li>\n<li>Laborat\u00f3rio de Pesquisa e Interven\u00e7\u00e3o Cognitivo-Comportamental<\/u> (LaPICC) \u2013 USP, liderado pela Profa. Carmem Beatriz Neufeld<br \/>\n                    P\u00e1gina: <a href=\"http:\/\/dgp.cnpq.br\/dgp\/espelhogrupo\/815079\" target=\"_blank\" rel=\"noopener noreferrer\"><b>http:\/\/dgp.cnpq.br\/dgp\/espelhogrupo\/815079<\/b><\/a><\/p>\n<\/li>\n<li>Grupo de Antropologia em Contextos Islamicos e \u00c1rabes:<br \/>\n         Liderado pela Profa. Dra. Francirosy Campos Barbosa<br \/>\n          P\u00e1gina: <a href=\"http:\/\/dgp.cnpq.br\/dgp\/espelhogrupo\/733193\" target=\"_blank\" rel=\"noopener noreferrer\"><b>http:\/\/dgp.cnpq.br\/dgp\/espelhogrupo\/733193<\/b><\/a><\/p>\n<\/li>\n<li>Mundo do Trabalho e suas Metamorfoses (GEMT):<br \/>\n           Liderado pelo Professor Ricardo Luiz Coltro Antunes, da Unicamp, com participa\u00e7\u00e3o como pesquisadora da Prof. Vera Navarro<br \/>\n          P\u00e1gina: <a href=\"http:\/\/dgp.cnpq.br\/dgp\/espelhogrupo\/3308887173189196\" target=\"_blank\" rel=\"noopener noreferrer\"><b>http:\/\/dgp.cnpq.br\/dgp\/espelhogrupo\/3308887173189196<\/b><\/a><\/p>\n<\/li>\n<p>            <!-- \n\n<li>Discurso e mem\u00f3ria: nos movimentos do sujeito \u2013 USP, liderado pela Profa. Luc\u00edlia Maria Abrah\u00e3o e Sousa, com participa\u00e7\u00e3o da Profa. Soraya Maria Romano Pac\u00edfico\n                <a href=\"http:\/\/dgp.cnpq.br\/dgp\/espelhogrupo\/6550\" target=\"_blank\" rel=\"noopener noreferrer\"><b>http:\/\/dgp.cnpq.br\/dgp\/espelhogrupo\/6550<\/b><\/a>\n                \n\n\n            <\/li>\n\n\n    \n            \n\n<li>CarreiraLab: Laborat\u00f3rio de estudos e interven\u00e7\u00f5es em desenvolvimento socioemocional e carreira \u2013 USP, liderado pela Profa. Lucy Leal Melo Silva\n                <a href=\"http:\/\/dgp.cnpq.br\/dgp\/espelhogrupo\/365450\" target=\"_blank\" rel=\"noopener noreferrer\"><b>http:\/\/dgp.cnpq.br\/dgp\/espelhogrupo\/365450<\/b><\/a>\n<\/li>\n\n\n\n          \n<\/li>\n\n\n            <\/li>\n\n --><\/p>\n<\/ul><\/div>\n<\/div>\n<p><\/p>","protected":false},"excerpt":{"rendered":"<p>Laborat&#243;rios de Pesquisa Grupos de Pesquisa (CNPQ) Centro de Investiga\u00e7\u00e3o sobre Desenvolvimento e Educa\u00e7\u00e3o Infantil [&hellip;]<\/p>\n","protected":false},"author":211,"featured_media":0,"parent":0,"menu_order":0,"comment_status":"closed","ping_status":"closed","template":"","meta":{"footnotes":"","_links_to":"","_links_to_target":""},"class_list":["post-530","page","type-page","status-publish","hentry"],"_links":{"self":[{"href":"https:\/\/sites.usp.br\/psicologiarp\/pb\/wp-json\/wp\/v2\/pages\/530","targetHints":{"allow":["GET"]}}],"collection":[{"href":"https:\/\/sites.usp.br\/psicologiarp\/pb\/wp-json\/wp\/v2\/pages"}],"about":[{"href":"https:\/\/sites.usp.br\/psicologiarp\/pb\/wp-json\/wp\/v2\/types\/page"}],"author":[{"embeddable":true,"href":"https:\/\/sites.usp.br\/psicologiarp\/pb\/wp-json\/wp\/v2\/users\/211"}],"replies":[{"embeddable":true,"href":"https:\/\/sites.usp.br\/psicologiarp\/pb\/wp-json\/wp\/v2\/comments?post=530"}],"version-history":[{"count":4,"href":"https:\/\/sites.usp.br\/psicologiarp\/pb\/wp-json\/wp\/v2\/pages\/530\/revisions"}],"predecessor-version":[{"id":1877,"href":"https:\/\/sites.usp.br\/psicologiarp\/pb\/wp-json\/wp\/v2\/pages\/530\/revisions\/1877"}],"wp:attachment":[{"href":"https:\/\/sites.usp.br\/psicologiarp\/pb\/wp-json\/wp\/v2\/media?parent=530"}],"curies":[{"name":"wp","href":"https:\/\/api.w.org\/{rel}","templated":true}]}}