{"id":648,"date":"2016-05-04T10:21:20","date_gmt":"2016-05-04T13:21:20","guid":{"rendered":"http:\/\/sites.usp.br\/psicologiarp\/?page_id=512"},"modified":"2025-12-19T15:06:20","modified_gmt":"2025-12-19T18:06:20","slug":"apresentacao","status":"publish","type":"page","link":"https:\/\/sites.usp.br\/psicologiarp\/pb\/apresentacao\/","title":{"rendered":"Apresenta\u00e7\u00e3o"},"content":{"rendered":"<p><\/p>\n<div id=\"abas\">\n<ul style=\"padding: 0; margin: 0;\">\n<li><a href=\"#historico\">Hist\u00f3rico<\/a><\/li>\n<li><a href=\"#objetivos\">Objetivos<\/a><\/li>\n<li><a href=\"#areaConc\">\u00c1reas de Concentra\u00e7\u00e3o<\/a><\/li>\n<li><a href=\"#concCAPES\">Conceito CAPES<\/a><\/li>\n<li><a href=\"#CCP\">Coordena\u00e7\u00e3o<\/a><\/li>\n<li><a href=\"#gesProex\">Comiss\u00e3o de Gest\u00e3o Proex<\/a><\/li>\n<li><a href=\"#contato\">Contato<\/a><\/li>\n<\/ul>\n<div id=\"historico\">\n<p style=\"text-align: justify;\">O Programa de P\u00f3s-Gradua\u00e7\u00e3o em Psicologia (PPGP), do Departamento de Psicologia da Faculdade de Filosofia, Ci\u00eancias e Letras de Ribeir\u00e3o Preto (FFCLRP) da Universidade de S\u00e3o Paulo (USP), foi aprovado pelo Conselho de P\u00f3s-Gradua\u00e7\u00e3o da Universidade de S\u00e3o Paulo em 1994. Suas atividades foram iniciadas em fevereiro de 1995 e ele recebeu a recomenda\u00e7\u00e3o da CAPES em outubro do mesmo ano. Na primeira avalia\u00e7\u00e3o realizada pela CAPES (em 1998), o PPGP obteve nota quatro, em 2000 obteve nota cinco e, na avalia\u00e7\u00e3o divulgada em 2022, obteve nota seis.<\/p>\n<p style=\"text-align: justify;\">O PPGP tem como objetivo a forma\u00e7\u00e3o de docentes e de pesquisadores ativos e participantes na constru\u00e7\u00e3o do conhecimento cient\u00edfico em Psicologia, em estreito v\u00ednculo com a realidade social, firmando-se na din\u00e2mica da \u00e1rea como Ci\u00eancia.<\/p>\n<p style=\"text-align: justify;\">Os profissionais envolvidos no PPGP est\u00e3o cientes de que mudan\u00e7as ao longo do tempo exigem a constru\u00e7\u00e3o de novos saberes psicol\u00f3gicos para fundamentar a expans\u00e3o de suas a\u00e7\u00f5es e de sua inser\u00e7\u00e3o social. Ao longo desses anos, o Programa tem se auto avaliado e promovido reestrutura\u00e7\u00f5es, tanto em sua grade curricular quanto nas linhas de pesquisa, refor\u00e7ando componentes de integra\u00e7\u00e3o e interdisciplinaridade dos projetos de pesquisa.<\/p>\n<p style=\"text-align: justify;\">A maioria dos docentes \u00e9 do departamento de Psicologia da FFCLRP-USP e, a eles, somam-se docentes de outros centros, como o Departamento de Educa\u00e7\u00e3o, Informa\u00e7\u00e3o e Comunica\u00e7\u00e3o DEDIC\/FFCLRP e da EEFERP-USP, dando express\u00e3o \u00e0 tradi\u00e7\u00e3o de constituir grupos de pesquisa interunidades e interdisciplinares, sobretudo com apoio da CAPES, do CNPq e da FAPESP.<\/p>\n<p style=\"text-align: justify;\">Ao longo de sua exist\u00eancia, o PPGP recebeu cont\u00ednua e regular demanda de profissionais de diferentes gradua\u00e7\u00f5es, com predom\u00ednio de psic\u00f3logos\/as. At\u00e9 2024, foram titulados 1.058 mestres e doutores (692 mestrados, 330 doutorados, 36 doutorados diretos).<\/p>\n<p style=\"text-align: justify;\">A Estrutura Curricular do PPGP organiza-se em duas \u00e1reas de concentra\u00e7\u00e3o: \u00c1REA 1 PSICOLOGIA EM SA\u00daDE E DESENVOLVIMENTO; \u00c1REA 2 &#8211; PSICOLOGIA, PROCESSOS CULTURAIS E SUBJETIVA\u00c7\u00c3O. Cada \u00c1rea possui Linha de Pesquisa e Eixo Estruturante que orientam a distribui\u00e7\u00e3o das disciplinas em N\u00facleo B\u00e1sico e N\u00facleo Espec\u00edfico. A Estrutura Curricular do PPGP ancora-se numa postura pol\u00edtico-pedag\u00f3gica que busca promover, como parte do processo de ensino-aprendizagem na p\u00f3s-gradua\u00e7\u00e3o: a constru\u00e7\u00e3o respons\u00e1vel da autonomia em pesquisa e doc\u00eancia; o conhecimento cient\u00edfico por meio do incentivo \u00e0 intera\u00e7\u00e3o entre alunos\/as de diferentes n\u00edveis de forma\u00e7\u00e3o; o protagonismo dos\/as discentes na constru\u00e7\u00e3o de seus percursos formativos.<\/p>\n<p style=\"text-align: justify;\">O PPGP \u00e9 financiado pela CAPES\/PROEX, o que permite desenvolver a diversidade de atividades que comp\u00f5em a P\u00f3s-Gradua\u00e7\u00e3o, inclusive, a distribui\u00e7\u00e3o de bolsas PROEX que apoiam a pesquisa de mestrandos\/as e doutorandos\/as. O Programa tem tamb\u00e9m bolsas de Mestrado e Doutorado financiadas pelo CNPq.<\/p>\n<p style=\"text-align: justify;\">Os\/as docentes do PPGP recebem das ag\u00eancias de fomento aux\u00edlios \u00e0 pesquisa bastante substanciais da FAPESP, em suas diversas modalidades, al\u00e9m de importantes Aux\u00edlios de Pesquisa do CNPq. \u00c9 significativo o n\u00famero de docentes que t\u00eam bolsa de produtividade em pesquisa do CNPq, bem como de projetos de pesquisa financiados com aux\u00edlios regulares \u00e0 pesquisa da FAPESP, editais Universais do CNPq, MEC\/CAPES, MCT\/CNPq\/FINEP e Programa Nacional de P\u00f3s-Doutorado (PNPD).<\/p>\n<p style=\"text-align: justify;\">A produ\u00e7\u00e3o cient\u00edfica dos docentes do PPGP \u00e9 expressiva quando comparada com a \u00e1rea, de acordo com a avalia\u00e7\u00e3o CAPES. Sua produ\u00e7\u00e3o tem sido veiculada principalmente em peri\u00f3dicos indexados e bem avaliados pelo Qualis Peri\u00f3dicos da CAPES, bem como por livros e cap\u00edtulos de livros bem qualificados no sistema CAPES.<\/p>\n<p style=\"text-align: justify;\">Um dos grandes compromissos p\u00fablicos do PPGP, vinculados \u00e0 dissemina\u00e7\u00e3o sistem\u00e1tica do conhecimento produzido, \u00e9 a responsabilidade da edi\u00e7\u00e3o da Revista \u201cPaid\u00e9ia\u201d, que se consolidou, ao longo de sua hist\u00f3ria de mais de duas d\u00e9cadas, como qualificado ve\u00edculo nacional de divulga\u00e7\u00e3o cient\u00edfica (Qualis A1), constituindo-se em um de nossos pontos de destaque.<\/p>\n<p style=\"text-align: justify;\">A inser\u00e7\u00e3o internacional do PPPG \u00e9 uma de suas prioridades e, nesse sentido, o Programa tem incentivado o interc\u00e2mbio e a qualifica\u00e7\u00e3o cient\u00edfica de seus\/suas alunos\/as e docentes, al\u00e9m de receber professores visitantes do Exterior para ministrarem disciplinas, confer\u00eancias, realizarem reuni\u00f5es cient\u00edficas e participarem de bancas examinadoras de Mestrados e Doutorados. Alguns destes pesquisadores estrangeiros tamb\u00e9m s\u00e3o credenciados como coorientadores do PPPG, atestando a parceria internacional nos trabalhos desenvolvidos pelos alunos matriculados.<\/p>\n<p style=\"text-align: justify;\">A coopera\u00e7\u00e3o de docentes e seus grupos de pesquisa com diversos segmentos da sociedade se d\u00e1 tamb\u00e9m pelo v\u00ednculo estabelecido com institui\u00e7\u00f5es p\u00fablicas ou privadas, associa\u00e7\u00f5es cient\u00edficas, auxiliando-as em seus projetos de pol\u00edticas p\u00fablicas, principalmente nas \u00e1reas da Sa\u00fade, Educa\u00e7\u00e3o, Assist\u00eancia Social e Trabalho, em Ribeir\u00e3o Preto (SP), regi\u00e3o e em \u00e2mbito nacional. Assim, as a\u00e7\u00f5es de inser\u00e7\u00e3o social se desenvolvem em sintonia e de forma org\u00e2nica com as atividades dos laborat\u00f3rios de pesquisa, articuladas ao ensino de gradua\u00e7\u00e3o e \u00e0 extens\u00e3o universit\u00e1ria.<\/p>\n<p style=\"text-align: justify;\">Outro indicador da qualidade do PPGP e de suas a\u00e7\u00f5es refere-se a seus egressos. Do conjunto de profissionais formados pelo PPGP (1.058), at\u00e9 2024, 550 (51,98%) foram empregados em Institui\u00e7\u00f5es de Ensino Superior, sendo que, desse subtotal, 255 (46,36%) atuavam como docentes ou pesquisadores em Institui\u00e7\u00f5es P\u00fablicas de Ensino Superior e 295 (53,64%) em Institui\u00e7\u00f5es Particulares de Ensino Superior. Outra importante parcela (137 profissionais, correspondendo a 12,95% do total de egressos) trabalhava em \u00f3rg\u00e3os p\u00fablicos, sobretudo em hospitais p\u00fablicos, prefeituras municipais e Tribunais de Justi\u00e7a. Os demais com informa\u00e7\u00e3o sobre a atividade profissional estavam empregados em empresas privadas ou atuavam como aut\u00f4nomos, principalmente em cl\u00ednicas particulares. Considerando apenas o quadri\u00eanio (egressos de 2021 a 2024): 41,61% foram empregados em Institui\u00e7\u00f5es de Ensino Superior (16,06% p\u00fablicas e 25,55% em institui\u00e7\u00f5es privadas), 10,95% em \u00f3rg\u00e3os p\u00fablicos e 13,87% em empresas privadas. V\u00e1rios que trabalham em \u00f3rg\u00e3os p\u00fablicos ou empresas tamb\u00e9m exercem a cl\u00ednica particular, que aparece associada \u00e0 atividade de 32,12% dos egressos.<\/p>\n<p style=\"text-align: justify;\">O Programa possui estrutura e din\u00e2mica de funcionamento que refletem a posi\u00e7\u00e3o consolidada dos pesquisadores e docentes, o que lhe d\u00e1 seguran\u00e7a para, de forma experiente, lidar com os impactos derivados tanto do cen\u00e1rio ampliado da pol\u00edtica de P\u00f3s-Gradua\u00e7\u00e3o no pa\u00eds como de transforma\u00e7\u00f5es pr\u00f3prias de um programa que existe h\u00e1 mais duas d\u00e9cadas. Sua hist\u00f3ria sempre privilegiou o respeito \u00e0 diversidade e a inten\u00e7\u00e3o de incluir pesquisadores com maturidade para o desenvolvimento dos trabalhos de orienta\u00e7\u00e3o de pesquisas no mais alto grau de excel\u00eancia.<\/p>\n<p style=\"text-align: justify;\">Essa op\u00e7\u00e3o coloca a todos\/as que dela compartilham o desafio de produzir e manter coer\u00eancia e inteligibilidade, em meio \u00e0s diversas op\u00e7\u00f5es te\u00f3ricas, metodol\u00f3gicas e tem\u00e1ticas trabalhadas pelo corpo docente, assim como dos movimentos das pol\u00edticas de P\u00f3s-Gradua\u00e7\u00e3o no pa\u00eds.<\/p>\n<\/p><\/div>\n<div id=\"objetivos\">\n<p style=\"text-align: justify;\">\n        O Programa de P\u00f3s-Gradua\u00e7\u00e3o em Psicologia tem como meta contribuir para a forma\u00e7\u00e3o qualificada de docentes e pesquisadores reflexivos, ativos e cr\u00edticos na constru\u00e7\u00e3o do conhecimento cient\u00edfico em Psicologia, engajados na transforma\u00e7\u00e3o da realidade social e na melhoria das condi\u00e7\u00f5es de desenvolvimento e de sa\u00fade da popula\u00e7\u00e3o brasileira. Esse horizonte formativo baseia-se no princ\u00edpio do compromisso do Programa com o cumprimento de sua fun\u00e7\u00e3o social no que se refere \u00e0: produ\u00e7\u00e3o e difus\u00e3o do conhecimento cient\u00edfico em Psicologia; forma\u00e7\u00e3o de pesquisadores e docentes capazes de elaborar resposta \u00e0s necessidades da sociedade contempor\u00e2nea a partir da Psicologia; aprimoramento da capacidade de investigar e atuar em variados contextos de pesquisa e de aplica\u00e7\u00e3o da Psicologia.\n    <\/p>\n<p><\/p>\n<p style=\"text-align: justify;\">A partir desse horizonte formativo e desse princ\u00edpio, os <strong>OBJETIVOS GERAIS<\/strong> do Programa s\u00e3o: <\/p>\n<ul>\n<li style=\"list-style-type: disc;\">Promover a forma\u00e7\u00e3o em pesquisa e para a doc\u00eancia, solidamente fundamentada nos modos de produ\u00e7\u00e3o de conhecimento cient\u00edfico em Psicologia.<\/li>\n<li style=\"list-style-type: disc;\">Formar egressos\/as qualificados\/as para o exerc\u00edcio acad\u00eamico e profissional em n\u00edvel de excel\u00eancia, articulado \u00e0 promo\u00e7\u00e3o do desenvolvimento do conhecimento cient\u00edfico e ao acompanhamento do avan\u00e7o da produ\u00e7\u00e3o nacional e internacional da \u00e1rea.<\/li>\n<\/ul>\n<p><\/p>\n<p style=\"text-align: justify;\">Os <strong><\/strong>OBJETIVOS ESPEC\u00cdFICOS<\/strong> s\u00e3o:  <\/p>\n<ul>\n<li style=\"list-style-type: disc;\">Oferecer est\u00edmulos intelectuais e humanos para adequada forma\u00e7\u00e3o do\/a pesquisador\/a e do\/a professor\/a no campo da Psicologia, vinculada \u00e0s \u00e1reas de Sa\u00fade, Desenvolvimento, Trabalho e Processos Culturais.<\/li>\n<li style=\"list-style-type: disc;\">Favorecer, com base na diversidade te\u00f3rico-metodol\u00f3gica e epistemol\u00f3gica, escolhas conscientes para a especializa\u00e7\u00e3o tem\u00e1tica em termos de investiga\u00e7\u00e3o cient\u00edfica.<\/li>\n<li style=\"list-style-type: disc;\">Fornecer condi\u00e7\u00f5es pedag\u00f3gicas para garantir uma forma\u00e7\u00e3o para a pesquisa e a doc\u00eancia no ensino superior que seja cr\u00edtico-reflexiva sobre os alcances e os limites da inser\u00e7\u00e3o social dessas pr\u00e1ticas, tanto em rela\u00e7\u00e3o ao ciclo de produ\u00e7\u00e3o de conhecimento como ao impacto \u00e9tico-pol\u00edtico dessa produ\u00e7\u00e3o na sociedade.<\/li>\n<li style=\"list-style-type: disc;\">Estimular a reflex\u00e3o te\u00f3rico-cr\u00edtica sobre a produ\u00e7\u00e3o do conhecimento em Psicologia e sua aplicabilidade contextualizada nas diferentes realidades socioculturais do pa\u00eds.<\/li>\n<\/ul>\n<p><\/p>\n<p style=\"text-align: justify;\">Para o curso de <strong>DOUTORADO<\/strong>, acrescentam-se os objetivos espec\u00edficos:  <\/p>\n<ul>\n<li style=\"list-style-type: disc;\">Estimular os\/as discentes a desenvolverem conhecimentos e habilidades necess\u00e1rios para se tornarem pesquisadores aut\u00f4nomos, com pleno dom\u00ednio de uma \u00e1rea tem\u00e1tica em Psicologia. <\/li>\n<li style=\"list-style-type: disc;\">Desenvolver habilidades que permitam manejar o conjunto de exig\u00eancias para a condu\u00e7\u00e3o de processos de investiga\u00e7\u00e3o nas suas diferentes etapas, considerando a execu\u00e7\u00e3o, a capta\u00e7\u00e3o de recursos para sua viabiliza\u00e7\u00e3o e a publica\u00e7\u00e3o como compromisso p\u00fablico.<\/li>\n<li style=\"list-style-type: disc;\">Promover a viv\u00eancia em experi\u00eancias que permitam conhecer a complexidade envolvida na forma\u00e7\u00e3o e orienta\u00e7\u00e3o de novos pesquisadores e na gest\u00e3o de grupos de pesquisa.<\/li>\n<li style=\"list-style-type: disc;\">Contribuir com a produ\u00e7\u00e3o cient\u00edfica comprometida com as necessidades locais e nacionais e, ao mesmo tempo, engajada internacionalmente.<\/li>\n<\/ul><\/div>\n<div id=\"areaConc\">\n<p style=\"text-align: justify;\"><strong>\u00c1REA DE CONCENTRA\u00c7\u00c3O 1: Psicologia em Sa\u00fade e Desenvolvimento<\/strong><\/p>\n<p style=\"text-align: justify;\"><strong>Defini\u00e7\u00e3o<\/strong>: \u201cEsta \u00e1rea de concentra\u00e7\u00e3o focaliza os processos de sa\u00fade e desenvolvimento, em diferentes contextos e etapas do ciclo vital, estudando vari\u00e1veis biol\u00f3gicas, psicol\u00f3gicas e sociais, por meio de diversas perspectivas te\u00f3ricas e metodol\u00f3gicas, englobando estrat\u00e9gias de avalia\u00e7\u00e3o e interven\u00e7\u00f5es de promo\u00e7\u00e3o, preven\u00e7\u00e3o e tratamento psicol\u00f3gico\u201c.<\/p>\n<p style=\"text-align: justify;\"><strong>Linha de pesquisa desta \u00e1rea de concentra\u00e7\u00e3o<\/strong>: Sa\u00fade, Desenvolvimento e Trabalho.<\/p>\n<p style=\"text-align: justify;\"><strong>Eixo estruturante desta \u00e1rea de concentra\u00e7\u00e3o<\/strong>: a instrumenta\u00e7\u00e3o te\u00f3rico-metodol\u00f3gica para produ\u00e7\u00e3o do conhecimento relevante em Psicologia em Sa\u00fade e Desenvolvimento. Este eixo estruturante estar\u00e1 subdividido em disciplinas b\u00e1sicas e espec\u00edficas, por sua vez, organizadas em \u00eanfases.<\/p>\n<p style=\"text-align: justify;\"><strong>\u00c1REA DE CONCENTRA\u00c7\u00c3O 2: Psicologia, Processos Culturais e Subjetiva\u00e7\u00e3o<\/strong><\/p>\n<p style=\"text-align: justify;\"><strong>Defini\u00e7\u00e3o:<\/strong> \u201cEsta \u00e1rea de concentra\u00e7\u00e3o focaliza o processo de subjetiva\u00e7\u00e3o em sua rela\u00e7\u00e3o com contextos socioculturais diversos, desenvolvendo estudos relacionados a: din\u00e2mica cultural, linguagem, constitui\u00e7\u00e3o das subjetividades, hist\u00f3ria da filosofia, hist\u00f3ria da psicologia e dos saberes psicol\u00f3gicos, pr\u00e1ticas sociais das institui\u00e7\u00f5es familiares e educacionais. Estes estudos utilizam diferentes perspectivas te\u00f3ricas e metodol\u00f3gicas no campo das ci\u00eancias humanas\u201c.<\/p>\n<p style=\"text-align: justify;\"><strong>Linha de pesquisa desta \u00e1rea de concentra\u00e7\u00e3o<\/strong>: Psicologia, processos culturais e subjetiva\u00e7\u00e3o. Aborda, portanto, os processos psicol\u00f3gicos e culturais.<\/p>\n<p style=\"text-align: justify;\"><strong>Eixo estruturante desta \u00e1rea de concentra\u00e7\u00e3o<\/strong>: o processo de subjetiva\u00e7\u00e3o em sua rela\u00e7\u00e3o com contextos socioculturais diversos. Este eixo estruturante estar\u00e1 subdividido em disciplinas b\u00e1sicas e espec\u00edficas, como realizado para a \u00c1rea 1 de concentra\u00e7\u00e3o.<\/p>\n<\/p><\/div>\n<div id=\"concCAPES\">\n<p style=\"font-weight: bolder; font-size: 1.5em; margin-bottom: 3%;\">2017 &#8211; 2020 = 6<\/p>\n<p style=\"margin-bottom: 3%;\">2013 &#8211; 2016 = 5<\/p>\n<p style=\"margin-bottom: 3%;\">2010 &#8211; 2012 = 5<\/p>\n<p style=\"margin-bottom: 3%;\">2007 &#8211; 2009 = 5<\/p>\n<p style=\"margin-bottom: 3%;\">2004 &#8211; 2006 = 5<\/p>\n<p style=\"margin-bottom: 3%;\">2001 &#8211; 2003 = 5<\/p>\n<p style=\"margin-bottom: 3%;\">1998 &#8211; 2000 = 5<\/p>\n<\/p><\/div>\n<div id=\"CCP\">\n    <object data=\"https:\/\/pos.ffclrp.usp.br\/pgusp\/NereuColeg\/ExibeColegiado.php?idCol=5907&#038;sglCol=CCP\" width=\"100%\" height=\"1080\"><\/object>\n    <\/div>\n<div id=\"gesProex\">\n  <object data=\"https:\/\/sites.usp.br\/psicologiarp\/wp-content\/uploads\/sites\/114\/2025\/12\/COMISSAO-DE-GESTAO-PROEX.pdf\" width=\"100%\" height=\"608\"><\/object> <\/p><\/div>\n<div id=\"contato\">\n<!-- iframe plugin v.6.0 wordpress.org\/plugins\/iframe\/ -->\n<iframe loading=\"lazy\" frameborder=\"0\" scrolling=\"auto\" marginheight=\"0\" marginwidth=\"0\" src=\"https:\/\/pos.ffclrp.usp.br\/pgusp\/pt-br\/ffclrp\/psicologia\/contato.html\" width=\"100%\" height=\"1024px\" class=\"iframe-class\"><\/iframe>\n<\/div>\n<\/p><\/div>\n<p><\/p>","protected":false},"excerpt":{"rendered":"<p>Hist\u00f3rico Objetivos \u00c1reas de Concentra\u00e7\u00e3o Conceito CAPES Coordena\u00e7\u00e3o Comiss\u00e3o de Gest\u00e3o Proex Contato O Programa [&hellip;]<\/p>\n","protected":false},"author":211,"featured_media":0,"parent":0,"menu_order":1,"comment_status":"closed","ping_status":"closed","template":"","meta":{"footnotes":"","_links_to":"","_links_to_target":""},"class_list":["post-648","page","type-page","status-publish","hentry"],"_links":{"self":[{"href":"https:\/\/sites.usp.br\/psicologiarp\/pb\/wp-json\/wp\/v2\/pages\/648","targetHints":{"allow":["GET"]}}],"collection":[{"href":"https:\/\/sites.usp.br\/psicologiarp\/pb\/wp-json\/wp\/v2\/pages"}],"about":[{"href":"https:\/\/sites.usp.br\/psicologiarp\/pb\/wp-json\/wp\/v2\/types\/page"}],"author":[{"embeddable":true,"href":"https:\/\/sites.usp.br\/psicologiarp\/pb\/wp-json\/wp\/v2\/users\/211"}],"replies":[{"embeddable":true,"href":"https:\/\/sites.usp.br\/psicologiarp\/pb\/wp-json\/wp\/v2\/comments?post=648"}],"version-history":[{"count":5,"href":"https:\/\/sites.usp.br\/psicologiarp\/pb\/wp-json\/wp\/v2\/pages\/648\/revisions"}],"predecessor-version":[{"id":1892,"href":"https:\/\/sites.usp.br\/psicologiarp\/pb\/wp-json\/wp\/v2\/pages\/648\/revisions\/1892"}],"wp:attachment":[{"href":"https:\/\/sites.usp.br\/psicologiarp\/pb\/wp-json\/wp\/v2\/media?parent=648"}],"curies":[{"name":"wp","href":"https:\/\/api.w.org\/{rel}","templated":true}]}}