{"id":158,"date":"2017-11-22T17:09:05","date_gmt":"2017-11-22T19:09:05","guid":{"rendered":"http:\/\/sites.usp.br\/psicousp\/?page_id=158"},"modified":"2018-06-07T15:03:51","modified_gmt":"2018-06-07T17:03:51","slug":"sobre-o-portal","status":"publish","type":"page","link":"https:\/\/sites.usp.br\/psicousp\/sobre-o-portal\/","title":{"rendered":"Sobre o Portal"},"content":{"rendered":"<p>O Portal de Divulga\u00e7\u00e3o Cient\u00edfica do Instituto de Psicologia da Universidade de S\u00e3o Paulo (IPUSP) centraliza em um s\u00f3 canal todo conte\u00fado\u00a0 acad\u00eamico e de pesquisas produzido internamente para ser difundido ao p\u00fablico geral.<\/p>\n<p>A inten\u00e7\u00e3o \u00e9 democratizar o acesso \u00e0 informa\u00e7\u00e3o cient\u00edfica em psicologia, promovendo maior conhecimento da \u00e1rea pela popula\u00e7\u00e3o em geral. Portanto, o p\u00fablico-alvo do Portal de Divulga\u00e7\u00e3o Cient\u00edfica do IPUSP \u00e9 formado por aqueles que se interessam pelas quest\u00f5es da psicologia, n\u00e3o estando eles necessariamente ligados \u00e0 \u00e1rea ou ao universo acad\u00eamico.<\/p>\n<p>Nesta plataforma online, todas as mat\u00e9rias e notas, v\u00eddeos e podcasts s\u00e3o distribu\u00eddos em editorias, s\u00e3o elas:<\/p>\n<p><em><span style=\"color: #333399\">Sociedade<\/span>;<\/em><\/p>\n<p><span style=\"color: #333399\"><em>Educa\u00e7\u00e3o<\/em><\/span>;<\/p>\n<p><span style=\"color: #333399\"><em>Bio<\/em><\/span>;<\/p>\n<p><span style=\"color: #333399\"><em>Sa\u00fade<\/em><\/span>;<\/p>\n<p><span style=\"color: #333399\"><em>Arte e Cultura<\/em><\/span>.<\/p>\n<p>Al\u00e9m disso, para\u00a0 abarcar outros segmentos do IPUSP (como atividades de forma\u00e7\u00e3o, servi\u00e7os oferecidos \u00e0 so\u00adciedade, personalidades e opini\u00f5es da comunidade IPUSP, etc.), o Portal traz ainda cinco se\u00e7\u00f5es:<\/p>\n<p dir=\"ltr\"><span style=\"color: #333399\"><em>Mural do IP<\/em><\/span>: informa sobre novidades acad\u00eamico-administrativas no IPUSP;<\/p>\n<p dir=\"ltr\"><span style=\"color: #000080\">Perfil<\/span>: conta a trajet\u00f3ria de uma personalidade da comunidade IPUSP (professor, \u00a0pesquisador ou funcion\u00e1rio);<\/p>\n<p dir=\"ltr\"><span style=\"color: #333399\"><em>Commentor<\/em><\/span>: coluna na qual um docente escreve sobre assunto de sua escolha, ligado \u00e0 Psicologia;<\/p>\n<p dir=\"ltr\"><span style=\"color: #333399\"><em>Lan\u00e7amentos<\/em><\/span>: apresenta obras publicadas por membros da comunidade IPUSP;<\/p>\n<p dir=\"ltr\"><span style=\"color: #333399\"><em>Psico-HQ<\/em><\/span>: espa\u00e7o dedicado \u00e0 participa\u00e7\u00e3o de escritores, ilustradores e cartunistas que queiram contribuir com charges e hist\u00f3rias;<\/p>\n<p>Todo o conte\u00fado \u00e9\u00a0desenvolvido com base em pesquisas finalizadas do IPUSP,\u00a0sejam de\u00a0inicia\u00e7\u00e3o cient\u00edfica, disserta\u00e7\u00f5es de mestrado, teses de doutorado, sejam projetos de p\u00f3s-doutorado e trabalhos de livre-doc\u00eancia. A divulga\u00e7\u00e3o\u00a0\u00e9 integrada com os canais online do IPUSP: e-mail, site, <a href=\"https:\/\/www.youtube.com\/channel\/UCVuoRuIVqRKIRX1zoOVXzww\">Youtube<\/a> e <a href=\"https:\/\/www.facebook.com\/revistapsico.usp\/?ref=bookmarks\">Facebook<\/a>.<\/p>\n<p><span class=\"a7\">Com a uni\u00e3o de esfor\u00e7os e colabora\u00e7\u00e3o que a equipe IP Comunica apresenta este novo canal de comunica\u00e7\u00e3o. Convidamos a todos a conhecerem o IPUSP por meio do Portal de Divulga\u00e7\u00e3o Cient\u00edfica.<\/span> Sejam bem-vindos!<\/p>\n<p>Islaine Maciel<br \/>\nCoordenadora<\/p>\n","protected":false},"excerpt":{"rendered":"<p>O Portal de Divulga\u00e7\u00e3o Cient\u00edfica do Instituto de Psicologia da Universidade de S\u00e3o Paulo (IPUSP) centraliza em um s\u00f3 canal&#46;&#46;&#46;<\/p>\n","protected":false},"author":610,"featured_media":0,"parent":0,"menu_order":0,"comment_status":"closed","ping_status":"closed","template":"","meta":{"footnotes":"","_links_to":"","_links_to_target":""},"class_list":["post-158","page","type-page","status-publish","hentry"],"_links":{"self":[{"href":"https:\/\/sites.usp.br\/psicousp\/wp-json\/wp\/v2\/pages\/158","targetHints":{"allow":["GET"]}}],"collection":[{"href":"https:\/\/sites.usp.br\/psicousp\/wp-json\/wp\/v2\/pages"}],"about":[{"href":"https:\/\/sites.usp.br\/psicousp\/wp-json\/wp\/v2\/types\/page"}],"author":[{"embeddable":true,"href":"https:\/\/sites.usp.br\/psicousp\/wp-json\/wp\/v2\/users\/610"}],"replies":[{"embeddable":true,"href":"https:\/\/sites.usp.br\/psicousp\/wp-json\/wp\/v2\/comments?post=158"}],"version-history":[{"count":4,"href":"https:\/\/sites.usp.br\/psicousp\/wp-json\/wp\/v2\/pages\/158\/revisions"}],"predecessor-version":[{"id":938,"href":"https:\/\/sites.usp.br\/psicousp\/wp-json\/wp\/v2\/pages\/158\/revisions\/938"}],"wp:attachment":[{"href":"https:\/\/sites.usp.br\/psicousp\/wp-json\/wp\/v2\/media?parent=158"}],"curies":[{"name":"wp","href":"https:\/\/api.w.org\/{rel}","templated":true}]}}