{"id":945,"date":"2017-12-07T14:36:36","date_gmt":"2017-12-07T16:36:36","guid":{"rendered":"http:\/\/sites.usp.br\/psicousp\/?page_id=945"},"modified":"2024-11-18T19:07:48","modified_gmt":"2024-11-18T21:07:48","slug":"quem-somos","status":"publish","type":"page","link":"https:\/\/sites.usp.br\/psicousp\/quem-somos\/","title":{"rendered":"Quem somos"},"content":{"rendered":"<p style=\"text-align: justify;\">A equipe do IP Comunica\/Servi\u00e7o de Apoio Institucional \u00e9 respons\u00e1vel pela implanta\u00e7\u00e3o do Portal de Divulga\u00e7\u00e3o Cient\u00edfica. Coordenado por Islaine Maciel, o projeto de implanta\u00e7\u00e3o do Portal conta com o apoio das estudantes de Letras Carla Sasse e Mariana Navarro, contratadas pelo Programa de Est\u00e1gios pagos pela USP, da Pr\u00f3-Reitoria de Gradua\u00e7\u00e3o.<\/p>\n<p>Desde 2013, estagi\u00e1rios da \u00e1rea do jornalismo, letras e produ\u00e7\u00e3o audiovisual, vem colaborando com a produ\u00e7\u00e3o de conte\u00fado de difus\u00e3o acad\u00eamica do IPUSP. O conte\u00fado \u00e9 produzido pelo IP Comunica, que tamb\u00e9m conta com produ\u00e7\u00f5es do Jornal da USP e da Ag\u00eancia Universit\u00e1ria do curso de Jornalismo da ECA-USP.<\/p>\n<p>Islaine Maciel (coordenadora)<\/p>\n<h5>Todos os colaboradores desde 2013<\/h5>\n<p>Ana Carla Berm\u00fadez<br \/>\nAn\u00e1tale Garcia<br \/>\nAriane Camilo Pinheiro Alves<br \/>\nAryanna Oliveira<br \/>\nCarla Sasse<br \/>\nCarolina Sasse<br \/>\nCaroline Cardoso Neves da Silva<br \/>\nFernanda Giacomassi<br \/>\nFernanda Guimar\u00e3es Maranha<br \/>\nFernando Magarian<br \/>\nGabrielle Yukari Okamura da Rocha<br \/>\nGuili Minkovicius<br \/>\nJuliane Ferreira da Silva Santos<br \/>\nMaria Marta Cursino<br \/>\nMariana Navarro<br \/>\nNat\u00e1lia Beliz\u00e1rio Silva<br \/>\nSofia Mendes<br \/>\nTatiana Iwata<br \/>\nVictor Augusto de Souza<\/p>\n","protected":false},"excerpt":{"rendered":"<p>A equipe do IP Comunica\/Servi\u00e7o de Apoio Institucional \u00e9 respons\u00e1vel pela implanta\u00e7\u00e3o do Portal de Divulga\u00e7\u00e3o Cient\u00edfica. Coordenado por Islaine&#46;&#46;&#46;<\/p>\n","protected":false},"author":610,"featured_media":0,"parent":0,"menu_order":0,"comment_status":"closed","ping_status":"closed","template":"","meta":{"footnotes":"","_links_to":"","_links_to_target":""},"class_list":["post-945","page","type-page","status-publish","hentry"],"_links":{"self":[{"href":"https:\/\/sites.usp.br\/psicousp\/wp-json\/wp\/v2\/pages\/945","targetHints":{"allow":["GET"]}}],"collection":[{"href":"https:\/\/sites.usp.br\/psicousp\/wp-json\/wp\/v2\/pages"}],"about":[{"href":"https:\/\/sites.usp.br\/psicousp\/wp-json\/wp\/v2\/types\/page"}],"author":[{"embeddable":true,"href":"https:\/\/sites.usp.br\/psicousp\/wp-json\/wp\/v2\/users\/610"}],"replies":[{"embeddable":true,"href":"https:\/\/sites.usp.br\/psicousp\/wp-json\/wp\/v2\/comments?post=945"}],"version-history":[{"count":5,"href":"https:\/\/sites.usp.br\/psicousp\/wp-json\/wp\/v2\/pages\/945\/revisions"}],"predecessor-version":[{"id":6345,"href":"https:\/\/sites.usp.br\/psicousp\/wp-json\/wp\/v2\/pages\/945\/revisions\/6345"}],"wp:attachment":[{"href":"https:\/\/sites.usp.br\/psicousp\/wp-json\/wp\/v2\/media?parent=945"}],"curies":[{"name":"wp","href":"https:\/\/api.w.org\/{rel}","templated":true}]}}