{"id":79,"date":"2014-02-24T16:51:20","date_gmt":"2014-02-24T18:51:20","guid":{"rendered":"http:\/\/sites.usp.br\/ptc\/?page_id=79"},"modified":"2024-05-14T17:21:39","modified_gmt":"2024-05-14T19:21:39","slug":"pagina-inicial","status":"publish","type":"page","link":"https:\/\/sites.usp.br\/ptc\/","title":{"rendered":"Apresenta\u00e7\u00e3o"},"content":{"rendered":"<p>O Departamento de Engenharia de Telecomunica\u00e7\u00f5es e Controle, PTC, \u00e9 formado por 3 laborat\u00f3rios de pesquisa: o\u00a0<a href=\"http:\/\/www.lac.usp.br\/\">LAC &#8211; Laborat\u00f3rio de Automa\u00e7\u00e3o e Controle<\/a>, o\u00a0<a href=\"http:\/\/www.lcs.poli.usp.br\/\">LCS &#8211; Laborat\u00f3rio de Comunica\u00e7\u00f5es e Sinais<\/a>, e o\u00a0<a href=\"http:\/\/www.leb.usp.br\/\">LEB &#8211; Laborat\u00f3rio de Engenharia Biom\u00e9dica<\/a>. Os docentes vinculados a esses Laborat\u00f3rios s\u00e3o respons\u00e1veis por 5 disciplinas de forma\u00e7\u00e3o geral em Engenharia El\u00e9trica, bem como pelas disciplinas de forma\u00e7\u00e3o espec\u00edfica de duas \u00canfases deste curso, &#8220;Automa\u00e7\u00e3o e Controle&#8221; e &#8220;Telecomunica\u00e7\u00f5es&#8221;, as quais s\u00e3o oferecidas nos respectivos curr\u00edculos a partir do 3\u00ba ano, juntamente com outras disciplinas\u00a0 e forma\u00e7\u00e3o geral. Nos Laborat\u00f3rios do PTC s\u00e3o desenvolvidas pesquisas, tanto b\u00e1sicas como aplicadas.<\/p>\n<p>V\u00e1rias destas pesquisas s\u00e3o executadas com recursos de empresas e ag\u00eancias\u00a0 governamentais e de fomento, tais como como: FAPESP, CNPq, FINEP, Secretaria de Ci\u00eancia, Tecnologia e Desenvolvimento Econ\u00f4mico do Estado de S\u00e3o Paulo, Telebr\u00e1s,\u00a0 Petrobr\u00e1s, Centro Tecnol\u00f3gico da Marinha em S\u00e3o Paulo e Prodesp, entre outros. O Departamento mant\u00e9m conv\u00eanios de coopera\u00e7\u00e3o cient\u00edfica e tecnol\u00f3gica com diversas\u00a0 universidades e institutos de pesquisa, tanto do Pa\u00eds como do exterior.<\/p>\n<p>Os Laborat\u00f3rios normalmente oferecem est\u00e1gios, monitorias e inicia\u00e7\u00e3o cient\u00edfica. Alunos com bom desempenho acad\u00eamico s\u00e3o encorajados a iniciar a p\u00f3s-gradua\u00e7\u00e3o durante o 5\u00ba ano da gradua\u00e7\u00e3o. Durante o 5\u00ba ano, todos os alunos das \u00canfases &#8220;Automa\u00e7\u00e3o e Controle&#8221; e &#8220;Telecomunica\u00e7\u00f5es&#8221; desenvolvem um trabalho de formatura, sob orienta\u00e7\u00e3o de docentes do PTC.<\/p>\n<p>&nbsp;<\/p>\n","protected":false},"excerpt":{"rendered":"<p>O Departamento de Engenharia de Telecomunica\u00e7\u00f5es e Controle, PTC, \u00e9 formado por 3 laborat\u00f3rios de pesquisa: o\u00a0LAC &#8211; Laborat\u00f3rio de Automa\u00e7\u00e3o e Controle, o\u00a0LCS &#8211; Laborat\u00f3rio de Comunica\u00e7\u00f5es e Sinais, e o\u00a0LEB &#8211; Laborat\u00f3rio de Engenharia Biom\u00e9dica. Os docentes vinculados a esses Laborat\u00f3rios s\u00e3o respons\u00e1veis por 5 disciplinas de forma\u00e7\u00e3o geral em Engenharia El\u00e9trica, bem [&hellip;]<\/p>\n","protected":false},"author":1,"featured_media":0,"parent":0,"menu_order":0,"comment_status":"closed","ping_status":"closed","template":"","meta":{"footnotes":"","_links_to":"","_links_to_target":""},"class_list":["post-79","page","type-page","status-publish","hentry"],"_links":{"self":[{"href":"https:\/\/sites.usp.br\/ptc\/wp-json\/wp\/v2\/pages\/79","targetHints":{"allow":["GET"]}}],"collection":[{"href":"https:\/\/sites.usp.br\/ptc\/wp-json\/wp\/v2\/pages"}],"about":[{"href":"https:\/\/sites.usp.br\/ptc\/wp-json\/wp\/v2\/types\/page"}],"author":[{"embeddable":true,"href":"https:\/\/sites.usp.br\/ptc\/wp-json\/wp\/v2\/users\/1"}],"replies":[{"embeddable":true,"href":"https:\/\/sites.usp.br\/ptc\/wp-json\/wp\/v2\/comments?post=79"}],"version-history":[{"count":4,"href":"https:\/\/sites.usp.br\/ptc\/wp-json\/wp\/v2\/pages\/79\/revisions"}],"predecessor-version":[{"id":252,"href":"https:\/\/sites.usp.br\/ptc\/wp-json\/wp\/v2\/pages\/79\/revisions\/252"}],"wp:attachment":[{"href":"https:\/\/sites.usp.br\/ptc\/wp-json\/wp\/v2\/media?parent=79"}],"curies":[{"name":"wp","href":"https:\/\/api.w.org\/{rel}","templated":true}]}}