{"id":1448,"date":"2021-10-05T15:55:08","date_gmt":"2021-10-05T18:55:08","guid":{"rendered":"https:\/\/sites.usp.br\/ptr-ltg\/?page_id=1448"},"modified":"2021-10-15T22:13:15","modified_gmt":"2021-10-16T01:13:15","slug":"projeto-02","status":"publish","type":"page","link":"https:\/\/sites.usp.br\/ptr-ltg\/projeto-02\/","title":{"rendered":"Projeto 02"},"content":{"rendered":"\t\t<div data-elementor-type=\"wp-page\" data-elementor-id=\"1448\" class=\"elementor elementor-1448\">\n\t\t\t\t\t\t<section class=\"elementor-section elementor-top-section elementor-element elementor-element-e9ca7de elementor-section-boxed elementor-section-height-default elementor-section-height-default\" data-id=\"e9ca7de\" data-element_type=\"section\">\n\t\t\t\t\t\t<div class=\"elementor-container elementor-column-gap-default\">\n\t\t\t\t\t<div class=\"elementor-column elementor-col-100 elementor-top-column elementor-element elementor-element-74aba2a\" data-id=\"74aba2a\" data-element_type=\"column\" data-settings=\"{&quot;background_background&quot;:&quot;classic&quot;}\">\n\t\t\t<div class=\"elementor-widget-wrap elementor-element-populated\">\n\t\t\t\t\t\t<div class=\"elementor-element elementor-element-85240c1 elementor-widget elementor-widget-html\" data-id=\"85240c1\" data-element_type=\"widget\" data-widget_type=\"html.default\">\n\t\t\t\t<div class=\"elementor-widget-container\">\n\t\t\t<div style=\"position:relative; height:288px; width:1000px; background:url(https:\/\/sites.usp.br\/ptr-ltg\/wp-content\/uploads\/sites\/685\/2021\/10\/Banner-topoFDO-Branco.jpg) 0 0 no-repeat;\"><a style=\"position:absolute; top:17px; left:15px; width:290px; height:112px;\" title=\"\" alt=\"\" href=\"https:\/\/www.poli.usp.br\/\" target=\"_blank\"><\/a><a style=\"position:absolute; top:149px; left:128px; width:107px; height:76px;\" title=\"\" alt=\"\" href=\"http:\/\/www.ptr.poli.usp.br\/\" target=\"_self\"><\/a><a style=\"position:absolute; top:226px; left:123px; width:506px; height:46px;\" title=\"\" alt=\"\" href=\"http:\/\/www.ptr.poli.usp.br\/\" target=\"_self\"><\/a><a style=\"position:absolute; top:9px; left:378px; width:612px; height:207px;\" title=\"\" alt=\"\" href=\"https:\/\/sites.usp.br\/ptr-ltg\/ltg\/\" target=\"_self\"><\/a><a style=\"position:absolute; top:220px; left:851px; width:142px; height:57px;\" title=\"\" alt=\"\" href=\"https:\/\/www5.usp.br\/\" target=\"_blank\"><\/a><a style=\"position:absolute; top:223px; left:704px; width:66px; height:53px;\" title=\"\" alt=\"\" href=\"https:\/\/sites.usp.br\/ptr-ltg\/ltg\/\" target=\"_self\"><\/a><\/div>\t\t<\/div>\n\t\t\t\t<\/div>\n\t\t\t\t\t<\/div>\n\t\t<\/div>\n\t\t\t\t\t<\/div>\n\t\t<\/section>\n\t\t\t\t<section class=\"elementor-section elementor-top-section elementor-element elementor-element-4e33836 elementor-section-boxed elementor-section-height-default elementor-section-height-default\" data-id=\"4e33836\" data-element_type=\"section\">\n\t\t\t\t\t\t<div class=\"elementor-container elementor-column-gap-default\">\n\t\t\t\t\t<div class=\"elementor-column elementor-col-100 elementor-top-column elementor-element elementor-element-c7edca5\" data-id=\"c7edca5\" data-element_type=\"column\">\n\t\t\t<div class=\"elementor-widget-wrap elementor-element-populated\">\n\t\t\t\t\t\t<div class=\"elementor-element elementor-element-ec90219 eael_simple_menu_hamburger_disable_selected_menu_no eael-simple-menu-hamburger-align-right eael-hamburger--tablet elementor-widget elementor-widget-eael-simple-menu\" data-id=\"ec90219\" data-element_type=\"widget\" data-widget_type=\"eael-simple-menu.default\">\n\t\t\t\t<div class=\"elementor-widget-container\">\n\t\t\t<style>\n                        @media screen and (max-width: 1024px) {\n                            .eael-hamburger--tablet {\n                                .eael-simple-menu-horizontal,\n                                .eael-simple-menu-vertical {\n                                    display: none;\n                                }\n                            }\n                            .eael-hamburger--tablet {\n                                .eael-simple-menu-container .eael-simple-menu-toggle {\n                                    display: block;\n                                }\n                            }\n                        }\n                    <\/style>            <div data-hamburger-icon=\"&lt;i aria-hidden=&quot;true&quot; class=&quot;fas fa-bars&quot;&gt;&lt;\/i&gt;\" data-indicator-icon=\"&lt;i aria-hidden=&quot;true&quot; class=&quot;fas fa-angle-down&quot;&gt;&lt;\/i&gt;\" data-dropdown-indicator-icon=\"&lt;i class=&quot;fas fa-angle-down&quot;&gt;&lt;\/i&gt;\" class=\"eael-simple-menu-container eael-simple-menu-align-left eael-simple-menu-dropdown-align-left preset-1\" data-hamburger-breakpoints=\"{&quot;mobile&quot;:&quot;Dispositivos m\\u00f3veis no modo retrato (&gt; 767px)&quot;,&quot;tablet&quot;:&quot;Tablet no modo retrato (&gt; 1024px)&quot;,&quot;desktop&quot;:&quot;Desktop (&gt; 2400px)&quot;,&quot;none&quot;:&quot;Nenhum&quot;}\" data-hamburger-device=\"tablet\">\n                <ul id=\"menu-footermenu\" class=\"eael-simple-menu eael-simple-menu-dropdown-animate-to-top eael-simple-menu-indicator eael-simple-menu-horizontal\"><li id=\"menu-item-2153\" class=\"menu-item menu-item-type-custom menu-item-object-custom menu-item-2153\"><a href=\"https:\/\/sites.usp.br\/ptr-ltg\/ltg\">In\u00edcio<\/a><\/li>\n<li id=\"menu-item-2154\" class=\"menu-item menu-item-type-post_type menu-item-object-page menu-item-2154\"><a href=\"https:\/\/sites.usp.br\/ptr-ltg\/ltg\/\">LTG<\/a><\/li>\n<li id=\"menu-item-2155\" class=\"menu-item menu-item-type-post_type menu-item-object-page menu-item-has-children menu-item-2155\"><a href=\"https:\/\/sites.usp.br\/ptr-ltg\/disciplinas\/\">Disciplinas<\/a>\n<ul class=\"sub-menu\">\n\t<li id=\"menu-item-2156\" class=\"menu-item menu-item-type-post_type menu-item-object-page menu-item-2156\"><a href=\"https:\/\/sites.usp.br\/ptr-ltg\/graduacao\/\">Gradua\u00e7\u00e3o<\/a><\/li>\n\t<li id=\"menu-item-2157\" class=\"menu-item menu-item-type-post_type menu-item-object-page menu-item-2157\"><a href=\"https:\/\/sites.usp.br\/ptr-ltg\/pos-graduacao\/\">P\u00f3s Gradua\u00e7\u00e3o<\/a><\/li>\n<\/ul>\n<\/li>\n<li id=\"menu-item-2158\" class=\"menu-item menu-item-type-post_type menu-item-object-page menu-item-2158\"><a href=\"https:\/\/sites.usp.br\/ptr-ltg\/professores\/\">Professores<\/a><\/li>\n<li id=\"menu-item-2159\" class=\"menu-item menu-item-type-post_type menu-item-object-page menu-item-2159\"><a href=\"https:\/\/sites.usp.br\/ptr-ltg\/projetos\/\">Projetos<\/a><\/li>\n<li id=\"menu-item-2160\" class=\"menu-item menu-item-type-post_type menu-item-object-page menu-item-2160\"><a href=\"https:\/\/sites.usp.br\/ptr-ltg\/contato\/\">Contato<\/a><\/li>\n<li id=\"menu-item-3536\" class=\"menu-item menu-item-type-post_type menu-item-object-page menu-item-3536\"><a href=\"https:\/\/sites.usp.br\/ptr-ltg\/museu-virtual\/\">Museu Virtual<\/a><\/li>\n<li id=\"menu-item-3547\" class=\"menu-item menu-item-type-post_type menu-item-object-page menu-item-3547\"><a href=\"https:\/\/sites.usp.br\/ptr-ltg\/calendario-gps\/\">Calend\u00e1rio GPS<\/a><\/li>\n<\/ul>                <button class=\"eael-simple-menu-toggle\">\n                    <span class=\"sr-only \">Menu de altern\u00e2ncia de hamb\u00farguer<\/span>\n                    <i aria-hidden=\"true\" class=\"fas fa-bars\"><\/i>                <\/button>\n            <\/div>\n            \t\t<\/div>\n\t\t\t\t<\/div>\n\t\t\t\t\t<\/div>\n\t\t<\/div>\n\t\t\t\t\t<\/div>\n\t\t<\/section>\n\t\t\t\t<section class=\"elementor-section elementor-top-section elementor-element elementor-element-63ca19e4 elementor-section-boxed elementor-section-height-default elementor-section-height-default\" data-id=\"63ca19e4\" data-element_type=\"section\" data-settings=\"{&quot;background_background&quot;:&quot;classic&quot;}\">\n\t\t\t\t\t\t<div class=\"elementor-container elementor-column-gap-default\">\n\t\t\t\t\t<div class=\"elementor-column elementor-col-100 elementor-top-column elementor-element elementor-element-71078a53\" data-id=\"71078a53\" data-element_type=\"column\">\n\t\t\t<div class=\"elementor-widget-wrap elementor-element-populated\">\n\t\t\t\t\t\t<div class=\"elementor-element elementor-element-71d9a0b8 elementor-widget elementor-widget-text-editor\" data-id=\"71d9a0b8\" data-element_type=\"widget\" data-widget_type=\"text-editor.default\">\n\t\t\t\t<div class=\"elementor-widget-container\">\n\t\t\t\t\t\t\t<h4 class=\"font_5\"><span style=\"color: #003366;\">Projeto 2:\u00a0<\/span><\/h4>\t\t\t\t\t\t<\/div>\n\t\t\t\t<\/div>\n\t\t\t\t\t<\/div>\n\t\t<\/div>\n\t\t\t\t\t<\/div>\n\t\t<\/section>\n\t\t\t\t<section class=\"elementor-section elementor-top-section elementor-element elementor-element-41c6c14 elementor-section-boxed elementor-section-height-default elementor-section-height-default\" data-id=\"41c6c14\" data-element_type=\"section\" data-settings=\"{&quot;background_background&quot;:&quot;classic&quot;}\">\n\t\t\t\t\t\t<div class=\"elementor-container elementor-column-gap-default\">\n\t\t\t\t\t<div class=\"elementor-column elementor-col-100 elementor-top-column elementor-element elementor-element-6277845\" data-id=\"6277845\" data-element_type=\"column\">\n\t\t\t<div class=\"elementor-widget-wrap elementor-element-populated\">\n\t\t\t\t\t\t<div class=\"elementor-element elementor-element-0c64a05 elementor-widget elementor-widget-text-editor\" data-id=\"0c64a05\" data-element_type=\"widget\" data-widget_type=\"text-editor.default\">\n\t\t\t\t<div class=\"elementor-widget-container\">\n\t\t\t\t\t\t\t<h4 class=\"font_5\"><span style=\"color: #003366;\">Classifica\u00e7\u00e3o de n\u00edveis &#8211; (BASE USP) para n\u00edveis (BASE USP-NIV)<\/span><\/h4>\t\t\t\t\t\t<\/div>\n\t\t\t\t<\/div>\n\t\t\t\t\t<\/div>\n\t\t<\/div>\n\t\t\t\t\t<\/div>\n\t\t<\/section>\n\t\t\t\t<section class=\"elementor-section elementor-top-section elementor-element elementor-element-00dd10d elementor-section-boxed elementor-section-height-default elementor-section-height-default\" data-id=\"00dd10d\" data-element_type=\"section\" data-settings=\"{&quot;background_background&quot;:&quot;classic&quot;}\">\n\t\t\t\t\t\t<div class=\"elementor-container elementor-column-gap-default\">\n\t\t\t\t\t<div class=\"elementor-column elementor-col-16 elementor-top-column elementor-element elementor-element-18e3142\" data-id=\"18e3142\" data-element_type=\"column\">\n\t\t\t<div class=\"elementor-widget-wrap\">\n\t\t\t\t\t\t\t<\/div>\n\t\t<\/div>\n\t\t\t\t<div class=\"elementor-column elementor-col-66 elementor-top-column elementor-element elementor-element-3989304\" data-id=\"3989304\" data-element_type=\"column\">\n\t\t\t<div class=\"elementor-widget-wrap elementor-element-populated\">\n\t\t\t\t\t\t<div class=\"elementor-element elementor-element-63673f6 elementor-widget elementor-widget-text-editor\" data-id=\"63673f6\" data-element_type=\"widget\" data-widget_type=\"text-editor.default\">\n\t\t\t\t<div class=\"elementor-widget-container\">\n\t\t\t\t\t\t\t<p class=\"font_8\"><strong>Objetivos:<\/strong><\/p><p class=\"font_8\" style=\"text-align: justify;\">Desenvolver estudos referentes \u00e0 classifica\u00e7\u00e3o desses equipamentos. Determinar para cada instrumento o desvio padr\u00e3o, atrav\u00e9s de (1) km de duplo nivelamento ou de m\u00faltiplas determina\u00e7\u00f5es de desn\u00edveis entre pontos atrav\u00e9s de metodologia da norma DIN 18723, e compar\u00e1-la com a precis\u00e3o nominal fornecida pelo fabricante, bem como classific\u00e1-la conforme previsto pela NBR 13.133\/94. Para tanto utiliza-se uma base de campo (BASE USP-NIV) onde s\u00e3o realizadas as observa\u00e7\u00f5es com o n\u00edvel a ser aferido.\u00a0<\/p><p class=\"font_8\"><strong>Coordenador:<\/strong> Nicola Pacil\u00e9o Netto<\/p><p class=\"font_8\"><strong>Participantes:<\/strong><\/p><p class=\"font_8\">Herbert Erwes, Jorge Pimentel Cintra, Ricardo Ernesto Schaal, Edvaldo Sim\u00f5es da Fonseca Junior e R\u00e9gis Fernandes Bueno.<\/p>\t\t\t\t\t\t<\/div>\n\t\t\t\t<\/div>\n\t\t\t\t\t<\/div>\n\t\t<\/div>\n\t\t\t\t<div class=\"elementor-column elementor-col-16 elementor-top-column elementor-element elementor-element-75e5fca\" data-id=\"75e5fca\" data-element_type=\"column\">\n\t\t\t<div class=\"elementor-widget-wrap\">\n\t\t\t\t\t\t\t<\/div>\n\t\t<\/div>\n\t\t\t\t\t<\/div>\n\t\t<\/section>\n\t\t\t\t<section class=\"elementor-section elementor-top-section elementor-element elementor-element-22b297e elementor-section-boxed elementor-section-height-default elementor-section-height-default\" data-id=\"22b297e\" data-element_type=\"section\" data-settings=\"{&quot;background_background&quot;:&quot;classic&quot;}\">\n\t\t\t\t\t\t<div class=\"elementor-container elementor-column-gap-default\">\n\t\t\t\t\t<div class=\"elementor-column elementor-col-16 elementor-top-column elementor-element elementor-element-fcd07dc\" data-id=\"fcd07dc\" data-element_type=\"column\">\n\t\t\t<div class=\"elementor-widget-wrap\">\n\t\t\t\t\t\t\t<\/div>\n\t\t<\/div>\n\t\t\t\t<div class=\"elementor-column elementor-col-66 elementor-top-column elementor-element elementor-element-e143527\" data-id=\"e143527\" data-element_type=\"column\">\n\t\t\t<div class=\"elementor-widget-wrap elementor-element-populated\">\n\t\t\t\t\t\t<div class=\"elementor-element elementor-element-e95f8f9 elementor-widget elementor-widget-wp-widget-cyclone-slider-widget\" data-id=\"e95f8f9\" data-element_type=\"widget\" data-widget_type=\"wp-widget-cyclone-slider-widget.default\">\n\t\t\t\t<div class=\"elementor-widget-container\">\n\t\t\t<style> .cycloneslider-img-copy { background: none repeat scroll 0 0 #fff; bottom: 27%; color: #000; font-size: 80%; opacity: 0.7; padding: 0 5px; position: absolute; right: 10px; }<\/style> <div tabindex=\"0\" class=\"cycloneslider cycloneslider-template-standard cycloneslider-width-responsive\" id=\"cycloneslider-proj-02-1\" style=\"max-width:960px\" > <div class=\"cycloneslider-slides cycle-slideshow\" data-cycle-allow-wrap=\"true\" data-cycle-dynamic-height=\"off\" data-cycle-auto-height=\"960:480\" data-cycle-auto-height-easing=\"null\" data-cycle-auto-height-speed=\"250\" data-cycle-delay=\"0\" data-cycle-easing=\"\" data-cycle-fx=\"fade\" data-cycle-hide-non-active=\"true\" data-cycle-log=\"false\" data-cycle-next=\"#cycloneslider-proj-02-1 .cycloneslider-next\" data-cycle-pager=\"#cycloneslider-proj-02-1 .cycloneslider-pager\" data-cycle-pause-on-hover=\"false\" data-cycle-prev=\"#cycloneslider-proj-02-1 .cycloneslider-prev\" data-cycle-slides=\"&gt; div\" data-cycle-speed=\"1000\" data-cycle-swipe=\"false\" data-cycle-tile-count=\"7\" data-cycle-tile-delay=\"100\" data-cycle-tile-vertical=\"true\" data-cycle-timeout=\"6000\" > <div class=\"cycloneslider-slide cycloneslider-slide-image\" data-cycle-fx=\"fade\" data-cycle-speed=\"2000\" data-cycle-timeout=\"2000\" > <img decoding=\"async\" src=\"https:\/\/sites.usp.br\/ptr-ltg\/wp-content\/uploads\/sites\/685\/2021\/10\/Proj-01.jpg\" title=\"\" \/> <\/div> <div class=\"cycloneslider-slide cycloneslider-slide-image\" data-cycle-fx=\"fade\" data-cycle-speed=\"2000\" data-cycle-timeout=\"2000\" > <img decoding=\"async\" src=\"https:\/\/sites.usp.br\/ptr-ltg\/wp-content\/uploads\/sites\/685\/2021\/10\/Proj-02.jpg\" title=\"\" \/> <\/div> <div class=\"cycloneslider-slide cycloneslider-slide-image\" data-cycle-fx=\"fade\" data-cycle-speed=\"2000\" data-cycle-timeout=\"2000\" > <img decoding=\"async\" src=\"https:\/\/sites.usp.br\/ptr-ltg\/wp-content\/uploads\/sites\/685\/2021\/10\/Proj-03.jpg\" title=\"\" \/> <\/div> <\/div> <\/div>\t\t<\/div>\n\t\t\t\t<\/div>\n\t\t\t\t\t<\/div>\n\t\t<\/div>\n\t\t\t\t<div class=\"elementor-column elementor-col-16 elementor-top-column elementor-element elementor-element-4abef8a\" data-id=\"4abef8a\" data-element_type=\"column\">\n\t\t\t<div class=\"elementor-widget-wrap\">\n\t\t\t\t\t\t\t<\/div>\n\t\t<\/div>\n\t\t\t\t\t<\/div>\n\t\t<\/section>\n\t\t\t\t<section class=\"elementor-section elementor-top-section elementor-element elementor-element-79387b7 elementor-section-boxed elementor-section-height-default elementor-section-height-default\" data-id=\"79387b7\" data-element_type=\"section\" data-settings=\"{&quot;background_background&quot;:&quot;classic&quot;}\">\n\t\t\t\t\t\t<div class=\"elementor-container elementor-column-gap-default\">\n\t\t\t\t\t<div class=\"elementor-column elementor-col-16 elementor-top-column elementor-element elementor-element-679f80f\" data-id=\"679f80f\" data-element_type=\"column\">\n\t\t\t<div class=\"elementor-widget-wrap\">\n\t\t\t\t\t\t\t<\/div>\n\t\t<\/div>\n\t\t\t\t<div class=\"elementor-column elementor-col-66 elementor-top-column elementor-element elementor-element-0b27cc2\" data-id=\"0b27cc2\" data-element_type=\"column\">\n\t\t\t<div class=\"elementor-widget-wrap elementor-element-populated\">\n\t\t\t\t\t\t<div class=\"elementor-element elementor-element-522775c elementor-widget elementor-widget-text-editor\" data-id=\"522775c\" data-element_type=\"widget\" data-widget_type=\"text-editor.default\">\n\t\t\t\t<div class=\"elementor-widget-container\">\n\t\t\t\t\t\t\t<p class=\"font_8\"><span style=\"color: #0000ff;\"><strong>Publica\u00e7\u00e3o\u00a0:<\/strong><\/span><\/p><ul class=\"font_8\"><li><p class=\"font_8\" style=\"text-align: justify;\">Pacil\u00e9o Netto, N; Erwes H. Campo de provas da EPUSP: Calibra\u00e7\u00e3o e Classifica\u00e7\u00e3o de Instrumentos Geod\u00e9sicos. IN: Congresso Brasileiro de Cartografia, 17, Bahia, 1995. Sociedade Brasileira de Cartografia, Rio de Janeiro, 1995, V.I, P. S\/N.<\/p><\/li><\/ul><p class=\"font_8\">\u00a0<\/p>\t\t\t\t\t\t<\/div>\n\t\t\t\t<\/div>\n\t\t\t\t\t<\/div>\n\t\t<\/div>\n\t\t\t\t<div class=\"elementor-column elementor-col-16 elementor-top-column elementor-element elementor-element-bbfe91a\" data-id=\"bbfe91a\" data-element_type=\"column\">\n\t\t\t<div class=\"elementor-widget-wrap\">\n\t\t\t\t\t\t\t<\/div>\n\t\t<\/div>\n\t\t\t\t\t<\/div>\n\t\t<\/section>\n\t\t\t\t<\/div>\n\t\t","protected":false},"excerpt":{"rendered":"<p>In\u00edcio LTG Disciplinas Gradua\u00e7\u00e3o P\u00f3s Gradua\u00e7\u00e3o Professores Projetos Contato Museu Virtual Calend\u00e1rio GPS Projeto 2:\u00a0 Classifica\u00e7\u00e3o de n\u00edveis &#8211; (BASE USP) para n\u00edveis (BASE USP-NIV) Objetivos: Desenvolver estudos referentes \u00e0 classifica\u00e7\u00e3o desses equipamentos. Determinar para cada instrumento o desvio padr\u00e3o, atrav\u00e9s de (1) km de duplo nivelamento ou de m\u00faltiplas determina\u00e7\u00f5es de desn\u00edveis entre pontos&hellip;<\/p>\n","protected":false},"author":285,"featured_media":0,"parent":0,"menu_order":0,"comment_status":"closed","ping_status":"closed","template":"","meta":{"footnotes":"","_links_to":"","_links_to_target":""},"class_list":["post-1448","page","type-page","status-publish","hentry","post"],"_links":{"self":[{"href":"https:\/\/sites.usp.br\/ptr-ltg\/wp-json\/wp\/v2\/pages\/1448","targetHints":{"allow":["GET"]}}],"collection":[{"href":"https:\/\/sites.usp.br\/ptr-ltg\/wp-json\/wp\/v2\/pages"}],"about":[{"href":"https:\/\/sites.usp.br\/ptr-ltg\/wp-json\/wp\/v2\/types\/page"}],"author":[{"embeddable":true,"href":"https:\/\/sites.usp.br\/ptr-ltg\/wp-json\/wp\/v2\/users\/285"}],"replies":[{"embeddable":true,"href":"https:\/\/sites.usp.br\/ptr-ltg\/wp-json\/wp\/v2\/comments?post=1448"}],"version-history":[{"count":4,"href":"https:\/\/sites.usp.br\/ptr-ltg\/wp-json\/wp\/v2\/pages\/1448\/revisions"}],"predecessor-version":[{"id":3835,"href":"https:\/\/sites.usp.br\/ptr-ltg\/wp-json\/wp\/v2\/pages\/1448\/revisions\/3835"}],"wp:attachment":[{"href":"https:\/\/sites.usp.br\/ptr-ltg\/wp-json\/wp\/v2\/media?parent=1448"}],"curies":[{"name":"wp","href":"https:\/\/api.w.org\/{rel}","templated":true}]}}