{"id":1499,"date":"2021-10-06T11:12:20","date_gmt":"2021-10-06T14:12:20","guid":{"rendered":"https:\/\/sites.usp.br\/ptr-ltg\/?page_id=1499"},"modified":"2021-10-18T08:47:37","modified_gmt":"2021-10-18T11:47:37","slug":"projeto-04","status":"publish","type":"page","link":"https:\/\/sites.usp.br\/ptr-ltg\/projeto-04\/","title":{"rendered":"Projeto 04"},"content":{"rendered":"\t\t<div data-elementor-type=\"wp-page\" data-elementor-id=\"1499\" class=\"elementor elementor-1499\">\n\t\t\t\t\t\t<section class=\"elementor-section elementor-top-section elementor-element elementor-element-63ca19e4 elementor-section-boxed elementor-section-height-default elementor-section-height-default\" data-id=\"63ca19e4\" data-element_type=\"section\" data-settings=\"{&quot;background_background&quot;:&quot;classic&quot;}\">\n\t\t\t\t\t\t<div class=\"elementor-container elementor-column-gap-default\">\n\t\t\t\t\t<div class=\"elementor-column elementor-col-100 elementor-top-column elementor-element elementor-element-71078a53\" data-id=\"71078a53\" data-element_type=\"column\">\n\t\t\t<div class=\"elementor-widget-wrap elementor-element-populated\">\n\t\t\t\t\t\t<div class=\"elementor-element elementor-element-b2bfbbf elementor-widget elementor-widget-html\" data-id=\"b2bfbbf\" data-element_type=\"widget\" data-widget_type=\"html.default\">\n\t\t\t\t<div class=\"elementor-widget-container\">\n\t\t\t<div style=\"position:relative; height:288px; width:1000px; background:url(https:\/\/sites.usp.br\/ptr-ltg\/wp-content\/uploads\/sites\/685\/2021\/10\/Banner-topoFDO-Branco.jpg) 0 0 no-repeat;\"><a style=\"position:absolute; top:17px; left:15px; width:290px; height:112px;\" title=\"\" alt=\"\" href=\"https:\/\/www.poli.usp.br\/\" target=\"_blank\"><\/a><a style=\"position:absolute; top:149px; left:128px; width:107px; height:76px;\" title=\"\" alt=\"\" href=\"http:\/\/www.ptr.poli.usp.br\/\" target=\"_self\"><\/a><a style=\"position:absolute; top:226px; left:123px; width:506px; height:46px;\" title=\"\" alt=\"\" href=\"http:\/\/www.ptr.poli.usp.br\/\" target=\"_self\"><\/a><a style=\"position:absolute; top:9px; left:378px; width:612px; height:207px;\" title=\"\" alt=\"\" href=\"https:\/\/sites.usp.br\/ptr-ltg\/ltg\/\" target=\"_self\"><\/a><a style=\"position:absolute; top:220px; left:851px; width:142px; height:57px;\" title=\"\" alt=\"\" href=\"https:\/\/www5.usp.br\/\" target=\"_blank\"><\/a><a style=\"position:absolute; top:223px; left:704px; width:66px; height:53px;\" title=\"\" alt=\"\" href=\"https:\/\/sites.usp.br\/ptr-ltg\/ltg\/\" target=\"_self\"><\/a><\/div>\t\t<\/div>\n\t\t\t\t<\/div>\n\t\t\t\t\t<\/div>\n\t\t<\/div>\n\t\t\t\t\t<\/div>\n\t\t<\/section>\n\t\t\t\t<section class=\"elementor-section elementor-top-section elementor-element elementor-element-bda5f6b elementor-section-boxed elementor-section-height-default elementor-section-height-default\" data-id=\"bda5f6b\" data-element_type=\"section\" data-settings=\"{&quot;background_background&quot;:&quot;classic&quot;}\">\n\t\t\t\t\t\t<div class=\"elementor-container elementor-column-gap-default\">\n\t\t\t\t\t<div class=\"elementor-column elementor-col-100 elementor-top-column elementor-element elementor-element-f1abd0e\" data-id=\"f1abd0e\" data-element_type=\"column\">\n\t\t\t<div class=\"elementor-widget-wrap elementor-element-populated\">\n\t\t\t\t\t\t<div class=\"elementor-element elementor-element-9a94d18 eael_simple_menu_hamburger_disable_selected_menu_no eael-simple-menu-hamburger-align-right eael-hamburger--tablet elementor-widget elementor-widget-eael-simple-menu\" data-id=\"9a94d18\" data-element_type=\"widget\" data-widget_type=\"eael-simple-menu.default\">\n\t\t\t\t<div class=\"elementor-widget-container\">\n\t\t\t<style>\n                        @media screen and (max-width: 1024px) {\n                            .eael-hamburger--tablet {\n                                .eael-simple-menu-horizontal,\n                                .eael-simple-menu-vertical {\n                                    display: none;\n                                }\n                            }\n                            .eael-hamburger--tablet {\n                                .eael-simple-menu-container .eael-simple-menu-toggle {\n                                    display: block;\n                                }\n                            }\n                        }\n                    <\/style>            <div data-hamburger-icon=\"&lt;i aria-hidden=&quot;true&quot; class=&quot;fas fa-bars&quot;&gt;&lt;\/i&gt;\" data-indicator-icon=\"&lt;i aria-hidden=&quot;true&quot; class=&quot;fas fa-angle-down&quot;&gt;&lt;\/i&gt;\" data-dropdown-indicator-icon=\"&lt;i class=&quot;fas fa-angle-down&quot;&gt;&lt;\/i&gt;\" class=\"eael-simple-menu-container eael-simple-menu-align-left eael-simple-menu-dropdown-align-left preset-1\" data-hamburger-breakpoints=\"{&quot;mobile&quot;:&quot;Dispositivos m\\u00f3veis no modo retrato (&gt; 767px)&quot;,&quot;tablet&quot;:&quot;Tablet no modo retrato (&gt; 1024px)&quot;,&quot;desktop&quot;:&quot;Desktop (&gt; 2400px)&quot;,&quot;none&quot;:&quot;Nenhum&quot;}\" data-hamburger-device=\"tablet\">\n                <ul id=\"menu-footermenu\" class=\"eael-simple-menu eael-simple-menu-dropdown-animate-to-top eael-simple-menu-indicator eael-simple-menu-horizontal\"><li id=\"menu-item-2153\" class=\"menu-item menu-item-type-custom menu-item-object-custom menu-item-2153\"><a href=\"https:\/\/sites.usp.br\/ptr-ltg\/ltg\">In\u00edcio<\/a><\/li>\n<li id=\"menu-item-2154\" class=\"menu-item menu-item-type-post_type menu-item-object-page menu-item-2154\"><a href=\"https:\/\/sites.usp.br\/ptr-ltg\/ltg\/\">LTG<\/a><\/li>\n<li id=\"menu-item-2155\" class=\"menu-item menu-item-type-post_type menu-item-object-page menu-item-has-children menu-item-2155\"><a href=\"https:\/\/sites.usp.br\/ptr-ltg\/disciplinas\/\">Disciplinas<\/a>\n<ul class=\"sub-menu\">\n\t<li id=\"menu-item-2156\" class=\"menu-item menu-item-type-post_type menu-item-object-page menu-item-2156\"><a href=\"https:\/\/sites.usp.br\/ptr-ltg\/graduacao\/\">Gradua\u00e7\u00e3o<\/a><\/li>\n\t<li id=\"menu-item-2157\" class=\"menu-item menu-item-type-post_type menu-item-object-page menu-item-2157\"><a href=\"https:\/\/sites.usp.br\/ptr-ltg\/pos-graduacao\/\">P\u00f3s Gradua\u00e7\u00e3o<\/a><\/li>\n<\/ul>\n<\/li>\n<li id=\"menu-item-2158\" class=\"menu-item menu-item-type-post_type menu-item-object-page menu-item-2158\"><a href=\"https:\/\/sites.usp.br\/ptr-ltg\/professores\/\">Professores<\/a><\/li>\n<li id=\"menu-item-2159\" class=\"menu-item menu-item-type-post_type menu-item-object-page menu-item-2159\"><a href=\"https:\/\/sites.usp.br\/ptr-ltg\/projetos\/\">Projetos<\/a><\/li>\n<li id=\"menu-item-2160\" class=\"menu-item menu-item-type-post_type menu-item-object-page menu-item-2160\"><a href=\"https:\/\/sites.usp.br\/ptr-ltg\/contato\/\">Contato<\/a><\/li>\n<li id=\"menu-item-3536\" class=\"menu-item menu-item-type-post_type menu-item-object-page menu-item-3536\"><a href=\"https:\/\/sites.usp.br\/ptr-ltg\/museu-virtual\/\">Museu Virtual<\/a><\/li>\n<li id=\"menu-item-3547\" class=\"menu-item menu-item-type-post_type menu-item-object-page menu-item-3547\"><a href=\"https:\/\/sites.usp.br\/ptr-ltg\/calendario-gps\/\">Calend\u00e1rio GPS<\/a><\/li>\n<\/ul>                <button class=\"eael-simple-menu-toggle\">\n                    <span class=\"sr-only \">Menu de altern\u00e2ncia de hamb\u00farguer<\/span>\n                    <i aria-hidden=\"true\" class=\"fas fa-bars\"><\/i>                <\/button>\n            <\/div>\n            \t\t<\/div>\n\t\t\t\t<\/div>\n\t\t\t\t\t<\/div>\n\t\t<\/div>\n\t\t\t\t\t<\/div>\n\t\t<\/section>\n\t\t\t\t<section class=\"elementor-section elementor-top-section elementor-element elementor-element-8139d55 elementor-section-boxed elementor-section-height-default elementor-section-height-default\" data-id=\"8139d55\" data-element_type=\"section\" data-settings=\"{&quot;background_background&quot;:&quot;classic&quot;}\">\n\t\t\t\t\t\t<div class=\"elementor-container elementor-column-gap-default\">\n\t\t\t\t\t<div class=\"elementor-column elementor-col-100 elementor-top-column elementor-element elementor-element-9080d22\" data-id=\"9080d22\" data-element_type=\"column\">\n\t\t\t<div class=\"elementor-widget-wrap elementor-element-populated\">\n\t\t\t\t\t\t<div class=\"elementor-element elementor-element-df4c799 elementor-widget elementor-widget-text-editor\" data-id=\"df4c799\" data-element_type=\"widget\" data-widget_type=\"text-editor.default\">\n\t\t\t\t<div class=\"elementor-widget-container\">\n\t\t\t\t\t\t\t<h4 class=\"font_5\"><span style=\"color: #000080;\">Efeitos da Refra\u00e7\u00e3o na aferi\u00e7\u00e3o e classifica\u00e7\u00e3o de instrumentos geod\u00e9sicos.<\/span><\/h4>\t\t\t\t\t\t<\/div>\n\t\t\t\t<\/div>\n\t\t\t\t\t<\/div>\n\t\t<\/div>\n\t\t\t\t\t<\/div>\n\t\t<\/section>\n\t\t\t\t<section class=\"elementor-section elementor-top-section elementor-element elementor-element-22b297e elementor-section-boxed elementor-section-height-default elementor-section-height-default\" data-id=\"22b297e\" data-element_type=\"section\" data-settings=\"{&quot;background_background&quot;:&quot;classic&quot;}\">\n\t\t\t\t\t\t<div class=\"elementor-container elementor-column-gap-default\">\n\t\t\t\t\t<div class=\"elementor-column elementor-col-16 elementor-top-column elementor-element elementor-element-fcd07dc\" data-id=\"fcd07dc\" data-element_type=\"column\">\n\t\t\t<div class=\"elementor-widget-wrap\">\n\t\t\t\t\t\t\t<\/div>\n\t\t<\/div>\n\t\t\t\t<div class=\"elementor-column elementor-col-66 elementor-top-column elementor-element elementor-element-e143527\" data-id=\"e143527\" data-element_type=\"column\">\n\t\t\t<div class=\"elementor-widget-wrap elementor-element-populated\">\n\t\t\t\t\t\t<div class=\"elementor-element elementor-element-d010e68 elementor-widget elementor-widget-text-editor\" data-id=\"d010e68\" data-element_type=\"widget\" data-widget_type=\"text-editor.default\">\n\t\t\t\t<div class=\"elementor-widget-container\">\n\t\t\t\t\t\t\t<p class=\"font_8\"><strong>Objetivos:<\/strong><\/p><p class=\"font_8\" style=\"text-align: justify;\">Estudar os efeitos da refra\u00e7\u00e3o em observa\u00e7\u00f5es geod\u00e9sicas pr\u00f3ximas ao solo, com corre\u00e7\u00f5es nas dist\u00e2ncias e nos \u00e2ngulos verticais observados. Consideram-se observa\u00e7\u00f5es pr\u00f3ximas ao solo aquelas realizadas com altura variando de 1,5 a dezenas de metros.\u00a0<\/p><p class=\"font_8\">Coordenador: Nicola Pacil\u00e9o Netto<\/p><p class=\"font_8\"><strong>Participantes:<\/strong><\/p><p class=\"font_8\">\u00a0Ricardo Ernesto Schaal, Edvaldo Sim\u00f5es da Fonseca Junior e Jorge Pimentel Cintra.<\/p>\t\t\t\t\t\t<\/div>\n\t\t\t\t<\/div>\n\t\t\t\t\t<\/div>\n\t\t<\/div>\n\t\t\t\t<div class=\"elementor-column elementor-col-16 elementor-top-column elementor-element elementor-element-4abef8a\" data-id=\"4abef8a\" data-element_type=\"column\">\n\t\t\t<div class=\"elementor-widget-wrap\">\n\t\t\t\t\t\t\t<\/div>\n\t\t<\/div>\n\t\t\t\t\t<\/div>\n\t\t<\/section>\n\t\t\t\t<section class=\"elementor-section elementor-top-section elementor-element elementor-element-09f6762 elementor-section-boxed elementor-section-height-default elementor-section-height-default\" data-id=\"09f6762\" data-element_type=\"section\" data-settings=\"{&quot;background_background&quot;:&quot;classic&quot;}\">\n\t\t\t\t\t\t<div class=\"elementor-container elementor-column-gap-default\">\n\t\t\t\t\t<div class=\"elementor-column elementor-col-16 elementor-top-column elementor-element elementor-element-bfdc762\" data-id=\"bfdc762\" data-element_type=\"column\">\n\t\t\t<div class=\"elementor-widget-wrap\">\n\t\t\t\t\t\t\t<\/div>\n\t\t<\/div>\n\t\t\t\t<div class=\"elementor-column elementor-col-66 elementor-top-column elementor-element elementor-element-8d19a07\" data-id=\"8d19a07\" data-element_type=\"column\">\n\t\t\t<div class=\"elementor-widget-wrap elementor-element-populated\">\n\t\t\t\t\t\t<div class=\"elementor-element elementor-element-e827bc9 elementor-widget elementor-widget-wp-widget-cyclone-slider-widget\" data-id=\"e827bc9\" data-element_type=\"widget\" data-widget_type=\"wp-widget-cyclone-slider-widget.default\">\n\t\t\t\t<div class=\"elementor-widget-container\">\n\t\t\t<style> .cycloneslider-img-copy { background: none repeat scroll 0 0 #fff; bottom: 27%; color: #000; font-size: 80%; opacity: 0.7; padding: 0 5px; position: absolute; right: 10px; }<\/style> <div tabindex=\"0\" class=\"cycloneslider cycloneslider-template-standard cycloneslider-width-responsive\" id=\"cycloneslider-proj-04-1\" style=\"max-width:960px\" > <div class=\"cycloneslider-slides cycle-slideshow\" data-cycle-allow-wrap=\"true\" data-cycle-dynamic-height=\"off\" data-cycle-auto-height=\"960:855\" data-cycle-auto-height-easing=\"null\" data-cycle-auto-height-speed=\"250\" data-cycle-delay=\"0\" data-cycle-easing=\"\" data-cycle-fx=\"fade\" data-cycle-hide-non-active=\"true\" data-cycle-log=\"false\" data-cycle-next=\"#cycloneslider-proj-04-1 .cycloneslider-next\" data-cycle-pager=\"#cycloneslider-proj-04-1 .cycloneslider-pager\" data-cycle-pause-on-hover=\"false\" data-cycle-prev=\"#cycloneslider-proj-04-1 .cycloneslider-prev\" data-cycle-slides=\"&gt; div\" data-cycle-speed=\"1000\" data-cycle-swipe=\"false\" data-cycle-tile-count=\"7\" data-cycle-tile-delay=\"100\" data-cycle-tile-vertical=\"true\" data-cycle-timeout=\"6000\" > <div class=\"cycloneslider-slide cycloneslider-slide-image\" data-cycle-fx=\"fade\" data-cycle-speed=\"2000\" data-cycle-timeout=\"2000\" > <img decoding=\"async\" src=\"https:\/\/sites.usp.br\/ptr-ltg\/wp-content\/uploads\/sites\/685\/2021\/10\/proj-01-2-960x855.jpg\" title=\"\" \/> <\/div> <div class=\"cycloneslider-slide cycloneslider-slide-image\" data-cycle-fx=\"fade\" data-cycle-speed=\"2000\" data-cycle-timeout=\"2000\" > <img decoding=\"async\" src=\"https:\/\/sites.usp.br\/ptr-ltg\/wp-content\/uploads\/sites\/685\/2021\/10\/proj-02-2-960x855.jpg\" title=\"\" \/> <\/div> <div class=\"cycloneslider-slide cycloneslider-slide-image\" data-cycle-fx=\"fade\" data-cycle-speed=\"2000\" data-cycle-timeout=\"2000\" > <img decoding=\"async\" src=\"https:\/\/sites.usp.br\/ptr-ltg\/wp-content\/uploads\/sites\/685\/2021\/10\/proj-03-2-960x855.jpg\" title=\"\" \/> <\/div> <div class=\"cycloneslider-slide cycloneslider-slide-image\" data-cycle-fx=\"fade\" data-cycle-speed=\"2000\" data-cycle-timeout=\"2000\" > <img decoding=\"async\" src=\"https:\/\/sites.usp.br\/ptr-ltg\/wp-content\/uploads\/sites\/685\/2021\/10\/proj-04-1-960x855.jpg\" title=\"\" \/> <\/div> <\/div> <\/div>\t\t<\/div>\n\t\t\t\t<\/div>\n\t\t\t\t\t<\/div>\n\t\t<\/div>\n\t\t\t\t<div class=\"elementor-column elementor-col-16 elementor-top-column elementor-element elementor-element-96c8814\" data-id=\"96c8814\" data-element_type=\"column\">\n\t\t\t<div class=\"elementor-widget-wrap\">\n\t\t\t\t\t\t\t<\/div>\n\t\t<\/div>\n\t\t\t\t\t<\/div>\n\t\t<\/section>\n\t\t\t\t<section class=\"elementor-section elementor-top-section elementor-element elementor-element-51672a9 elementor-section-boxed elementor-section-height-default elementor-section-height-default\" data-id=\"51672a9\" data-element_type=\"section\" data-settings=\"{&quot;background_background&quot;:&quot;classic&quot;}\">\n\t\t\t\t\t\t<div class=\"elementor-container elementor-column-gap-default\">\n\t\t\t\t\t<div class=\"elementor-column elementor-col-16 elementor-top-column elementor-element elementor-element-dc4d948\" data-id=\"dc4d948\" data-element_type=\"column\">\n\t\t\t<div class=\"elementor-widget-wrap\">\n\t\t\t\t\t\t\t<\/div>\n\t\t<\/div>\n\t\t\t\t<div class=\"elementor-column elementor-col-66 elementor-top-column elementor-element elementor-element-88c8560\" data-id=\"88c8560\" data-element_type=\"column\">\n\t\t\t<div class=\"elementor-widget-wrap elementor-element-populated\">\n\t\t\t\t\t\t<div class=\"elementor-element elementor-element-7535ee4 elementor-widget elementor-widget-text-editor\" data-id=\"7535ee4\" data-element_type=\"widget\" data-widget_type=\"text-editor.default\">\n\t\t\t\t<div class=\"elementor-widget-container\">\n\t\t\t\t\t\t\t<p class=\"font_8\"><span style=\"color: #0000ff;\"><strong>Publica\u00e7\u00e3o\u00a0:<\/strong><\/span><\/p><ul class=\"font_8\"><li>Disserta\u00e7\u00e3o Schaal, R.E. &#8220;Efeitos da Refra\u00e7\u00e3o na Atmosfera em Observa\u00e7\u00f5es Geod\u00e9sica Pr\u00f3ximas ao Solo&#8221;. 11\/12\/95.<\/li><\/ul>\t\t\t\t\t\t<\/div>\n\t\t\t\t<\/div>\n\t\t\t\t\t<\/div>\n\t\t<\/div>\n\t\t\t\t<div class=\"elementor-column elementor-col-16 elementor-top-column elementor-element elementor-element-274539b\" data-id=\"274539b\" data-element_type=\"column\">\n\t\t\t<div class=\"elementor-widget-wrap\">\n\t\t\t\t\t\t\t<\/div>\n\t\t<\/div>\n\t\t\t\t\t<\/div>\n\t\t<\/section>\n\t\t\t\t<section class=\"elementor-section elementor-top-section elementor-element elementor-element-f7b9027 elementor-section-boxed elementor-section-height-default elementor-section-height-default\" data-id=\"f7b9027\" data-element_type=\"section\" data-settings=\"{&quot;background_background&quot;:&quot;classic&quot;}\">\n\t\t\t\t\t\t<div class=\"elementor-container elementor-column-gap-default\">\n\t\t\t\t\t<div class=\"elementor-column elementor-col-100 elementor-top-column elementor-element elementor-element-d60349e\" data-id=\"d60349e\" data-element_type=\"column\">\n\t\t\t<div class=\"elementor-widget-wrap elementor-element-populated\">\n\t\t\t\t\t\t<div class=\"elementor-element elementor-element-7592dea elementor-widget elementor-widget-text-editor\" data-id=\"7592dea\" data-element_type=\"widget\" data-widget_type=\"text-editor.default\">\n\t\t\t\t<div class=\"elementor-widget-container\">\n\t\t\t\t\t\t\t<p>\u00a0<\/p><p class=\"font_8\">\u00a0<\/p>\t\t\t\t\t\t<\/div>\n\t\t\t\t<\/div>\n\t\t\t\t\t<\/div>\n\t\t<\/div>\n\t\t\t\t\t<\/div>\n\t\t<\/section>\n\t\t\t\t<\/div>\n\t\t","protected":false},"excerpt":{"rendered":"<p>In\u00edcio LTG Disciplinas Gradua\u00e7\u00e3o P\u00f3s Gradua\u00e7\u00e3o Professores Projetos Contato Museu Virtual Calend\u00e1rio GPS Efeitos da Refra\u00e7\u00e3o na aferi\u00e7\u00e3o e classifica\u00e7\u00e3o de instrumentos geod\u00e9sicos. Objetivos: Estudar os efeitos da refra\u00e7\u00e3o em observa\u00e7\u00f5es geod\u00e9sicas pr\u00f3ximas ao solo, com corre\u00e7\u00f5es nas dist\u00e2ncias e nos \u00e2ngulos verticais observados. Consideram-se observa\u00e7\u00f5es pr\u00f3ximas ao solo aquelas realizadas com altura variando de&hellip;<\/p>\n","protected":false},"author":285,"featured_media":0,"parent":0,"menu_order":0,"comment_status":"closed","ping_status":"closed","template":"","meta":{"footnotes":"","_links_to":"","_links_to_target":""},"class_list":["post-1499","page","type-page","status-publish","hentry","post"],"_links":{"self":[{"href":"https:\/\/sites.usp.br\/ptr-ltg\/wp-json\/wp\/v2\/pages\/1499","targetHints":{"allow":["GET"]}}],"collection":[{"href":"https:\/\/sites.usp.br\/ptr-ltg\/wp-json\/wp\/v2\/pages"}],"about":[{"href":"https:\/\/sites.usp.br\/ptr-ltg\/wp-json\/wp\/v2\/types\/page"}],"author":[{"embeddable":true,"href":"https:\/\/sites.usp.br\/ptr-ltg\/wp-json\/wp\/v2\/users\/285"}],"replies":[{"embeddable":true,"href":"https:\/\/sites.usp.br\/ptr-ltg\/wp-json\/wp\/v2\/comments?post=1499"}],"version-history":[{"count":4,"href":"https:\/\/sites.usp.br\/ptr-ltg\/wp-json\/wp\/v2\/pages\/1499\/revisions"}],"predecessor-version":[{"id":3886,"href":"https:\/\/sites.usp.br\/ptr-ltg\/wp-json\/wp\/v2\/pages\/1499\/revisions\/3886"}],"wp:attachment":[{"href":"https:\/\/sites.usp.br\/ptr-ltg\/wp-json\/wp\/v2\/media?parent=1499"}],"curies":[{"name":"wp","href":"https:\/\/api.w.org\/{rel}","templated":true}]}}