{"id":1639,"date":"2021-10-07T15:26:11","date_gmt":"2021-10-07T18:26:11","guid":{"rendered":"https:\/\/sites.usp.br\/ptr-ltg\/?page_id=1639"},"modified":"2021-10-18T17:00:14","modified_gmt":"2021-10-18T20:00:14","slug":"projeto-11","status":"publish","type":"page","link":"https:\/\/sites.usp.br\/ptr-ltg\/projeto-11\/","title":{"rendered":"Projeto 11"},"content":{"rendered":"\t\t<div data-elementor-type=\"wp-page\" data-elementor-id=\"1639\" class=\"elementor elementor-1639\">\n\t\t\t\t\t\t<section class=\"elementor-section elementor-top-section elementor-element elementor-element-63ca19e4 elementor-section-boxed elementor-section-height-default elementor-section-height-default\" data-id=\"63ca19e4\" data-element_type=\"section\" data-settings=\"{&quot;background_background&quot;:&quot;classic&quot;}\">\n\t\t\t\t\t\t<div class=\"elementor-container elementor-column-gap-default\">\n\t\t\t\t\t<div class=\"elementor-column elementor-col-100 elementor-top-column elementor-element elementor-element-71078a53\" data-id=\"71078a53\" data-element_type=\"column\">\n\t\t\t<div class=\"elementor-widget-wrap elementor-element-populated\">\n\t\t\t\t\t\t<div class=\"elementor-element elementor-element-f5b85bd elementor-widget elementor-widget-html\" data-id=\"f5b85bd\" data-element_type=\"widget\" data-widget_type=\"html.default\">\n\t\t\t\t<div class=\"elementor-widget-container\">\n\t\t\t<div style=\"position:relative; height:288px; width:1000px; background:url(https:\/\/sites.usp.br\/ptr-ltg\/wp-content\/uploads\/sites\/685\/2021\/10\/Banner-topoFDO-Branco.jpg) 0 0 no-repeat;\"><a style=\"position:absolute; top:17px; left:15px; width:290px; height:112px;\" title=\"\" alt=\"\" href=\"https:\/\/www.poli.usp.br\/\" target=\"_blank\"><\/a><a style=\"position:absolute; top:149px; left:128px; width:107px; height:76px;\" title=\"\" alt=\"\" href=\"http:\/\/www.ptr.poli.usp.br\/\" target=\"_self\"><\/a><a style=\"position:absolute; top:226px; left:123px; width:506px; height:46px;\" title=\"\" alt=\"\" href=\"http:\/\/www.ptr.poli.usp.br\/\" target=\"_self\"><\/a><a style=\"position:absolute; top:9px; left:378px; width:612px; height:207px;\" title=\"\" alt=\"\" href=\"https:\/\/sites.usp.br\/ptr-ltg\/ltg\/\" target=\"_self\"><\/a><a style=\"position:absolute; top:220px; left:851px; width:142px; height:57px;\" title=\"\" alt=\"\" href=\"https:\/\/www5.usp.br\/\" target=\"_blank\"><\/a><a style=\"position:absolute; top:223px; left:704px; width:66px; height:53px;\" title=\"\" alt=\"\" href=\"https:\/\/sites.usp.br\/ptr-ltg\/ltg\/\" target=\"_self\"><\/a><\/div>\t\t<\/div>\n\t\t\t\t<\/div>\n\t\t\t\t\t<\/div>\n\t\t<\/div>\n\t\t\t\t\t<\/div>\n\t\t<\/section>\n\t\t\t\t<section class=\"elementor-section elementor-top-section elementor-element elementor-element-48fb74d elementor-section-boxed elementor-section-height-default elementor-section-height-default\" data-id=\"48fb74d\" data-element_type=\"section\" data-settings=\"{&quot;background_background&quot;:&quot;classic&quot;}\">\n\t\t\t\t\t\t<div class=\"elementor-container elementor-column-gap-default\">\n\t\t\t\t\t<div class=\"elementor-column elementor-col-100 elementor-top-column elementor-element elementor-element-5285c3a\" data-id=\"5285c3a\" data-element_type=\"column\">\n\t\t\t<div class=\"elementor-widget-wrap elementor-element-populated\">\n\t\t\t\t\t\t<div class=\"elementor-element elementor-element-42fbbd2 eael_simple_menu_hamburger_disable_selected_menu_no eael-simple-menu-hamburger-align-right eael-hamburger--tablet elementor-widget elementor-widget-eael-simple-menu\" data-id=\"42fbbd2\" data-element_type=\"widget\" data-widget_type=\"eael-simple-menu.default\">\n\t\t\t\t<div class=\"elementor-widget-container\">\n\t\t\t<style>\n                        @media screen and (max-width: 1024px) {\n                            .eael-hamburger--tablet {\n                                .eael-simple-menu-horizontal,\n                                .eael-simple-menu-vertical {\n                                    display: none;\n                                }\n                            }\n                            .eael-hamburger--tablet {\n                                .eael-simple-menu-container .eael-simple-menu-toggle {\n                                    display: block;\n                                }\n                            }\n                        }\n                    <\/style>            <div data-hamburger-icon=\"&lt;i aria-hidden=&quot;true&quot; class=&quot;fas fa-bars&quot;&gt;&lt;\/i&gt;\" data-indicator-icon=\"&lt;i aria-hidden=&quot;true&quot; class=&quot;fas fa-angle-down&quot;&gt;&lt;\/i&gt;\" data-dropdown-indicator-icon=\"&lt;i class=&quot;fas fa-angle-down&quot;&gt;&lt;\/i&gt;\" class=\"eael-simple-menu-container eael-simple-menu-align-left eael-simple-menu-dropdown-align-left preset-1\" data-hamburger-breakpoints=\"{&quot;mobile&quot;:&quot;Dispositivos m\\u00f3veis no modo retrato (&gt; 767px)&quot;,&quot;tablet&quot;:&quot;Tablet no modo retrato (&gt; 1024px)&quot;,&quot;desktop&quot;:&quot;Desktop (&gt; 2400px)&quot;,&quot;none&quot;:&quot;Nenhum&quot;}\" data-hamburger-device=\"tablet\">\n                <ul id=\"menu-footermenu\" class=\"eael-simple-menu eael-simple-menu-dropdown-animate-to-top eael-simple-menu-indicator eael-simple-menu-horizontal\"><li id=\"menu-item-2153\" class=\"menu-item menu-item-type-custom menu-item-object-custom menu-item-2153\"><a href=\"https:\/\/sites.usp.br\/ptr-ltg\/ltg\">In\u00edcio<\/a><\/li>\n<li id=\"menu-item-2154\" class=\"menu-item menu-item-type-post_type menu-item-object-page menu-item-2154\"><a href=\"https:\/\/sites.usp.br\/ptr-ltg\/ltg\/\">LTG<\/a><\/li>\n<li id=\"menu-item-2155\" class=\"menu-item menu-item-type-post_type menu-item-object-page menu-item-has-children menu-item-2155\"><a href=\"https:\/\/sites.usp.br\/ptr-ltg\/disciplinas\/\">Disciplinas<\/a>\n<ul class=\"sub-menu\">\n\t<li id=\"menu-item-2156\" class=\"menu-item menu-item-type-post_type menu-item-object-page menu-item-2156\"><a href=\"https:\/\/sites.usp.br\/ptr-ltg\/graduacao\/\">Gradua\u00e7\u00e3o<\/a><\/li>\n\t<li id=\"menu-item-2157\" class=\"menu-item menu-item-type-post_type menu-item-object-page menu-item-2157\"><a href=\"https:\/\/sites.usp.br\/ptr-ltg\/pos-graduacao\/\">P\u00f3s Gradua\u00e7\u00e3o<\/a><\/li>\n<\/ul>\n<\/li>\n<li id=\"menu-item-2158\" class=\"menu-item menu-item-type-post_type menu-item-object-page menu-item-2158\"><a href=\"https:\/\/sites.usp.br\/ptr-ltg\/professores\/\">Professores<\/a><\/li>\n<li id=\"menu-item-2159\" class=\"menu-item menu-item-type-post_type menu-item-object-page menu-item-2159\"><a href=\"https:\/\/sites.usp.br\/ptr-ltg\/projetos\/\">Projetos<\/a><\/li>\n<li id=\"menu-item-2160\" class=\"menu-item menu-item-type-post_type menu-item-object-page menu-item-2160\"><a href=\"https:\/\/sites.usp.br\/ptr-ltg\/contato\/\">Contato<\/a><\/li>\n<li id=\"menu-item-3536\" class=\"menu-item menu-item-type-post_type menu-item-object-page menu-item-3536\"><a href=\"https:\/\/sites.usp.br\/ptr-ltg\/museu-virtual\/\">Museu Virtual<\/a><\/li>\n<li id=\"menu-item-3547\" class=\"menu-item menu-item-type-post_type menu-item-object-page menu-item-3547\"><a href=\"https:\/\/sites.usp.br\/ptr-ltg\/calendario-gps\/\">Calend\u00e1rio GPS<\/a><\/li>\n<\/ul>                <button class=\"eael-simple-menu-toggle\">\n                    <span class=\"sr-only \">Menu de altern\u00e2ncia de hamb\u00farguer<\/span>\n                    <i aria-hidden=\"true\" class=\"fas fa-bars\"><\/i>                <\/button>\n            <\/div>\n            \t\t<\/div>\n\t\t\t\t<\/div>\n\t\t\t\t\t<\/div>\n\t\t<\/div>\n\t\t\t\t\t<\/div>\n\t\t<\/section>\n\t\t\t\t<section class=\"elementor-section elementor-top-section elementor-element elementor-element-3589651 elementor-section-boxed elementor-section-height-default elementor-section-height-default\" data-id=\"3589651\" data-element_type=\"section\" data-settings=\"{&quot;background_background&quot;:&quot;classic&quot;}\">\n\t\t\t\t\t\t<div class=\"elementor-container elementor-column-gap-default\">\n\t\t\t\t\t<div class=\"elementor-column elementor-col-100 elementor-top-column elementor-element elementor-element-049b067\" data-id=\"049b067\" data-element_type=\"column\">\n\t\t\t<div class=\"elementor-widget-wrap elementor-element-populated\">\n\t\t\t\t\t\t<div class=\"elementor-element elementor-element-ee24ddb elementor-widget elementor-widget-text-editor\" data-id=\"ee24ddb\" data-element_type=\"widget\" data-widget_type=\"text-editor.default\">\n\t\t\t\t<div class=\"elementor-widget-container\">\n\t\t\t\t\t\t\t<h5 class=\"font_5\"><span style=\"color: #003366;\"><strong>Altimetria de precis\u00e3o com GPS para obras de engenharia.\u00a0 \u00a0 <a href=\"https:\/\/sites.usp.br\/ptr-ltg\/wp-content\/uploads\/sites\/685\/2021\/10\/Flag-CANADA.gif\"><img decoding=\"async\" class=\"alignnone size-full wp-image-1644\" src=\"https:\/\/sites.usp.br\/ptr-ltg\/wp-content\/uploads\/sites\/685\/2021\/10\/Flag-CANADA.gif\" alt=\"\" width=\"68\" height=\"50\" data-id=\"1644\" \/><\/a><\/strong><\/span><\/h5>\t\t\t\t\t\t<\/div>\n\t\t\t\t<\/div>\n\t\t\t\t\t<\/div>\n\t\t<\/div>\n\t\t\t\t\t<\/div>\n\t\t<\/section>\n\t\t\t\t<section class=\"elementor-section elementor-top-section elementor-element elementor-element-22b297e elementor-section-boxed elementor-section-height-default elementor-section-height-default\" data-id=\"22b297e\" data-element_type=\"section\" data-settings=\"{&quot;background_background&quot;:&quot;classic&quot;}\">\n\t\t\t\t\t\t<div class=\"elementor-container elementor-column-gap-default\">\n\t\t\t\t\t<div class=\"elementor-column elementor-col-16 elementor-top-column elementor-element elementor-element-fcd07dc\" data-id=\"fcd07dc\" data-element_type=\"column\">\n\t\t\t<div class=\"elementor-widget-wrap\">\n\t\t\t\t\t\t\t<\/div>\n\t\t<\/div>\n\t\t\t\t<div class=\"elementor-column elementor-col-66 elementor-top-column elementor-element elementor-element-e143527\" data-id=\"e143527\" data-element_type=\"column\">\n\t\t\t<div class=\"elementor-widget-wrap elementor-element-populated\">\n\t\t\t\t\t\t<div class=\"elementor-element elementor-element-d8db0f0 elementor-widget elementor-widget-text-editor\" data-id=\"d8db0f0\" data-element_type=\"widget\" data-widget_type=\"text-editor.default\">\n\t\t\t\t<div class=\"elementor-widget-container\">\n\t\t\t\t\t\t\t<p class=\"font_8\"><strong>Objetivos:<\/strong><\/p><p class=\"font_8\" style=\"text-align: justify;\">Verificar, em \u00e1reas limitadas, a viabilidade de utilizar o sistema GPS para a obten\u00e7\u00e3o das altitudes ortom\u00e9tricas e suas precis\u00f5es, atrav\u00e9s das diferen\u00e7as de alturas geom\u00e9tricas.\u00a0<\/p><p class=\"font_8\"><strong>Coordenador:<\/strong> Nicola Pacil\u00e9o Netto<\/p><p class=\"font_8\"><strong>Participantes:<\/strong><\/p><p class=\"font_8\">Denizar Blitzkow, Jorge Pimentel Cintra, Edvaldo Sim\u00f5es da Fonseca Junior, Luiz Guimar\u00e3es Barbosa, R\u00e9gis Fernandes Bueno e Engos. T\u00e9cnicos do METR\u00d4.<\/p><p><a href=\"https:\/\/sites.usp.br\/ptr-ltg\/wp-content\/uploads\/sites\/685\/2021\/10\/Flag-CANADA.gif\"><img decoding=\"async\" class=\"alignnone wp-image-1644\" src=\"https:\/\/sites.usp.br\/ptr-ltg\/wp-content\/uploads\/sites\/685\/2021\/10\/Flag-CANADA.gif\" alt=\"\" width=\"34\" height=\"26\" data-id=\"1644\" \/><\/a><\/p><p class=\"font_8\">*\u00a0Est\u00e1gio dispon\u00edvel no Canad\u00e1 para alunos envolvidos.<\/p>\t\t\t\t\t\t<\/div>\n\t\t\t\t<\/div>\n\t\t\t\t\t<\/div>\n\t\t<\/div>\n\t\t\t\t<div class=\"elementor-column elementor-col-16 elementor-top-column elementor-element elementor-element-4abef8a\" data-id=\"4abef8a\" data-element_type=\"column\">\n\t\t\t<div class=\"elementor-widget-wrap\">\n\t\t\t\t\t\t\t<\/div>\n\t\t<\/div>\n\t\t\t\t\t<\/div>\n\t\t<\/section>\n\t\t\t\t<section class=\"elementor-section elementor-top-section elementor-element elementor-element-9aaa7e9 elementor-section-boxed elementor-section-height-default elementor-section-height-default\" data-id=\"9aaa7e9\" data-element_type=\"section\" data-settings=\"{&quot;background_background&quot;:&quot;classic&quot;}\">\n\t\t\t\t\t\t<div class=\"elementor-container elementor-column-gap-default\">\n\t\t\t\t\t<div class=\"elementor-column elementor-col-16 elementor-top-column elementor-element elementor-element-4986348\" data-id=\"4986348\" data-element_type=\"column\">\n\t\t\t<div class=\"elementor-widget-wrap\">\n\t\t\t\t\t\t\t<\/div>\n\t\t<\/div>\n\t\t\t\t<div class=\"elementor-column elementor-col-66 elementor-top-column elementor-element elementor-element-c5c8a42\" data-id=\"c5c8a42\" data-element_type=\"column\">\n\t\t\t<div class=\"elementor-widget-wrap elementor-element-populated\">\n\t\t\t\t\t\t<div class=\"elementor-element elementor-element-2ef43f4 elementor-widget elementor-widget-wp-widget-cyclone-slider-widget\" data-id=\"2ef43f4\" data-element_type=\"widget\" data-widget_type=\"wp-widget-cyclone-slider-widget.default\">\n\t\t\t\t<div class=\"elementor-widget-container\">\n\t\t\t<style> .cycloneslider-img-copy { background: none repeat scroll 0 0 #fff; bottom: 27%; color: #000; font-size: 80%; opacity: 0.7; padding: 0 5px; position: absolute; right: 10px; }<\/style> <div tabindex=\"0\" class=\"cycloneslider cycloneslider-template-standard cycloneslider-width-responsive\" id=\"cycloneslider-proj-11-1\" style=\"max-width:960px\" > <div class=\"cycloneslider-slides cycle-slideshow\" data-cycle-allow-wrap=\"true\" data-cycle-dynamic-height=\"off\" data-cycle-auto-height=\"960:480\" data-cycle-auto-height-easing=\"null\" data-cycle-auto-height-speed=\"250\" data-cycle-delay=\"0\" data-cycle-easing=\"\" data-cycle-fx=\"fade\" data-cycle-hide-non-active=\"true\" data-cycle-log=\"false\" data-cycle-next=\"#cycloneslider-proj-11-1 .cycloneslider-next\" data-cycle-pager=\"#cycloneslider-proj-11-1 .cycloneslider-pager\" data-cycle-pause-on-hover=\"false\" data-cycle-prev=\"#cycloneslider-proj-11-1 .cycloneslider-prev\" data-cycle-slides=\"&gt; div\" data-cycle-speed=\"1000\" data-cycle-swipe=\"false\" data-cycle-tile-count=\"7\" data-cycle-tile-delay=\"100\" data-cycle-tile-vertical=\"true\" data-cycle-timeout=\"6000\" > <div class=\"cycloneslider-slide cycloneslider-slide-image\" data-cycle-fx=\"fade\" data-cycle-speed=\"2000\" data-cycle-timeout=\"2000\" > <img decoding=\"async\" src=\"https:\/\/sites.usp.br\/ptr-ltg\/wp-content\/uploads\/sites\/685\/2021\/10\/Proj-01-7-960x480.jpg\" title=\"\" \/> <\/div> <div class=\"cycloneslider-slide cycloneslider-slide-image\" data-cycle-fx=\"fade\" data-cycle-speed=\"2000\" data-cycle-timeout=\"2000\" > <img decoding=\"async\" src=\"https:\/\/sites.usp.br\/ptr-ltg\/wp-content\/uploads\/sites\/685\/2021\/10\/Proj-02-7-960x480.jpg\" title=\"\" \/> <\/div> <div class=\"cycloneslider-slide cycloneslider-slide-image\" data-cycle-fx=\"fade\" data-cycle-speed=\"2000\" data-cycle-timeout=\"2000\" > <img decoding=\"async\" src=\"https:\/\/sites.usp.br\/ptr-ltg\/wp-content\/uploads\/sites\/685\/2021\/10\/Proj-03-7-960x480.jpg\" title=\"\" \/> <\/div> <div class=\"cycloneslider-slide cycloneslider-slide-image\" data-cycle-fx=\"fade\" data-cycle-speed=\"2000\" data-cycle-timeout=\"2000\" > <img decoding=\"async\" src=\"https:\/\/sites.usp.br\/ptr-ltg\/wp-content\/uploads\/sites\/685\/2021\/10\/Proj-04-6-960x480.jpg\" title=\"\" \/> <\/div> <div class=\"cycloneslider-slide cycloneslider-slide-image\" data-cycle-fx=\"fade\" data-cycle-speed=\"2000\" data-cycle-timeout=\"2000\" > <img decoding=\"async\" src=\"https:\/\/sites.usp.br\/ptr-ltg\/wp-content\/uploads\/sites\/685\/2021\/10\/Proj-05-4-960x480.jpg\" title=\"\" \/> <\/div> <\/div> <\/div>\t\t<\/div>\n\t\t\t\t<\/div>\n\t\t\t\t\t<\/div>\n\t\t<\/div>\n\t\t\t\t<div class=\"elementor-column elementor-col-16 elementor-top-column elementor-element elementor-element-ea60380\" data-id=\"ea60380\" data-element_type=\"column\">\n\t\t\t<div class=\"elementor-widget-wrap\">\n\t\t\t\t\t\t\t<\/div>\n\t\t<\/div>\n\t\t\t\t\t<\/div>\n\t\t<\/section>\n\t\t\t\t<section class=\"elementor-section elementor-top-section elementor-element elementor-element-3c31e1d elementor-section-boxed elementor-section-height-default elementor-section-height-default\" data-id=\"3c31e1d\" data-element_type=\"section\" data-settings=\"{&quot;background_background&quot;:&quot;classic&quot;}\">\n\t\t\t\t\t\t<div class=\"elementor-container elementor-column-gap-default\">\n\t\t\t\t\t<div class=\"elementor-column elementor-col-16 elementor-top-column elementor-element elementor-element-1212ba4\" data-id=\"1212ba4\" data-element_type=\"column\">\n\t\t\t<div class=\"elementor-widget-wrap\">\n\t\t\t\t\t\t\t<\/div>\n\t\t<\/div>\n\t\t\t\t<div class=\"elementor-column elementor-col-66 elementor-top-column elementor-element elementor-element-44747cd\" data-id=\"44747cd\" data-element_type=\"column\">\n\t\t\t<div class=\"elementor-widget-wrap elementor-element-populated\">\n\t\t\t\t\t\t<div class=\"elementor-element elementor-element-9b1ebb9 elementor-widget elementor-widget-text-editor\" data-id=\"9b1ebb9\" data-element_type=\"widget\" data-widget_type=\"text-editor.default\">\n\t\t\t\t<div class=\"elementor-widget-container\">\n\t\t\t\t\t\t\t<p class=\"font_8\"><span style=\"color: #0000ff;\"><strong>Publica\u00e7\u00f5es :<\/strong><\/span><\/p><ul class=\"font_8\"><li><p class=\"font_8\">Pacil\u00e9o Netto, N., Bernard, D, Hemerly, E.V, Veiga, L.A.K; Barbosa, L.G, Almeida, M.S; Vergara, O.R. Ensaio no campo de \u00a0 provas da EPUSP: Nivelamento Geom\u00e9trico de Precis\u00e3o X GPS. IN: Congresso Brasileiro de Cartografia, 17, Bahia, 1995.\u00a0<br \/>Sociedade Brasileira de Cartografia, Rio de Janeiro, 1995, V.I, P. S\/N.\u00a0<\/p><\/li><\/ul>\t\t\t\t\t\t<\/div>\n\t\t\t\t<\/div>\n\t\t\t\t\t<\/div>\n\t\t<\/div>\n\t\t\t\t<div class=\"elementor-column elementor-col-16 elementor-top-column elementor-element elementor-element-8d182ea\" data-id=\"8d182ea\" data-element_type=\"column\">\n\t\t\t<div class=\"elementor-widget-wrap\">\n\t\t\t\t\t\t\t<\/div>\n\t\t<\/div>\n\t\t\t\t\t<\/div>\n\t\t<\/section>\n\t\t\t\t<section class=\"elementor-section elementor-top-section elementor-element elementor-element-f7b9027 elementor-section-boxed elementor-section-height-default elementor-section-height-default\" data-id=\"f7b9027\" data-element_type=\"section\" data-settings=\"{&quot;background_background&quot;:&quot;classic&quot;}\">\n\t\t\t\t\t\t<div class=\"elementor-container elementor-column-gap-default\">\n\t\t\t\t\t<div class=\"elementor-column elementor-col-100 elementor-top-column elementor-element elementor-element-d60349e\" data-id=\"d60349e\" data-element_type=\"column\">\n\t\t\t<div class=\"elementor-widget-wrap elementor-element-populated\">\n\t\t\t\t\t\t\t<\/div>\n\t\t<\/div>\n\t\t\t\t\t<\/div>\n\t\t<\/section>\n\t\t\t\t<\/div>\n\t\t","protected":false},"excerpt":{"rendered":"<p>In\u00edcio LTG Disciplinas Gradua\u00e7\u00e3o P\u00f3s Gradua\u00e7\u00e3o Professores Projetos Contato Museu Virtual Calend\u00e1rio GPS Altimetria de precis\u00e3o com GPS para obras de engenharia.\u00a0 \u00a0 Objetivos: Verificar, em \u00e1reas limitadas, a viabilidade de utilizar o sistema GPS para a obten\u00e7\u00e3o das altitudes ortom\u00e9tricas e suas precis\u00f5es, atrav\u00e9s das diferen\u00e7as de alturas geom\u00e9tricas.\u00a0 Coordenador: Nicola Pacil\u00e9o Netto Participantes:&hellip;<\/p>\n","protected":false},"author":285,"featured_media":0,"parent":0,"menu_order":0,"comment_status":"closed","ping_status":"closed","template":"","meta":{"footnotes":"","_links_to":"","_links_to_target":""},"class_list":["post-1639","page","type-page","status-publish","hentry","post"],"_links":{"self":[{"href":"https:\/\/sites.usp.br\/ptr-ltg\/wp-json\/wp\/v2\/pages\/1639","targetHints":{"allow":["GET"]}}],"collection":[{"href":"https:\/\/sites.usp.br\/ptr-ltg\/wp-json\/wp\/v2\/pages"}],"about":[{"href":"https:\/\/sites.usp.br\/ptr-ltg\/wp-json\/wp\/v2\/types\/page"}],"author":[{"embeddable":true,"href":"https:\/\/sites.usp.br\/ptr-ltg\/wp-json\/wp\/v2\/users\/285"}],"replies":[{"embeddable":true,"href":"https:\/\/sites.usp.br\/ptr-ltg\/wp-json\/wp\/v2\/comments?post=1639"}],"version-history":[{"count":4,"href":"https:\/\/sites.usp.br\/ptr-ltg\/wp-json\/wp\/v2\/pages\/1639\/revisions"}],"predecessor-version":[{"id":4106,"href":"https:\/\/sites.usp.br\/ptr-ltg\/wp-json\/wp\/v2\/pages\/1639\/revisions\/4106"}],"wp:attachment":[{"href":"https:\/\/sites.usp.br\/ptr-ltg\/wp-json\/wp\/v2\/media?parent=1639"}],"curies":[{"name":"wp","href":"https:\/\/api.w.org\/{rel}","templated":true}]}}