{"id":4295,"date":"2021-10-20T11:40:39","date_gmt":"2021-10-20T14:40:39","guid":{"rendered":"https:\/\/sites.usp.br\/ptr-ltg\/?page_id=4295"},"modified":"2021-10-20T13:09:47","modified_gmt":"2021-10-20T16:09:47","slug":"projeto-24","status":"publish","type":"page","link":"https:\/\/sites.usp.br\/ptr-ltg\/projeto-24\/","title":{"rendered":"Projeto 24"},"content":{"rendered":"\t\t<div data-elementor-type=\"wp-page\" data-elementor-id=\"4295\" class=\"elementor elementor-4295\">\n\t\t\t\t\t\t<section class=\"elementor-section elementor-top-section elementor-element elementor-element-c03db3f elementor-section-boxed elementor-section-height-default elementor-section-height-default\" data-id=\"c03db3f\" data-element_type=\"section\" data-settings=\"{&quot;background_background&quot;:&quot;classic&quot;}\">\n\t\t\t\t\t\t<div class=\"elementor-container elementor-column-gap-default\">\n\t\t\t\t\t<div class=\"elementor-column elementor-col-100 elementor-top-column elementor-element elementor-element-8b97e5f\" data-id=\"8b97e5f\" data-element_type=\"column\">\n\t\t\t<div class=\"elementor-widget-wrap elementor-element-populated\">\n\t\t\t\t\t\t<div class=\"elementor-element elementor-element-6195176 elementor-widget elementor-widget-html\" data-id=\"6195176\" data-element_type=\"widget\" data-widget_type=\"html.default\">\n\t\t\t\t<div class=\"elementor-widget-container\">\n\t\t\t<div style=\"position:relative; height:288px; width:1000px; background:url(https:\/\/sites.usp.br\/ptr-ltg\/wp-content\/uploads\/sites\/685\/2021\/10\/Banner-topoFDO-Branco.jpg) 0 0 no-repeat;\"><a style=\"position:absolute; top:17px; left:15px; width:290px; height:112px;\" title=\"\" alt=\"\" href=\"https:\/\/www.poli.usp.br\/\" target=\"_blank\"><\/a><a style=\"position:absolute; top:149px; left:128px; width:107px; height:76px;\" title=\"\" alt=\"\" href=\"http:\/\/www.ptr.poli.usp.br\/\" target=\"_self\"><\/a><a style=\"position:absolute; top:226px; left:123px; width:506px; height:46px;\" title=\"\" alt=\"\" href=\"http:\/\/www.ptr.poli.usp.br\/\" target=\"_self\"><\/a><a style=\"position:absolute; top:9px; left:378px; width:612px; height:207px;\" title=\"\" alt=\"\" href=\"https:\/\/sites.usp.br\/ptr-ltg\/ltg\/\" target=\"_self\"><\/a><a style=\"position:absolute; top:220px; left:851px; width:142px; height:57px;\" title=\"\" alt=\"\" href=\"https:\/\/www5.usp.br\/\" target=\"_blank\"><\/a><a style=\"position:absolute; top:223px; left:704px; width:66px; height:53px;\" title=\"\" alt=\"\" href=\"https:\/\/sites.usp.br\/ptr-ltg\/ltg\/\" target=\"_self\"><\/a><\/div>\t\t<\/div>\n\t\t\t\t<\/div>\n\t\t\t\t\t<\/div>\n\t\t<\/div>\n\t\t\t\t\t<\/div>\n\t\t<\/section>\n\t\t\t\t<section class=\"elementor-section elementor-top-section elementor-element elementor-element-2446140 elementor-section-boxed elementor-section-height-default elementor-section-height-default\" data-id=\"2446140\" data-element_type=\"section\" data-settings=\"{&quot;background_background&quot;:&quot;classic&quot;}\">\n\t\t\t\t\t\t<div class=\"elementor-container elementor-column-gap-default\">\n\t\t\t\t\t<div class=\"elementor-column elementor-col-100 elementor-top-column elementor-element elementor-element-f7e9708\" data-id=\"f7e9708\" data-element_type=\"column\">\n\t\t\t<div class=\"elementor-widget-wrap elementor-element-populated\">\n\t\t\t\t\t\t<div class=\"elementor-element elementor-element-20b8289 eael_simple_menu_hamburger_disable_selected_menu_no eael-simple-menu-hamburger-align-right eael-hamburger--tablet elementor-widget elementor-widget-eael-simple-menu\" data-id=\"20b8289\" data-element_type=\"widget\" data-widget_type=\"eael-simple-menu.default\">\n\t\t\t\t<div class=\"elementor-widget-container\">\n\t\t\t<style>\n                        @media screen and (max-width: 1024px) {\n                            .eael-hamburger--tablet {\n                                .eael-simple-menu-horizontal,\n                                .eael-simple-menu-vertical {\n                                    display: none;\n                                }\n                            }\n                            .eael-hamburger--tablet {\n                                .eael-simple-menu-container .eael-simple-menu-toggle {\n                                    display: block;\n                                }\n                            }\n                        }\n                    <\/style>            <div data-hamburger-icon=\"&lt;i aria-hidden=&quot;true&quot; class=&quot;fas fa-bars&quot;&gt;&lt;\/i&gt;\" data-indicator-icon=\"&lt;i aria-hidden=&quot;true&quot; class=&quot;fas fa-angle-down&quot;&gt;&lt;\/i&gt;\" data-dropdown-indicator-icon=\"&lt;i class=&quot;fas fa-angle-down&quot;&gt;&lt;\/i&gt;\" class=\"eael-simple-menu-container eael-simple-menu-align-left eael-simple-menu-dropdown-align-left preset-1\" data-hamburger-breakpoints=\"{&quot;mobile&quot;:&quot;Dispositivos m\\u00f3veis no modo retrato (&gt; 767px)&quot;,&quot;tablet&quot;:&quot;Tablet no modo retrato (&gt; 1024px)&quot;,&quot;desktop&quot;:&quot;Desktop (&gt; 2400px)&quot;,&quot;none&quot;:&quot;Nenhum&quot;}\" data-hamburger-device=\"tablet\">\n                <ul id=\"menu-footermenu\" class=\"eael-simple-menu eael-simple-menu-dropdown-animate-to-top eael-simple-menu-indicator eael-simple-menu-horizontal\"><li id=\"menu-item-2153\" class=\"menu-item menu-item-type-custom menu-item-object-custom menu-item-2153\"><a href=\"https:\/\/sites.usp.br\/ptr-ltg\/ltg\">In\u00edcio<\/a><\/li>\n<li id=\"menu-item-2154\" class=\"menu-item menu-item-type-post_type menu-item-object-page menu-item-2154\"><a href=\"https:\/\/sites.usp.br\/ptr-ltg\/ltg\/\">LTG<\/a><\/li>\n<li id=\"menu-item-2155\" class=\"menu-item menu-item-type-post_type menu-item-object-page menu-item-has-children menu-item-2155\"><a href=\"https:\/\/sites.usp.br\/ptr-ltg\/disciplinas\/\">Disciplinas<\/a>\n<ul class=\"sub-menu\">\n\t<li id=\"menu-item-2156\" class=\"menu-item menu-item-type-post_type menu-item-object-page menu-item-2156\"><a href=\"https:\/\/sites.usp.br\/ptr-ltg\/graduacao\/\">Gradua\u00e7\u00e3o<\/a><\/li>\n\t<li id=\"menu-item-2157\" class=\"menu-item menu-item-type-post_type menu-item-object-page menu-item-2157\"><a href=\"https:\/\/sites.usp.br\/ptr-ltg\/pos-graduacao\/\">P\u00f3s Gradua\u00e7\u00e3o<\/a><\/li>\n<\/ul>\n<\/li>\n<li id=\"menu-item-2158\" class=\"menu-item menu-item-type-post_type menu-item-object-page menu-item-2158\"><a href=\"https:\/\/sites.usp.br\/ptr-ltg\/professores\/\">Professores<\/a><\/li>\n<li id=\"menu-item-2159\" class=\"menu-item menu-item-type-post_type menu-item-object-page menu-item-2159\"><a href=\"https:\/\/sites.usp.br\/ptr-ltg\/projetos\/\">Projetos<\/a><\/li>\n<li id=\"menu-item-2160\" class=\"menu-item menu-item-type-post_type menu-item-object-page menu-item-2160\"><a href=\"https:\/\/sites.usp.br\/ptr-ltg\/contato\/\">Contato<\/a><\/li>\n<li id=\"menu-item-3536\" class=\"menu-item menu-item-type-post_type menu-item-object-page menu-item-3536\"><a href=\"https:\/\/sites.usp.br\/ptr-ltg\/museu-virtual\/\">Museu Virtual<\/a><\/li>\n<li id=\"menu-item-3547\" class=\"menu-item menu-item-type-post_type menu-item-object-page menu-item-3547\"><a href=\"https:\/\/sites.usp.br\/ptr-ltg\/calendario-gps\/\">Calend\u00e1rio GPS<\/a><\/li>\n<\/ul>                <button class=\"eael-simple-menu-toggle\">\n                    <span class=\"sr-only \">Menu de altern\u00e2ncia de hamb\u00farguer<\/span>\n                    <i aria-hidden=\"true\" class=\"fas fa-bars\"><\/i>                <\/button>\n            <\/div>\n            \t\t<\/div>\n\t\t\t\t<\/div>\n\t\t\t\t\t<\/div>\n\t\t<\/div>\n\t\t\t\t\t<\/div>\n\t\t<\/section>\n\t\t\t\t<section class=\"elementor-section elementor-top-section elementor-element elementor-element-63ca19e4 elementor-section-boxed elementor-section-height-default elementor-section-height-default\" data-id=\"63ca19e4\" data-element_type=\"section\" data-settings=\"{&quot;background_background&quot;:&quot;classic&quot;}\">\n\t\t\t\t\t\t<div class=\"elementor-container elementor-column-gap-default\">\n\t\t\t\t\t<div class=\"elementor-column elementor-col-100 elementor-top-column elementor-element elementor-element-71078a53\" data-id=\"71078a53\" data-element_type=\"column\">\n\t\t\t<div class=\"elementor-widget-wrap elementor-element-populated\">\n\t\t\t\t\t\t<div class=\"elementor-element elementor-element-71d9a0b8 elementor-widget elementor-widget-text-editor\" data-id=\"71d9a0b8\" data-element_type=\"widget\" data-widget_type=\"text-editor.default\">\n\t\t\t\t<div class=\"elementor-widget-container\">\n\t\t\t\t\t\t\t<h5 class=\"font_5\">Automatiza\u00e7\u00e3o da An\u00e1lise de Qualidade dos Dados da Esta\u00e7\u00e3o GPS de Canan\u00e9ia<\/h5>\t\t\t\t\t\t<\/div>\n\t\t\t\t<\/div>\n\t\t\t\t\t<\/div>\n\t\t<\/div>\n\t\t\t\t\t<\/div>\n\t\t<\/section>\n\t\t\t\t<section class=\"elementor-section elementor-top-section elementor-element elementor-element-22b297e elementor-section-full_width elementor-section-height-default elementor-section-height-default\" data-id=\"22b297e\" data-element_type=\"section\" data-settings=\"{&quot;background_background&quot;:&quot;classic&quot;}\">\n\t\t\t\t\t\t<div class=\"elementor-container elementor-column-gap-default\">\n\t\t\t\t\t<div class=\"elementor-column elementor-col-16 elementor-top-column elementor-element elementor-element-fcd07dc\" data-id=\"fcd07dc\" data-element_type=\"column\">\n\t\t\t<div class=\"elementor-widget-wrap\">\n\t\t\t\t\t\t\t<\/div>\n\t\t<\/div>\n\t\t\t\t<div class=\"elementor-column elementor-col-66 elementor-top-column elementor-element elementor-element-e143527\" data-id=\"e143527\" data-element_type=\"column\">\n\t\t\t<div class=\"elementor-widget-wrap elementor-element-populated\">\n\t\t\t\t\t\t<div class=\"elementor-element elementor-element-64dc16b elementor-widget elementor-widget-text-editor\" data-id=\"64dc16b\" data-element_type=\"widget\" data-widget_type=\"text-editor.default\">\n\t\t\t\t<div class=\"elementor-widget-container\">\n\t\t\t\t\t\t\t<p class=\"font_8\"><strong>Objetivos:<\/strong><\/p><p class=\"font_8\" style=\"text-align: justify;\">O Laborat\u00f3rio de Topografia e Geod\u00e9sia (LTG) desenvolve v\u00e1rios trabalhos de pesquisa com \u00eanfase na calibra\u00e7\u00e3o e aferi\u00e7\u00e3o de instrumentos (distanci\u00f4metros, teodolitos e n\u00edveis), no estabelecimento e\/ou estudo de redes fundamentais (planim\u00e9trica e altim\u00e9trica), na cartografia digital (modelagem digital de terrenos e atualiza\u00e7\u00e3o de mapas por sensoreamento remoto) e posicionamento por sat\u00e9lite (sistema GPS).<\/p><p class=\"font_8\" style=\"text-align: justify;\">Destacam-se como contribui\u00e7\u00f5es de n\u00edvel nacional e internacional: o estabelecimento de uma rede de calibra\u00e7\u00e3o de MED &#8211; medidores eletr\u00f5nicos de dist\u00e3ncia na raia ol\u00edmpica da Cidade Universit\u00e1ria da USP; a implanta\u00e7\u00e3o da rede GPS do Estado de S\u00e3o Paulo; a confec\u00e7\u00e3o do mapa geoidal do Brasil, e da Am\u00e9rica do Sul e a participa\u00e7\u00e3o em diversas campanhas geod\u00e9sicas internacionais.<\/p><p class=\"font_8\"><strong>Coordenador:<\/strong> Denizar Blitzkow<\/p><p class=\"font_8\"><strong>Participantes:<\/strong><\/p><p class=\"font_8\">Nome nome nomenomomomo<\/p>\t\t\t\t\t\t<\/div>\n\t\t\t\t<\/div>\n\t\t\t\t\t<\/div>\n\t\t<\/div>\n\t\t\t\t<div class=\"elementor-column elementor-col-16 elementor-top-column elementor-element elementor-element-4abef8a\" data-id=\"4abef8a\" data-element_type=\"column\">\n\t\t\t<div class=\"elementor-widget-wrap\">\n\t\t\t\t\t\t\t<\/div>\n\t\t<\/div>\n\t\t\t\t\t<\/div>\n\t\t<\/section>\n\t\t\t\t<section class=\"elementor-section elementor-top-section elementor-element elementor-element-0ebc21a elementor-section-full_width elementor-section-height-default elementor-section-height-default\" data-id=\"0ebc21a\" data-element_type=\"section\" data-settings=\"{&quot;background_background&quot;:&quot;classic&quot;}\">\n\t\t\t\t\t\t<div class=\"elementor-container elementor-column-gap-default\">\n\t\t\t\t\t<div class=\"elementor-column elementor-col-16 elementor-top-column elementor-element elementor-element-dd1bc2d\" data-id=\"dd1bc2d\" data-element_type=\"column\">\n\t\t\t<div class=\"elementor-widget-wrap\">\n\t\t\t\t\t\t\t<\/div>\n\t\t<\/div>\n\t\t\t\t<div class=\"elementor-column elementor-col-66 elementor-top-column elementor-element elementor-element-a4636ae\" data-id=\"a4636ae\" data-element_type=\"column\">\n\t\t\t<div class=\"elementor-widget-wrap elementor-element-populated\">\n\t\t\t\t\t\t<div class=\"elementor-element elementor-element-375abd9 elementor-widget elementor-widget-wp-widget-cyclone-slider-widget\" data-id=\"375abd9\" data-element_type=\"widget\" data-widget_type=\"wp-widget-cyclone-slider-widget.default\">\n\t\t\t\t<div class=\"elementor-widget-container\">\n\t\t\t<style> .cycloneslider-img-copy { background: none repeat scroll 0 0 #fff; bottom: 27%; color: #000; font-size: 80%; opacity: 0.7; padding: 0 5px; position: absolute; right: 10px; }<\/style> <div tabindex=\"0\" class=\"cycloneslider cycloneslider-template-standard cycloneslider-width-responsive\" id=\"cycloneslider-proj-24-1\" style=\"max-width:960px\" > <div class=\"cycloneslider-slides cycle-slideshow\" data-cycle-allow-wrap=\"true\" data-cycle-dynamic-height=\"off\" data-cycle-auto-height=\"960:780\" data-cycle-auto-height-easing=\"null\" data-cycle-auto-height-speed=\"250\" data-cycle-delay=\"0\" data-cycle-easing=\"\" data-cycle-fx=\"fade\" data-cycle-hide-non-active=\"true\" data-cycle-log=\"false\" data-cycle-next=\"#cycloneslider-proj-24-1 .cycloneslider-next\" data-cycle-pager=\"#cycloneslider-proj-24-1 .cycloneslider-pager\" data-cycle-pause-on-hover=\"false\" data-cycle-prev=\"#cycloneslider-proj-24-1 .cycloneslider-prev\" data-cycle-slides=\"&gt; div\" data-cycle-speed=\"1000\" data-cycle-swipe=\"false\" data-cycle-tile-count=\"7\" data-cycle-tile-delay=\"100\" data-cycle-tile-vertical=\"true\" data-cycle-timeout=\"6000\" > <div class=\"cycloneslider-slide cycloneslider-slide-image\" data-cycle-fx=\"fade\" data-cycle-speed=\"2000\" data-cycle-timeout=\"2000\" > <img decoding=\"async\" src=\"https:\/\/sites.usp.br\/ptr-ltg\/wp-content\/uploads\/sites\/685\/2021\/10\/Proj-01-21-960x780.jpg\" title=\"\" \/> <\/div> <div class=\"cycloneslider-slide cycloneslider-slide-image\" data-cycle-fx=\"fade\" data-cycle-speed=\"2000\" data-cycle-timeout=\"2000\" > <img decoding=\"async\" src=\"https:\/\/sites.usp.br\/ptr-ltg\/wp-content\/uploads\/sites\/685\/2021\/10\/Proj-02-21-960x780.jpg\" title=\"\" \/> <\/div> <div class=\"cycloneslider-slide cycloneslider-slide-image\" data-cycle-fx=\"fade\" data-cycle-speed=\"2000\" data-cycle-timeout=\"2000\" > <img decoding=\"async\" src=\"https:\/\/sites.usp.br\/ptr-ltg\/wp-content\/uploads\/sites\/685\/2021\/10\/Proj-03-21-960x780.jpg\" title=\"\" \/> <\/div> <div class=\"cycloneslider-slide cycloneslider-slide-image\" data-cycle-fx=\"fade\" data-cycle-speed=\"2000\" data-cycle-timeout=\"2000\" > <img decoding=\"async\" src=\"https:\/\/sites.usp.br\/ptr-ltg\/wp-content\/uploads\/sites\/685\/2021\/10\/Proj-04-20-960x780.jpg\" title=\"\" \/> <\/div> <div class=\"cycloneslider-slide cycloneslider-slide-image\" data-cycle-fx=\"fade\" data-cycle-speed=\"2000\" data-cycle-timeout=\"2000\" > <img decoding=\"async\" src=\"https:\/\/sites.usp.br\/ptr-ltg\/wp-content\/uploads\/sites\/685\/2021\/10\/Proj-05-17-960x780.jpg\" title=\"\" \/> <\/div> <\/div> <\/div>\t\t<\/div>\n\t\t\t\t<\/div>\n\t\t\t\t\t<\/div>\n\t\t<\/div>\n\t\t\t\t<div class=\"elementor-column elementor-col-16 elementor-top-column elementor-element elementor-element-413ac73\" data-id=\"413ac73\" data-element_type=\"column\">\n\t\t\t<div class=\"elementor-widget-wrap\">\n\t\t\t\t\t\t\t<\/div>\n\t\t<\/div>\n\t\t\t\t\t<\/div>\n\t\t<\/section>\n\t\t\t\t<section class=\"elementor-section elementor-top-section elementor-element elementor-element-d4a9c06 elementor-section-full_width elementor-section-height-default elementor-section-height-default\" data-id=\"d4a9c06\" data-element_type=\"section\" data-settings=\"{&quot;background_background&quot;:&quot;classic&quot;}\">\n\t\t\t\t\t\t<div class=\"elementor-container elementor-column-gap-default\">\n\t\t\t\t\t<div class=\"elementor-column elementor-col-16 elementor-top-column elementor-element elementor-element-5b4ed45\" data-id=\"5b4ed45\" data-element_type=\"column\">\n\t\t\t<div class=\"elementor-widget-wrap\">\n\t\t\t\t\t\t\t<\/div>\n\t\t<\/div>\n\t\t\t\t<div class=\"elementor-column elementor-col-66 elementor-top-column elementor-element elementor-element-29ec874\" data-id=\"29ec874\" data-element_type=\"column\">\n\t\t\t<div class=\"elementor-widget-wrap elementor-element-populated\">\n\t\t\t\t\t\t<div class=\"elementor-element elementor-element-0bd58c7 elementor-widget elementor-widget-text-editor\" data-id=\"0bd58c7\" data-element_type=\"widget\" data-widget_type=\"text-editor.default\">\n\t\t\t\t<div class=\"elementor-widget-container\">\n\t\t\t\t\t\t\t<p class=\"font_8\"><span style=\"color: #000080;\"><strong>Publica\u00e7\u00f5es\u00a0:<\/strong><\/span><\/p><ul class=\"font_8\"><li><p class=\"font_8\">Trabanco, J.L.A; Blitzkow,D; Lobianco, M.C.B; Fonseca Junior, E.S. Redes gravim\u00e9tricas regionais. In: Congresso Internacional da Sociedade Brasileira de Geof\u00edsica, 3, Rio de Janeiro, 1993. Resumos Expandidos. Rio de Janeiro, SBGF, 1993. V.2 P.746-52.<\/p><\/li><\/ul>\t\t\t\t\t\t<\/div>\n\t\t\t\t<\/div>\n\t\t\t\t\t<\/div>\n\t\t<\/div>\n\t\t\t\t<div class=\"elementor-column elementor-col-16 elementor-top-column elementor-element elementor-element-e93e2d0\" data-id=\"e93e2d0\" data-element_type=\"column\">\n\t\t\t<div class=\"elementor-widget-wrap\">\n\t\t\t\t\t\t\t<\/div>\n\t\t<\/div>\n\t\t\t\t\t<\/div>\n\t\t<\/section>\n\t\t\t\t<section class=\"elementor-section elementor-top-section elementor-element elementor-element-6581a61 elementor-section-boxed elementor-section-height-default elementor-section-height-default\" data-id=\"6581a61\" data-element_type=\"section\" data-settings=\"{&quot;background_background&quot;:&quot;classic&quot;}\">\n\t\t\t\t\t\t<div class=\"elementor-container elementor-column-gap-default\">\n\t\t\t\t\t<div class=\"elementor-column elementor-col-100 elementor-top-column elementor-element elementor-element-d061d08\" data-id=\"d061d08\" data-element_type=\"column\">\n\t\t\t<div class=\"elementor-widget-wrap\">\n\t\t\t\t\t\t\t<\/div>\n\t\t<\/div>\n\t\t\t\t\t<\/div>\n\t\t<\/section>\n\t\t\t\t<section class=\"elementor-section elementor-top-section elementor-element elementor-element-0c88c0d elementor-section-boxed elementor-section-height-default elementor-section-height-default\" data-id=\"0c88c0d\" data-element_type=\"section\" data-settings=\"{&quot;background_background&quot;:&quot;classic&quot;}\">\n\t\t\t\t\t\t<div class=\"elementor-container elementor-column-gap-default\">\n\t\t\t\t\t<div class=\"elementor-column elementor-col-100 elementor-top-column elementor-element elementor-element-cdf0ea3\" data-id=\"cdf0ea3\" data-element_type=\"column\">\n\t\t\t<div class=\"elementor-widget-wrap\">\n\t\t\t\t\t\t\t<\/div>\n\t\t<\/div>\n\t\t\t\t\t<\/div>\n\t\t<\/section>\n\t\t\t\t<section class=\"elementor-section elementor-top-section elementor-element elementor-element-16ae5a0 elementor-section-boxed elementor-section-height-default elementor-section-height-default\" data-id=\"16ae5a0\" data-element_type=\"section\" data-settings=\"{&quot;background_background&quot;:&quot;classic&quot;}\">\n\t\t\t\t\t\t<div class=\"elementor-container elementor-column-gap-default\">\n\t\t\t\t\t<div class=\"elementor-column elementor-col-100 elementor-top-column elementor-element elementor-element-62073aa\" data-id=\"62073aa\" data-element_type=\"column\">\n\t\t\t<div class=\"elementor-widget-wrap elementor-element-populated\">\n\t\t\t\t\t\t<div class=\"elementor-element elementor-element-e5b5652 elementor-widget elementor-widget-image\" data-id=\"e5b5652\" data-element_type=\"widget\" data-widget_type=\"image.default\">\n\t\t\t\t<div class=\"elementor-widget-container\">\n\t\t\t\t\t\t\t\t\t\t\t\t\t\t<a href=\"mailto:ammariano@gmail.com\">\n\t\t\t\t\t\t\t<img fetchpriority=\"high\" decoding=\"async\" width=\"1024\" height=\"90\" src=\"https:\/\/sites.usp.br\/ptr-ltg\/wp-content\/uploads\/sites\/685\/2021\/10\/Footer-Webmaster-2-1024x90.jpg\" class=\"attachment-large size-large wp-image-1757\" alt=\"\" srcset=\"https:\/\/sites.usp.br\/ptr-ltg\/wp-content\/uploads\/sites\/685\/2021\/10\/Footer-Webmaster-2-1024x90.jpg 1024w, https:\/\/sites.usp.br\/ptr-ltg\/wp-content\/uploads\/sites\/685\/2021\/10\/Footer-Webmaster-2-300x26.jpg 300w, https:\/\/sites.usp.br\/ptr-ltg\/wp-content\/uploads\/sites\/685\/2021\/10\/Footer-Webmaster-2-768x67.jpg 768w, https:\/\/sites.usp.br\/ptr-ltg\/wp-content\/uploads\/sites\/685\/2021\/10\/Footer-Webmaster-2-500x44.jpg 500w, https:\/\/sites.usp.br\/ptr-ltg\/wp-content\/uploads\/sites\/685\/2021\/10\/Footer-Webmaster-2-400x35.jpg 400w, https:\/\/sites.usp.br\/ptr-ltg\/wp-content\/uploads\/sites\/685\/2021\/10\/Footer-Webmaster-2.jpg 1036w\" sizes=\"(max-width: 1024px) 100vw, 1024px\" \/>\t\t\t\t\t\t\t\t<\/a>\n\t\t\t\t\t\t\t\t\t\t\t\t\t<\/div>\n\t\t\t\t<\/div>\n\t\t\t\t\t<\/div>\n\t\t<\/div>\n\t\t\t\t\t<\/div>\n\t\t<\/section>\n\t\t\t\t<\/div>\n\t\t","protected":false},"excerpt":{"rendered":"<p>In\u00edcio LTG Disciplinas Gradua\u00e7\u00e3o P\u00f3s Gradua\u00e7\u00e3o Professores Projetos Contato Museu Virtual Calend\u00e1rio GPS Automatiza\u00e7\u00e3o da An\u00e1lise de Qualidade dos Dados da Esta\u00e7\u00e3o GPS de Canan\u00e9ia Objetivos: O Laborat\u00f3rio de Topografia e Geod\u00e9sia (LTG) desenvolve v\u00e1rios trabalhos de pesquisa com \u00eanfase na calibra\u00e7\u00e3o e aferi\u00e7\u00e3o de instrumentos (distanci\u00f4metros, teodolitos e n\u00edveis), no estabelecimento e\/ou estudo de&hellip;<\/p>\n","protected":false},"author":285,"featured_media":0,"parent":0,"menu_order":0,"comment_status":"closed","ping_status":"closed","template":"","meta":{"footnotes":"","_links_to":"","_links_to_target":""},"class_list":["post-4295","page","type-page","status-publish","hentry","post"],"_links":{"self":[{"href":"https:\/\/sites.usp.br\/ptr-ltg\/wp-json\/wp\/v2\/pages\/4295","targetHints":{"allow":["GET"]}}],"collection":[{"href":"https:\/\/sites.usp.br\/ptr-ltg\/wp-json\/wp\/v2\/pages"}],"about":[{"href":"https:\/\/sites.usp.br\/ptr-ltg\/wp-json\/wp\/v2\/types\/page"}],"author":[{"embeddable":true,"href":"https:\/\/sites.usp.br\/ptr-ltg\/wp-json\/wp\/v2\/users\/285"}],"replies":[{"embeddable":true,"href":"https:\/\/sites.usp.br\/ptr-ltg\/wp-json\/wp\/v2\/comments?post=4295"}],"version-history":[{"count":4,"href":"https:\/\/sites.usp.br\/ptr-ltg\/wp-json\/wp\/v2\/pages\/4295\/revisions"}],"predecessor-version":[{"id":4317,"href":"https:\/\/sites.usp.br\/ptr-ltg\/wp-json\/wp\/v2\/pages\/4295\/revisions\/4317"}],"wp:attachment":[{"href":"https:\/\/sites.usp.br\/ptr-ltg\/wp-json\/wp\/v2\/media?parent=4295"}],"curies":[{"name":"wp","href":"https:\/\/api.w.org\/{rel}","templated":true}]}}