{"id":1335,"date":"2021-09-08T10:35:20","date_gmt":"2021-09-08T13:35:20","guid":{"rendered":"https:\/\/sites.usp.br\/quimica-rp\/?page_id=1335"},"modified":"2025-08-14T15:34:12","modified_gmt":"2025-08-14T18:34:12","slug":"normas-internas-ppgq","status":"publish","type":"page","link":"https:\/\/sites.usp.br\/quimica-rp\/pb\/normas-internas-ppgq\/","title":{"rendered":"Normas Internas PPGQ"},"content":{"rendered":"<p><\/p>\n<div id=\"abas\">\n<ul style=\"padding: 0; margin: 0;\">\n \t<!--\n\n<li><a href=\"#ciclo\">Ciclo de Estudos<\/a><\/li>\n\n--><\/p>\n<li><a href=\"#bolsas\">Normas Bolsa<\/a><\/li>\n<li><a href=\"#regimento\">Regimento do Programa<\/a><\/li>\n<li><a href=\"#pae\">PAE<\/a><\/li>\n<li><a href=\"#instru_expedicao\">Expedi\u00e7\u00e3o 2\u00aa via de Diploma<\/a><\/li>\n<li><a href=\"#normas_deposito\">Dep\u00f3sito de Disseta\u00e7\u00e3o e Tese<\/a><\/li>\n<li><a href=\"#correcao_dissertacao\">Corre\u00e7\u00e3o de Disseta\u00e7\u00e3o e Tese<\/a><\/li>\n<li><a href=\"#disp_dissertacao\">Disponibiliza\u00e7\u00e3o de Disseta\u00e7\u00e3o e Tese<\/a><\/li>\n<\/ul>\n<p><!--\n\n\n<div id=\"ciclo\">\n<object data=\"\/wp-content\/uploads\/sites\/115\/2021\/09\/NORMAS-CICLO-DE-ESTUDOS.pdf\" type=\"application\/pdf\" width=\"100%\" height=\"600px\">Este navegador n\u00e3o suporta a exibi\u00e7\u00e3o de PDFs, por favor fa\u00e7a o Donwload do Arquivo:         <a href=\"https:\/\/sites.usp.br\/quimica-rp\/wp-content\/uploads\/sites\/115\/2021\/09\/NORMAS-CICLO-DE-ESTUDOS.pdf\" download=\"normasCicloEstudos\">Download.<\/a><\/object>\n<\/div>\n\n\n--><\/p>\n<div id=\"bolsas\">\n<div id=\"abas2\">\n<ul style=\"padding: 0; margin: 0;\">\n \t<!-- \n\n<li><a href=\"#nbolsa\">Normas Bolsa<\/a><\/li>\n\n --><\/p>\n<li><a href=\"#cbolsa\">Concess\u00e3o de Bolsas<\/a><\/li>\n<li><a href=\"#abolsa\">Ac\u00famulo bolsa &#8211; atividade remunerada<\/a><\/li>\n<\/ul>\n<p><!--\n\n\n<div id=\"nbolsa\">\n<object data=\"\/wp-content\/uploads\/sites\/115\/2024\/11\/1-NORMAS-PARA-CONCESSAO-DE-BOLSAS-DE-PG-_-CCP-2024.pdf\" type=\"application\/pdf\" width=\"100%\" height=\"600px\">Este navegador n\u00e3o suporta a exibi\u00e7\u00e3o de PDFs, por favor fa\u00e7a o Donwload do Arquivo:         <a href=\"https:\/\/sites.usp.br\/quimica-rp\/wp-content\/uploads\/sites\/115\/2024\/11\/1-NORMAS-PARA-CONCESSAO-DE-BOLSAS-DE-PG-_-CCP-2024.pdf\" download=\"NORMAS_PARA_CONCESSAO_DE_BOLSAS_DE_PG_CCPQuimica\">Download.<\/a><\/object>\n\n<\/div>\n\n\n--><\/p>\n<div id=\"cbolsa\">\n<object data=\"\/wp-content\/uploads\/sites\/115\/2024\/11\/1-NORMAS-PARA-CONCESSAO-DE-BOLSAS-DE-PG-_-CCP-2024.pdf\" type=\"application\/pdf\" width=\"100%\" height=\"600px\">Este navegador n\u00e3o suporta a exibi\u00e7\u00e3o de PDFs, por favor fa\u00e7a o Donwload do Arquivo:         <a href=\"\/wp-content\/uploads\/sites\/115\/2024\/11\/1-NORMAS-PARA-CONCESSAO-DE-BOLSAS-DE-PG-_-CCP-2024.pdf\" download=\"Concess\u00e3o_de_bolsas\">Download.<\/a><\/object><\/p>\n<\/div>\n<div id=\"abolsa\">\n<object data=\"\/wp-content\/uploads\/sites\/115\/2023\/09\/2-Normas-internas-atividades-remuneradas_rev-Daniel.pdf\" type=\"application\/pdf\" width=\"100%\" height=\"600px\">Este navegador n\u00e3o suporta a exibi\u00e7\u00e3o de PDFs, por favor fa\u00e7a o Donwload do Arquivo:         <a href=\"https:\/\/sites.usp.br\/quimica-rp\/wp-content\/uploads\/sites\/115\/2023\/09\/2-Normas-internas-atividades-remuneradas_rev-Daniel.pdf\n\" download=\"NORMAS_PARA_CONCESSAO_DE_BOLSAS_DE_PG_CCPQuimica\">Download.<\/a><\/object><\/p>\n<\/div>\n<\/div>\n<\/div>\n<div id=\"regimento\">\n<div id=\"abas2\">\n<ul style=\"padding: 0; margin: 0;\">\n<li><a href=\"#regVigor\">Regulamento em Vigor<\/a><\/li>\n<li><a href=\"#regCPG\">Regimento da CPG<\/a><\/li>\n<li><a href=\"#regPRPG\">Regimento de P\u00f3s-Gradua\u00e7\u00e3o da USP<\/a><\/li>\n<\/ul>\n<div id=\"regVigor\">\n<!-- iframe plugin v.6.0 wordpress.org\/plugins\/iframe\/ -->\n<iframe loading=\"lazy\" frameborder=\"0\" height=\"2048px\" marginheight=\"0\" marginwidth=\"0\" scrolling=\"auto\" src=\"https:\/\/pos.ffclrp.usp.br\/pgusp\/pt-br\/ffclrp\/quimica\/legislacao-usp.html|8831\" width=\"100%\" class=\"iframe-class\"><\/iframe>\n<\/div>\n<div id=\"regCPG\">\n<!-- iframe plugin v.6.0 wordpress.org\/plugins\/iframe\/ -->\n<iframe loading=\"lazy\" frameborder=\"0\" height=\"2048px\" marginheight=\"0\" marginwidth=\"0\" scrolling=\"auto\" src=\"https:\/\/pos.ffclrp.usp.br\/pgusp\/pt-br\/ffclrp\/quimica\/legislacao-usp.html|7629\" width=\"100%\" class=\"iframe-class\"><\/iframe>\n<\/div>\n<div id=\"regPRPG\">\n<!-- iframe plugin v.6.0 wordpress.org\/plugins\/iframe\/ -->\n<iframe loading=\"lazy\" frameborder=\"0\" height=\"2048px\" marginheight=\"0\" marginwidth=\"0\" scrolling=\"auto\" src=\"https:\/\/pos.ffclrp.usp.br\/pgusp\/pt-br\/ffclrp\/quimica\/legislacao-usp.html|7493\" width=\"100%\" class=\"iframe-class\"><\/iframe>\n<\/div>\n<\/div>\n<\/div>\n<div id=\"pae\">\n<p>O Programa de Aperfei\u00e7oamento de Ensino, regulamentado pela Portaria GR 3588, de 10 de maio de 2005, destina-se exclusivamente a alunos de P\u00f3s-Gradua\u00e7\u00e3o matriculados na Universidade de S\u00e3o Paulo nos cursos de mestrado e doutorado. Seu principal objetivo \u00e9 aprimorar a forma\u00e7\u00e3o do p\u00f3s-graduando para atividade did\u00e1tica de gradua\u00e7\u00e3o e sua composi\u00e7\u00e3o consiste em duas etapas: Prepara\u00e7\u00e3o Pedag\u00f3gica e Est\u00e1gio Supervisionado em Doc\u00eancia.<br \/>\nA Etapa de Prepara\u00e7\u00e3o Pedag\u00f3gica assume diferentes caracter\u00edsticas de acordo com a forma como a Unidade de Ensino a estrutura, podendo ser encontrada em tr\u00eas modalidades: a) uma disciplina de P\u00f3s-Gradua\u00e7\u00e3o oferecendo cr\u00e9ditos, cujo conte\u00fado estar\u00e1 voltado para as quest\u00f5es da Universidade e do Ensino Superior; b) conjunto de confer\u00eancias, com especialistas da \u00e1rea de Educa\u00e7\u00e3o, condensadas num tempo menor, tendo como tema as quest\u00f5es do Ensino Superior; c) n\u00facleo de atividades, envolvendo preparo de material did\u00e1tico, discuss\u00f5es de curriculum, de ementas de disciplinas e planejamento de cursos, coordenadas por professores.<br \/>\nQuanto \u00e0 Etapa de Est\u00e1gio Supervisionado em Doc\u00eancia, esta \u00e9 realizada especificamente em disciplinas de gradua\u00e7\u00e3o, devendo o interessado se inscrever na Unidade de Ensino da \u00e1rea de conhecimento pertinente ao seu curso. Ao final do est\u00e1gio, depois de cumpridas as formalidades, os participantes que obt\u00eam aproveitamento satisfat\u00f3rio t\u00eam direito a um certificado e, a crit\u00e9rio da Comiss\u00e3o de P\u00f3s-Gradua\u00e7\u00e3o, poder\u00e3o receber cr\u00e9ditos pela atividade.<br \/>\nO Programa \u00e9 obrigat\u00f3rio a todos os alunos contemplados por Bolsa da CAPES, cujo regulamento solicita a realiza\u00e7\u00e3o de est\u00e1gio e opcional aos outros alunos de P\u00f3s-Gradua\u00e7\u00e3o da Universidade<br \/>\nPara mais informa\u00e7\u00f5es acesse:<br \/>\n<a href=\"https:\/\/www.ffclrp.usp.br\/posgraduacoes\/pae\/posgraduacao_pae.php\" target=\"_blank\" rel=\"noopener\">https:\/\/www.ffclrp.usp.br\/posgraduacoes\/pae\/posgraduacao_pae.php<\/a><\/p>\n<\/div>\n<div id=\"normas_deposito\">\n<p>\n<br \/>Quando o aluno for depositar sua disserta\u00e7\u00e3o ou tese no janus, respeitando o calend\u00e1rio de reuni\u00f5es da CCP, dever\u00e1 seguir as normas abaixo:<\/p>\n<p><strong>Mestrado:<\/strong><br \/>\n<br \/>DEP\u00d3SITOS DIGITAIS DE DISSERTA\u00c7\u00d5ES E TESES<br \/>\n<br \/><em>Para inser\u00e7\u00e3o no sistema janus, no item \u201cDep\u00f3sito Digital\u201d<\/em><br \/>\n<br \/>&#8211; Carta contendo 08 nomes de docentes  Carta para indica\u00e7\u00e3o de bancas de defesas de disserta\u00e7\u00e3o ME  com o formul\u00e1rio junto (t\u00edtulo em ingl\u00eas\/portugu\u00eas, palavras chave nos 2 idiomas. Uma via em PDF assinado e 1 via em word, sem assinatura) FAVOR N\u00c3O ALTERAR A CONFIGURA\u00c7\u00c3O OU EXCLUIR DADOS DO DOCUMENTO.<br \/>\n<br \/>&#8211; autoriza\u00e7\u00e3o de divulga\u00e7\u00e3o da disserta\u00e7\u00e3o  DEP\u00d3SITO &#8211; Autoriza\u00e7\u00e3o de dep\u00f3sito ME &#8211; COVID 19 ou  formul\u00e1rio de solicita\u00e7\u00e3o de divulga\u00e7\u00e3o parcial da disserta\u00e7\u00e3o + ficha do aluno, obtida no Janus em um \u00fanico arquivo Dep\u00f3sito &#8211; Divulga\u00e7\u00e3o parcial teses e disserta\u00f5es<br \/>\n<br \/>&#8211; 1 c\u00f3pia da disserta\u00e7\u00e3o em PDF para inser\u00e7\u00e3o no janus e outra impressa e encadernada em papel brochura para dep\u00f3sito no SPG.<br \/>\n<br \/>DOCUMENTOS A SEREM ENVIADOS PARA O E-MAIL <a href=\"mailto:dq-pg-quimica@listas.ffclrp.usp.br\">dq-pg-quimica@listas.ffclrp.usp.br<\/a>:<br \/>\n<br \/>&#8211; formul\u00e1rio de solicita\u00e7\u00e3o de banca remota DIVERSOS &#8211; SOLICITA\u00c7\u00c3O BANCA ONLINE &#8211; NOVO FORMUL\u00c1RIO  + ficha do aluno, obtida no Janus em um \u00fanico arquivo se sua defesa for ser realizada de modo presencial, n\u00e3o precisa deste documento.<br \/>\n<br \/>&#8211; comprovante de conclus\u00e3o do Ciclo de Estudos<\/p>\n<p><strong>Doutorado:<\/strong><br \/>\n<br \/><em>Para inser\u00e7\u00e3o no sistema janus, no item \u201cDep\u00f3sito Digital\u201d<\/em><br \/>\n<br \/>&#8211; Carta contendo 10 nomes de docentes Carta para indica\u00e7\u00e3o de bancas de defesas de tese DO  com o formul\u00e1rio junto (t\u00edtulo em ingl\u00eas\/portugu\u00eas, palavras chave nos 2 idiomas. Uma via em PDF assinado e 1 via em word, sem assinatura) FAVOR N\u00c3O ALTERAR A CONFIGURA\u00c7\u00c3O OU EXCLUIR DADOS DO DOCUMENTO.<br \/>\n<br \/>&#8211; autoriza\u00e7\u00e3o de divulga\u00e7\u00e3o da disserta\u00e7\u00e3o DEP\u00d3SITO &#8211; Autoriza\u00e7\u00e3o de dep\u00f3sito DO &#8211; COVID 19 ou o formul\u00e1rio de solicita\u00e7\u00e3o de divulga\u00e7\u00e3o parcial da tese Dep\u00f3sito &#8211; Divulga\u00e7\u00e3o parcial teses e disserta\u00f5es<br \/>\n<br \/>&#8211; 1 c\u00f3pia da tese em PDF para inser\u00e7\u00e3o no janus e outra impressa e encadernada em papel brochura para dep\u00f3sito no SPG.<\/p>\n<p>DOCUMENTOS A SEREM ENVIADOS PARA O E-MAIL <a href=\"mailto:dq-pg-quimica@listas.ffclrp.usp.br\">dq-pg-quimica@listas.ffclrp.usp.br<\/a>:<br \/>\n<br \/>&#8211; formul\u00e1rio de solicita\u00e7\u00e3o de banca remota: DIVERSOS &#8211; SOLICITA\u00c7\u00c3O BANCA ONLINE &#8211; NOVO FORMUL\u00c1RIO  + ficha do aluno, obtida no Janus em um \u00fanico arquivo se sua defesa for ser realizada de modo presencial, n\u00e3o precisa deste documento.<br \/>\n<br \/>&#8211; comprovante de conclus\u00e3o de Ciclo de Estudos<br \/>\n<br \/>&#8211; c\u00f3pia de publica\u00e7\u00f5es aceitas ou aguardando aceite.\n<\/p>\n<\/div>\n<div id=\"instru_expedicao\"><object data=\"\/wp-content\/uploads\/sites\/115\/2021\/10\/Instrucoes-sobre-expedicao-de-2a-via-do-diploma.pdf\" type=\"application\/pdf\" width=\"100%\" height=\"600px\">Este navegador n\u00e3o suporta a exibi\u00e7\u00e3o de PDFs, por favor fa\u00e7a o Donwload do Arquivo:         <a href=\"https:\/\/sites.usp.br\/quimica-rp\/wp-content\/uploads\/sites\/115\/2021\/10\/Instrucoes-sobre-expedicao-de-2a-via-do-diploma.pdf\" download=\"ppgq_instru_expedicao\">Download.<\/a><\/object><\/div>\n<div id=\"correcao_dissertacao\"><object data=\"\/wp-content\/uploads\/sites\/115\/2021\/10\/Sobre-correcao-de-dissertacoes-e-teses.pdf\" type=\"application\/pdf\" width=\"100%\" height=\"600px\">Este navegador n\u00e3o suporta a exibi\u00e7\u00e3o de PDFs, por favor fa\u00e7a o Donwload do Arquivo:         <a href=\"https:\/\/sites.usp.br\/quimica-rp\/wp-content\/uploads\/sites\/115\/2021\/10\/Sobre-correcao-de-dissertacoes-e-teses.pdf\" download=\"ppgq_correcao_dissertacao\">Download.<\/a><\/object><\/div>\n<div id=\"disp_dissertacao\"><object data=\"\/wp-content\/uploads\/sites\/115\/2021\/10\/Regulamento-sobre-disponibilizacao-de-dissertacoes-e-teses-no-portal-da-USP.pdf\" type=\"application\/pdf\" width=\"100%\" height=\"600px\">Este navegador n\u00e3o suporta a exibi\u00e7\u00e3o de PDFs, por favor fa\u00e7a o Donwload do Arquivo:         <a href=\"https:\/\/sites.usp.br\/quimica-rp\/wp-content\/uploads\/sites\/115\/2021\/10\/Regulamento-sobre-disponibilizacao-de-dissertacoes-e-teses-no-portal-da-USP.pdf\" download=\"ppgq_disp_dissertacao\">Download.<\/a><\/object><\/div>\n<\/div>\n<p><\/p>","protected":false},"excerpt":{"rendered":"<p>Normas Bolsa Regimento do Programa PAE Expedi\u00e7\u00e3o 2\u00aa via de Diploma Dep\u00f3sito de Disseta\u00e7\u00e3o e [&hellip;]<\/p>\n","protected":false},"author":1162,"featured_media":0,"parent":0,"menu_order":0,"comment_status":"closed","ping_status":"closed","template":"","meta":{"footnotes":"","_links_to":"","_links_to_target":""},"class_list":["post-1335","page","type-page","status-publish","hentry"],"_links":{"self":[{"href":"https:\/\/sites.usp.br\/quimica-rp\/pb\/wp-json\/wp\/v2\/pages\/1335","targetHints":{"allow":["GET"]}}],"collection":[{"href":"https:\/\/sites.usp.br\/quimica-rp\/pb\/wp-json\/wp\/v2\/pages"}],"about":[{"href":"https:\/\/sites.usp.br\/quimica-rp\/pb\/wp-json\/wp\/v2\/types\/page"}],"author":[{"embeddable":true,"href":"https:\/\/sites.usp.br\/quimica-rp\/pb\/wp-json\/wp\/v2\/users\/1162"}],"replies":[{"embeddable":true,"href":"https:\/\/sites.usp.br\/quimica-rp\/pb\/wp-json\/wp\/v2\/comments?post=1335"}],"version-history":[{"count":4,"href":"https:\/\/sites.usp.br\/quimica-rp\/pb\/wp-json\/wp\/v2\/pages\/1335\/revisions"}],"predecessor-version":[{"id":1799,"href":"https:\/\/sites.usp.br\/quimica-rp\/pb\/wp-json\/wp\/v2\/pages\/1335\/revisions\/1799"}],"wp:attachment":[{"href":"https:\/\/sites.usp.br\/quimica-rp\/pb\/wp-json\/wp\/v2\/media?parent=1335"}],"curies":[{"name":"wp","href":"https:\/\/api.w.org\/{rel}","templated":true}]}}