{"id":1337,"date":"2021-09-08T10:35:37","date_gmt":"2021-09-08T13:35:37","guid":{"rendered":"https:\/\/sites.usp.br\/quimica-rp\/?page_id=1337"},"modified":"2021-09-22T15:14:14","modified_gmt":"2021-09-22T18:14:14","slug":"infraestrutura","status":"publish","type":"page","link":"https:\/\/sites.usp.br\/quimica-rp\/pb\/infraestrutura\/","title":{"rendered":"Infraestrutura"},"content":{"rendered":"<p><\/p>\n<div id=\"abas\">\n<ul style=\"padding: 0; margin: 0;\">\n<li><a href=\"#biblioteca\">Biblioteca<\/a><\/li>\n<li><a href=\"#pandora\">Biblioteca Digital de Teses e Disserta\u00e7\u00f5es<\/a><\/li>\n<li><a href=\"#bioterio\">Biot\u00e9rio<\/a><\/li>\n<li><a href=\"#equip\">Equipamentos<\/a><\/li>\n<li><a href=\"#lrq\">Laborat\u00f3rio de Res\u00edduos Qu\u00edmicos<\/a><\/li>\n<\/ul>\n<div id=\"biblioteca\">\n<h3>Biblioteca<\/h3>\n<p><a target=\"_blank\" href=\"http:\/\/www.bcrp.prefeiturarp.usp.br\/\" rel=\"noopener\">http:\/\/www.bcrp.prefeiturarp.usp.br\/<\/a>\n   <\/div>\n<div id=\"pandora\">\n<h3>Biblioteca Digital de Teses e Disserta\u00e7\u00f5es<\/h3>\n<p><a target=\"_blank\" href=\"https:\/\/pandora.sc.usp.br\/\" rel=\"noopener\">https:\/\/pandora.sc.usp.br\/<\/a>\n   <\/div>\n<div id=\"bioterio\">\n<h3>Biot\u00e9rio<\/h3>\n<p><a target=\"_blank\" href=\"https:\/\/sites.usp.br\/bioteriogeral\/\" rel=\"noopener\">https:\/\/sites.usp.br\/bioteriogeral\/<\/a>\n   <\/div>\n<div id=\"equip\">\n<h3>Equipamentos<\/h3>\n<p><a target=\"_blank\" href=\"http:\/\/www.ffclrp.usp.br\/down.php?id=1000\" rel=\"noopener\">http:\/\/www.ffclrp.usp.br\/down.php?id=1000<\/a>\n   <\/div>\n<div id=\"lrq\">\n<h3>Laborat\u00f3rio de Res\u00edduos Qu\u00edmicos<\/h3>\n<p><a target=\"_blank\" href=\"https:\/\/www.prefeiturarp.usp.br\/page.asp?url=lrq\" rel=\"noopener\">https:\/\/www.prefeiturarp.usp.br\/page.asp?url=lrq<\/a>\n   <\/div>\n<\/div>\n<p><\/p>","protected":false},"excerpt":{"rendered":"<p>Biblioteca Biblioteca Digital de Teses e Disserta\u00e7\u00f5es Biot\u00e9rio Equipamentos Laborat\u00f3rio de Res\u00edduos Qu\u00edmicos Biblioteca http:\/\/www.bcrp.prefeiturarp.usp.br\/ [&hellip;]<\/p>\n","protected":false},"author":1162,"featured_media":0,"parent":0,"menu_order":0,"comment_status":"closed","ping_status":"closed","template":"","meta":{"footnotes":"","_links_to":"","_links_to_target":""},"class_list":["post-1337","page","type-page","status-publish","hentry"],"_links":{"self":[{"href":"https:\/\/sites.usp.br\/quimica-rp\/pb\/wp-json\/wp\/v2\/pages\/1337","targetHints":{"allow":["GET"]}}],"collection":[{"href":"https:\/\/sites.usp.br\/quimica-rp\/pb\/wp-json\/wp\/v2\/pages"}],"about":[{"href":"https:\/\/sites.usp.br\/quimica-rp\/pb\/wp-json\/wp\/v2\/types\/page"}],"author":[{"embeddable":true,"href":"https:\/\/sites.usp.br\/quimica-rp\/pb\/wp-json\/wp\/v2\/users\/1162"}],"replies":[{"embeddable":true,"href":"https:\/\/sites.usp.br\/quimica-rp\/pb\/wp-json\/wp\/v2\/comments?post=1337"}],"version-history":[{"count":4,"href":"https:\/\/sites.usp.br\/quimica-rp\/pb\/wp-json\/wp\/v2\/pages\/1337\/revisions"}],"predecessor-version":[{"id":1401,"href":"https:\/\/sites.usp.br\/quimica-rp\/pb\/wp-json\/wp\/v2\/pages\/1337\/revisions\/1401"}],"wp:attachment":[{"href":"https:\/\/sites.usp.br\/quimica-rp\/pb\/wp-json\/wp\/v2\/media?parent=1337"}],"curies":[{"name":"wp","href":"https:\/\/api.w.org\/{rel}","templated":true}]}}